{"id":35080,"date":"2024-08-22T13:56:40","date_gmt":"2024-08-22T13:56:40","guid":{"rendered":"https:\/\/eliksirvitalnosti.com\/proizvod\/vitalnost-u-prirodi-paket-za-osvjezenje-tijela-i-duha\/"},"modified":"2026-04-02T14:03:26","modified_gmt":"2026-04-02T14:03:26","slug":"vitalnost-u-prirodi-paket-za-osvjezenje-tijela-i-duha","status":"publish","type":"product","link":"https:\/\/eliksirvitalnosti.com\/bs\/proizvod\/vitalnost-u-prirodi-paket-za-osvjezenje-tijela-i-duha\/","title":{"rendered":"Vitalnost u Prirodi: Paket za Osvje\u017eenje Tijela i Duha"},"content":{"rendered":"<h4><strong>Zdravlje i u\u017eivanje na Zlatiboru<\/strong><\/h4>\n<p>U potrazi ste za idealnim na\u010dinom da obnovite svoju energiju i u\u017eivate u prirodi? <strong>Ne tra\u017eite dalje!<\/strong> Predstavljamo vam paket <strong>\u201eVitalnost u Prirodi\u201c<\/strong>, koji kombinuje na\u0161e najzdravije proizvode i nezaboravan boravak na Zlatiboru. <\/p>\n<hr>\n<h4><strong>\u0160ta uklju\u010duje paket?<\/strong><\/h4>\n<ul>\n<li><strong>Izbor 7 proizvoda po va\u0161em izboru<\/strong> iz na\u0161e bogate ponude prirodnih sokova i zdravih napitaka (osim Green Shot-a).<br \/>\nNa\u0161i proizvodi su pa\u017eljivo odabrani kako bi zadovoljili va\u0161e potrebe za zdravljem i vitalno\u0161\u0107u.<\/li>\n<li><strong>2 no\u0107enja u luksuznom Skyline apartmanu na Zlatiboru:<\/strong><br \/>\nU\u017eivajte u udobnosti modernog smje\u0161taja okru\u017eenog netaknutom prirodom, gdje mo\u017eete opustiti um i tijelo. Zlatibor nudi: <\/p>\n<ul>\n<li>Planinarenje i \u0161etnje.<\/li>\n<li>Svje\u017e planinski vazduh.<\/li>\n<li>Predivne pejza\u017ee za potpuno opu\u0161tanje.<\/li>\n<\/ul>\n<\/li>\n<\/ul>\n<hr>\n<h4><strong>Za\u0161to odabrati \u201eVitalnost u Prirodi\u201c?<\/strong><\/h4>\n<p>Paket nije samo prilika da osvje\u017eite i revitalizujete tijelo, ve\u0107 i da provedete kvalitetno vrijeme s voljenima u mirnom ambijentu Zlatibora. Kombinacija zdravih napitaka i luksuznog boravka pru\u017ea savr\u0161enu ravnote\u017eu izme\u0111u zdravlja i opu\u0161tanja. <\/p>\n<hr>\n<h4><strong>Osvje\u017eite svoje tijelo i duh!<\/strong><\/h4>\n<p>Uz paket \u201eVitalnost u Prirodi\u201c u\u017eivat \u0107ete u:<\/p>\n<ul>\n<li>Zdravim napicima koje sami birate.<\/li>\n<li>Predivnoj prirodi Zlatibora.<\/li>\n<li>Kombinaciji zdravlja i u\u017eivanja koja je savr\u0161ena za sve uzraste.<\/li>\n<\/ul>\n<hr>\n<p><strong>Poru\u010dite odmah<\/strong> i zapo\u010dnite svoje putovanje ka vitalnosti! Va\u0161 savr\u0161en spoj zdravlja i u\u017eivanja \u010deka na vas! <\/p>\n","protected":false},"excerpt":{"rendered":"<p>U potrazi ste za idealnim na\u010dinom da obnovite svoju energiju i u\u017eivate u prirodi? Ne tra\u017eite dalje! Predstavljamo vam paket <strong>\u201eVitalnost u Prirodi\u201c<\/strong>, koji se sastoji od na\u0161ih najzdravijih proizvoda i nezaboravnog boravka na Zlatiboru.  <\/p>\n","protected":false},"featured_media":35085,"comment_status":"open","ping_status":"closed","template":"","meta":{"_acf_changed":false},"product_brand":[],"product_cat":[1116],"product_tag":[],"class_list":{"0":"post-35080","1":"product","2":"type-product","3":"status-publish","4":"has-post-thumbnail","6":"product_cat-paketi","8":"first","9":"outofstock","10":"shipping-taxable","11":"purchasable","12":"product-type-variable"},"acf":[],"_links":{"self":[{"href":"https:\/\/eliksirvitalnosti.com\/bs\/wp-json\/wp\/v2\/product\/35080","targetHints":{"allow":["GET"]}}],"collection":[{"href":"https:\/\/eliksirvitalnosti.com\/bs\/wp-json\/wp\/v2\/product"}],"about":[{"href":"https:\/\/eliksirvitalnosti.com\/bs\/wp-json\/wp\/v2\/types\/product"}],"replies":[{"embeddable":true,"href":"https:\/\/eliksirvitalnosti.com\/bs\/wp-json\/wp\/v2\/comments?post=35080"}],"version-history":[{"count":0,"href":"https:\/\/eliksirvitalnosti.com\/bs\/wp-json\/wp\/v2\/product\/35080\/revisions"}],"wp:featuredmedia":[{"embeddable":true,"href":"https:\/\/eliksirvitalnosti.com\/bs\/wp-json\/wp\/v2\/media\/35085"}],"wp:attachment":[{"href":"https:\/\/eliksirvitalnosti.com\/bs\/wp-json\/wp\/v2\/media?parent=35080"}],"wp:term":[{"taxonomy":"product_brand","embeddable":true,"href":"https:\/\/eliksirvitalnosti.com\/bs\/wp-json\/wp\/v2\/product_brand?post=35080"},{"taxonomy":"product_cat","embeddable":true,"href":"https:\/\/eliksirvitalnosti.com\/bs\/wp-json\/wp\/v2\/product_cat?post=35080"},{"taxonomy":"product_tag","embeddable":true,"href":"https:\/\/eliksirvitalnosti.com\/bs\/wp-json\/wp\/v2\/product_tag?post=35080"}],"curies":[{"name":"wp","href":"https:\/\/api.w.org\/{rel}","templated":true}]}}