{"id":21643,"date":"2025-04-27T19:40:28","date_gmt":"2025-04-27T19:40:28","guid":{"rendered":"https:\/\/eliksirvitalnosti.com\/fettleber-nicht-alkoholische-fettlebererkrankung\/"},"modified":"2025-09-29T12:26:23","modified_gmt":"2025-09-29T12:26:23","slug":"fettleber-nicht-alkoholische-fettlebererkrankung","status":"publish","type":"page","link":"https:\/\/eliksirvitalnosti.com\/de\/fettleber-nicht-alkoholische-fettlebererkrankung\/","title":{"rendered":"Fettleber (nicht-alkoholische Fettlebererkrankung)"},"content":{"rendered":"\t\t<div data-elementor-type=\"wp-page\" data-elementor-id=\"21643\" class=\"elementor elementor-21643 elementor-12912\" data-elementor-post-type=\"page\">\n\t\t\t\t\t\t<section class=\"wd-negative-gap elementor-section elementor-top-section elementor-element elementor-element-127769df elementor-section-content-middle elementor-section-boxed elementor-section-height-default elementor-section-height-default\" data-id=\"127769df\" data-element_type=\"section\" data-e-type=\"section\">\n\t\t\t\t\t\t<div class=\"elementor-container elementor-column-gap-wide\">\n\t\t\t\t\t<div class=\"elementor-column elementor-col-50 elementor-top-column elementor-element elementor-element-3a33410f\" data-id=\"3a33410f\" data-element_type=\"column\" data-e-type=\"column\">\n\t\t\t<div class=\"elementor-widget-wrap elementor-element-populated\">\n\t\t\t\t\t\t<div class=\"elementor-element elementor-element-478e21b9 elementor-widget elementor-widget-image\" data-id=\"478e21b9\" data-element_type=\"widget\" data-e-type=\"widget\" data-widget_type=\"image.default\">\n\t\t\t\t<div class=\"elementor-widget-container\">\n\t\t\t\t\t\t\t\t\t\t\t\t\t\t\t<img decoding=\"async\" width=\"1080\" height=\"1080\" src=\"https:\/\/eliksirvitalnosti.com\/wp-content\/themes\/woodmart\/images\/lazy.svg\" class=\"attachment-full size-full wp-image-21624 wd-lazy-fade\" alt=\"Masna jetra - blog o zdravlju jetre i detoksikaciji\" srcset=\"\" sizes=\"(max-width: 1080px) 100vw, 1080px\" data-src=\"https:\/\/eliksirvitalnosti.com\/wp-content\/uploads\/2025\/04\/Masna-jetra-.jpg\" data-srcset=\"https:\/\/eliksirvitalnosti.com\/wp-content\/uploads\/2025\/04\/Masna-jetra-.jpg 1080w, https:\/\/eliksirvitalnosti.com\/wp-content\/uploads\/2025\/04\/Masna-jetra--300x300.jpg 300w, https:\/\/eliksirvitalnosti.com\/wp-content\/uploads\/2025\/04\/Masna-jetra--1024x1024.jpg 1024w, https:\/\/eliksirvitalnosti.com\/wp-content\/uploads\/2025\/04\/Masna-jetra--150x150.jpg 150w, https:\/\/eliksirvitalnosti.com\/wp-content\/uploads\/2025\/04\/Masna-jetra--768x768.jpg 768w, https:\/\/eliksirvitalnosti.com\/wp-content\/uploads\/2025\/04\/Masna-jetra--600x600.jpg 600w\" \/>\t\t\t\t\t\t\t\t\t\t\t\t\t\t\t<\/div>\n\t\t\t\t<\/div>\n\t\t\t\t\t<\/div>\n\t\t<\/div>\n\t\t\t\t<div class=\"elementor-column elementor-col-50 elementor-top-column elementor-element elementor-element-4661aee7\" data-id=\"4661aee7\" data-element_type=\"column\" data-e-type=\"column\">\n\t\t\t<div class=\"elementor-widget-wrap elementor-element-populated\">\n\t\t\t\t\t\t<div class=\"elementor-element elementor-element-61ec0180 wd-width-100 elementor-widget elementor-widget-wd_title\" data-id=\"61ec0180\" data-element_type=\"widget\" data-e-type=\"widget\" data-widget_type=\"wd_title.default\">\n\t\t\t\t<div class=\"elementor-widget-container\">\n\t\t\t\t\t\t\t<div class=\"title-wrapper wd-set-mb reset-last-child wd-title-color-default wd-title-style-default wd-title-size-default text-\">\n\n\t\t\t\n\t\t\t<div class=\"liner-continer\">\n\t\t\t\t<h2 class=\"woodmart-title-container title wd-fontsize-l\"><\/h2> \n\t\t\t\t\t\t\t<\/div>\n\n\t\t\t\t\t\t\t<div class=\"title-after_title reset-last-child wd-fontsize-xs\">\n\t\t\t\t\t<p><strong>Fettleber<\/strong> oder nicht-alkoholische Fettlebererkrankung (NAFLD) ist ein Zustand, bei dem sich Fett (Triglyceride) in den Leberzellen von Personen ansammelt, die keinen \u00fcberm\u00e4\u00dfigen Alkohol konsumieren. Es handelt sich tats\u00e4chlich um ein Spektrum von St\u00f6rungen \u2013 von der einfachen Steatose (nur Fetteinlagerung) bis zur nicht-alkoholischen Steatohepatitis (NASH), bei der auch Entz\u00fcndungen und Lebersch\u00e4den auftreten, die zu Fibrose und Leberzirrhose fortschreiten k\u00f6nnen. Die Fettleber ist eng mit \u00dcbergewicht, Typ-2-Diabetes und dem metabolischen Syndrom verbunden und hat sich weltweit zur h\u00e4ufigsten Ursache f\u00fcr Lebererkrankungen entwickelt. Obwohl sie anfangs keine Symptome verursacht, ist die Fettleber ein ernstes Warnsignal f\u00fcr ein metabolisches Ungleichgewicht im K\u00f6rper.   <\/p><p><strong>Symptome der Fettleber<\/strong>: Oft gibt es keine ausgepr\u00e4gten Symptome, insbesondere im Fr\u00fchstadium. Es kann zu folgenden Beschwerden kommen: <\/p>\t\t\t\t<\/div>\n\t\t\t\t\t<\/div>\n\t\t\t\t\t\t<\/div>\n\t\t\t\t<\/div>\n\t\t\t\t<section class=\"wd-negative-gap elementor-section elementor-inner-section elementor-element elementor-element-7c1d9a55 elementor-section-boxed elementor-section-height-default elementor-section-height-default\" data-id=\"7c1d9a55\" data-element_type=\"section\" data-e-type=\"section\">\n\t\t\t\t\t\t<div class=\"elementor-container elementor-column-gap-default\">\n\t\t\t\t\t<div class=\"elementor-column elementor-col-50 elementor-inner-column elementor-element elementor-element-727c0cdb\" data-id=\"727c0cdb\" data-element_type=\"column\" data-e-type=\"column\">\n\t\t\t<div class=\"elementor-widget-wrap elementor-element-populated\">\n\t\t\t\t\t\t<div class=\"elementor-element elementor-element-c4b9ab9 color-scheme-inherit text-left elementor-widget elementor-widget-text-editor\" data-id=\"c4b9ab9\" data-element_type=\"widget\" data-e-type=\"widget\" data-widget_type=\"text-editor.default\">\n\t\t\t\t<div class=\"elementor-widget-container\">\n\t\t\t\t\t\t\t\t\t<ul style=\"font-weight: 400;\"><li>Unwohlsein oder leichte Schmerzen im oberen rechten Bauchbereich (wo sich die Leber befindet)<\/li><\/ul>\t\t\t\t\t\t\t\t<\/div>\n\t\t\t\t<\/div>\n\t\t\t\t\t<\/div>\n\t\t<\/div>\n\t\t\t\t<div class=\"elementor-column elementor-col-50 elementor-inner-column elementor-element elementor-element-284cda4f\" data-id=\"284cda4f\" data-element_type=\"column\" data-e-type=\"column\">\n\t\t\t<div class=\"elementor-widget-wrap elementor-element-populated\">\n\t\t\t\t\t\t<div class=\"elementor-element elementor-element-a8ef594 color-scheme-inherit text-left elementor-widget elementor-widget-text-editor\" data-id=\"a8ef594\" data-element_type=\"widget\" data-e-type=\"widget\" data-widget_type=\"text-editor.default\">\n\t\t\t\t<div class=\"elementor-widget-container\">\n\t\t\t\t\t\t\t\t\t<ul style=\"font-weight: 400;\"><li>Chronische M\u00fcdigkeit und Abgeschlagenheit<\/li><\/ul>\t\t\t\t\t\t\t\t<\/div>\n\t\t\t\t<\/div>\n\t\t\t\t\t<\/div>\n\t\t<\/div>\n\t\t\t\t\t<\/div>\n\t\t<\/section>\n\t\t\t\t<section class=\"wd-negative-gap elementor-section elementor-inner-section elementor-element elementor-element-fb80a5a elementor-section-content-middle elementor-section-boxed elementor-section-height-default elementor-section-height-default\" data-id=\"fb80a5a\" data-element_type=\"section\" data-e-type=\"section\">\n\t\t\t\t\t\t<div class=\"elementor-container elementor-column-gap-default\">\n\t\t\t\t\t<div class=\"elementor-column elementor-col-100 elementor-inner-column elementor-element elementor-element-44c9aa70\" data-id=\"44c9aa70\" data-element_type=\"column\" data-e-type=\"column\">\n\t\t\t<div class=\"elementor-widget-wrap elementor-element-populated\">\n\t\t\t\t\t\t<div class=\"elementor-element elementor-element-59aedf7e color-scheme-inherit text-left elementor-widget elementor-widget-text-editor\" data-id=\"59aedf7e\" data-element_type=\"widget\" data-e-type=\"widget\" data-widget_type=\"text-editor.default\">\n\t\t\t\t<div class=\"elementor-widget-container\">\n\t\t\t\t\t\t\t\t\t<ul style=\"font-weight: 400;\"><li>Bei fortgeschrittener NASH: Appetitlosigkeit, \u00dcbelkeit, Schw\u00e4che, eventuell Gelbf\u00e4rbung der Haut und Augen (wenn sich eine Leberinsuffizienz entwickelt, was selten vor einer Zirrhose der Fall ist)<\/li><\/ul>\t\t\t\t\t\t\t\t<\/div>\n\t\t\t\t<\/div>\n\t\t\t\t\t<\/div>\n\t\t<\/div>\n\t\t\t\t\t<\/div>\n\t\t<\/section>\n\t\t\t\t\t<\/div>\n\t\t<\/div>\n\t\t\t\t\t<\/div>\n\t\t<\/section>\n\t\t<div class=\"wd-negative-gap elementor-element elementor-element-4a55bb3b e-flex e-con-boxed e-con e-parent\" data-id=\"4a55bb3b\" data-element_type=\"container\" data-e-type=\"container\">\n\t\t\t\t\t<div class=\"e-con-inner\">\n\t\t\t\t<div class=\"elementor-element elementor-element-48dbe28d elementor-widget elementor-widget-wd_text_block\" data-id=\"48dbe28d\" data-element_type=\"widget\" data-e-type=\"widget\" data-widget_type=\"wd_text_block.default\">\n\t\t\t\t<div class=\"elementor-widget-container\">\n\t\t\t\t\t\t\t<div class=\"wd-text-block reset-last-child text-left\">\n\t\t\t\n\t\t\t<p style=\"font-weight: 400;\">Am h\u00e4ufigsten wird eine Fettleber zuf\u00e4llig bei einer Ultraschalluntersuchung des Bauches oder durch erh\u00f6hte Leberenzyme bei Blutanalysen entdeckt. Die Ursachen sind vor allem <strong>\u00dcbergewicht und Insulinresistenz<\/strong> \u2013 ein \u00dcberschuss an Kalorien (insbesondere aus Zucker und ungesunden Fetten) f\u00fchrt zur Ansammlung von Triglyceriden in der Leber. Ein \u00dcberschuss an Fruktose aus zuckerhaltigen Getr\u00e4nken wird beispielsweise direkt in Fett in der Leber umgewandelt.   <\/p><p style=\"font-weight: 400;\"><strong>Chronische Entz\u00fcndung<\/strong> geringer Intensit\u00e4t, die \u00dcbergewicht und Insulinresistenz begleitet, tr\u00e4gt ebenfalls zur Lebersch\u00e4digung bei: Fettgewebe sezerniert entz\u00fcndliche Zytokine, die auch die Leber erreichen. Bei der NASH-Form entz\u00fcndet sich die Fettleber selbst \u2013 die fetthaltigen Leberzellen sezernieren entz\u00fcndliche Signale und ziehen Immunzellen an, wodurch ein hepatitischer Prozess entsteht.  <\/p><p style=\"font-weight: 400;\"><strong>Oxidativer Stress<\/strong> spielt eine zentrale Rolle beim \u00dcbergang von einer \u201ebenignen\u201c Fettleber zu einer entz\u00fcndlichen NASH: Wenn die Leber versucht, \u00fcbersch\u00fcssiges Fett zu metabolisieren, entstehen freie Radikale, die Hepatozyten (Leberzellen) sch\u00e4digen. Zudem erschweren Fetteinlagerungen in der Leber die Blutzufuhr und f\u00fchren zu einer Hypoxie von Gewebeteilen, was wiederum oxidativen Stress erzeugt. Diese Sch\u00e4digung f\u00fchrt dann zum Absterben einiger Zellen und zu Fibrose (Narbenbildung). <strong>Immunologisches Ungleichgewicht<\/strong> zeigt sich in der \u00fcberm\u00e4\u00dfigen Aktivierung von Leberzellen (Kupffer-Zellen \u2013 Lebermakrophagen), die entz\u00fcndliche Mediatoren produzieren und zur Entwicklung von Entz\u00fcndungen und Fibrose beitragen.  <\/p>\n\t\t\t\t\t<\/div>\n\t\t\t\t\t\t<\/div>\n\t\t\t\t<\/div>\n\t\t\t\t<div class=\"elementor-element elementor-element-4ba7dea6 wd-width-100 elementor-widget elementor-widget-wd_title\" data-id=\"4ba7dea6\" data-element_type=\"widget\" data-e-type=\"widget\" data-widget_type=\"wd_title.default\">\n\t\t\t\t<div class=\"elementor-widget-container\">\n\t\t\t\t\t\t\t<div class=\"title-wrapper wd-set-mb reset-last-child wd-title-color-default wd-title-style-default wd-title-size-default text-center\">\n\n\t\t\t\n\t\t\t<div class=\"liner-continer\">\n\t\t\t\t<h3 class=\"woodmart-title-container title wd-fontsize-l\">Nat\u00fcrliche Unterst\u00fctzung f\u00fcr den Organismus<\/h3> \n\t\t\t\t\t\t\t<\/div>\n\n\t\t\t\t\t<\/div>\n\t\t\t\t\t\t<\/div>\n\t\t\t\t<\/div>\n\t\t\t\t<div class=\"elementor-element elementor-element-6e12d782 elementor-widget elementor-widget-wd_text_block\" data-id=\"6e12d782\" data-element_type=\"widget\" data-e-type=\"widget\" data-widget_type=\"wd_text_block.default\">\n\t\t\t\t<div class=\"elementor-widget-container\">\n\t\t\t\t\t\t\t<div class=\"wd-text-block reset-last-child text-left\">\n\t\t\t\n\t\t\t<p style=\"font-weight: 400;\">Die Grundlage der Behandlung einer Fettleber ist eine \u00c4nderung der Ern\u00e4hrungsweise und eine Reduzierung des K\u00f6rpergewichts. Selbst ohne signifikanten Gewichtsverlust reduziert eine Ern\u00e4hrung mit weniger raffiniertem Zucker und mehr Vollkornprodukten die Ablagerung von neuem Fett in der Leber. Dinkel tr\u00e4gt zur <strong>Senkung der Triglyceride<\/strong> im Blut bei \u2013 Ballaststoffe und ein niedriger glyk\u00e4mischer Index reduzieren die Lipogenese (Fettbildung) in der Leber. Besonders wenn Omega-3-angereicherter Dinkel verwendet wird. Omega-3-Fetts\u00e4uren helfen, die Triglyceridsynthese in der Leber zu reduzieren und das Verh\u00e4ltnis der Fetts\u00e4uren zu verbessern, was sogar zu einer R\u00fcckbildung der Fettleber f\u00fchren kann.    <\/p><p style=\"font-weight: 400;\"><strong>Entgiftung<\/strong> ist von wesentlicher Bedeutung: Die Leber ist ein Entgiftungsorgan, und wenn sie mit Fetten \u00fcberladen ist, sch\u00e4digen zus\u00e4tzliche Toxine sie noch mehr. Chlorophyll aus Dinkel und Antioxidantien helfen der Leber, Toxine zu neutralisieren und die oxidative Belastung zu reduzieren. Konkret ist Dinkel reich an Vitamin E und Betain (einer nat\u00fcrlichen Verbindung in Getreide) \u2013 Vitamin E hat Vorteile bei der Behandlung von NASH gezeigt, da es den oxidativen Stress in der Leber reduziert, und Betain hilft bei Methylierungsprozessen und senkt den Homocysteinspiegel, was f\u00fcr die Leber vorteilhaft ist.  <\/p><p style=\"font-weight: 400;\"> <\/p><p style=\"font-weight: 400;\">Dinkel enth\u00e4lt Spuren von <strong>Cholin<\/strong> (ein Vorl\u00e4ufer von Betain), und Cholin ist sehr wichtig zur Vorbeugung einer Fettleber \u2013 es hilft beim Transport von Fetten aus der Leber (Cholinmangel beim Menschen kann eine Fettleber verursachen). <strong>Entz\u00fcndungshemmende Eigenschaften<\/strong> von Dinkel wirken sich auch auf die Leber aus: Durch die Reduzierung entz\u00fcndlicher Zytokine durch Gewichtsverlust und bessere N\u00e4hrstoffe erholt sich die Leber allm\u00e4hlich. Der Mangel an leicht verdaulichen Einfachzuckern in der Dinkelern\u00e4hrung bedeutet auch weniger Stimulation f\u00fcr entz\u00fcndliche Prozesse (da Hyperglyk\u00e4mie Entz\u00fcndungen f\u00f6rdert). <\/p><p style=\"font-weight: 400;\"> <\/p><p style=\"font-weight: 400;\">Durch die Kombination von Dinkel mit anderen Aspekten der mediterranen Ern\u00e4hrung (viel Gem\u00fcse, gesunde Fette aus Oliven\u00f6l, Fisch) entsteht ein Regime, das eine Fettleber nicht nur aufhalten, sondern auch teilweise r\u00fcckg\u00e4ngig machen kann. Kurz gesagt, Dinkel hilft der Leber, sich zu <strong>entfetten und zu erholen<\/strong>: Er erm\u00f6glicht den Verlust von \u00fcbersch\u00fcssigem Fett, sch\u00fctzt die Zellen vor Sch\u00e4den und liefert Bausteine f\u00fcr die Regeneration. Dies ist ein nat\u00fcrlicher und effektiver Weg zu einer ges\u00fcnderen Leber, begleitet von regelm\u00e4\u00dfigen Arztkontrollen und gegebenenfalls der Anwendung medizinischer Therapien, falls die Leber bereits im Hepatitis-Stadium ist.  <\/p>\n\t\t\t\t\t<\/div>\n\t\t\t\t\t\t<\/div>\n\t\t\t\t<\/div>\n\t\t\t\t\t<\/div>\n\t\t\t\t<\/div>\n\t\t\t\t<\/div>\n\t\t","protected":false},"excerpt":{"rendered":"<p>Fettleber oder nicht-alkoholische Fettlebererkrankung (NAFLD) ist ein Zustand, bei dem sich Fett (Triglyceride) in den Leberzellen von Personen ansammelt, die<\/p>\n","protected":false},"author":809,"featured_media":0,"parent":0,"menu_order":0,"comment_status":"closed","ping_status":"closed","template":"","meta":{"_acf_changed":false,"footnotes":""},"class_list":["post-21643","page","type-page","status-publish","hentry"],"acf":[],"_links":{"self":[{"href":"https:\/\/eliksirvitalnosti.com\/de\/wp-json\/wp\/v2\/pages\/21643","targetHints":{"allow":["GET"]}}],"collection":[{"href":"https:\/\/eliksirvitalnosti.com\/de\/wp-json\/wp\/v2\/pages"}],"about":[{"href":"https:\/\/eliksirvitalnosti.com\/de\/wp-json\/wp\/v2\/types\/page"}],"author":[{"embeddable":true,"href":"https:\/\/eliksirvitalnosti.com\/de\/wp-json\/wp\/v2\/users\/809"}],"replies":[{"embeddable":true,"href":"https:\/\/eliksirvitalnosti.com\/de\/wp-json\/wp\/v2\/comments?post=21643"}],"version-history":[{"count":0,"href":"https:\/\/eliksirvitalnosti.com\/de\/wp-json\/wp\/v2\/pages\/21643\/revisions"}],"wp:attachment":[{"href":"https:\/\/eliksirvitalnosti.com\/de\/wp-json\/wp\/v2\/media?parent=21643"}],"curies":[{"name":"wp","href":"https:\/\/api.w.org\/{rel}","templated":true}]}}