{"id":21648,"date":"2025-04-27T19:36:51","date_gmt":"2025-04-27T19:36:51","guid":{"rendered":"https:\/\/eliksirvitalnosti.com\/reizdarmsyndrom-rds\/"},"modified":"2025-09-29T12:26:23","modified_gmt":"2025-09-29T12:26:23","slug":"reizdarmsyndrom-rds","status":"publish","type":"page","link":"https:\/\/eliksirvitalnosti.com\/de\/reizdarmsyndrom-rds\/","title":{"rendered":"Reizdarmsyndrom (RDS)"},"content":{"rendered":"\t\t<div data-elementor-type=\"wp-page\" data-elementor-id=\"21648\" class=\"elementor elementor-21648 elementor-12904\" data-elementor-post-type=\"page\">\n\t\t\t\t\t\t<section class=\"wd-negative-gap elementor-section elementor-top-section elementor-element elementor-element-1cd8861a elementor-section-content-middle elementor-section-boxed elementor-section-height-default elementor-section-height-default\" data-id=\"1cd8861a\" data-element_type=\"section\" data-e-type=\"section\">\n\t\t\t\t\t\t<div class=\"elementor-container elementor-column-gap-wide\">\n\t\t\t\t\t<div class=\"elementor-column elementor-col-50 elementor-top-column elementor-element elementor-element-6a23d830\" data-id=\"6a23d830\" data-element_type=\"column\" data-e-type=\"column\">\n\t\t\t<div class=\"elementor-widget-wrap elementor-element-populated\">\n\t\t\t\t\t\t<div class=\"elementor-element elementor-element-65380ab5 elementor-widget elementor-widget-image\" data-id=\"65380ab5\" data-element_type=\"widget\" data-e-type=\"widget\" data-widget_type=\"image.default\">\n\t\t\t\t<div class=\"elementor-widget-container\">\n\t\t\t\t\t\t\t\t\t\t\t\t\t\t\t<img decoding=\"async\" width=\"1080\" height=\"1080\" src=\"https:\/\/eliksirvitalnosti.com\/wp-content\/themes\/woodmart\/images\/lazy.svg\" class=\"attachment-full size-full wp-image-21623 wd-lazy-fade\" alt=\"Sindrom iritabilnog creva IBS - blog o probavnim smetnjama\" srcset=\"\" sizes=\"(max-width: 1080px) 100vw, 1080px\" data-src=\"https:\/\/eliksirvitalnosti.com\/wp-content\/uploads\/2025\/04\/Sindrom-iritabilnog-creva-IBS.jpg\" data-srcset=\"https:\/\/eliksirvitalnosti.com\/wp-content\/uploads\/2025\/04\/Sindrom-iritabilnog-creva-IBS.jpg 1080w, https:\/\/eliksirvitalnosti.com\/wp-content\/uploads\/2025\/04\/Sindrom-iritabilnog-creva-IBS-300x300.jpg 300w, https:\/\/eliksirvitalnosti.com\/wp-content\/uploads\/2025\/04\/Sindrom-iritabilnog-creva-IBS-1024x1024.jpg 1024w, https:\/\/eliksirvitalnosti.com\/wp-content\/uploads\/2025\/04\/Sindrom-iritabilnog-creva-IBS-150x150.jpg 150w, https:\/\/eliksirvitalnosti.com\/wp-content\/uploads\/2025\/04\/Sindrom-iritabilnog-creva-IBS-768x768.jpg 768w, https:\/\/eliksirvitalnosti.com\/wp-content\/uploads\/2025\/04\/Sindrom-iritabilnog-creva-IBS-600x600.jpg 600w\" \/>\t\t\t\t\t\t\t\t\t\t\t\t\t\t\t<\/div>\n\t\t\t\t<\/div>\n\t\t\t\t\t<\/div>\n\t\t<\/div>\n\t\t\t\t<div class=\"elementor-column elementor-col-50 elementor-top-column elementor-element elementor-element-5ae7e386\" data-id=\"5ae7e386\" data-element_type=\"column\" data-e-type=\"column\">\n\t\t\t<div class=\"elementor-widget-wrap elementor-element-populated\">\n\t\t\t\t\t\t<div class=\"elementor-element elementor-element-25c71cec wd-width-100 elementor-widget elementor-widget-wd_title\" data-id=\"25c71cec\" data-element_type=\"widget\" data-e-type=\"widget\" data-widget_type=\"wd_title.default\">\n\t\t\t\t<div class=\"elementor-widget-container\">\n\t\t\t\t\t\t\t<div class=\"title-wrapper wd-set-mb reset-last-child wd-title-color-default wd-title-style-default wd-title-size-default text-\">\n\n\t\t\t\n\t\t\t<div class=\"liner-continer\">\n\t\t\t\t<h2 class=\"woodmart-title-container title wd-fontsize-l\"><\/h2> \n\t\t\t\t\t\t\t<\/div>\n\n\t\t\t\t\t\t\t<div class=\"title-after_title reset-last-child wd-fontsize-xs\">\n\t\t\t\t\t<p><strong>Reizdarmsyndrom (Reizdarm, RDS)<\/strong> ist eine funktionelle St\u00f6rung des Verdauungstrakts, die sich durch Bauchschmerzen und Ver\u00e4nderungen der Darmentleerung (Durchfall, Verstopfung oder beides abwechselnd) \u00e4u\u00dfert, ohne dass bei der Untersuchung eine organische Erkrankung erkennbar ist. RDS ist sehr h\u00e4ufig und kann ein langfristiges Problem sein, f\u00fchrt aber im Gegensatz zu entz\u00fcndlichen Darmerkrankungen (Morbus Crohn, Kolitis) nicht zu Gewebesch\u00e4den oder schweren Komplikationen und gilt daher nicht als lebensbedrohlich. Dennoch kann RDS \u00e4u\u00dferst unangenehm sein und den Alltag beeintr\u00e4chtigen, weshalb es zu den chronischen Erkrankungen z\u00e4hlt, die Unterst\u00fctzung ben\u00f6tigen.  <\/p><p><strong>RDS-Symptome<\/strong>:<\/p>\t\t\t\t<\/div>\n\t\t\t\t\t<\/div>\n\t\t\t\t\t\t<\/div>\n\t\t\t\t<\/div>\n\t\t\t\t<section class=\"wd-negative-gap elementor-section elementor-inner-section elementor-element elementor-element-4ec23b6d elementor-section-content-middle elementor-section-boxed elementor-section-height-default elementor-section-height-default\" data-id=\"4ec23b6d\" data-element_type=\"section\" data-e-type=\"section\">\n\t\t\t\t\t\t<div class=\"elementor-container elementor-column-gap-default\">\n\t\t\t\t\t<div class=\"elementor-column elementor-col-50 elementor-inner-column elementor-element elementor-element-3d3689b6\" data-id=\"3d3689b6\" data-element_type=\"column\" data-e-type=\"column\">\n\t\t\t<div class=\"elementor-widget-wrap elementor-element-populated\">\n\t\t\t\t\t\t<div class=\"elementor-element elementor-element-42050fc8 color-scheme-inherit text-left elementor-widget elementor-widget-text-editor\" data-id=\"42050fc8\" data-element_type=\"widget\" data-e-type=\"widget\" data-widget_type=\"text-editor.default\">\n\t\t\t\t<div class=\"elementor-widget-container\">\n\t\t\t\t\t\t\t\t\t<ul style=\"font-weight: 400;\"><li><strong>Bauchschmerzen<\/strong> oder Kr\u00e4mpfe, meist im Unterbauch, die nach dem Stuhlgang nachlassen<\/li><\/ul>\t\t\t\t\t\t\t\t<\/div>\n\t\t\t\t<\/div>\n\t\t\t\t\t<\/div>\n\t\t<\/div>\n\t\t\t\t<div class=\"elementor-column elementor-col-50 elementor-inner-column elementor-element elementor-element-1da936a7\" data-id=\"1da936a7\" data-element_type=\"column\" data-e-type=\"column\">\n\t\t\t<div class=\"elementor-widget-wrap elementor-element-populated\">\n\t\t\t\t\t\t<div class=\"elementor-element elementor-element-6b91269 color-scheme-inherit text-left elementor-widget elementor-widget-text-editor\" data-id=\"6b91269\" data-element_type=\"widget\" data-e-type=\"widget\" data-widget_type=\"text-editor.default\">\n\t\t\t\t<div class=\"elementor-widget-container\">\n\t\t\t\t\t\t\t\t\t<ul style=\"font-weight: 400;\"><li><strong>Bl\u00e4hungen und Gase<\/strong>: Gef\u00fchl von Aufgebl\u00e4htheit, \u00fcberm\u00e4\u00dfige Gasbildung<\/li><\/ul>\t\t\t\t\t\t\t\t<\/div>\n\t\t\t\t<\/div>\n\t\t\t\t\t<\/div>\n\t\t<\/div>\n\t\t\t\t\t<\/div>\n\t\t<\/section>\n\t\t\t\t<section class=\"wd-negative-gap elementor-section elementor-inner-section elementor-element elementor-element-4e421866 elementor-section-content-middle elementor-section-boxed elementor-section-height-default elementor-section-height-default\" data-id=\"4e421866\" data-element_type=\"section\" data-e-type=\"section\">\n\t\t\t\t\t\t<div class=\"elementor-container elementor-column-gap-default\">\n\t\t\t\t\t<div class=\"elementor-column elementor-col-50 elementor-inner-column elementor-element elementor-element-3bb313da\" data-id=\"3bb313da\" data-element_type=\"column\" data-e-type=\"column\">\n\t\t\t<div class=\"elementor-widget-wrap elementor-element-populated\">\n\t\t\t\t\t\t<div class=\"elementor-element elementor-element-2a47499d color-scheme-inherit text-left elementor-widget elementor-widget-text-editor\" data-id=\"2a47499d\" data-element_type=\"widget\" data-e-type=\"widget\" data-widget_type=\"text-editor.default\">\n\t\t\t\t<div class=\"elementor-widget-container\">\n\t\t\t\t\t\t\t\t\t<ul style=\"font-weight: 400;\"><li><strong>Stuhlgangsver\u00e4nderungen<\/strong>: Durchfall (oft morgens oder nach den Mahlzeiten), Verstopfung oder abwechselnde Perioden von Durchfall und Verstopfung. Der Stuhl kann schleimig sein. <\/li><\/ul>\t\t\t\t\t\t\t\t<\/div>\n\t\t\t\t<\/div>\n\t\t\t\t\t<\/div>\n\t\t<\/div>\n\t\t\t\t<div class=\"elementor-column elementor-col-50 elementor-inner-column elementor-element elementor-element-21286627\" data-id=\"21286627\" data-element_type=\"column\" data-e-type=\"column\">\n\t\t\t<div class=\"elementor-widget-wrap elementor-element-populated\">\n\t\t\t\t\t\t<div class=\"elementor-element elementor-element-64289077 color-scheme-inherit text-left elementor-widget elementor-widget-text-editor\" data-id=\"64289077\" data-element_type=\"widget\" data-e-type=\"widget\" data-widget_type=\"text-editor.default\">\n\t\t\t\t<div class=\"elementor-widget-container\">\n\t\t\t\t\t\t\t\t\t<ul style=\"font-weight: 400;\"><li><strong>Stuhldrang oder unvollst\u00e4ndige Entleerung<\/strong>: dringender Toilettengang oder das Gef\u00fchl, dass der Stuhl nicht vollst\u00e4ndig entleert wurde.<\/li><\/ul>\t\t\t\t\t\t\t\t<\/div>\n\t\t\t\t<\/div>\n\t\t\t\t\t<\/div>\n\t\t<\/div>\n\t\t\t\t\t<\/div>\n\t\t<\/section>\n\t\t\t\t<section class=\"wd-negative-gap elementor-section elementor-inner-section elementor-element elementor-element-60e99e34 elementor-section-content-middle elementor-section-boxed elementor-section-height-default elementor-section-height-default\" data-id=\"60e99e34\" data-element_type=\"section\" data-e-type=\"section\">\n\t\t\t\t\t\t<div class=\"elementor-container elementor-column-gap-default\">\n\t\t\t\t\t<div class=\"elementor-column elementor-col-100 elementor-inner-column elementor-element elementor-element-3a8171ff\" data-id=\"3a8171ff\" data-element_type=\"column\" data-e-type=\"column\">\n\t\t\t<div class=\"elementor-widget-wrap elementor-element-populated\">\n\t\t\t\t\t\t<div class=\"elementor-element elementor-element-f18a820 color-scheme-inherit text-left elementor-widget elementor-widget-text-editor\" data-id=\"f18a820\" data-element_type=\"widget\" data-e-type=\"widget\" data-widget_type=\"text-editor.default\">\n\t\t\t\t<div class=\"elementor-widget-container\">\n\t\t\t\t\t\t\t\t\t<ul style=\"font-weight: 400;\"><li>Die Symptome verschlimmern sich typischerweise unter <strong>Stress<\/strong> oder nach bestimmten Nahrungsmitteln und bessern sich w\u00e4hrend der Erholung (z.B. im Urlaub).<\/li><\/ul>\t\t\t\t\t\t\t\t<\/div>\n\t\t\t\t<\/div>\n\t\t\t\t\t<\/div>\n\t\t<\/div>\n\t\t\t\t\t<\/div>\n\t\t<\/section>\n\t\t\t\t\t<\/div>\n\t\t<\/div>\n\t\t\t\t\t<\/div>\n\t\t<\/section>\n\t\t<div class=\"wd-negative-gap elementor-element elementor-element-2ddeab3d e-flex e-con-boxed e-con e-parent\" data-id=\"2ddeab3d\" data-element_type=\"container\" data-e-type=\"container\">\n\t\t\t\t\t<div class=\"e-con-inner\">\n\t\t\t\t<div class=\"elementor-element elementor-element-4d1e4621 elementor-widget elementor-widget-wd_text_block\" data-id=\"4d1e4621\" data-element_type=\"widget\" data-e-type=\"widget\" data-widget_type=\"wd_text_block.default\">\n\t\t\t\t<div class=\"elementor-widget-container\">\n\t\t\t\t\t\t\t<div class=\"wd-text-block reset-last-child text-left\">\n\t\t\t\n\t\t\t<p style=\"font-weight: 400;\">Die Ursache des RDS ist nicht vollst\u00e4ndig gekl\u00e4rt. Man geht von einer Kombination aus \u00dcberempfindlichkeit der Darmmuskulatur und -nerven (erh\u00f6hte <strong>viszerale Sensibilit\u00e4t<\/strong>), psychologischen Faktoren (Angst, Stress) und ver\u00e4nderter Darmflora aus. Im Gegensatz zu Colitis ulcerosa und Morbus Crohn gibt es beim RDS keine sichtbaren Entz\u00fcndungen oder Geschw\u00fcre im Darm. Neuere Forschungen zeigen jedoch, dass bei einigen RDS-Patienten ein sehr milder Grad von <strong>chronischer Entz\u00fcndung<\/strong> oder Immunaktivierung im Darm vorliegen k\u00f6nnte \u2013 z.B. entwickeln manche nach einer \u00fcberstandenen Darminfektion ein sogenanntes postinfekti\u00f6ses RDS mit leicht erh\u00f6hter Lymphozytenzahl in der Schleimhaut.     <\/p><p style=\"font-weight: 400;\">Generell wird RDS eher mit einem <strong>Ungleichgewicht der Darmnerven- und Muskelaktivit\u00e4t<\/strong> (Darm-Hirn-Achse) in Verbindung gebracht als mit einem Immunangriff. <strong>Oxidativer Stress<\/strong> kann sekund\u00e4r durch anhaltenden Stress oder schlechte Ern\u00e4hrung entstehen, ist aber nicht der Hauptausl\u00f6ser des RDS. Das <strong>immunologische Ungleichgewicht<\/strong> beim RDS ist subtil \u2013 m\u00f6glicherweise als Folge einer gest\u00f6rten Mikrobiota, da gesunde Bakterien die Immunantwort des Darms unter Kontrolle halten.<\/p>\n\t\t\t\t\t<\/div>\n\t\t\t\t\t\t<\/div>\n\t\t\t\t<\/div>\n\t\t\t\t<div class=\"elementor-element elementor-element-48846a03 wd-width-100 elementor-widget elementor-widget-wd_title\" data-id=\"48846a03\" data-element_type=\"widget\" data-e-type=\"widget\" data-widget_type=\"wd_title.default\">\n\t\t\t\t<div class=\"elementor-widget-container\">\n\t\t\t\t\t\t\t<div class=\"title-wrapper wd-set-mb reset-last-child wd-title-color-default wd-title-style-default wd-title-size-default text-center\">\n\n\t\t\t\n\t\t\t<div class=\"liner-continer\">\n\t\t\t\t<h3 class=\"woodmart-title-container title wd-fontsize-l\">Nat\u00fcrliche Unterst\u00fctzung f\u00fcr den Organismus<\/h3> \n\t\t\t\t\t\t\t<\/div>\n\n\t\t\t\t\t<\/div>\n\t\t\t\t\t\t<\/div>\n\t\t\t\t<\/div>\n\t\t\t\t<div class=\"elementor-element elementor-element-53308121 elementor-widget elementor-widget-wd_text_block\" data-id=\"53308121\" data-element_type=\"widget\" data-e-type=\"widget\" data-widget_type=\"wd_text_block.default\">\n\t\t\t\t<div class=\"elementor-widget-container\">\n\t\t\t\t\t\t\t<div class=\"wd-text-block reset-last-child text-left\">\n\t\t\t\n\t\t\t<p style=\"font-weight: 400;\">Die Behandlung des RDS konzentriert sich haupts\u00e4chlich auf Ern\u00e4hrung und Lebensstil (Stressreduktion). Hier kann <strong>Dinkel<\/strong> bei der Regulierung der Darmfunktion sehr hilfreich sein. Erstens enth\u00e4lt Dinkel <strong>Ballaststoffe<\/strong>, die f\u00fcr eine gute Verdauung essentiell sind. Interessanterweise sind die Dinkelfasern leicht wasserl\u00f6slich, was bedeutet, dass sie im Darm ein Gel bilden und in beiden F\u00e4llen wohltuend wirken \u2013 sowohl bei Durchfall (durch Absorption \u00fcbersch\u00fcssiger Fl\u00fcssigkeit und Verlangsamung der Stuhlpassage) als auch bei Verstopfung (durch Erh\u00f6hung des Stuhlvolumens und Erweichung).    <\/p><p style=\"font-weight: 400;\">Dinkel hilft bei der <strong>Etablierung einer gesunden Darmflora<\/strong>. Seine Ballaststoffe sind Nahrung f\u00fcr gute Bakterien im Dickdarm \u2013 durch den Abbau der Dinkelfasern produzieren die Bakterien n\u00fctzliche kurzkettige Fetts\u00e4uren wie Butyrat, das Entz\u00fcndungen beruhigt (falls vorhanden) und die Integrit\u00e4t der Darmschleimhaut verbessert. Eine ausgewogene Mikrobiota reduziert die Darmempfindlichkeit und kann RDS-Symptome lindern.  <\/p><p style=\"font-weight: 400;\">Es enth\u00e4lt <strong>Magnesium<\/strong> und B-Vitamine, die zur Entspannung der Darmmuskulatur und Regulierung der Nervensignale beitragen. Viele Anti-Stress-Mineralien und Vitamine sind wichtig, da Stress RDS verschlimmert \u2013 Magnesium entspannt die glatten Darmmuskeln, und Vitamin B6 ist an der Synthese von Neurotransmittern beteiligt, die die Darmperistaltik regulieren. Obwohl RDS keine klassische Entz\u00fcndungskrankheit ist, ist jede Verbesserung des allgemeinen Darmzustands von Nutzen \u2013 hier helfen die <strong>Antioxidantien<\/strong> des Dinkels (Selen, Vitamin E), die das Darmgewebe gesund halten und vor Sch\u00e4den durch m\u00f6glicherweise erh\u00f6hte Gasbildung oder toxische Metaboliten schlechter Bakterien sch\u00fctzen.  <\/p><p style=\"font-weight: 400;\">Schlie\u00dflich tr\u00e4gt Dinkel auch zum <strong>psychischen Wohlbefinden<\/strong> \u00fcber die Darm-Hirn-Achse bei: Wenn die Verdauung geordneter und der K\u00f6rper besser ern\u00e4hrt ist, reduzieren sich oft auch Angst und Stress, was eine positive R\u00fcckkopplung bei der RDS-Kontrolle erzeugt. All dies deutet darauf hin, dass Dinkel beim Reizdarmsyndrom sehr hilfreich sein kann. Nat\u00fcrlich wird neben Dinkel oft auch eine moderate Aufnahme von fermentierten Milchprodukten (Probiotika), ausreichend Wasser und Stressmanagement-Techniken empfohlen, damit der Darm wirklich ins Gleichgewicht kommt.  <\/p>\n\t\t\t\t\t<\/div>\n\t\t\t\t\t\t<\/div>\n\t\t\t\t<\/div>\n\t\t\t\t\t<\/div>\n\t\t\t\t<\/div>\n\t\t\t\t<\/div>\n\t\t","protected":false},"excerpt":{"rendered":"<p>Reizdarmsyndrom (Reizdarm, RDS) ist eine funktionelle St\u00f6rung des Verdauungstrakts, die sich durch Bauchschmerzen und Ver\u00e4nderungen der Darmentleerung (Durchfall, Verstopfung oder<\/p>\n","protected":false},"author":809,"featured_media":0,"parent":0,"menu_order":0,"comment_status":"closed","ping_status":"closed","template":"","meta":{"_acf_changed":false,"footnotes":""},"class_list":["post-21648","page","type-page","status-publish","hentry"],"acf":[],"_links":{"self":[{"href":"https:\/\/eliksirvitalnosti.com\/de\/wp-json\/wp\/v2\/pages\/21648","targetHints":{"allow":["GET"]}}],"collection":[{"href":"https:\/\/eliksirvitalnosti.com\/de\/wp-json\/wp\/v2\/pages"}],"about":[{"href":"https:\/\/eliksirvitalnosti.com\/de\/wp-json\/wp\/v2\/types\/page"}],"author":[{"embeddable":true,"href":"https:\/\/eliksirvitalnosti.com\/de\/wp-json\/wp\/v2\/users\/809"}],"replies":[{"embeddable":true,"href":"https:\/\/eliksirvitalnosti.com\/de\/wp-json\/wp\/v2\/comments?post=21648"}],"version-history":[{"count":0,"href":"https:\/\/eliksirvitalnosti.com\/de\/wp-json\/wp\/v2\/pages\/21648\/revisions"}],"wp:attachment":[{"href":"https:\/\/eliksirvitalnosti.com\/de\/wp-json\/wp\/v2\/media?parent=21648"}],"curies":[{"name":"wp","href":"https:\/\/api.w.org\/{rel}","templated":true}]}}