{"id":21771,"date":"2024-08-08T14:27:17","date_gmt":"2024-08-08T14:27:17","guid":{"rendered":"https:\/\/eliksirvitalnosti.com\/proizvod\/anti-stress-ball\/"},"modified":"2026-04-02T14:03:29","modified_gmt":"2026-04-02T14:03:29","slug":"anti-stress-ball","status":"publish","type":"product","link":"https:\/\/eliksirvitalnosti.com\/de\/proizvod\/anti-stress-ball\/","title":{"rendered":"Anti-Stress-Ball"},"content":{"rendered":"<h4><strong>Produkteigenschaften<\/strong><\/h4>\n<ul>\n<li><strong>Hochwertige Materialien:<\/strong> Aus strapazierf\u00e4higem und flexiblem Material hergestellt, ist der Anti-Stress-Ball f\u00fcr lange Haltbarkeit und optimale Unterst\u00fctzung konzipiert.<\/li>\n<li><strong>Ergonomisches Design:<\/strong> Passt perfekt in die Hand und erm\u00f6glicht Ihnen, sich \u00fcberall zu entspannen und Spannungen abzubauen.<\/li>\n<li><strong>Markenlogo:<\/strong> Das markante Markenlogo auf dem Stressball motiviert und inspiriert die Benutzer zus\u00e4tzlich.<\/li>\n<li><strong>Charakteristische Farbe:<\/strong> Erh\u00e4ltlich in der charakteristischen Farbe unserer Marke, die Vertrauen schafft und sich abhebt.<\/li>\n<\/ul>\n<hr>\n<h4><strong>Warum Sie ihn lieben werden?<\/strong><\/h4>\n<ul>\n<li>Perfekt zur Stress- und Angstreduktion, \u00fcberall und jederzeit.<\/li>\n<li>Kompakt und tragbar, ideal f\u00fcr B\u00fcro, Zuhause oder unterwegs.<\/li>\n<li>Modernes Design und Markenfarbe, die zu Ihrem Stil passt.<\/li>\n<\/ul>\n<hr>\n<p><strong>Bringen Sie Ruhe und Entspannung in Ihren Alltag mit unserem Marken-Stressball. F\u00fcgen Sie ihn noch heute Ihrer Sammlung hinzu! <\/strong><\/p>\n","protected":false},"excerpt":{"rendered":"<p>Frieden in Ihren H\u00e4nden<\/p>\n<p>Befreien Sie sich von Stress mit unserem Marken-Stressball! <strong>Aus strapazierf\u00e4higem und flexiblem Material<\/strong> gefertigt, ist der Stressball f\u00fcr lange Haltbarkeit und optimale Unterst\u00fctzung konzipiert. <\/p>\n<p>F\u00fcgen Sie unseren Anti-Stress-Ball in Ihren Alltag ein und genie\u00dfen Sie sofortige <strong>Entspannung und Stressabbau<\/strong>!<\/p>\n","protected":false},"featured_media":21774,"comment_status":"open","ping_status":"closed","template":"","meta":{"_acf_changed":false},"product_brand":[],"product_cat":[709],"product_tag":[],"class_list":{"0":"post-21771","1":"product","2":"type-product","3":"status-publish","4":"has-post-thumbnail","6":"product_cat-weitere-produkte","8":"first","9":"instock","10":"shipping-taxable","11":"purchasable","12":"product-type-simple"},"acf":[],"_links":{"self":[{"href":"https:\/\/eliksirvitalnosti.com\/de\/wp-json\/wp\/v2\/product\/21771","targetHints":{"allow":["GET"]}}],"collection":[{"href":"https:\/\/eliksirvitalnosti.com\/de\/wp-json\/wp\/v2\/product"}],"about":[{"href":"https:\/\/eliksirvitalnosti.com\/de\/wp-json\/wp\/v2\/types\/product"}],"replies":[{"embeddable":true,"href":"https:\/\/eliksirvitalnosti.com\/de\/wp-json\/wp\/v2\/comments?post=21771"}],"version-history":[{"count":0,"href":"https:\/\/eliksirvitalnosti.com\/de\/wp-json\/wp\/v2\/product\/21771\/revisions"}],"wp:featuredmedia":[{"embeddable":true,"href":"https:\/\/eliksirvitalnosti.com\/de\/wp-json\/wp\/v2\/media\/21774"}],"wp:attachment":[{"href":"https:\/\/eliksirvitalnosti.com\/de\/wp-json\/wp\/v2\/media?parent=21771"}],"wp:term":[{"taxonomy":"product_brand","embeddable":true,"href":"https:\/\/eliksirvitalnosti.com\/de\/wp-json\/wp\/v2\/product_brand?post=21771"},{"taxonomy":"product_cat","embeddable":true,"href":"https:\/\/eliksirvitalnosti.com\/de\/wp-json\/wp\/v2\/product_cat?post=21771"},{"taxonomy":"product_tag","embeddable":true,"href":"https:\/\/eliksirvitalnosti.com\/de\/wp-json\/wp\/v2\/product_tag?post=21771"}],"curies":[{"name":"wp","href":"https:\/\/api.w.org\/{rel}","templated":true}]}}