{"id":21808,"date":"2024-05-28T14:51:48","date_gmt":"2024-05-28T14:51:48","guid":{"rendered":"https:\/\/eliksirvitalnosti.com\/proizvod\/gesundheits-promo-paket\/"},"modified":"2026-04-14T09:41:05","modified_gmt":"2026-04-14T09:41:05","slug":"gesundheits-promo-paket","status":"publish","type":"product","link":"https:\/\/eliksirvitalnosti.com\/de\/proizvod\/gesundheits-promo-paket\/","title":{"rendered":"Gesundheits-Promo-Paket"},"content":{"rendered":"<h4><strong>Promopaket \u201eGesundheit\u201c \u2013 Ihre Lieblingsauswahl ist wieder verf\u00fcgbar!<\/strong><\/h4>\n<hr>\n<h4><strong>Vorteile der Gefriertrocknung<\/strong><\/h4>\n<p>Unsere Gefriertrocknung bei <strong>-70 Grad<\/strong> bewahrt alle Vorteile des gr\u00fcnen Dinkelgrassaftes, jedoch jetzt in einer praktischen Anwendungsform.<\/p>\n<ul>\n<li>Es ist keine Lagerung bei -18 Grad mehr erforderlich.<\/li>\n<li>Keine Bedenken bez\u00fcglich des intensiven Geschmacks.<\/li>\n<li>Nur <strong>eine Tablette<\/strong> enth\u00e4lt alles, was Sie f\u00fcr einen t\u00e4glichen <strong>Energie- und Gesundheits-Boost<\/strong> ben\u00f6tigen.<\/li>\n<\/ul>\n<hr>\n<h4><strong>Vorteile des Pakets \u201eGesundheit\u201c<\/strong><\/h4>\n<p>Dieses Paket bietet zahlreiche gesundheitliche Vorteile:<\/p>\n<ul>\n<li>Unterst\u00fctzung des allgemeinen Gleichgewichts und der Vitalit\u00e4t des K\u00f6rpers.<\/li>\n<li>St\u00e4rkung des Immunsystems.<\/li>\n<li>Verbessert das Blutbild.<\/li>\n<li>Hormonbalance im K\u00f6rper.<\/li>\n<li>Senkt den Cholesterinspiegel.<\/li>\n<li>Entgiftung des K\u00f6rpers.<\/li>\n<li>Wirkt gegen Entz\u00fcndungen, Viren und Bakterien.<\/li>\n<li>Hilft bei Hautkrankheiten.<\/li>\n<li>Hilft bei Myomen, Polypen und Zysten.<\/li>\n<li>Reguliert den pH-Wert.<\/li>\n<li>Erg\u00e4nzt den Enzymspiegel.<\/li>\n<li>Verbessert die kognitiven Funktionen dank Omega-3-Fetts\u00e4uren.<\/li>\n<li>Wirkt sich positiv auf den Herzmuskel aus.<\/li>\n<li>Erh\u00f6ht den Sauerstoffgehalt im Blut.<\/li>\n<li>Regeneriert den K\u00f6rper auf zellul\u00e4rer Ebene.<\/li>\n<li>Reduziert Nervosit\u00e4t und Stress.<\/li>\n<\/ul>\n<hr>\n<h4><strong>Sonderangebot<\/strong><\/h4>\n<p>Unser Paket enth\u00e4lt <strong>zwei Packungen mit je 30 Tabletten<\/strong> zu einem unglaublichen Preis von nur <strong>5.970 Dinar<\/strong>! Das bedeutet, Sie erhalten doppelt so viel Gesundheit und Energie zu einem \u00e4u\u00dferst g\u00fcnstigen Preis.<\/p>\n<hr>\n<p>Verpassen Sie nicht die Gelegenheit, mit unserem gefriergetrockneten Dinkelgrassaft in Tablettenform zu einem gesunden Lebensstil zur\u00fcckzukehren.<\/p>\n<p><strong>Sichern Sie sich Ihr Paket \u201eGesundheit\u201c, solange der Vorrat reicht!<\/strong><\/p>\n<p><strong>Ihre Gr\u00fcnen S\u00e4fte Nemet<\/strong><\/p>\n","protected":false},"excerpt":{"rendered":"<p>Paket enth\u00e4lt:<br \/>\n2 x Gr\u00fcner Saft aus gefriergetrockneten Tabletten<\/p>\n<p>Sehr geehrte Kunden,<\/p>\n<p>Wir freuen uns, Ihnen mitteilen zu k\u00f6nnen, dass unser beliebtes Paket unter dem Namen <strong>\u201eGesundheit\u201c<\/strong> wieder erh\u00e4ltlich ist!<\/p>\n<p>Wir sind begeistert, Ihnen unseren <strong>gefriergetrockneten Dinkelgrassaft in Tablettenform<\/strong> pr\u00e4sentieren zu k\u00f6nnen, genau so, wie Sie ihn geliebt haben.<\/p>\n","protected":false},"featured_media":36428,"comment_status":"open","ping_status":"closed","template":"","meta":{"_acf_changed":false},"product_brand":[],"product_cat":[710],"product_tag":[],"class_list":{"0":"post-21808","1":"product","2":"type-product","3":"status-publish","4":"has-post-thumbnail","6":"product_cat-pakete","8":"first","9":"instock","10":"sale","11":"shipping-taxable","12":"purchasable","13":"product-type-simple"},"acf":[],"_links":{"self":[{"href":"https:\/\/eliksirvitalnosti.com\/de\/wp-json\/wp\/v2\/product\/21808","targetHints":{"allow":["GET"]}}],"collection":[{"href":"https:\/\/eliksirvitalnosti.com\/de\/wp-json\/wp\/v2\/product"}],"about":[{"href":"https:\/\/eliksirvitalnosti.com\/de\/wp-json\/wp\/v2\/types\/product"}],"replies":[{"embeddable":true,"href":"https:\/\/eliksirvitalnosti.com\/de\/wp-json\/wp\/v2\/comments?post=21808"}],"version-history":[{"count":1,"href":"https:\/\/eliksirvitalnosti.com\/de\/wp-json\/wp\/v2\/product\/21808\/revisions"}],"predecessor-version":[{"id":36432,"href":"https:\/\/eliksirvitalnosti.com\/de\/wp-json\/wp\/v2\/product\/21808\/revisions\/36432"}],"wp:featuredmedia":[{"embeddable":true,"href":"https:\/\/eliksirvitalnosti.com\/de\/wp-json\/wp\/v2\/media\/36428"}],"wp:attachment":[{"href":"https:\/\/eliksirvitalnosti.com\/de\/wp-json\/wp\/v2\/media?parent=21808"}],"wp:term":[{"taxonomy":"product_brand","embeddable":true,"href":"https:\/\/eliksirvitalnosti.com\/de\/wp-json\/wp\/v2\/product_brand?post=21808"},{"taxonomy":"product_cat","embeddable":true,"href":"https:\/\/eliksirvitalnosti.com\/de\/wp-json\/wp\/v2\/product_cat?post=21808"},{"taxonomy":"product_tag","embeddable":true,"href":"https:\/\/eliksirvitalnosti.com\/de\/wp-json\/wp\/v2\/product_tag?post=21808"}],"curies":[{"name":"wp","href":"https:\/\/api.w.org\/{rel}","templated":true}]}}