{"id":21866,"date":"2025-06-17T13:39:53","date_gmt":"2025-06-17T13:39:53","guid":{"rendered":"https:\/\/eliksirvitalnosti.com\/proizvod\/insubalans-paket\/"},"modified":"2026-04-02T14:05:15","modified_gmt":"2026-04-02T14:05:15","slug":"insubalans-paket","status":"publish","type":"product","link":"https:\/\/eliksirvitalnosti.com\/de\/proizvod\/insubalans-paket\/","title":{"rendered":"InsuBalans-Paket"},"content":{"rendered":"<h1 data-start=\"153\" data-end=\"205\"><strong data-start=\"155\" data-end=\"203\">Gr\u00fcne S\u00e4fte Nemet \u2013 Paket Dill und Dinkel-Tabletten<\/strong><\/h1>\n<h3 data-start=\"206\" data-end=\"244\"><em data-start=\"210\" data-end=\"244\">Komplette Unterst\u00fctzung f\u00fcr Ihre Gesundheit<\/em><\/h3>\n<hr data-start=\"246\" data-end=\"249\">\n<h2 data-start=\"251\" data-end=\"280\"><strong data-start=\"254\" data-end=\"280\">Gr\u00fcner Dillsaft<\/strong><\/h2>\n<p data-start=\"282\" data-end=\"544\">Der gr\u00fcne Dillsaft ist ein kaltgepresster Saft aus einer uralten Dillsorte (<em data-start=\"365\" data-end=\"385\">Anethum graveolens<\/em>), die heute noch wild in den \u00f6stlichen Mittelmeerl\u00e4ndern vorkommt. Bl\u00e4tter, Bl\u00fcten und Samen des Dills werden ohne Zusatz von Konservierungsstoffen, Zucker oder Farbstoffen gepresst. <\/p>\n<h3 data-start=\"546\" data-end=\"597\"><strong data-start=\"550\" data-end=\"597\">Grundlegende Vorteile des gr\u00fcnen Dillsafts:<\/strong><\/h3>\n<ul>\n<li data-start=\"601\" data-end=\"652\">Verbesserung der Verdauung, des Appetits und des allgemeinen Stoffwechsels<\/li>\n<li data-start=\"655\" data-end=\"706\">Regulierung des Blutzuckerspiegels (Unterst\u00fctzung des Insulins)<\/li>\n<li data-start=\"709\" data-end=\"772\">Linderung von Bl\u00e4hungen, Erbrechen, Schlaflosigkeit und Reizbarkeit<\/li>\n<li data-start=\"775\" data-end=\"818\">Ausgleich der Hormone und Steigerung der Energie<\/li>\n<li data-start=\"821\" data-end=\"864\">Senkung des Cholesterinspiegels und Blutverd\u00fcnnung<\/li>\n<li data-start=\"867\" data-end=\"904\">Vorbeugung von Herz- und Schlaganf\u00e4llen<\/li>\n<li data-start=\"907\" data-end=\"971\">Hilfe bei Infektionen durch <em data-start=\"937\" data-end=\"958\">Helicobacter pylori<\/em> und Candida<\/li>\n<li data-start=\"974\" data-end=\"1035\">Unterst\u00fctzung bei der Therapie von Diabetes Typ 1 und 2 (insbesondere bei Typ 2)<\/li>\n<\/ul>\n<hr data-start=\"1037\" data-end=\"1040\">\n<h2 data-start=\"1042\" data-end=\"1068\"><strong data-start=\"1045\" data-end=\"1068\">Seplta Life Balance Dinkel-Safttabletten<\/strong><\/h2>\n<p data-start=\"1070\" data-end=\"1349\">Die Tabletten werden aus demselben Saft hergestellt, der im gefrorenen Zustand vorliegt. Nach dem Prozess der <strong>Gefriertrocknung<\/strong> wird der gefrorene Saft getrocknet, wobei alle N\u00e4hrstoffe, der nat\u00fcrliche Geruch, das Aroma, das Aussehen und der Geschmack erhalten bleiben. Dieser Prozess erm\u00f6glicht eine sofortige Rehydrierung bei der weiteren Verwendung, w\u00e4hrend thermolabile Bestandteile erhalten bleiben.  <\/p>\n<h3 data-start=\"1351\" data-end=\"1399\"><strong data-start=\"1355\" data-end=\"1399\">Grundlegende Vorteile der Tabletten:<\/strong><\/h3>\n<ul>\n<li>Alkalisierung des Blutes und Verringerung der \u00dcbers\u00e4uerung, was zu einem g\u00fcnstigeren inneren Milieu des Organismus sowie zur Verringerung des Risikos von Fettleibigkeit und bakteriellen sowie Pilzinfektionen beitr\u00e4gt.<\/li>\n<li>Senkung der Triglyceride und Stabilisierung des Blutdrucks dank <strong>Omega-3-Fetts\u00e4uren<\/strong>, die den Cholesterinspiegel regulieren und die Herzfunktion unterst\u00fctzen.<\/li>\n<li>Entgiftung des K\u00f6rpers und St\u00e4rkung des Immunsystems.<\/li>\n<li>Verbesserung der Durchblutung, des Stoffwechsels und des gesamten Energieniveaus.<\/li>\n<\/ul>\n<hr data-start=\"1563\" data-end=\"1566\">\n<h2 data-start=\"1568\" data-end=\"1608\"><strong data-start=\"1571\" data-end=\"1608\">Die perfekte Kombination f\u00fcr Vitalit\u00e4t<\/strong><\/h2>\n<p data-start=\"1610\" data-end=\"1856\"><strong data-start=\"127\" data-end=\"179\">InsuBalans-Paket \u2013 Gr\u00fcner Koriandersaft und Dinkeltabletten<\/strong> ist die ideale M\u00f6glichkeit, Ihre Ern\u00e4hrung auf nat\u00fcrliche und wirksame Weise zu bereichern. Die Kombination aus kaltgepresstem Pflanzensaft und gefriergetrockneten Tabletten erm\u00f6glicht die t\u00e4gliche Zufuhr von Wirkstoffen in praktischer Form. Nutzen Sie die Synergie dieser beiden kraftvollen Pflanzenformen und bieten Sie Ihrem Organismus Unterst\u00fctzung f\u00fcr Verdauung, Entgiftung, bessere Durchblutung und stabile Energie den ganzen Tag \u00fcber.  <\/p>\n<p data-start=\"1858\" data-end=\"1927\">\ud83d\udc49 <strong data-start=\"1861\" data-end=\"1878\">Bestellen Sie jetzt<\/strong> und geben Sie Ihrem K\u00f6rper nat\u00fcrlichen Schutz und Energie!<\/p>\n","protected":false},"excerpt":{"rendered":"<p><strong>Das Paket enth\u00e4lt:<\/strong><br \/>\n1x Dillsaft<br \/>\n1x Dinkel-Tabletten<\/p>\n<p><strong>Warum wirkt es?<\/strong><br \/>\nDill reguliert auf nat\u00fcrliche Weise den Blutzuckerspiegel, w\u00e4hrend Dinkel-Tabletten die Funktion der Bauchspeicheldr\u00fcse verbessern,<br \/>\nden Zellstoffwechsel unterst\u00fctzen und die Insulinsensitivit\u00e4t erh\u00f6hen.<\/p>\n","protected":false},"featured_media":21870,"comment_status":"open","ping_status":"closed","template":"","meta":{"_acf_changed":false},"product_brand":[],"product_cat":[710],"product_tag":[],"class_list":{"0":"post-21866","1":"product","2":"type-product","3":"status-publish","4":"has-post-thumbnail","6":"product_cat-pakete","8":"first","9":"outofstock","10":"sale","11":"shipping-taxable","12":"purchasable","13":"product-type-simple"},"acf":[],"_links":{"self":[{"href":"https:\/\/eliksirvitalnosti.com\/de\/wp-json\/wp\/v2\/product\/21866","targetHints":{"allow":["GET"]}}],"collection":[{"href":"https:\/\/eliksirvitalnosti.com\/de\/wp-json\/wp\/v2\/product"}],"about":[{"href":"https:\/\/eliksirvitalnosti.com\/de\/wp-json\/wp\/v2\/types\/product"}],"replies":[{"embeddable":true,"href":"https:\/\/eliksirvitalnosti.com\/de\/wp-json\/wp\/v2\/comments?post=21866"}],"version-history":[{"count":0,"href":"https:\/\/eliksirvitalnosti.com\/de\/wp-json\/wp\/v2\/product\/21866\/revisions"}],"wp:featuredmedia":[{"embeddable":true,"href":"https:\/\/eliksirvitalnosti.com\/de\/wp-json\/wp\/v2\/media\/21870"}],"wp:attachment":[{"href":"https:\/\/eliksirvitalnosti.com\/de\/wp-json\/wp\/v2\/media?parent=21866"}],"wp:term":[{"taxonomy":"product_brand","embeddable":true,"href":"https:\/\/eliksirvitalnosti.com\/de\/wp-json\/wp\/v2\/product_brand?post=21866"},{"taxonomy":"product_cat","embeddable":true,"href":"https:\/\/eliksirvitalnosti.com\/de\/wp-json\/wp\/v2\/product_cat?post=21866"},{"taxonomy":"product_tag","embeddable":true,"href":"https:\/\/eliksirvitalnosti.com\/de\/wp-json\/wp\/v2\/product_tag?post=21866"}],"curies":[{"name":"wp","href":"https:\/\/api.w.org\/{rel}","templated":true}]}}