{"id":21873,"date":"2024-02-17T14:50:29","date_gmt":"2024-02-17T14:50:29","guid":{"rendered":"https:\/\/eliksirvitalnosti.com\/proizvod\/gruener-dinkel-saft-15-stk\/"},"modified":"2026-04-17T10:47:44","modified_gmt":"2026-04-17T10:47:44","slug":"gruener-dinkel-saft-15-stk","status":"publish","type":"product","link":"https:\/\/eliksirvitalnosti.com\/de\/proizvod\/gruener-dinkel-saft-15-stk\/","title":{"rendered":"Gr\u00fcner Dinkel-Saft \u2013 15 Stk."},"content":{"rendered":"<p><strong>Hauptprodukt<\/strong>, das wir fast jedem empfehlen. Der aufgel\u00f6ste Saft hat einen s\u00fc\u00dflichen und \u201egr\u00fcnen\u201c Geschmack, der an rohe Erbsen erinnert.<\/p>\n<h4><strong>Interessante Fakten<\/strong><\/h4>\n<ul>\n<li>Ein Glas Saft enth\u00e4lt so viele n\u00fctzliche Substanzen wie <strong>1,5 kg frisches Gem\u00fcse<\/strong>.<\/li>\n<li>Enth\u00e4lt <strong>4x mehr Calcium<\/strong> als Kuhmilch.<\/li>\n<li>Enth\u00e4lt <strong>20x mehr Eisen<\/strong> als Spinat.<\/li>\n<li><strong>Vitamin C<\/strong>: Mehr als in einer Orange, doppelt so viel wie in einer Karotte.<\/li>\n<li>Sehr starkes <strong>Antioxidans<\/strong>.<\/li>\n<li>Hat nur <strong>14 kcal pro 100 g Saft<\/strong>.<\/li>\n<\/ul>\n<hr \/>\n<h4><strong>Produkteigenschaften<\/strong><\/h4>\n<ul>\n<li><strong>Glutenfrei<\/strong> \u2013 geeignet f\u00fcr Menschen mit Glutenempfindlichkeit.<\/li>\n<li><strong>Veganes Produkt<\/strong> \u2013 ohne Zutaten tierischen Ursprungs.<\/li>\n<li>Enth\u00e4lt <strong>Omega-3-Fetts\u00e4uren<\/strong> (zugesetztes kaltgepresstes Lein\u00f6l).<\/li>\n<\/ul>\n<hr \/>\n<h4><strong>Vorteile des gr\u00fcnen Getreidesafts<\/strong><\/h4>\n<ul>\n<li>St\u00e4rkung des Immunsystems.<\/li>\n<li>Entgiftung.<\/li>\n<li>Verbesserung des Blutbildes.<\/li>\n<li>Senkung des Cholesterinspiegels.<\/li>\n<li>Unterst\u00fctzung der Leber.<\/li>\n<li>Verbesserung des Appetits (dank B-Vitaminen).<\/li>\n<li>Beruhigt das Nervensystem \u2013 empfohlen f\u00fcr nerv\u00f6se Personen.<\/li>\n<li>Kinder von 2\u20133 Jahren k\u00f6nnen einen halben bis einen W\u00fcrfel t\u00e4glich konsumieren.<\/li>\n<\/ul>\n<hr \/>\n<h4><strong>Empfehlung f\u00fcr Smoothie<\/strong><\/h4>\n<ul>\n<li>1\u20132 W\u00fcrfel Dinkelgrassaft.<\/li>\n<li>Orange, Apfel, Birne.<\/li>\n<li>Alles mixen \u2013 lecker und gesund!<\/li>\n<\/ul>\n<hr \/>\n<h4><strong>Zusammensetzung des gr\u00fcnen Getreidesafts mit Omega-3<\/strong><\/h4>\n<ul>\n<li><strong>90 Mineralstoffe und Spurenelemente<\/strong>, einschlie\u00dflich K, Ca, Na, Mg, Cu, Se, Fe.<\/li>\n<li>Reiche Quelle <strong>essentieller Aminos\u00e4uren<\/strong> und Vitamine (A, C, E, K, B).<\/li>\n<li>Enth\u00e4lt <strong>Chlorophyll<\/strong>, das das Blut reinigt, Zellen regeneriert und antioxidativ wirkt.<\/li>\n<\/ul>\n<hr \/>\n<h4><strong>Omega-3-Fetts\u00e4uren<\/strong><\/h4>\n<ul>\n<li>Reduzieren Triglyceride und Cholesterin.<\/li>\n<li>Stabilisieren Puls und Blutdruck.<\/li>\n<li>Verbessern die Funktion der Zellmembranen.<\/li>\n<li>Unterst\u00fctzen bei Schwangeren die Entwicklung des F\u00f6tus.<\/li>\n<\/ul>\n<hr \/>\n<h4><strong>Verpackung<\/strong><\/h4>\n<ul>\n<li><strong>15 W\u00fcrfel \u00e0 11 ml<\/strong>.<br \/>\nDer Saft ist praktisch in der Anwendung, und die Packung enth\u00e4lt alles, was Sie f\u00fcr die richtige Zubereitung ben\u00f6tigen.<\/li>\n<\/ul>\n","protected":false},"excerpt":{"rendered":"<p><strong>Dinkelgrassaft<\/strong>, auch bekannt als Vitalit\u00e4tselixier, ist ein nat\u00fcrliches Nahrungserg\u00e4nzungsmittel als Teil <strong>gesunder Lebensgewohnheiten<\/strong> und einer ausgewogenen Ern\u00e4hrung, bestimmt zur <strong>allgemeinen Unterst\u00fctzung des Organismus<\/strong> und f\u00fcr ein <strong>t\u00e4gliches Gef\u00fchl der Vitalit\u00e4t<\/strong>.<\/p>\n<p>Lesen Sie unten mehr \u00fcber seine <strong>Vorteile<\/strong>, warum er so <strong>kraftvoll<\/strong> ist, sowie die Erfahrungen <strong>zufriedener Kunden<\/strong>.<\/p>\n","protected":false},"featured_media":21553,"comment_status":"open","ping_status":"closed","template":"","meta":{"_acf_changed":false},"product_brand":[],"product_cat":[725],"product_tag":[727,730,733,731,732,734,726,728,729,736],"class_list":{"0":"post-21873","1":"product","2":"type-product","3":"status-publish","4":"has-post-thumbnail","6":"product_cat-grune-safte","7":"product_tag-entgiftung","8":"product_tag-gegen-bakterien","9":"product_tag-gegen-entzundungen","10":"product_tag-gegen-leukamie","11":"product_tag-gegen-schwere-erkrankungen","12":"product_tag-gegen-viren","13":"product_tag-reinigung-der-blutgefase","14":"product_tag-verbessert-die-gehirnfunktion","15":"product_tag-verbesserung-des-blutbildes","16":"product_tag-zur-starkung-des-immunsystems","18":"first","19":"outofstock","20":"shipping-taxable","21":"purchasable","22":"product-type-simple"},"acf":[],"_links":{"self":[{"href":"https:\/\/eliksirvitalnosti.com\/de\/wp-json\/wp\/v2\/product\/21873","targetHints":{"allow":["GET"]}}],"collection":[{"href":"https:\/\/eliksirvitalnosti.com\/de\/wp-json\/wp\/v2\/product"}],"about":[{"href":"https:\/\/eliksirvitalnosti.com\/de\/wp-json\/wp\/v2\/types\/product"}],"replies":[{"embeddable":true,"href":"https:\/\/eliksirvitalnosti.com\/de\/wp-json\/wp\/v2\/comments?post=21873"}],"version-history":[{"count":1,"href":"https:\/\/eliksirvitalnosti.com\/de\/wp-json\/wp\/v2\/product\/21873\/revisions"}],"predecessor-version":[{"id":34269,"href":"https:\/\/eliksirvitalnosti.com\/de\/wp-json\/wp\/v2\/product\/21873\/revisions\/34269"}],"wp:featuredmedia":[{"embeddable":true,"href":"https:\/\/eliksirvitalnosti.com\/de\/wp-json\/wp\/v2\/media\/21553"}],"wp:attachment":[{"href":"https:\/\/eliksirvitalnosti.com\/de\/wp-json\/wp\/v2\/media?parent=21873"}],"wp:term":[{"taxonomy":"product_brand","embeddable":true,"href":"https:\/\/eliksirvitalnosti.com\/de\/wp-json\/wp\/v2\/product_brand?post=21873"},{"taxonomy":"product_cat","embeddable":true,"href":"https:\/\/eliksirvitalnosti.com\/de\/wp-json\/wp\/v2\/product_cat?post=21873"},{"taxonomy":"product_tag","embeddable":true,"href":"https:\/\/eliksirvitalnosti.com\/de\/wp-json\/wp\/v2\/product_tag?post=21873"}],"curies":[{"name":"wp","href":"https:\/\/api.w.org\/{rel}","templated":true}]}}