{"id":21875,"date":"2025-03-15T12:07:46","date_gmt":"2025-03-15T12:07:46","guid":{"rendered":"https:\/\/eliksirvitalnosti.com\/proizvod\/duftender-autoanhaenger\/"},"modified":"2026-04-02T14:03:25","modified_gmt":"2026-04-02T14:03:25","slug":"duftender-autoanhaenger","status":"publish","type":"product","link":"https:\/\/eliksirvitalnosti.com\/de\/proizvod\/duftender-autoanhaenger\/","title":{"rendered":"Duftender Autoanh\u00e4nger"},"content":{"rendered":"<div class=\"flex max-w-full flex-col flex-grow\">\n<div class=\"min-h-8 text-message relative flex w-full flex-col items-end gap-2 whitespace-normal break-words text-start [.text-message+&amp;]:mt-5\" dir=\"auto\" data-message-author-role=\"assistant\" data-message-id=\"0fd001c6-21cd-4920-ad1f-571ba73ae81a\" data-message-model-slug=\"gpt-4o\">\n<div class=\"flex w-full flex-col gap-1 empty:hidden first:pt-[3px]\">\n<div class=\"markdown prose w-full break-words dark:prose-invert light\">\n<h4 data-start=\"353\" data-end=\"383\"><strong data-start=\"353\" data-end=\"381\">Produkteigenschaften<\/strong><\/h4>\n<p data-start=\"385\" data-end=\"744\">\u2022 <strong data-start=\"387\" data-end=\"409\">Erfrischender Duft<\/strong> \u2013 Die langanhaltende Formel sorgt f\u00fcr einen angenehmen und best\u00e4ndigen Duft in Ihrem Fahrzeug.<br data-start=\"482\" data-end=\"485\">\u2022 <strong data-start=\"487\" data-end=\"507\">Elegantes Design<\/strong> \u2013 Passt perfekt in das Interieur des Autos und verleiht einen Hauch von Stil.<br data-start=\"571\" data-end=\"574\">\u2022 <strong data-start=\"576\" data-end=\"598\">Praktische Anwendung<\/strong> \u2013 Einfache Installation erm\u00f6glicht eine m\u00fchelose Auffrischung Ihres Raums.<br data-start=\"666\" data-end=\"669\">\u2022 <strong data-start=\"671\" data-end=\"686\">Markenlogo<\/strong> \u2013 Das markante Logo symbolisiert Qualit\u00e4t und anhaltenden Stil.<\/p>\n<hr data-start=\"746\" data-end=\"749\">\n<h4 data-start=\"751\" data-end=\"778\"><strong data-start=\"751\" data-end=\"776\">Warum Sie ihn lieben werden?<\/strong><\/h4>\n<p data-start=\"780\" data-end=\"962\">\u2022 Sorgt f\u00fcr einen langanhaltenden und angenehmen Duft in Ihrem Fahrzeug.<br data-start=\"836\" data-end=\"839\">\u2022 Leicht und praktisch \u2013 einfach zu installieren und zu verwenden.<br data-start=\"896\" data-end=\"899\">\u2022 Modernes Design, das Stil und Frische in jedes Auto bringt.<\/p>\n<hr data-start=\"964\" data-end=\"967\">\n<p data-start=\"969\" data-end=\"1062\" data-is-last-node=\"\" data-is-only-node=\"\">F\u00fcgen Sie Ihrem Auto eine Dosis Frische und Eleganz hinzu mit unserem duftenden Anh\u00e4nger. Bestellen Sie Ihren noch heute! <\/p>\n<\/div>\n<\/div>\n<\/div>\n<\/div>\n","protected":false},"excerpt":{"rendered":"<p data-start=\"5\" data-end=\"46\">Erfrischung und Stil in Ihrem Auto<\/p>\n<p data-start=\"48\" data-end=\"238\">Genie\u00dfen Sie angenehmen Duft und elegantes Design mit unserem Marken-Duftanh\u00e4nger f\u00fcr Ihr Auto! Mit langanhaltender, erfrischender Duftnote und praktischer Anwendung wird Ihr Auto immer frisch duften. <\/p>\n<p data-start=\"240\" data-end=\"346\">F\u00f6rdern Sie eine angenehme Atmosph\u00e4re w\u00e4hrend der Fahrt mit unserem Duftanh\u00e4nger f\u00fcr Autos. F\u00fcgen Sie ihn noch heute Ihrer Sammlung hinzu! <\/p>\n","protected":false},"featured_media":21876,"comment_status":"open","ping_status":"closed","template":"","meta":{"_acf_changed":false},"product_brand":[],"product_cat":[709],"product_tag":[],"class_list":{"0":"post-21875","1":"product","2":"type-product","3":"status-publish","4":"has-post-thumbnail","6":"product_cat-weitere-produkte","8":"first","9":"instock","10":"shipping-taxable","11":"purchasable","12":"product-type-simple"},"acf":[],"_links":{"self":[{"href":"https:\/\/eliksirvitalnosti.com\/de\/wp-json\/wp\/v2\/product\/21875","targetHints":{"allow":["GET"]}}],"collection":[{"href":"https:\/\/eliksirvitalnosti.com\/de\/wp-json\/wp\/v2\/product"}],"about":[{"href":"https:\/\/eliksirvitalnosti.com\/de\/wp-json\/wp\/v2\/types\/product"}],"replies":[{"embeddable":true,"href":"https:\/\/eliksirvitalnosti.com\/de\/wp-json\/wp\/v2\/comments?post=21875"}],"version-history":[{"count":0,"href":"https:\/\/eliksirvitalnosti.com\/de\/wp-json\/wp\/v2\/product\/21875\/revisions"}],"wp:featuredmedia":[{"embeddable":true,"href":"https:\/\/eliksirvitalnosti.com\/de\/wp-json\/wp\/v2\/media\/21876"}],"wp:attachment":[{"href":"https:\/\/eliksirvitalnosti.com\/de\/wp-json\/wp\/v2\/media?parent=21875"}],"wp:term":[{"taxonomy":"product_brand","embeddable":true,"href":"https:\/\/eliksirvitalnosti.com\/de\/wp-json\/wp\/v2\/product_brand?post=21875"},{"taxonomy":"product_cat","embeddable":true,"href":"https:\/\/eliksirvitalnosti.com\/de\/wp-json\/wp\/v2\/product_cat?post=21875"},{"taxonomy":"product_tag","embeddable":true,"href":"https:\/\/eliksirvitalnosti.com\/de\/wp-json\/wp\/v2\/product_tag?post=21875"}],"curies":[{"name":"wp","href":"https:\/\/api.w.org\/{rel}","templated":true}]}}