{"id":22000,"date":"2024-02-17T14:51:38","date_gmt":"2024-02-17T14:51:38","guid":{"rendered":"https:\/\/eliksirvitalnosti.com\/proizvod\/vita-senior\/"},"modified":"2026-04-02T13:09:01","modified_gmt":"2026-04-02T13:09:01","slug":"vita-senior","status":"publish","type":"product","link":"https:\/\/eliksirvitalnosti.com\/de\/proizvod\/vita-senior\/","title":{"rendered":"Vita Senior"},"content":{"rendered":"<p><strong>Vita Senior<\/strong> ist eine spezielle Kombination aus Dinkel- und Gerstens\u00e4ften aus unserem Sortiment <strong>Zeleni sokovi Nemet<\/strong>, die f\u00fcr \u00e4ltere Menschen und alle bestimmt ist, die ihre Gesundheit und Vitalit\u00e4t verbessern m\u00f6chten. Das Produkt ist so formuliert, dass es bei der Zellregeneration hilft und Gelenke, Knochen, Sehnen, Gewebe und Muskeln unterst\u00fctzt.<\/p>\n<hr \/>\n<h4><strong>Produkteigenschaften<\/strong><\/h4>\n<ul>\n<li><strong>Aus biologischem Anbau<\/strong>, ohne S\u00fc\u00dfstoffe, Zucker und Gluten.<\/li>\n<li>Sicher f\u00fcr den Langzeitgebrauch.<\/li>\n<li>Die Packung enth\u00e4lt <strong>30 gefrorene Kugeln \u00e0 11 ml<\/strong>, einfach in der Anwendung.<\/li>\n<\/ul>\n<hr \/>\n<h4><strong>Vorteile von Vita Senior Saft<\/strong><\/h4>\n<ul>\n<li>Unterst\u00fctzt die Zellregeneration.<\/li>\n<li>Sch\u00fctzt Gelenke, Knochen, Sehnen, Gewebe und Muskeln.<\/li>\n<li>Bio-Produkt, ideal f\u00fcr den t\u00e4glichen und langfristigen Gebrauch.<\/li>\n<\/ul>\n<p><strong>Vita Senior<\/strong> ist die perfekte Wahl f\u00fcr diejenigen, die ein ges\u00fcnderes und vitaleres Leben anstreben, mit maximaler Unterst\u00fctzung nat\u00fcrlicher Inhaltsstoffe.<\/p>\n","protected":false},"excerpt":{"rendered":"<p id=\"E54\" class=\"x-scope qowt-word-para-0\"><span id=\"E55\">M\u00f6chten Sie Ihre 30er Jahre noch einmal <strong>erleben<\/strong>? M\u00f6chten Sie <strong>aktiv am Leben<\/strong> Ihrer Enkelkinder teilnehmen? <\/span><\/p>\n<p id=\"E56\" class=\"x-scope qowt-word-para-0\"><span id=\"E57\">Sie <strong>ohne Angst<\/strong> vor <strong>Schmerzen<\/strong> in den <strong>Knien<\/strong> und im <strong>R\u00fccken<\/strong> hochheben. M\u00f6chten Sie <strong>lange romantische Spazierg\u00e4nge<\/strong> mit Ihrem Partner im herzerw\u00e4rmenden Mondschein unternehmen? <\/span><\/p>\n<p id=\"E60\" class=\"x-scope qowt-word-para-0\"><span id=\"E61\">Suchen Sie nicht weiter, denn wir pr\u00e4sentieren Ihnen die L\u00f6sung. Hier ist VITA SENIOR, den wir nur f\u00fcr Sie entwickelt haben. Nach Empfehlung von Gro\u00dfvater und Gro\u00dfmutter. <\/span><\/p>\n","protected":false},"featured_media":23318,"comment_status":"open","ping_status":"closed","template":"","meta":{"_acf_changed":false},"product_brand":[],"product_cat":[725],"product_tag":[772,773,770,774,775,776,771],"class_list":{"0":"post-22000","1":"product","2":"type-product","3":"status-publish","4":"has-post-thumbnail","6":"product_cat-grune-safte","7":"product_tag-gedachtnisstarkung","8":"product_tag-gelenkstarkung","9":"product_tag-herzfunktion","10":"product_tag-knochenstarkung","11":"product_tag-leichtere-beschwerden","12":"product_tag-verdauungsverbesserung","13":"product_tag-zusatzliche-energie","15":"first","16":"instock","17":"shipping-taxable","18":"purchasable","19":"product-type-simple"},"acf":[],"_links":{"self":[{"href":"https:\/\/eliksirvitalnosti.com\/de\/wp-json\/wp\/v2\/product\/22000","targetHints":{"allow":["GET"]}}],"collection":[{"href":"https:\/\/eliksirvitalnosti.com\/de\/wp-json\/wp\/v2\/product"}],"about":[{"href":"https:\/\/eliksirvitalnosti.com\/de\/wp-json\/wp\/v2\/types\/product"}],"replies":[{"embeddable":true,"href":"https:\/\/eliksirvitalnosti.com\/de\/wp-json\/wp\/v2\/comments?post=22000"}],"version-history":[{"count":1,"href":"https:\/\/eliksirvitalnosti.com\/de\/wp-json\/wp\/v2\/product\/22000\/revisions"}],"predecessor-version":[{"id":34255,"href":"https:\/\/eliksirvitalnosti.com\/de\/wp-json\/wp\/v2\/product\/22000\/revisions\/34255"}],"wp:featuredmedia":[{"embeddable":true,"href":"https:\/\/eliksirvitalnosti.com\/de\/wp-json\/wp\/v2\/media\/23318"}],"wp:attachment":[{"href":"https:\/\/eliksirvitalnosti.com\/de\/wp-json\/wp\/v2\/media?parent=22000"}],"wp:term":[{"taxonomy":"product_brand","embeddable":true,"href":"https:\/\/eliksirvitalnosti.com\/de\/wp-json\/wp\/v2\/product_brand?post=22000"},{"taxonomy":"product_cat","embeddable":true,"href":"https:\/\/eliksirvitalnosti.com\/de\/wp-json\/wp\/v2\/product_cat?post=22000"},{"taxonomy":"product_tag","embeddable":true,"href":"https:\/\/eliksirvitalnosti.com\/de\/wp-json\/wp\/v2\/product_tag?post=22000"}],"curies":[{"name":"wp","href":"https:\/\/api.w.org\/{rel}","templated":true}]}}