{"id":22054,"date":"2024-02-17T15:10:03","date_gmt":"2024-02-17T15:10:03","guid":{"rendered":"https:\/\/eliksirvitalnosti.com\/proizvod\/bronze-paket\/"},"modified":"2026-04-14T09:47:34","modified_gmt":"2026-04-14T09:47:34","slug":"bronze-paket","status":"publish","type":"product","link":"https:\/\/eliksirvitalnosti.com\/de\/proizvod\/bronze-paket\/","title":{"rendered":"Bronze-Paket"},"content":{"rendered":"<h4><strong>Bronze-Paket f\u00fcr Unterst\u00fctzung und Genesung<\/strong><\/h4>\n<p><strong>Zeleni Sokovi Nemet<\/strong> hat mit besonderer Sorgfalt das <strong>Bronze-Nahrungserg\u00e4nzungspaket<\/strong> entwickelt, das f\u00fcr Personen bestimmt ist, die sich den Herausforderungen der Genesung nach Krebs stellen, sowie f\u00fcr diejenigen mit Polypen, Zysten und \u00e4hnlichen Gesundheitszust\u00e4nden.<\/p>\n<hr>\n<h4><strong>Inhalt des Bronze-Pakets<\/strong><\/h4>\n<ul>\n<li><strong>Zwei Packungen Gr\u00fcner Dinkel-Saft<\/strong><\/li>\n<li><strong>Eine Packung Tabletten<\/strong> (gefriergetrockneter gr\u00fcner Dinkelsaft)<\/li>\n<\/ul>\n<hr>\n<h4><strong>Warum gerade das Bronze-Paket?<\/strong><\/h4>\n<p>Medizinische Therapien wie Chemotherapie und Strahlentherapie zerst\u00f6ren nicht nur b\u00f6sartige Zellen, sondern auch gesunde Zellen im K\u00f6rper. In diesen Momenten braucht Ihr K\u00f6rper einen Verb\u00fcndeten, der hilft bei: <\/p>\n<ul>\n<li>der Wiederherstellung der Blutwerte,<\/li>\n<li>der St\u00e4rkung des Immunsystems.<\/li>\n<\/ul>\n<p>Unsere Produkte spielen mit ihrer reichhaltigen Zusammensetzung an Mikron\u00e4hrstoffen eine Schl\u00fcsselrolle in diesem Prozess.<\/p>\n<hr>\n<h4><strong>Kontakt<\/strong><\/h4>\n<p>F\u00fcr weitere Informationen kontaktieren Sie uns gerne:<br \/>\n\ud83d\udcde <strong>+381 61 210 3555<\/strong><br \/>\n\ud83d\udcde   <strong>+381 64 133 1898<\/strong><\/p>\n<hr>\n<p>Unterst\u00fctzen Sie Ihren K\u00f6rper im Kampf um Gesundheit und Genesung mit <strong>Gr\u00fcnem Dinkelsaft<\/strong> \u2013 der nat\u00fcrlichen L\u00f6sung f\u00fcr optimale Gesundheit!<\/p>\n","protected":false},"excerpt":{"rendered":"<p>Das Paket enth\u00e4lt:<\/p>\n<p>\u2013 2x Gr\u00fcner Dinkelsaft<br \/>\n\u2013 1x Packung Tabletten (gefriergetrockneter gr\u00fcner Dinkelsaft)<\/p>\n<p>Unterst\u00fctzen Sie Ihren K\u00f6rper im Kampf um Gesundheit und Genesung mit Gr\u00fcnem Dinkelsaft \u2013 der nat\u00fcrlichen L\u00f6sung f\u00fcr optimale Gesundheit<\/p>\n","protected":false},"featured_media":36447,"comment_status":"open","ping_status":"closed","template":"","meta":{"_acf_changed":false},"product_brand":[],"product_cat":[710],"product_tag":[],"class_list":{"0":"post-22054","1":"product","2":"type-product","3":"status-publish","4":"has-post-thumbnail","6":"product_cat-pakete","8":"first","9":"instock","10":"sale","11":"shipping-taxable","12":"purchasable","13":"product-type-simple"},"acf":[],"_links":{"self":[{"href":"https:\/\/eliksirvitalnosti.com\/de\/wp-json\/wp\/v2\/product\/22054","targetHints":{"allow":["GET"]}}],"collection":[{"href":"https:\/\/eliksirvitalnosti.com\/de\/wp-json\/wp\/v2\/product"}],"about":[{"href":"https:\/\/eliksirvitalnosti.com\/de\/wp-json\/wp\/v2\/types\/product"}],"replies":[{"embeddable":true,"href":"https:\/\/eliksirvitalnosti.com\/de\/wp-json\/wp\/v2\/comments?post=22054"}],"version-history":[{"count":1,"href":"https:\/\/eliksirvitalnosti.com\/de\/wp-json\/wp\/v2\/product\/22054\/revisions"}],"predecessor-version":[{"id":36454,"href":"https:\/\/eliksirvitalnosti.com\/de\/wp-json\/wp\/v2\/product\/22054\/revisions\/36454"}],"wp:featuredmedia":[{"embeddable":true,"href":"https:\/\/eliksirvitalnosti.com\/de\/wp-json\/wp\/v2\/media\/36447"}],"wp:attachment":[{"href":"https:\/\/eliksirvitalnosti.com\/de\/wp-json\/wp\/v2\/media?parent=22054"}],"wp:term":[{"taxonomy":"product_brand","embeddable":true,"href":"https:\/\/eliksirvitalnosti.com\/de\/wp-json\/wp\/v2\/product_brand?post=22054"},{"taxonomy":"product_cat","embeddable":true,"href":"https:\/\/eliksirvitalnosti.com\/de\/wp-json\/wp\/v2\/product_cat?post=22054"},{"taxonomy":"product_tag","embeddable":true,"href":"https:\/\/eliksirvitalnosti.com\/de\/wp-json\/wp\/v2\/product_tag?post=22054"}],"curies":[{"name":"wp","href":"https:\/\/api.w.org\/{rel}","templated":true}]}}