{"id":22055,"date":"2024-08-08T14:30:13","date_gmt":"2024-08-08T14:30:13","guid":{"rendered":"https:\/\/eliksirvitalnosti.com\/proizvod\/laetzchen\/"},"modified":"2026-04-02T13:22:16","modified_gmt":"2026-04-02T13:22:16","slug":"laetzchen","status":"publish","type":"product","link":"https:\/\/eliksirvitalnosti.com\/de\/proizvod\/laetzchen\/","title":{"rendered":"L\u00e4tzchen"},"content":{"rendered":"<h4><strong>Produkteigenschaften<\/strong><\/h4>\n<ul>\n<li><strong>Hochwertige Materialien:<\/strong> Hergestellt aus weichen und sicheren Materialien, bietet das L\u00e4tzchen Komfort und Schutz bei jeder Mahlzeit.<\/li>\n<li><strong>Einfache Reinigung:<\/strong> Leicht zu waschen, ideal f\u00fcr den t\u00e4glichen Gebrauch.<\/li>\n<li><strong>Verstellbare Gr\u00f6\u00dfe:<\/strong> Entworfen mit Bindeb\u00e4ndern, die ebenso gut wie Schnallen funktionieren, passt es Babys und Kleinkindern unterschiedlichen Alters.<\/li>\n<li><strong>Markenlogo:<\/strong> Das prominente Markenlogo inspiriert Eltern, ihren Kindern schon fr\u00fch die Bedeutung gesunder Gewohnheiten zu vermitteln.<\/li>\n<\/ul>\n<hr>\n<h4><strong>Warum Sie ihn lieben werden?<\/strong><\/h4>\n<ul>\n<li>Es hilft, die Sauberkeit w\u00e4hrend der Mahlzeiten zu bewahren und macht das F\u00fcttern weniger stressig.<\/li>\n<li>Praktisch und langlebig, ideal f\u00fcr den t\u00e4glichen Gebrauch zu Hause oder auf Reisen.<\/li>\n<li>Modernes Design und Markenlogo, das zu Ihrem Stil passt.<\/li>\n<\/ul>\n<hr>\n<p><strong>F\u00f6rdern Sie gesunde Gewohnheiten von klein auf mit unserem Marken-L\u00e4tzchen. F\u00fcgen Sie es noch heute Ihrer Sammlung hinzu! <\/strong><\/p>\n","protected":false},"excerpt":{"rendered":"<p>Gesunde Gewohnheiten von klein auf<\/p>\n<p>Vermitteln Sie gesunde Gewohnheiten von klein auf mit unserem Marken-L\u00e4tzchen! Hergestellt aus <strong>weichen und sicheren Materialien<\/strong>, bietet das L\u00e4tzchen Komfort und Schutz bei jeder Mahlzeit. <\/p>\n<p>F\u00f6rdern Sie gesunde Gewohnheiten mit unserem Marken-L\u00e4tzchen. F\u00fcgen Sie es noch heute Ihrer Sammlung hinzu! <\/p>\n","protected":false},"featured_media":22062,"comment_status":"open","ping_status":"closed","template":"","meta":{"_acf_changed":false},"product_brand":[],"product_cat":[709],"product_tag":[],"class_list":{"0":"post-22055","1":"product","2":"type-product","3":"status-publish","4":"has-post-thumbnail","6":"product_cat-weitere-produkte","8":"first","9":"instock","10":"shipping-taxable","11":"purchasable","12":"product-type-simple"},"acf":[],"_links":{"self":[{"href":"https:\/\/eliksirvitalnosti.com\/de\/wp-json\/wp\/v2\/product\/22055","targetHints":{"allow":["GET"]}}],"collection":[{"href":"https:\/\/eliksirvitalnosti.com\/de\/wp-json\/wp\/v2\/product"}],"about":[{"href":"https:\/\/eliksirvitalnosti.com\/de\/wp-json\/wp\/v2\/types\/product"}],"replies":[{"embeddable":true,"href":"https:\/\/eliksirvitalnosti.com\/de\/wp-json\/wp\/v2\/comments?post=22055"}],"version-history":[{"count":0,"href":"https:\/\/eliksirvitalnosti.com\/de\/wp-json\/wp\/v2\/product\/22055\/revisions"}],"wp:featuredmedia":[{"embeddable":true,"href":"https:\/\/eliksirvitalnosti.com\/de\/wp-json\/wp\/v2\/media\/22062"}],"wp:attachment":[{"href":"https:\/\/eliksirvitalnosti.com\/de\/wp-json\/wp\/v2\/media?parent=22055"}],"wp:term":[{"taxonomy":"product_brand","embeddable":true,"href":"https:\/\/eliksirvitalnosti.com\/de\/wp-json\/wp\/v2\/product_brand?post=22055"},{"taxonomy":"product_cat","embeddable":true,"href":"https:\/\/eliksirvitalnosti.com\/de\/wp-json\/wp\/v2\/product_cat?post=22055"},{"taxonomy":"product_tag","embeddable":true,"href":"https:\/\/eliksirvitalnosti.com\/de\/wp-json\/wp\/v2\/product_tag?post=22055"}],"curies":[{"name":"wp","href":"https:\/\/api.w.org\/{rel}","templated":true}]}}