{"id":22063,"date":"2024-08-08T14:28:43","date_gmt":"2024-08-08T14:28:43","guid":{"rendered":"https:\/\/eliksirvitalnosti.com\/proizvod\/tablettendosierer\/"},"modified":"2026-04-02T14:03:28","modified_gmt":"2026-04-02T14:03:28","slug":"tablettendosierer","status":"publish","type":"product","link":"https:\/\/eliksirvitalnosti.com\/de\/proizvod\/tablettendosierer\/","title":{"rendered":"Tablettendosierer"},"content":{"rendered":"<h4><strong>Produkteigenschaften<\/strong><\/h4>\n<ul>\n<li><strong>Hochwertige Materialien:<\/strong> Der aus strapazierf\u00e4higen Materialien gefertigte Tablettendosierer ist sicher in der Anwendung und gew\u00e4hrleistet eine lange Lebensdauer.<\/li>\n<li><strong>Ergonomisches Design:<\/strong> Kompakt und leicht, einfach zu transportieren und zu Hause oder auf Reisen zu verwenden.<\/li>\n<li><strong>F\u00e4cher f\u00fcr jeden Tag:<\/strong> Klar gekennzeichnete F\u00e4cher f\u00fcr jeden Tag der Woche helfen Ihnen, die Einnahme von Medikamenten und Nahrungserg\u00e4nzungsmitteln zu verfolgen.<\/li>\n<li><strong>Markenlogo:<\/strong> Das hervorgehobene Logo unserer Marke verleiht ein zus\u00e4tzliches Ma\u00df an Vertrauen und Wiedererkennungswert.<\/li>\n<\/ul>\n<hr>\n<h4><strong>Warum Sie ihn lieben werden?<\/strong><\/h4>\n<ul>\n<li>Organisiert Ihre Medikamente perfekt und <strong>reduziert das Risiko, Dosen zu verpassen<\/strong>.<\/li>\n<li><strong>Praktisch und tragbar<\/strong>, ideal f\u00fcr den t\u00e4glichen Gebrauch oder auf Reisen.<\/li>\n<li><strong>Modernes Design<\/strong> und Markenlogo, das zu Ihrem Stil passt.<\/li>\n<\/ul>\n<hr>\n<p><strong>Erhalten Sie Ihre Gesundheit und Organisation mit unserem Marken-Tablettendosierer. F\u00fcgen Sie ihn noch heute Ihrer Sammlung hinzu! <\/strong><\/p>\n","protected":false},"excerpt":{"rendered":"<p>Praktische und sichere L\u00f6sung f\u00fcr Ihre Medikamente<\/p>\n<p>Organisieren Sie Ihre Medikamente mit unserem praktischen Tablettendosierer! Der aus <strong>strapazierf\u00e4higen Materialien<\/strong> gefertigte Tablettendosierer ist sicher in der Anwendung und <strong>gew\u00e4hrleistet eine lange Lebensdauer<\/strong>. <\/p>\n<p>F\u00fcgen Sie noch heute den <strong>Marken-Tablettendosierer<\/strong> Ihrer Sammlung hinzu!<\/p>\n","protected":false},"featured_media":22065,"comment_status":"open","ping_status":"closed","template":"","meta":{"_acf_changed":false},"product_brand":[],"product_cat":[709],"product_tag":[],"class_list":{"0":"post-22063","1":"product","2":"type-product","3":"status-publish","4":"has-post-thumbnail","6":"product_cat-weitere-produkte","8":"first","9":"instock","10":"shipping-taxable","11":"purchasable","12":"product-type-simple"},"acf":[],"_links":{"self":[{"href":"https:\/\/eliksirvitalnosti.com\/de\/wp-json\/wp\/v2\/product\/22063","targetHints":{"allow":["GET"]}}],"collection":[{"href":"https:\/\/eliksirvitalnosti.com\/de\/wp-json\/wp\/v2\/product"}],"about":[{"href":"https:\/\/eliksirvitalnosti.com\/de\/wp-json\/wp\/v2\/types\/product"}],"replies":[{"embeddable":true,"href":"https:\/\/eliksirvitalnosti.com\/de\/wp-json\/wp\/v2\/comments?post=22063"}],"version-history":[{"count":0,"href":"https:\/\/eliksirvitalnosti.com\/de\/wp-json\/wp\/v2\/product\/22063\/revisions"}],"wp:featuredmedia":[{"embeddable":true,"href":"https:\/\/eliksirvitalnosti.com\/de\/wp-json\/wp\/v2\/media\/22065"}],"wp:attachment":[{"href":"https:\/\/eliksirvitalnosti.com\/de\/wp-json\/wp\/v2\/media?parent=22063"}],"wp:term":[{"taxonomy":"product_brand","embeddable":true,"href":"https:\/\/eliksirvitalnosti.com\/de\/wp-json\/wp\/v2\/product_brand?post=22063"},{"taxonomy":"product_cat","embeddable":true,"href":"https:\/\/eliksirvitalnosti.com\/de\/wp-json\/wp\/v2\/product_cat?post=22063"},{"taxonomy":"product_tag","embeddable":true,"href":"https:\/\/eliksirvitalnosti.com\/de\/wp-json\/wp\/v2\/product_tag?post=22063"}],"curies":[{"name":"wp","href":"https:\/\/api.w.org\/{rel}","templated":true}]}}