{"id":22066,"date":"2024-02-17T15:08:32","date_gmt":"2024-02-17T15:08:32","guid":{"rendered":"https:\/\/eliksirvitalnosti.com\/proizvod\/green-shot\/"},"modified":"2026-04-02T13:21:06","modified_gmt":"2026-04-02T13:21:06","slug":"green-shot","status":"publish","type":"product","link":"https:\/\/eliksirvitalnosti.com\/de\/proizvod\/green-shot\/","title":{"rendered":"Green Shot"},"content":{"rendered":"<p><strong>Produkt der Premium-Kategorie \u2013 f\u00fcr jeden zu empfehlen!<\/strong><\/p>\n<hr>\n<h4><strong>Warum Premium-Kategorie?<\/strong><\/h4>\n<ul>\n<li><strong>Geschmack<\/strong> \u2013 eine perfekte Kombination aus Dinkel, Gerste und Wiesenhonig.<\/li>\n<li><strong>Verpackung<\/strong> \u2013 praktisch und einfach zu verwenden.<\/li>\n<li><strong>Menge<\/strong> \u2013 ideal f\u00fcr den t\u00e4glichen Gebrauch.<\/li>\n<li><strong>Inhalt<\/strong> \u2013 reich an nat\u00fcrlichen N\u00e4hrstoffen und Omega-3-Fetts\u00e4uren.<\/li>\n<\/ul>\n<p><strong>Green Shot<\/strong> ist ein nat\u00fcrliches Nahrungserg\u00e4nzungsmittel aus gr\u00fcnem Dinkel- und Gerstengrassaft mit Zusatz von Wiesenhonig und Omega-3-unges\u00e4ttigten Fetts\u00e4uren. Es ist ideal nicht nur f\u00fcr Sportler, sondern auch f\u00fcr alle, die t\u00e4glich k\u00f6rperlichen und geistigen Belastungen ausgesetzt sind. <\/p>\n<hr>\n<h4><strong>Vorteile von Green Shot<\/strong><\/h4>\n<ul>\n<li>Sch\u00fctzt Muskeln, Gelenke und Knorpel.<\/li>\n<li>Beschleunigt den Stoffwechsel.<\/li>\n<li>St\u00e4rkt das Immunsystem, da sogar <strong>70 % der Zellen des Immunsystems<\/strong> aus dem Darm stammen.<\/li>\n<li>Reguliert die Darmflora, hilft bei der Verdauung und dem Stuhlgang, zerst\u00f6rt sch\u00e4dliche Bakterien und entgiftet den K\u00f6rper.<\/li>\n<\/ul>\n<hr>\n<h4><strong>Verpackung<\/strong><\/h4>\n<ul>\n<li><strong>16 Flaschen \u00e0 30 ml<\/strong>.<\/li>\n<\/ul>\n<p><strong>Green Shot<\/strong> ist eine wahre Vitaminbombe f\u00fcr Sportler und alle, die einen aktiven Lebensstil f\u00fchren. Es erh\u00f6ht den Sauerstoffgehalt im Blut und liefert zus\u00e4tzliche Energie f\u00fcr die t\u00e4glichen Aktivit\u00e4ten. <\/p>\n<p><strong>Green Shot \u2013 die perfekte Erg\u00e4nzung f\u00fcr Ihr gesundes Leben!<\/strong><\/p>\n","protected":false},"excerpt":{"rendered":"<p><span style=\"color: #000000;\"><br \/>\n  <strong>Wir unterbrechen das Programm f\u00fcr wichtige Nachrichten!<\/strong><br \/>\n<\/span><br \/>\nWir haben eine Bombendrohung erhalten, aber nicht irgendeine.<br \/>\nEs handelt sich um eine Vitaminbombe mit verheerender Wirkung und St\u00e4rke, die auf unserer Website platziert wurde.<br \/>\nIhr Name ist Green Shot, und ihre \u201eZiele\u201c sind Sportler und alle, die einen aktiven Lebensstil f\u00fchren.<br \/>\nSpa\u00df beiseite, unser Green Shot ist wirklich ein wirksames nat\u00fcrliches Nahrungserg\u00e4nzungsmittel f\u00fcr Sportler.<br \/>\nLesen Sie unten, welche Vorteile es hat, warum es so gut ist, sowie die Erfahrungen zufriedener Kunden.<\/p>\n","protected":false},"featured_media":23303,"comment_status":"open","ping_status":"closed","template":"","meta":{"_acf_changed":false},"product_brand":[],"product_cat":[725],"product_tag":[789,788,785,784,787,786],"class_list":{"0":"post-22066","1":"product","2":"type-product","3":"status-publish","4":"has-post-thumbnail","6":"product_cat-grune-safte","7":"product_tag-ideale-losung-fur-menschen-die-starkeren-korperlichen-aktivitaten-ausgesetzt-sind","8":"product_tag-reich-an-mikronahrstoffen-und-enzymen","9":"product_tag-reinigt-die-blutgefase","10":"product_tag-starkt-das-herz","11":"product_tag-starkt-das-immunsystem","12":"product_tag-verleiht-korperliche-und-geistige-kraft","14":"first","15":"instock","16":"shipping-taxable","17":"purchasable","18":"product-type-simple"},"acf":[],"_links":{"self":[{"href":"https:\/\/eliksirvitalnosti.com\/de\/wp-json\/wp\/v2\/product\/22066","targetHints":{"allow":["GET"]}}],"collection":[{"href":"https:\/\/eliksirvitalnosti.com\/de\/wp-json\/wp\/v2\/product"}],"about":[{"href":"https:\/\/eliksirvitalnosti.com\/de\/wp-json\/wp\/v2\/types\/product"}],"replies":[{"embeddable":true,"href":"https:\/\/eliksirvitalnosti.com\/de\/wp-json\/wp\/v2\/comments?post=22066"}],"version-history":[{"count":0,"href":"https:\/\/eliksirvitalnosti.com\/de\/wp-json\/wp\/v2\/product\/22066\/revisions"}],"wp:featuredmedia":[{"embeddable":true,"href":"https:\/\/eliksirvitalnosti.com\/de\/wp-json\/wp\/v2\/media\/23303"}],"wp:attachment":[{"href":"https:\/\/eliksirvitalnosti.com\/de\/wp-json\/wp\/v2\/media?parent=22066"}],"wp:term":[{"taxonomy":"product_brand","embeddable":true,"href":"https:\/\/eliksirvitalnosti.com\/de\/wp-json\/wp\/v2\/product_brand?post=22066"},{"taxonomy":"product_cat","embeddable":true,"href":"https:\/\/eliksirvitalnosti.com\/de\/wp-json\/wp\/v2\/product_cat?post=22066"},{"taxonomy":"product_tag","embeddable":true,"href":"https:\/\/eliksirvitalnosti.com\/de\/wp-json\/wp\/v2\/product_tag?post=22066"}],"curies":[{"name":"wp","href":"https:\/\/api.w.org\/{rel}","templated":true}]}}