{"id":22069,"date":"2024-02-17T15:12:39","date_gmt":"2024-02-17T15:12:39","guid":{"rendered":"https:\/\/eliksirvitalnosti.com\/proizvod\/platinum-paket\/"},"modified":"2026-04-14T09:51:23","modified_gmt":"2026-04-14T09:51:23","slug":"platinum-paket","status":"publish","type":"product","link":"https:\/\/eliksirvitalnosti.com\/de\/proizvod\/platinum-paket\/","title":{"rendered":"Platinum-Paket"},"content":{"rendered":"<h4><strong>Platinum-Paket f\u00fcr starke und intensive N\u00e4hrstoffunterst\u00fctzung.<\/strong><\/h4>\n<p>Zeleni Sokovi Nemet hat mit besonderer Sorgfalt das <strong>Platinum-Supplement-Paket<\/strong> entwickelt, das f\u00fcr Personen bestimmt ist, die au\u00dfergew\u00f6hnlich anspruchsvolle und komplexe gesundheitliche Herausforderungen durchlaufen.<\/p>\n<hr>\n<h4><strong>Inhalt des Platinum-Pakets<\/strong><\/h4>\n<ul>\n<li><strong>Drei Packungen Dinkel-Gr\u00fcnsaft<\/strong><\/li>\n<li><strong>Drei Packungen Tabletten<\/strong> (gefriergetrockneter Dinkel-Gr\u00fcnsaft)<\/li>\n<\/ul>\n<hr>\n<h4><strong>Warum das Platinum-Paket w\u00e4hlen?<\/strong><\/h4>\n<ul>\n<li><strong>Hoher pH-Wert:<\/strong> Dinkelsaft tr\u00e4gt zur Herstellung eines normalen pH-Gleichgewichts im Organismus und zur Erhaltung eines stabilen inneren Milieus bei.<\/li>\n<li><strong>Alkalisches Milieu:<\/strong> Dinkelsaft tr\u00e4gt zur Verringerung der \u00dcbers\u00e4uerung und zur Erhaltung des nat\u00fcrlichen pH-Gleichgewichts des Organismus bei.<\/li>\n<li><strong>Reiche Mikron\u00e4hrstoffe:<\/strong> Die Produkte unterst\u00fctzen das Immunsystem und verbessern das Blutbild, wodurch der K\u00f6rper in den schwierigsten Momenten die notwendige Unterst\u00fctzung erh\u00e4lt.<\/li>\n<\/ul>\n<hr>\n<h4><strong>Kontakt<\/strong><\/h4>\n<p>F\u00fcr weitere Informationen kontaktieren Sie uns gerne:<br \/>\n\ud83d\udcde <strong>+381 61 210 3555<\/strong><br \/>\n\ud83d\udcde   <strong>+381 64 133 1898<\/strong><\/p>\n<hr>\n<p>Unterst\u00fctzen Sie Ihren K\u00f6rper in den anspruchsvollsten und sensibelsten Phasen mit dem <strong>Platinum-Paket von Zeleni<\/strong> <strong>Sokovi Nemet<\/strong> \u2013 Ihr Partner f\u00fcr Kraft und Vitalit\u00e4t.<\/p>\n","protected":false},"excerpt":{"rendered":"<p>Das Paket enth\u00e4lt:<br \/>\n\u2013 3x Dinkelsaft<br \/>\n\u2013 3x Packung Tabletten (Dinkelsaft in gefriergetrockneter Form)<\/p>\n<p>Unterst\u00fctzen Sie Ihren K\u00f6rper in den anspruchsvollsten und sensibelsten Phasen mit dem Platinum-Paket von Zeleni Sokovi Nemet \u2013 Ihr Partner f\u00fcr Kraft und Vitalit\u00e4t.<\/p>\n","protected":false},"featured_media":36466,"comment_status":"open","ping_status":"closed","template":"","meta":{"_acf_changed":false},"product_brand":[],"product_cat":[710],"product_tag":[],"class_list":{"0":"post-22069","1":"product","2":"type-product","3":"status-publish","4":"has-post-thumbnail","6":"product_cat-pakete","8":"first","9":"instock","10":"sale","11":"shipping-taxable","12":"purchasable","13":"product-type-simple"},"acf":[],"_links":{"self":[{"href":"https:\/\/eliksirvitalnosti.com\/de\/wp-json\/wp\/v2\/product\/22069","targetHints":{"allow":["GET"]}}],"collection":[{"href":"https:\/\/eliksirvitalnosti.com\/de\/wp-json\/wp\/v2\/product"}],"about":[{"href":"https:\/\/eliksirvitalnosti.com\/de\/wp-json\/wp\/v2\/types\/product"}],"replies":[{"embeddable":true,"href":"https:\/\/eliksirvitalnosti.com\/de\/wp-json\/wp\/v2\/comments?post=22069"}],"version-history":[{"count":1,"href":"https:\/\/eliksirvitalnosti.com\/de\/wp-json\/wp\/v2\/product\/22069\/revisions"}],"predecessor-version":[{"id":36470,"href":"https:\/\/eliksirvitalnosti.com\/de\/wp-json\/wp\/v2\/product\/22069\/revisions\/36470"}],"wp:featuredmedia":[{"embeddable":true,"href":"https:\/\/eliksirvitalnosti.com\/de\/wp-json\/wp\/v2\/media\/36466"}],"wp:attachment":[{"href":"https:\/\/eliksirvitalnosti.com\/de\/wp-json\/wp\/v2\/media?parent=22069"}],"wp:term":[{"taxonomy":"product_brand","embeddable":true,"href":"https:\/\/eliksirvitalnosti.com\/de\/wp-json\/wp\/v2\/product_brand?post=22069"},{"taxonomy":"product_cat","embeddable":true,"href":"https:\/\/eliksirvitalnosti.com\/de\/wp-json\/wp\/v2\/product_cat?post=22069"},{"taxonomy":"product_tag","embeddable":true,"href":"https:\/\/eliksirvitalnosti.com\/de\/wp-json\/wp\/v2\/product_tag?post=22069"}],"curies":[{"name":"wp","href":"https:\/\/api.w.org\/{rel}","templated":true}]}}