{"id":22077,"date":"2024-02-17T15:06:10","date_gmt":"2024-02-17T15:06:10","guid":{"rendered":"https:\/\/eliksirvitalnosti.com\/proizvod\/spelta-life-balance-tabletten-aus-dinkelgruensaft-30-stueck\/"},"modified":"2026-04-14T10:12:33","modified_gmt":"2026-04-14T10:12:33","slug":"spelta-life-balance-tabletten-aus-dinkelgruensaft-30-stueck","status":"publish","type":"product","link":"https:\/\/eliksirvitalnosti.com\/de\/proizvod\/spelta-life-balance-tabletten-aus-dinkelgruensaft-30-stueck\/","title":{"rendered":"Spelta Life Balance Tabletten aus Dinkelgr\u00fcnsaft \u2013 30 St\u00fcck"},"content":{"rendered":"<h4><strong>Gefriergetrockneter gr\u00fcner Getreidesaft in Tablettenform mit Omega-3<\/strong><\/h4>\n<p>Die Tabletten werden aus demselben Saft hergestellt, der im gefrorenen Zustand vorliegt. Nach dem Prozess der <strong>Gefriertrocknung<\/strong> wird der gefrorene Saft getrocknet, wobei alle N\u00e4hrstoffe, der nat\u00fcrliche Geruch, das Aroma, das Aussehen und der Geschmack erhalten bleiben. Dieser Prozess erm\u00f6glicht eine sofortige Rehydrierung bei der weiteren Verwendung, w\u00e4hrend thermolabile Bestandteile erhalten bleiben.  <\/p>\n<p>Die Tabletten k\u00f6nnen zu jeder Tageszeit eingenommen werden. Bei pr\u00e4ventiver Anwendung wird f\u00fcr Erwachsene <strong>1-2 Tabletten t\u00e4glich<\/strong> empfohlen. <\/p>\n<h4><strong>Vorteile der gefriergetrockneten Tabletten<\/strong><\/h4>\n<ul>\n<li>Praktische Verpackung, ideal f\u00fcr den modernen, schnelllebigen Lebensstil.<\/li>\n<li>Geeignet f\u00fcr Personen, deren Verwendung von gefrorenem gr\u00fcnem Saft aufgrund von Reisen oder Krankenhausaufenthalten eingeschr\u00e4nkt ist.<\/li>\n<li>Die schnellste und einfachste M\u00f6glichkeit, die Gesundheit des Organismus zu erhalten.<\/li>\n<\/ul>\n<hr>\n<h4><strong>Was enth\u00e4lt der gefriergetrocknete gr\u00fcne Getreidesaft?<\/strong><\/h4>\n<p>Die <strong>qualitative Zusammensetzung<\/strong> der Tabletten ist identisch mit dem gefrorenen Getreidesaft und umfasst:<\/p>\n<ul>\n<li><strong>90 verschiedene Mineralstoffe und Spurenelemente<\/strong>, einschlie\u00dflich Kalium, Calcium, Natrium, Magnesium, Kupfer, Selen, Eisen und 75 Spurenelemente.<\/li>\n<li><strong>Vitamine:<\/strong> Eine reiche Quelle an Vitaminen A, C, E, K und B-Komplex. Die Tabletten enthalten mehr Vitamin C als die meisten Obst- und Gem\u00fcsesorten und sind ideal zur Erg\u00e4nzung von Vitaminen in der t\u00e4glichen Ern\u00e4hrung. <\/li>\n<li><strong>Essentielle Aminos\u00e4uren:<\/strong> In angemessenem Verh\u00e4ltnis vorhanden, unterst\u00fctzen sie die Zellregeneration und den korrekten Stoffwechsel.<\/li>\n<li><strong>Enzyme:<\/strong> Hunderte von Enzymen, die den Enzymspiegel im Organismus erg\u00e4nzen und die Verdauung sowie biologische Prozesse unterst\u00fctzen.<\/li>\n<li><strong>Chlorophyll:<\/strong> Ein nat\u00fcrliches Antioxidans mit antibakteriellen Eigenschaften, bekannt als &#8222;fl\u00fcssiger Sauerstoff&#8220;. Es hilft bei der Erneuerung von Blutzellen, der Alkalisierung des Blutes und verlangsamt den Alterungsprozess. <\/li>\n<\/ul>\n<hr>\n<h4><strong>Auswirkungen auf die Gesundheit<\/strong><\/h4>\n<p>Der gefriergetrocknete gr\u00fcne Getreidesaft hilft bei:<\/p>\n<ul>\n<li>Der Alkalisierung des Blutes und der Reduzierung der S\u00e4ure, was das Risiko von Fettleibigkeit, bakteriellen und Pilzinfektionen und sogar Krebszellen verringert.<\/li>\n<li>Der Senkung von Triglyzeriden und Stabilisierung des Blutdrucks dank <strong>Omega-3-Fetts\u00e4uren<\/strong>, die den Cholesterinspiegel regulieren und die Herzfunktion unterst\u00fctzen.<\/li>\n<li>Der Entgiftung des Organismus und St\u00e4rkung des Immunsystems.<\/li>\n<li>Der Verbesserung der Durchblutung, des Stoffwechsels und des allgemeinen Energieniveaus.<\/li>\n<\/ul>\n<hr>\n<h4><strong>Omega-3-Fetts\u00e4uren<\/strong><\/h4>\n<p>Die <strong>Omega-3<\/strong>-Fetts\u00e4uren in den Tabletten tragen bei zur:<\/p>\n<ul>\n<li>Regulierung des Cholesterinspiegels und Verringerung des Risikos von Herzerkrankungen.<\/li>\n<li>Elastizit\u00e4t der Zellmembranen, was die Funktionalit\u00e4t der Organe verbessert.<\/li>\n<li>Unterst\u00fctzung von Schwangeren f\u00fcr ein gesundes Wachstum und die Entwicklung des F\u00f6tus.<\/li>\n<\/ul>\n<hr>\n<h4><strong>Verpackung und Anwendung<\/strong><\/h4>\n<ul>\n<li><strong>Verpackung:<\/strong> 30 Tabletten.<\/li>\n<li><strong>1 Tablette<\/strong> entspricht in ihrer Wirksamkeit einem W\u00fcrfel gr\u00fcnen Dinkelsafts.<\/li>\n<li>Empfohlene Dosierung: 1-2 Tabletten t\u00e4glich zur Vorbeugung, mit der M\u00f6glichkeit der Anpassung je nach Bedarf des Anwenders.<\/li>\n<\/ul>\n<p>Schlie\u00dfen Sie sich den vielen an, die ihre Gesundheit mit gefriergetrockneten Tabletten aus gr\u00fcnem Getreidesaft verbessert haben!<\/p>\n","protected":false},"excerpt":{"rendered":"<p>Wir wissen, was Sie zuerst denken werden: Wie kann es Dinkelsaft in Tablettenform geben?<\/p>\n<p>Die Antwort ist einfach: Weil es auf diese Weise <strong>noch praktischer<\/strong> in der Anwendung ist!<\/p>\n<p>Ja, dies ist buchst\u00e4blich derselbe gr\u00fcne Getreidesaft, unser Grundprodukt, nur noch einfacher in der Anwendung.<\/p>\n<p>Lesen Sie unten, welche Vorteile er hat und warum er so praktisch ist.<\/p>\n","protected":false},"featured_media":23278,"comment_status":"open","ping_status":"closed","template":"","meta":{"_acf_changed":false},"product_brand":[],"product_cat":[725],"product_tag":[727,730,733,731,732,734,726,728,729,736],"class_list":{"0":"post-22077","1":"product","2":"type-product","3":"status-publish","4":"has-post-thumbnail","6":"product_cat-grune-safte","7":"product_tag-entgiftung","8":"product_tag-gegen-bakterien","9":"product_tag-gegen-entzundungen","10":"product_tag-gegen-leukamie","11":"product_tag-gegen-schwere-erkrankungen","12":"product_tag-gegen-viren","13":"product_tag-reinigung-der-blutgefase","14":"product_tag-verbessert-die-gehirnfunktion","15":"product_tag-verbesserung-des-blutbildes","16":"product_tag-zur-starkung-des-immunsystems","18":"first","19":"instock","20":"shipping-taxable","21":"purchasable","22":"product-type-simple"},"acf":[],"_links":{"self":[{"href":"https:\/\/eliksirvitalnosti.com\/de\/wp-json\/wp\/v2\/product\/22077","targetHints":{"allow":["GET"]}}],"collection":[{"href":"https:\/\/eliksirvitalnosti.com\/de\/wp-json\/wp\/v2\/product"}],"about":[{"href":"https:\/\/eliksirvitalnosti.com\/de\/wp-json\/wp\/v2\/types\/product"}],"replies":[{"embeddable":true,"href":"https:\/\/eliksirvitalnosti.com\/de\/wp-json\/wp\/v2\/comments?post=22077"}],"version-history":[{"count":1,"href":"https:\/\/eliksirvitalnosti.com\/de\/wp-json\/wp\/v2\/product\/22077\/revisions"}],"predecessor-version":[{"id":36485,"href":"https:\/\/eliksirvitalnosti.com\/de\/wp-json\/wp\/v2\/product\/22077\/revisions\/36485"}],"wp:featuredmedia":[{"embeddable":true,"href":"https:\/\/eliksirvitalnosti.com\/de\/wp-json\/wp\/v2\/media\/23278"}],"wp:attachment":[{"href":"https:\/\/eliksirvitalnosti.com\/de\/wp-json\/wp\/v2\/media?parent=22077"}],"wp:term":[{"taxonomy":"product_brand","embeddable":true,"href":"https:\/\/eliksirvitalnosti.com\/de\/wp-json\/wp\/v2\/product_brand?post=22077"},{"taxonomy":"product_cat","embeddable":true,"href":"https:\/\/eliksirvitalnosti.com\/de\/wp-json\/wp\/v2\/product_cat?post=22077"},{"taxonomy":"product_tag","embeddable":true,"href":"https:\/\/eliksirvitalnosti.com\/de\/wp-json\/wp\/v2\/product_tag?post=22077"}],"curies":[{"name":"wp","href":"https:\/\/api.w.org\/{rel}","templated":true}]}}