{"id":22081,"date":"2024-02-17T14:56:01","date_gmt":"2024-02-17T14:56:01","guid":{"rendered":"https:\/\/eliksirvitalnosti.com\/proizvod\/gruener-gerstengras-saft\/"},"modified":"2026-04-02T13:31:33","modified_gmt":"2026-04-02T13:31:33","slug":"gruener-gerstengras-saft","status":"publish","type":"product","link":"https:\/\/eliksirvitalnosti.com\/de\/proizvod\/gruener-gerstengras-saft\/","title":{"rendered":"Gr\u00fcner Gerstengras-Saft"},"content":{"rendered":"<p>Gerstengrassaft, dunkelgr\u00fcn in der Farbe, mit einem f\u00fcr Gerste charakteristischen leicht bitteren Geschmack, ist reich an Vitaminen und Mineralien. Dr. Yoshihide Hagiwara, ein japanischer Apotheker, Wissenschaftler und Erfinder, widmete zwanzig Jahre seines Lebens der Erforschung der n\u00e4hrstoffreichsten Pflanze unter den Lebensmitteln und kam zu dem Schluss, dass Gerste eine der besten Optionen ist.<\/p>\n<hr \/>\n<h4><strong>Geschichte der Gerstenverwendung<\/strong><\/h4>\n<p>Vor \u00fcber 6000 Jahren war Gerste als vitalit\u00e4tsspendendes Nahrungsmittel bekannt. Sogar Gladiatoren konsumierten sie regelm\u00e4\u00dfig, um ihren K\u00f6rper zu st\u00e4rken und ihre Kondition zu verbessern.<\/p>\n<hr \/>\n<h4><strong>Chlorophyll \u2013 die Schl\u00fcsselsubstanz in der Gerste<\/strong><\/h4>\n<p>Chlorophyll, der grundlegende Wirkstoff der Gerste, hat zahlreiche wohltuende Wirkungen:<\/p>\n<ul>\n<li>reinigt und entgiftet den K\u00f6rper,<\/li>\n<li>regeneriert und erneuert Zellen,<\/li>\n<li>sch\u00fctzt vor krebserregenden und sch\u00e4dlichen Umweltsubstanzen.<\/li>\n<\/ul>\n<p>Chlorophyll wird oft als \u201efl\u00fcssiger Sauerstoff\u201c beschrieben, da es zur Reinigung und Erneuerung des Blutes beitr\u00e4gt. (Bioter\u00e1pia, 2003)<\/p>\n<hr \/>\n<h4><strong>Warum ist Gerstengrassaft so gut?<\/strong><\/h4>\n<ul>\n<li>Verbessert die Verdauung und l\u00f6st Stuhlprobleme.<\/li>\n<li>St\u00e4rkt das Immunsystem und unterst\u00fctzt die Behandlung bestimmter b\u00f6sartiger Erkrankungen.<\/li>\n<li>Hilft bei An\u00e4mie, lindert Entz\u00fcndungen und senkt den Cholesterinspiegel im Blut.<\/li>\n<li>Entfernt \u00fcbersch\u00fcssiges Wasser aus dem K\u00f6rper.<\/li>\n<li>Steigert die m\u00e4nnliche Potenz und normalisiert den Blutdruck.<\/li>\n<li>Stellt die Elastizit\u00e4t der Blutgef\u00e4\u00dfe wieder her und stabilisiert den pH-Wert des K\u00f6rpers.<\/li>\n<li>Verleiht gro\u00dfe Vitalit\u00e4t und Energie.<\/li>\n<\/ul>\n<hr \/>\n<h4><strong>Vorteile f\u00fcr Sportler und Veganer<\/strong><\/h4>\n<ul>\n<li><strong>F\u00fcr Sportler:<\/strong> Bietet mehr Kraft und Muskelschutz, was es zu einer ausgezeichneten Wahl f\u00fcr Bodybuilder macht.<\/li>\n<li><strong>F\u00fcr Veganer:<\/strong> Ideales Verh\u00e4ltnis von Proteinen, Kohlenhydraten und Fetten. Gerstengrassaft enth\u00e4lt mehr Proteine als Fleisch, Fisch, Eier, Bohnen und Milchprodukte.<\/li>\n<\/ul>\n<hr \/>\n<h4><strong>Zusammensetzung des Gerstengrassaftes<\/strong><\/h4>\n<ul>\n<li>Minimaler Glutengehalt.<\/li>\n<li>Reich an Omega-3-Fetts\u00e4uren.<\/li>\n<li>Nat\u00fcrliche Vitamine, Mineralien, Enzyme und Spurenelemente.<\/li>\n<li>18 Aminos\u00e4uren.<\/li>\n<\/ul>\n<hr \/>\n<h4><strong>Verpackung<\/strong><\/h4>\n<p>Die Packung enth\u00e4lt <strong>30 W\u00fcrfel \u00e0 11 ml<\/strong>, gebrauchsfertig. Dieses Produkt ist nat\u00fcrlich, vegan und f\u00fcr den t\u00e4glichen Gebrauch geeignet.<\/p>\n","protected":false},"excerpt":{"rendered":"<p>Wenn man <strong>Gerste<\/strong> erw\u00e4hnt, denken die meisten an Bier. Das ist doch logisch, oder?<\/p>\n<p>Hier geht es jedoch nicht um Bier, sondern um etwas <strong>viel St\u00e4rkeres<\/strong>.<\/p>\n<p>Unser <strong>Gerstengrassaft<\/strong> wird Ihnen mehr <strong>Energie<\/strong> verleihen, als das Wasserkraftwerk Eisernes Tor im Vollbetrieb.<\/p>\n<p>Lesen Sie unten, welche <strong>Vorteile<\/strong> er hat, wann er am meisten hilft und warum <strong>Gerstengrassaft<\/strong> so gut f\u00fcr den K\u00f6rper ist.<\/p>\n","protected":false},"featured_media":23309,"comment_status":"open","ping_status":"closed","template":"","meta":{"_acf_changed":false},"product_brand":[],"product_cat":[725],"product_tag":[727,768,769,770,767,764,765,766,741,729],"class_list":{"0":"post-22081","1":"product","2":"type-product","3":"status-publish","4":"has-post-thumbnail","6":"product_cat-grune-safte","7":"product_tag-entgiftung","8":"product_tag-erhoht-den-eisengehalt-im-blut","9":"product_tag-erhoht-den-hamoglobinspiegel","10":"product_tag-herzfunktion","11":"product_tag-normalisiert-die-erythrozyten","12":"product_tag-spendet-energie","13":"product_tag-starkt-die-gelenke","14":"product_tag-starkt-die-knochen","15":"product_tag-verbessert-die-verdauung","16":"product_tag-verbesserung-des-blutbildes","18":"first","19":"instock","20":"shipping-taxable","21":"purchasable","22":"product-type-simple"},"acf":[],"_links":{"self":[{"href":"https:\/\/eliksirvitalnosti.com\/de\/wp-json\/wp\/v2\/product\/22081","targetHints":{"allow":["GET"]}}],"collection":[{"href":"https:\/\/eliksirvitalnosti.com\/de\/wp-json\/wp\/v2\/product"}],"about":[{"href":"https:\/\/eliksirvitalnosti.com\/de\/wp-json\/wp\/v2\/types\/product"}],"replies":[{"embeddable":true,"href":"https:\/\/eliksirvitalnosti.com\/de\/wp-json\/wp\/v2\/comments?post=22081"}],"version-history":[{"count":1,"href":"https:\/\/eliksirvitalnosti.com\/de\/wp-json\/wp\/v2\/product\/22081\/revisions"}],"predecessor-version":[{"id":34284,"href":"https:\/\/eliksirvitalnosti.com\/de\/wp-json\/wp\/v2\/product\/22081\/revisions\/34284"}],"wp:featuredmedia":[{"embeddable":true,"href":"https:\/\/eliksirvitalnosti.com\/de\/wp-json\/wp\/v2\/media\/23309"}],"wp:attachment":[{"href":"https:\/\/eliksirvitalnosti.com\/de\/wp-json\/wp\/v2\/media?parent=22081"}],"wp:term":[{"taxonomy":"product_brand","embeddable":true,"href":"https:\/\/eliksirvitalnosti.com\/de\/wp-json\/wp\/v2\/product_brand?post=22081"},{"taxonomy":"product_cat","embeddable":true,"href":"https:\/\/eliksirvitalnosti.com\/de\/wp-json\/wp\/v2\/product_cat?post=22081"},{"taxonomy":"product_tag","embeddable":true,"href":"https:\/\/eliksirvitalnosti.com\/de\/wp-json\/wp\/v2\/product_tag?post=22081"}],"curies":[{"name":"wp","href":"https:\/\/api.w.org\/{rel}","templated":true}]}}