{"id":22136,"date":"2025-06-17T14:47:46","date_gmt":"2025-06-17T14:47:46","guid":{"rendered":"https:\/\/eliksirvitalnosti.com\/proizvod\/natuerliches-therapie-paket\/"},"modified":"2026-04-02T13:25:56","modified_gmt":"2026-04-02T13:25:56","slug":"natuerliches-therapie-paket","status":"publish","type":"product","link":"https:\/\/eliksirvitalnosti.com\/de\/proizvod\/natuerliches-therapie-paket\/","title":{"rendered":"Nat\u00fcrliches Therapie-Paket"},"content":{"rendered":"<h2 data-start=\"153\" data-end=\"205\"><strong data-start=\"155\" data-end=\"203\">Zeleni sokovi Nemet \u2013 Paket Dill, Gerste und Dinkel<\/strong><\/h2>\n<h3 data-start=\"206\" data-end=\"244\"><em data-start=\"210\" data-end=\"244\">Umfassende Unterst\u00fctzung f\u00fcr Ihre Gesundheit <\/em><\/h3>\n<p data-start=\"206\" data-end=\"244\"><em data-start=\"210\" data-end=\"244\">Das <strong data-start=\"755\" data-end=\"782\">nat\u00fcrliche Therapie-Paket<\/strong> ist eine sorgf\u00e4ltig konzipierte Kombination gr\u00fcner S\u00e4fte, die tiefgreifend wirkt \u2013 f\u00fcr Entgiftung, Hormonbalance und Regeneration.<\/em><\/p>\n<hr data-start=\"246\" data-end=\"249\">\n<h2 data-start=\"251\" data-end=\"280\"><strong data-start=\"254\" data-end=\"280\">Gr\u00fcner Dillsaft<\/strong><\/h2>\n<p data-start=\"282\" data-end=\"544\">Der gr\u00fcne Dillsaft ist ein kaltgepresster Saft aus einer uralten Dillsorte (<em data-start=\"365\" data-end=\"385\">Anethum graveolens<\/em>), die heute noch wild in den \u00f6stlichen Mittelmeerl\u00e4ndern vorkommt. Bl\u00e4tter, Bl\u00fcten und Samen des Dills werden ohne Zusatz von Konservierungsstoffen, Zucker oder Farbstoffen gepresst. <\/p>\n<p><strong data-start=\"550\" data-end=\"597\">Grundlegende Vorteile des gr\u00fcnen Dillsafts:<\/strong><\/p>\n<ul>\n<li data-start=\"601\" data-end=\"652\">Verbesserung der Verdauung, des Appetits und des allgemeinen Stoffwechsels<\/li>\n<li data-start=\"655\" data-end=\"706\">Regulierung des Blutzuckerspiegels (Unterst\u00fctzung des Insulins)<\/li>\n<li data-start=\"709\" data-end=\"772\">Linderung von Bl\u00e4hungen, Erbrechen, Schlaflosigkeit und Reizbarkeit<\/li>\n<li data-start=\"775\" data-end=\"818\">Ausgleich der Hormone und Steigerung der Energie<\/li>\n<li data-start=\"821\" data-end=\"864\">Senkung des Cholesterinspiegels und Blutverd\u00fcnnung<\/li>\n<li data-start=\"867\" data-end=\"904\">Vorbeugung von Herz- und Schlaganf\u00e4llen<\/li>\n<li data-start=\"907\" data-end=\"971\">Hilfe bei Infektionen durch <em data-start=\"937\" data-end=\"958\">Helicobacter pylori<\/em> und Candida<\/li>\n<li data-start=\"974\" data-end=\"1035\">Unterst\u00fctzung bei der Therapie von Diabetes Typ 1 und 2 (insbesondere bei Typ 2)<\/li>\n<\/ul>\n<hr data-start=\"1037\" data-end=\"1040\">\n<h2><strong>Gr\u00fcner Gerstengras-Saft<\/strong><u><\/u><u><\/u><\/h2>\n<p><strong>Gr\u00fcner Gerstensaft<\/strong> ist eine starke Quelle f\u00fcr <strong>Ballaststoffe<\/strong>, <strong>Mineralien<\/strong> und <strong>Vitamine<\/strong>, die bei der <strong>Entgiftung<\/strong> und <strong>St\u00e4rkung des Immunsystems<\/strong> helfen. Gerste ist bekannt f\u00fcr ihre <strong>antioxidative Wirkung<\/strong>, die Reduzierung von <strong>Entz\u00fcndungen<\/strong> und die <strong>Unterst\u00fctzung der Herzgesundheit<\/strong>. Sie ist auch perfekt zur <strong>Senkung des Cholesterinspiegels<\/strong> und zur <strong>Regulierung des Blutzuckers<\/strong>.  <u><\/u><u><\/u><\/p>\n<p><strong>Grundlegende Vorteile des gr\u00fcnen Gerstensafts<\/strong>:<u><\/u><u><\/u><\/p>\n<ul>\n<li><strong>Behandlung von An\u00e4mie<\/strong> und Verbesserung des Blutbildes<u><\/u><u><\/u><\/li>\n<li><strong>Entgiftung des Organismus<\/strong><u><\/u><u><\/u><\/li>\n<li><strong>Unterst\u00fctzung f\u00fcr Gelenke und Sehnen<\/strong>, Reduzierung von Gelenkentz\u00fcndungen<u><\/u><u><\/u><\/li>\n<li><strong>Verbesserung der Verdauung<\/strong><\/li>\n<\/ul>\n<hr data-start=\"1037\" data-end=\"1040\">\n<h2><strong data-start=\"1045\" data-end=\"1068\">Gr\u00fcner Dinkelsaft<\/strong><\/h2>\n<p><strong>Gr\u00fcner Dinkelsaft<\/strong> ist ein Naturprodukt mit hohem Gehalt an <strong>Chlorophyll<\/strong>, <strong>Enzymen<\/strong> und <strong>Antioxidantien<\/strong>. Es ist ideal zur <g id=\"gid_4\">Entgiftung des K\u00f6rpers<\/g>, <g id=\"gid_5\">Unterst\u00fctzung des Immunsystems<\/g>, <g id=\"gid_6\">Alkalisierung des K\u00f6rpers<\/g> und <g id=\"gid_7\">Hormonbalance<\/g>. Dinkel ist auch \u00e4u\u00dferst n\u00fctzlich zur <strong>Verbesserung der Energiebilanz<\/strong> und <strong>Reduzierung von oxidativem Stress<\/strong>.  <u><\/u><u><\/u><\/p>\n<p><strong>Grundlegende Vorteile des gr\u00fcnen Dinkelsafts<\/strong>:<u><\/u><u><\/u><\/p>\n<ul>\n<li><strong>St\u00e4rkung des Immunsystems<\/strong><u><\/u><u><\/u><\/li>\n<li><strong>Reduzierung von Entz\u00fcndungsprozessen<\/strong> im K\u00f6rper<u><\/u><u><\/u><\/li>\n<li><strong>Ausgleich der Hormone<\/strong> und <strong>Alkalisierung des K\u00f6rpers<\/strong><\/li>\n<\/ul>\n<hr data-start=\"1563\" data-end=\"1566\">\n<h3><strong data-start=\"1571\" data-end=\"1608\">Die perfekte Kombination f\u00fcr Vitalit\u00e4t<\/strong><\/h3>\n<p>Das nat\u00fcrliche Therapie-Paket (gr\u00fcner Saft aus Dill, Gerste und Dinkel) bietet dreifache Unterst\u00fctzung f\u00fcr den Organismus \u2013 gezielt und vollkommen nat\u00fcrlich. Diese sorgf\u00e4ltig konzipierte Kombination wirkt auf mehreren Ebenen: Sie hilft bei <strong data-start=\"397\" data-end=\"421\">Diabetes Typ 1 und 2<\/strong>, <strong data-start=\"423\" data-end=\"450\">Insulinresistenz<\/strong> und <strong data-start=\"453\" data-end=\"479\">Regeneration der Bauchspeicheldr\u00fcse<\/strong>, w\u00e4hrend sie gleichzeitig <strong data-start=\"506\" data-end=\"524\">chronische Entz\u00fcndungen<\/strong> lindert und zur <strong data-start=\"537\" data-end=\"564\">Erholung nach Therapien<\/strong> beitr\u00e4gt.<br \/>\nDie synergistische Wirkung der kaltgepressten S\u00e4fte st\u00e4rkt das Immunsystem, reguliert den Blutzucker, verbessert die Verdauung und gibt dem K\u00f6rper Energie und Gleichgewicht zur\u00fcck. Ohne Zusatzstoffe. Ohne Medikamente. Nur die reine Kraft der Pflanzen \u2013 f\u00fcr Stabilit\u00e4t und Gesundheit von innen.    <\/p>\n<p>\ud83d\udc49 Bestellen Sie jetzt und g\u00f6nnen Sie Ihrem K\u00f6rper einen nat\u00fcrlichen Reset und Erneuerung.<\/p>\n","protected":false},"excerpt":{"rendered":"<p><strong>Das Paket enth\u00e4lt:<\/strong><br \/>\n1\u00d7 Dillsaft<br \/>\n1\u00d7 Gerstensaft<br \/>\n1\u00d7 Dinkelsaft<\/p>\n<p><strong>Warum wirkt es?<\/strong><br \/>\nDiese sorgf\u00e4ltig konzipierte Kombination von drei gr\u00fcnen S\u00e4ften wirkt schnell und tiefgreifend, da sie nicht nur ein<br \/>\nSymptom behandelt, sondern gleichzeitig mehrere Schl\u00fcsselsysteme im K\u00f6rper anspricht:<\/p>\n<ul>\n<li>Endokrines System<\/li>\n<li>Blutsystem<\/li>\n<li>Verdauungssystem<\/li>\n<li>Immunsystem<\/li>\n<\/ul>\n<p>Der Synergieeffekt verst\u00e4rkt die Aufnahme von N\u00e4hrstoffen, lindert chronische Beschwerden und hilft dem K\u00f6rper, sich schneller<br \/>\nzu erholen und ins Gleichgewicht zur\u00fcckzukehren \u2013 auf nat\u00fcrliche Weise.<\/p>\n","protected":false},"featured_media":22138,"comment_status":"open","ping_status":"closed","template":"","meta":{"_acf_changed":false},"product_brand":[],"product_cat":[710],"product_tag":[],"class_list":{"0":"post-22136","1":"product","2":"type-product","3":"status-publish","4":"has-post-thumbnail","6":"product_cat-pakete","8":"first","9":"outofstock","10":"sale","11":"shipping-taxable","12":"purchasable","13":"product-type-simple"},"acf":[],"_links":{"self":[{"href":"https:\/\/eliksirvitalnosti.com\/de\/wp-json\/wp\/v2\/product\/22136","targetHints":{"allow":["GET"]}}],"collection":[{"href":"https:\/\/eliksirvitalnosti.com\/de\/wp-json\/wp\/v2\/product"}],"about":[{"href":"https:\/\/eliksirvitalnosti.com\/de\/wp-json\/wp\/v2\/types\/product"}],"replies":[{"embeddable":true,"href":"https:\/\/eliksirvitalnosti.com\/de\/wp-json\/wp\/v2\/comments?post=22136"}],"version-history":[{"count":0,"href":"https:\/\/eliksirvitalnosti.com\/de\/wp-json\/wp\/v2\/product\/22136\/revisions"}],"wp:featuredmedia":[{"embeddable":true,"href":"https:\/\/eliksirvitalnosti.com\/de\/wp-json\/wp\/v2\/media\/22138"}],"wp:attachment":[{"href":"https:\/\/eliksirvitalnosti.com\/de\/wp-json\/wp\/v2\/media?parent=22136"}],"wp:term":[{"taxonomy":"product_brand","embeddable":true,"href":"https:\/\/eliksirvitalnosti.com\/de\/wp-json\/wp\/v2\/product_brand?post=22136"},{"taxonomy":"product_cat","embeddable":true,"href":"https:\/\/eliksirvitalnosti.com\/de\/wp-json\/wp\/v2\/product_cat?post=22136"},{"taxonomy":"product_tag","embeddable":true,"href":"https:\/\/eliksirvitalnosti.com\/de\/wp-json\/wp\/v2\/product_tag?post=22136"}],"curies":[{"name":"wp","href":"https:\/\/api.w.org\/{rel}","templated":true}]}}