{"id":22141,"date":"2025-06-17T13:58:32","date_gmt":"2025-06-17T13:58:32","guid":{"rendered":"https:\/\/eliksirvitalnosti.com\/proizvod\/paket-gliko-balance\/"},"modified":"2026-04-02T14:06:28","modified_gmt":"2026-04-02T14:06:28","slug":"paket-gliko-balance","status":"publish","type":"product","link":"https:\/\/eliksirvitalnosti.com\/de\/proizvod\/paket-gliko-balance\/","title":{"rendered":"Paket Gliko Balance"},"content":{"rendered":"<h2 data-start=\"153\" data-end=\"205\"><strong data-start=\"155\" data-end=\"203\">Zeleni sokovi Nemet \u2013 Paket Dill und Dinkel<\/strong><\/h2>\n<h3 data-start=\"206\" data-end=\"244\"><em data-start=\"210\" data-end=\"244\">Komplette Unterst\u00fctzung f\u00fcr Ihre Gesundheit \u2013 Paket Gliko Balance<\/em><\/h3>\n<hr data-start=\"246\" data-end=\"249\">\n<h2 data-start=\"251\" data-end=\"280\"><strong data-start=\"254\" data-end=\"280\">Gr\u00fcner Dillsaft<\/strong><\/h2>\n<p data-start=\"282\" data-end=\"544\">Der gr\u00fcne Dillsaft ist ein kaltgepresster Saft aus einer uralten Dillsorte (<em data-start=\"365\" data-end=\"385\">Anethum graveolens<\/em>), die heute noch wild in den \u00f6stlichen Mittelmeerl\u00e4ndern vorkommt. Bl\u00e4tter, Bl\u00fcten und Samen des Dills werden ohne Zusatz von Konservierungsstoffen, Zucker oder Farbstoffen gepresst. <\/p>\n<p data-start=\"546\" data-end=\"597\"><strong data-start=\"550\" data-end=\"597\">Grundlegende Vorteile des gr\u00fcnen Dillsafts:<\/strong><\/p>\n<ul>\n<li data-start=\"601\" data-end=\"652\">Verbesserung der Verdauung, des Appetits und des allgemeinen Stoffwechsels<\/li>\n<li data-start=\"655\" data-end=\"706\">Regulierung des Blutzuckerspiegels (Unterst\u00fctzung des Insulins)<\/li>\n<li data-start=\"709\" data-end=\"772\">Linderung von Bl\u00e4hungen, Erbrechen, Schlaflosigkeit und Reizbarkeit<\/li>\n<li data-start=\"775\" data-end=\"818\">Ausgleich der Hormone und Steigerung der Energie<\/li>\n<li data-start=\"821\" data-end=\"864\">Senkung des Cholesterinspiegels und Blutverd\u00fcnnung<\/li>\n<li data-start=\"867\" data-end=\"904\">Vorbeugung von Herz- und Schlaganf\u00e4llen<\/li>\n<li data-start=\"907\" data-end=\"971\">Hilfe bei Infektionen durch <em data-start=\"937\" data-end=\"958\">Helicobacter pylori<\/em> und Candida<\/li>\n<li data-start=\"974\" data-end=\"1035\">Unterst\u00fctzung bei der Therapie von Diabetes Typ 1 und 2 (insbesondere bei Typ 2)<\/li>\n<\/ul>\n<hr data-start=\"1037\" data-end=\"1040\">\n<h2 data-start=\"1042\" data-end=\"1068\"><strong data-start=\"1045\" data-end=\"1068\">Gr\u00fcner Dinkelsaft<\/strong><\/h2>\n<p><strong>Gr\u00fcner Dinkelsaft<\/strong> ist ein Naturprodukt mit hohem Gehalt an <strong>Chlorophyll<\/strong>, <strong>Enzymen<\/strong> und <strong>Antioxidantien<\/strong>. Es ist ideal zur <strong>Entgiftung des K\u00f6rpers<\/strong>, <strong>Unterst\u00fctzung des Immunsystems<\/strong>, <strong>Alkalisierung des K\u00f6rpers<\/strong> und <strong>Hormonbalance<\/strong>. Dinkel ist auch \u00e4u\u00dferst n\u00fctzlich zur <strong>Verbesserung der Energiebilanz<\/strong> und <strong>Reduzierung von oxidativem Stress<\/strong>.  <u><\/u><u><\/u><\/p>\n<p><strong>Grundlegende Vorteile des gr\u00fcnen Dinkelsafts<\/strong>:<u><\/u><u><\/u><\/p>\n<ul type=\"disc\">\n<li><strong>St\u00e4rkung des Immunsystems<\/strong><u><\/u><u><\/u><\/li>\n<li><strong>Reduzierung von Entz\u00fcndungsprozessen<\/strong> im K\u00f6rper<u><\/u><u><\/u><\/li>\n<li><strong>Ausgleich der Hormone<\/strong> und <strong>Alkalisierung des K\u00f6rpers<\/strong><\/li>\n<\/ul>\n<hr data-start=\"1563\" data-end=\"1566\">\n<h2 data-start=\"1568\" data-end=\"1608\"><strong data-start=\"1571\" data-end=\"1608\">Die perfekte Kombination f\u00fcr Vitalit\u00e4t<\/strong><\/h2>\n<p data-start=\"287\" data-end=\"632\">Das <strong>Paket Gr\u00fcner Saft aus Dill und Dinkel<\/strong> bietet eine kraftvolle, v\u00f6llig nat\u00fcrliche Unterst\u00fctzung f\u00fcr den K\u00f6rper \u2013 von innen heraus und langfristig. Der kaltgepresste Dillsaft wirkt wohltuend bei <strong>Diabetes Typ 1 und 2, Insulinresistenz und hormonellem Ungleichgewicht<\/strong>, w\u00e4hrend Dinkel zu einer tiefgreifenden <strong>Regeneration, St\u00e4rkung des Immunsystems und Entgiftung<\/strong> beitr\u00e4gt. Diese Kombination hilft bei der <strong>Regulierung des Blutzuckerspiegels, Verbesserung der Verdauung, Linderung von Entz\u00fcndungen und Wiederherstellung der K\u00f6rperenergie<\/strong>. Ohne Medikamente, ohne aggressive Eingriffe \u2013 nur die Kraft der Natur. Erste Ergebnisse k\u00f6nnen bereits nach wenigen Wochen regelm\u00e4\u00dfiger Anwendung sichtbar sein.    <\/p>\n<p data-start=\"925\" data-end=\"1010\">\ud83d\udc49 <strong data-start=\"928\" data-end=\"945\">Bestellen Sie jetzt<\/strong> und geben Sie Ihrem K\u00f6rper nat\u00fcrlichen Schutz, Gleichgewicht und Kraft von innen heraus.<\/p>\n","protected":false},"excerpt":{"rendered":"<p><strong>Das Paket enth\u00e4lt:<\/strong><br \/>\n1x Saft aus Dill<br \/>\n1x Saft aus Dinkel<\/p>\n<p><strong>Warum wirkt es?<\/strong><br \/>\nDillsaft kann bei Personen mit <strong>Diabetes Typ 1, Typ 2<\/strong> und<br \/>\n<strong>Insulinresistenz<\/strong>.<br \/>\nIn Kombination mit Dinkel-Saft wirkt es tiefgehend \u2013 <strong>regeneriert den K\u00f6rper und hilft, den Blutzucker zu<\/strong> <strong>stabilisieren<\/strong>.<br \/>\nOhne Medikamente. Vollkommen nat\u00fcrlich. Sichtbare Ergebnisse bereits nach wenigen Wochen regelm\u00e4\u00dfiger Anwendung.  <\/p>\n","protected":false},"featured_media":22142,"comment_status":"open","ping_status":"closed","template":"","meta":{"_acf_changed":false},"product_brand":[],"product_cat":[710],"product_tag":[],"class_list":{"0":"post-22141","1":"product","2":"type-product","3":"status-publish","4":"has-post-thumbnail","6":"product_cat-pakete","8":"first","9":"outofstock","10":"sale","11":"shipping-taxable","12":"purchasable","13":"product-type-simple"},"acf":[],"_links":{"self":[{"href":"https:\/\/eliksirvitalnosti.com\/de\/wp-json\/wp\/v2\/product\/22141","targetHints":{"allow":["GET"]}}],"collection":[{"href":"https:\/\/eliksirvitalnosti.com\/de\/wp-json\/wp\/v2\/product"}],"about":[{"href":"https:\/\/eliksirvitalnosti.com\/de\/wp-json\/wp\/v2\/types\/product"}],"replies":[{"embeddable":true,"href":"https:\/\/eliksirvitalnosti.com\/de\/wp-json\/wp\/v2\/comments?post=22141"}],"version-history":[{"count":0,"href":"https:\/\/eliksirvitalnosti.com\/de\/wp-json\/wp\/v2\/product\/22141\/revisions"}],"wp:featuredmedia":[{"embeddable":true,"href":"https:\/\/eliksirvitalnosti.com\/de\/wp-json\/wp\/v2\/media\/22142"}],"wp:attachment":[{"href":"https:\/\/eliksirvitalnosti.com\/de\/wp-json\/wp\/v2\/media?parent=22141"}],"wp:term":[{"taxonomy":"product_brand","embeddable":true,"href":"https:\/\/eliksirvitalnosti.com\/de\/wp-json\/wp\/v2\/product_brand?post=22141"},{"taxonomy":"product_cat","embeddable":true,"href":"https:\/\/eliksirvitalnosti.com\/de\/wp-json\/wp\/v2\/product_cat?post=22141"},{"taxonomy":"product_tag","embeddable":true,"href":"https:\/\/eliksirvitalnosti.com\/de\/wp-json\/wp\/v2\/product_tag?post=22141"}],"curies":[{"name":"wp","href":"https:\/\/api.w.org\/{rel}","templated":true}]}}