{"id":22208,"date":"2024-08-08T14:49:12","date_gmt":"2024-08-08T14:49:12","guid":{"rendered":"https:\/\/eliksirvitalnosti.com\/proizvod\/mega-paket\/"},"modified":"2026-04-02T13:16:29","modified_gmt":"2026-04-02T13:16:29","slug":"mega-paket","status":"publish","type":"product","link":"https:\/\/eliksirvitalnosti.com\/de\/proizvod\/mega-paket\/","title":{"rendered":"Mega-Paket"},"content":{"rendered":"<h4><strong>Ihre Chance auf mehr Einkommen und Gesundheit<\/strong><\/h4>\n<p>F\u00fcr nur <strong>32.900 RSD<\/strong> erhalten Sie Zugang zu unserem <strong>Mega-Paket<\/strong>, das <strong>8 Produkte Ihrer Wahl<\/strong> enth\u00e4lt.<\/p>\n<hr>\n<h4><strong>Was erhalten Sie mit dem Mega-Paket?<\/strong><\/h4>\n<ul>\n<li><strong>8 Produkte<\/strong> Ihrer Wahl aus unserem Angebot. <span style=\"color: #ff0000;\"><br \/>\n  <em>(Hinweis: Die Auswahl beinhaltet nicht das Produkt GREEN SHOT.)<\/em><br \/>\n<\/span><\/li>\n<li><strong>800 RSD Gewinn pro verkauftem Produkt.<\/strong><\/li>\n<li><strong>10 % Rabatt<\/strong> f\u00fcr Endverbraucher auf alle unsere Produkte.<\/li>\n<li><strong>Einzigartiger Code:<\/strong> Erm\u00f6glicht Ihren Kunden einen einfachen Weg zu unserem Online-Shop.<\/li>\n<\/ul>\n<hr>\n<h4><strong>Zus\u00e4tzliche Vorteile<\/strong><\/h4>\n<ul>\n<li>Wenn jemand \u00fcber Sie dem Programm beitritt und Sie ein Mega-Paket haben, <strong>verdienen Sie zus\u00e4tzlich 200 RSD f\u00fcr jedes von ihm verkaufte Produkt.<\/strong><\/li>\n<\/ul>\n<hr>\n<h4><strong>Warum das Mega-Paket w\u00e4hlen?<\/strong><\/h4>\n<p>Das <strong>Mega-Paket<\/strong> ist nicht nur eine Verdienstm\u00f6glichkeit \u2013 es ist Ihr Schritt, Gesundheit und Vitalit\u00e4t mit anderen zu teilen. Egal, ob Sie Ihr Gesch\u00e4ft erweitern oder einfach nur unsere Produkte genie\u00dfen m\u00f6chten, dieses Paket ist die perfekte Wahl f\u00fcr Sie. <\/p>\n<hr>\n<p><strong>Mega-Paket \u2013 Ihre Chance auf Erfolg und Gesundheit mit Zelenim Sokovima Nemet!<\/strong> \ud83c\udf3f<\/p>\n","protected":false},"excerpt":{"rendered":"<p>F\u00fcr diejenigen, die mehr wollen und maximale Vorteile genie\u00dfen m\u00f6chten, gibt es unser <strong>Mega-Paket<\/strong>, erh\u00e4ltlich f\u00fcr nur <strong>32.900 RSD<\/strong>. Darin erhalten Sie <g id=\"gid_2\">8 Produkte<\/g>, zu den gleichen hervorragenden Bedingungen \u2013 <g id=\"gid_3\">800 RSD Gewinn pro verkauftem Produkt<\/g> und <g id=\"gid_4\">10 % Rabatt f\u00fcr Ihre Kunden<\/g>. Wenn Sie ein solches Paket verkaufen, genie\u00dfen Sie ein zus\u00e4tzliches Einkommen von <strong>6.400 RSD<\/strong>.  <\/p>\n<p><strong>Einkommen und Gesundheit<\/strong> \u2013 das bietet unser <strong>Referenzprogramm<\/strong>. Es ist wichtig zu beachten, dass diese Pakete nur beim ersten Mal als \u201eEintrittskarte\u201c in das Programm gekauft werden. <strong>Treten Sie unserer Community bei<\/strong> und beginnen Sie Ihren Weg zum Erfolg! <\/p>\n","protected":false},"featured_media":22211,"comment_status":"open","ping_status":"closed","template":"","meta":{"_acf_changed":false},"product_brand":[],"product_cat":[710],"product_tag":[],"class_list":{"0":"post-22208","1":"product","2":"type-product","3":"status-publish","4":"has-post-thumbnail","6":"product_cat-pakete","8":"first","9":"outofstock","10":"shipping-taxable","11":"purchasable","12":"product-type-variable"},"acf":[],"_links":{"self":[{"href":"https:\/\/eliksirvitalnosti.com\/de\/wp-json\/wp\/v2\/product\/22208","targetHints":{"allow":["GET"]}}],"collection":[{"href":"https:\/\/eliksirvitalnosti.com\/de\/wp-json\/wp\/v2\/product"}],"about":[{"href":"https:\/\/eliksirvitalnosti.com\/de\/wp-json\/wp\/v2\/types\/product"}],"replies":[{"embeddable":true,"href":"https:\/\/eliksirvitalnosti.com\/de\/wp-json\/wp\/v2\/comments?post=22208"}],"version-history":[{"count":0,"href":"https:\/\/eliksirvitalnosti.com\/de\/wp-json\/wp\/v2\/product\/22208\/revisions"}],"wp:featuredmedia":[{"embeddable":true,"href":"https:\/\/eliksirvitalnosti.com\/de\/wp-json\/wp\/v2\/media\/22211"}],"wp:attachment":[{"href":"https:\/\/eliksirvitalnosti.com\/de\/wp-json\/wp\/v2\/media?parent=22208"}],"wp:term":[{"taxonomy":"product_brand","embeddable":true,"href":"https:\/\/eliksirvitalnosti.com\/de\/wp-json\/wp\/v2\/product_brand?post=22208"},{"taxonomy":"product_cat","embeddable":true,"href":"https:\/\/eliksirvitalnosti.com\/de\/wp-json\/wp\/v2\/product_cat?post=22208"},{"taxonomy":"product_tag","embeddable":true,"href":"https:\/\/eliksirvitalnosti.com\/de\/wp-json\/wp\/v2\/product_tag?post=22208"}],"curies":[{"name":"wp","href":"https:\/\/api.w.org\/{rel}","templated":true}]}}