{"id":22219,"date":"2024-08-08T14:45:37","date_gmt":"2024-08-08T14:45:37","guid":{"rendered":"https:\/\/eliksirvitalnosti.com\/proizvod\/51-gratis\/"},"modified":"2026-04-14T10:07:49","modified_gmt":"2026-04-14T10:07:49","slug":"51-gratis","status":"publish","type":"product","link":"https:\/\/eliksirvitalnosti.com\/de\/proizvod\/51-gratis\/","title":{"rendered":"5+1 Gratis"},"content":{"rendered":"<h4><strong>Kaltgepresster klarer Saft aus Ananas, Apfel, Zitrone und Minze<\/strong><\/h4>\n<p>Entdecken Sie die erfrischende Welt unseres kaltgepressten klaren Saftes aus Ananas, Apfel, Zitrone und Minze!<\/p>\n<hr>\n<h4><strong>Produkteigenschaften<\/strong><\/h4>\n<ul>\n<li><strong>Hochwertige Zutaten:<\/strong> Kombination aus saftiger Ananas, knackigem Apfel, erfrischender Zitrone und aromatischer Minze f\u00fcr einen unvergesslichen Geschmack.<\/li>\n<li><strong>Kaltgepresst:<\/strong> Dieser Saft wird durch Kaltpressung hergestellt, wodurch alle nat\u00fcrlichen Vitamine und Mineralien erhalten bleiben.<\/li>\n<li><strong>Pasteurisiert:<\/strong> Durch Pasteurisierung wird eine l\u00e4ngere Frische und Produktsicherheit gew\u00e4hrleistet.<\/li>\n<li><strong>250-ml-Verpackung:<\/strong> Ideale Gr\u00f6\u00dfe f\u00fcr einen schnellen Snack, perfekt zum Genie\u00dfen zu Hause, bei der Arbeit oder auf Reisen.<\/li>\n<li><strong>Nat\u00fcrlich klar:<\/strong> Ohne Zusatzstoffe, k\u00fcnstliche S\u00fc\u00dfstoffe, Zucker und Konservierungsmittel \u2013 nur pure nat\u00fcrliche Frische.<\/li>\n<\/ul>\n<hr>\n<h4><strong>Warum Sie ihn lieben werden?<\/strong><\/h4>\n<ul>\n<li>Perfekte Geschmackskombination f\u00fcr Erfrischung und Revitalisierung.<\/li>\n<li>Praktische Verpackung, die sich leicht mitnehmen und jederzeit genie\u00dfen l\u00e4sst.<\/li>\n<li>Die richtige Wahl f\u00fcr alle, die eine nat\u00fcrliche und gesunde Option zur Hydratation suchen.<\/li>\n<\/ul>\n<hr>\n<p>Genie\u00dfen Sie die unwiderstehliche Frische unseres kaltgepressten klaren Saftes. F\u00fcgen Sie ihn noch heute Ihrer Sammlung hinzu! <\/p>\n","protected":false},"excerpt":{"rendered":"<p>Die richtige Wahl f\u00fcr alle, die eine <strong>nat\u00fcrliche und gesunde Option zur Hydratation<\/strong> suchen. <strong>Genie\u00dfen Sie die unwiderstehliche Frische<\/strong> unseres kaltgepressten klaren Saftes<\/p>\n<p><strong>Sonderangebot: 5+1 Gratis<\/strong><\/p>\n<ul>\n<li>Verf\u00fcgbare Varianten:\n<ul>\n<li><strong>Ananas<\/strong><\/li>\n<li><b>Rote Bete<\/b><\/li>\n<li><strong>Gemischt<\/strong><\/li>\n<\/ul>\n<\/li>\n<\/ul>\n<p>Bringen Sie Gesundheit und Erfrischung in Ihren Alltag \u2013 probieren Sie unsere kaltgepressten klaren S\u00e4fte noch heute!<\/p>\n","protected":false},"featured_media":22222,"comment_status":"open","ping_status":"closed","template":"","meta":{"_acf_changed":false},"product_brand":[],"product_cat":[710],"product_tag":[],"class_list":{"0":"post-22219","1":"product","2":"type-product","3":"status-publish","4":"has-post-thumbnail","6":"product_cat-pakete","8":"first","9":"outofstock","10":"shipping-taxable","11":"purchasable","12":"product-type-simple"},"acf":[],"_links":{"self":[{"href":"https:\/\/eliksirvitalnosti.com\/de\/wp-json\/wp\/v2\/product\/22219","targetHints":{"allow":["GET"]}}],"collection":[{"href":"https:\/\/eliksirvitalnosti.com\/de\/wp-json\/wp\/v2\/product"}],"about":[{"href":"https:\/\/eliksirvitalnosti.com\/de\/wp-json\/wp\/v2\/types\/product"}],"replies":[{"embeddable":true,"href":"https:\/\/eliksirvitalnosti.com\/de\/wp-json\/wp\/v2\/comments?post=22219"}],"version-history":[{"count":1,"href":"https:\/\/eliksirvitalnosti.com\/de\/wp-json\/wp\/v2\/product\/22219\/revisions"}],"predecessor-version":[{"id":36476,"href":"https:\/\/eliksirvitalnosti.com\/de\/wp-json\/wp\/v2\/product\/22219\/revisions\/36476"}],"wp:featuredmedia":[{"embeddable":true,"href":"https:\/\/eliksirvitalnosti.com\/de\/wp-json\/wp\/v2\/media\/22222"}],"wp:attachment":[{"href":"https:\/\/eliksirvitalnosti.com\/de\/wp-json\/wp\/v2\/media?parent=22219"}],"wp:term":[{"taxonomy":"product_brand","embeddable":true,"href":"https:\/\/eliksirvitalnosti.com\/de\/wp-json\/wp\/v2\/product_brand?post=22219"},{"taxonomy":"product_cat","embeddable":true,"href":"https:\/\/eliksirvitalnosti.com\/de\/wp-json\/wp\/v2\/product_cat?post=22219"},{"taxonomy":"product_tag","embeddable":true,"href":"https:\/\/eliksirvitalnosti.com\/de\/wp-json\/wp\/v2\/product_tag?post=22219"}],"curies":[{"name":"wp","href":"https:\/\/api.w.org\/{rel}","templated":true}]}}