{"id":22229,"date":"2024-08-22T13:56:40","date_gmt":"2024-08-22T13:56:40","guid":{"rendered":"https:\/\/eliksirvitalnosti.com\/proizvod\/vitalitaet-in-der-natur-paket-zur-erfrischung-von-koerper-und-geist\/"},"modified":"2026-04-02T14:03:26","modified_gmt":"2026-04-02T14:03:26","slug":"vitalitaet-in-der-natur-paket-zur-erfrischung-von-koerper-und-geist","status":"publish","type":"product","link":"https:\/\/eliksirvitalnosti.com\/de\/proizvod\/vitalitaet-in-der-natur-paket-zur-erfrischung-von-koerper-und-geist\/","title":{"rendered":"Vitalit\u00e4t in der Natur: Paket zur Erfrischung von K\u00f6rper und Geist"},"content":{"rendered":"<h4><strong>Gesundheit und Genuss auf dem Zlatibor<\/strong><\/h4>\n<p>Suchen Sie nach der idealen M\u00f6glichkeit, Ihre Energie aufzutanken und die Natur zu genie\u00dfen? <strong>Suchen Sie nicht weiter!<\/strong> Wir pr\u00e4sentieren Ihnen das Paket <strong>\u201eVitalit\u00e4t in der Natur&#8220;<\/strong>, das unsere ges\u00fcndesten Produkte mit einem unvergesslichen Aufenthalt auf dem Zlatibor kombiniert. <\/p>\n<hr>\n<h4><strong>Was beinhaltet das Paket?<\/strong><\/h4>\n<ul>\n<li><strong>Auswahl von 7 Produkten nach Ihrer Wahl<\/strong> aus unserem reichhaltigen Angebot an nat\u00fcrlichen S\u00e4ften und gesunden Getr\u00e4nken (au\u00dfer Green Shot).<br \/>\nUnsere Produkte sind sorgf\u00e4ltig ausgew\u00e4hlt, um Ihre Bed\u00fcrfnisse nach Gesundheit und Vitalit\u00e4t zu erf\u00fcllen.<\/li>\n<li><strong>2 \u00dcbernachtungen im luxuri\u00f6sen Skyline Apartment auf dem Zlatibor:<\/strong><br \/>\nGenie\u00dfen Sie den Komfort einer modernen Unterkunft, umgeben von unber\u00fchrter Natur, wo Sie Geist und K\u00f6rper entspannen k\u00f6nnen. Zlatibor bietet: <\/p>\n<ul>\n<li>Wandern und Spazierg\u00e4nge.<\/li>\n<li>Frische Bergluft.<\/li>\n<li>Wundersch\u00f6ne Landschaften zur vollkommenen Entspannung.<\/li>\n<\/ul>\n<\/li>\n<\/ul>\n<hr>\n<h4><strong>Warum \u201eVitalit\u00e4t in der Natur&#8220; w\u00e4hlen?<\/strong><\/h4>\n<p>Das Paket ist nicht nur eine Gelegenheit, Ihren K\u00f6rper zu erfrischen und zu revitalisieren, sondern auch, qualitativ hochwertige Zeit mit Ihren Lieben in der ruhigen Umgebung des Zlatibor zu verbringen. Die Kombination aus gesunden Getr\u00e4nken und luxuri\u00f6sem Aufenthalt bietet die perfekte Balance zwischen Gesundheit und Entspannung. <\/p>\n<hr>\n<h4><strong>Erfrischen Sie K\u00f6rper und Geist!<\/strong><\/h4>\n<p>Mit dem Paket \u201eVitalit\u00e4t in der Natur&#8220; genie\u00dfen Sie:<\/p>\n<ul>\n<li>Gesunde Getr\u00e4nke nach Ihrer Wahl.<\/li>\n<li>Die wundersch\u00f6ne Natur des Zlatibor.<\/li>\n<li>Eine Kombination aus Gesundheit und Genuss, die f\u00fcr alle Altersgruppen perfekt ist.<\/li>\n<\/ul>\n<hr>\n<p><strong>Bestellen Sie jetzt<\/strong> und beginnen Sie Ihre Reise zur Vitalit\u00e4t! Ihre perfekte Verbindung von Gesundheit und Genuss wartet auf Sie! <\/p>\n","protected":false},"excerpt":{"rendered":"<p>Suchen Sie nach der idealen M\u00f6glichkeit, Ihre Energie aufzutanken und die Natur zu genie\u00dfen? Suchen Sie nicht weiter! Wir pr\u00e4sentieren Ihnen das Paket <strong>\u201eVitalit\u00e4t in der Natur&#8220;<\/strong>, das aus unseren ges\u00fcndesten Produkten und einem unvergesslichen Aufenthalt auf dem Zlatibor besteht.  <\/p>\n","protected":false},"featured_media":22232,"comment_status":"open","ping_status":"closed","template":"","meta":{"_acf_changed":false},"product_brand":[],"product_cat":[710],"product_tag":[],"class_list":{"0":"post-22229","1":"product","2":"type-product","3":"status-publish","4":"has-post-thumbnail","6":"product_cat-pakete","8":"first","9":"outofstock","10":"shipping-taxable","11":"purchasable","12":"product-type-variable"},"acf":[],"_links":{"self":[{"href":"https:\/\/eliksirvitalnosti.com\/de\/wp-json\/wp\/v2\/product\/22229","targetHints":{"allow":["GET"]}}],"collection":[{"href":"https:\/\/eliksirvitalnosti.com\/de\/wp-json\/wp\/v2\/product"}],"about":[{"href":"https:\/\/eliksirvitalnosti.com\/de\/wp-json\/wp\/v2\/types\/product"}],"replies":[{"embeddable":true,"href":"https:\/\/eliksirvitalnosti.com\/de\/wp-json\/wp\/v2\/comments?post=22229"}],"version-history":[{"count":0,"href":"https:\/\/eliksirvitalnosti.com\/de\/wp-json\/wp\/v2\/product\/22229\/revisions"}],"wp:featuredmedia":[{"embeddable":true,"href":"https:\/\/eliksirvitalnosti.com\/de\/wp-json\/wp\/v2\/media\/22232"}],"wp:attachment":[{"href":"https:\/\/eliksirvitalnosti.com\/de\/wp-json\/wp\/v2\/media?parent=22229"}],"wp:term":[{"taxonomy":"product_brand","embeddable":true,"href":"https:\/\/eliksirvitalnosti.com\/de\/wp-json\/wp\/v2\/product_brand?post=22229"},{"taxonomy":"product_cat","embeddable":true,"href":"https:\/\/eliksirvitalnosti.com\/de\/wp-json\/wp\/v2\/product_cat?post=22229"},{"taxonomy":"product_tag","embeddable":true,"href":"https:\/\/eliksirvitalnosti.com\/de\/wp-json\/wp\/v2\/product_tag?post=22229"}],"curies":[{"name":"wp","href":"https:\/\/api.w.org\/{rel}","templated":true}]}}