{"id":22233,"date":"2024-08-08T14:40:22","date_gmt":"2024-08-08T14:40:22","guid":{"rendered":"https:\/\/eliksirvitalnosti.com\/proizvod\/rote-kraft\/"},"modified":"2026-04-02T13:18:56","modified_gmt":"2026-04-02T13:18:56","slug":"rote-kraft","status":"publish","type":"product","link":"https:\/\/eliksirvitalnosti.com\/de\/proizvod\/rote-kraft\/","title":{"rendered":"Rote Kraft"},"content":{"rendered":"<h4><strong>Kaltgepresster klarer Saft aus Rote Bete, Karotten, Orangen, \u00c4pfeln und Zitronen<\/strong><\/h4>\n<p>Entdecken Sie die erfrischende Welt unseres kaltgepressten klaren Saftes aus Rote Bete, Karotten, Orangen, \u00c4pfeln und Zitronen!<\/p>\n<hr>\n<h4><strong>Produkteigenschaften<\/strong><\/h4>\n<ul>\n<li><strong>Hochwertige Zutaten:<\/strong> Eine Kombination aus saftiger Rote Bete, Karotten, Orangen, knackigen \u00c4pfeln und erfrischender Zitrone f\u00fcr einen reichhaltigen und belebenden Geschmack.<\/li>\n<li><strong>Kaltgepresst:<\/strong> Dieser Saft wird durch Kaltpressung hergestellt, wodurch alle nat\u00fcrlichen Vitamine und Mineralien erhalten bleiben.<\/li>\n<li><strong>Pasteurisiert:<\/strong> Durch Pasteurisierung wird eine l\u00e4ngere Frische und Produktsicherheit gew\u00e4hrleistet.<\/li>\n<li><strong>250-ml-Verpackung:<\/strong> Ideale Gr\u00f6\u00dfe f\u00fcr einen schnellen Snack, perfekt zum Genie\u00dfen zu Hause, bei der Arbeit oder auf Reisen.<\/li>\n<li><strong>Nat\u00fcrlich klar:<\/strong> Ohne Zusatzstoffe, k\u00fcnstliche S\u00fc\u00dfstoffe, Zucker und Konservierungsmittel \u2013 nur pure nat\u00fcrliche Frische.<\/li>\n<\/ul>\n<hr>\n<h4><strong>Warum Sie ihn lieben werden?<\/strong><\/h4>\n<ul>\n<li>Eine perfekte Geschmackskombination zur Erfrischung und Revitalisierung.<\/li>\n<li>Praktische Verpackung, die sich leicht mitnehmen und jederzeit genie\u00dfen l\u00e4sst.<\/li>\n<li>Die richtige Wahl f\u00fcr alle, die eine nat\u00fcrliche und gesunde Option zur Hydratation suchen.<\/li>\n<\/ul>\n<hr>\n<p>Genie\u00dfen Sie die unwiderstehliche Frische unseres kaltgepressten klaren Saftes. F\u00fcgen Sie ihn noch heute Ihrer Sammlung hinzu! <\/p>\n","protected":false},"excerpt":{"rendered":"<p>Entdecken Sie die erfrischende Welt unseres kaltgepressten klaren Saftes aus Rote Bete, Karotten, Orangen, \u00c4pfeln und Zitronen!<\/p>\n<p>Hochwertige Zutaten: Eine Kombination aus saftiger Rote Bete, Karotten, Orangen, knackigen \u00c4pfeln und erfrischender Zitrone f\u00fcr einen <strong>reichhaltigen und belebenden Geschmack<\/strong>.<\/p>\n","protected":false},"featured_media":22235,"comment_status":"open","ping_status":"closed","template":"","meta":{"_acf_changed":false},"product_brand":[],"product_cat":[725],"product_tag":[],"class_list":{"0":"post-22233","1":"product","2":"type-product","3":"status-publish","4":"has-post-thumbnail","6":"product_cat-grune-safte","8":"first","9":"outofstock","10":"shipping-taxable","11":"purchasable","12":"product-type-simple"},"acf":[],"_links":{"self":[{"href":"https:\/\/eliksirvitalnosti.com\/de\/wp-json\/wp\/v2\/product\/22233","targetHints":{"allow":["GET"]}}],"collection":[{"href":"https:\/\/eliksirvitalnosti.com\/de\/wp-json\/wp\/v2\/product"}],"about":[{"href":"https:\/\/eliksirvitalnosti.com\/de\/wp-json\/wp\/v2\/types\/product"}],"replies":[{"embeddable":true,"href":"https:\/\/eliksirvitalnosti.com\/de\/wp-json\/wp\/v2\/comments?post=22233"}],"version-history":[{"count":0,"href":"https:\/\/eliksirvitalnosti.com\/de\/wp-json\/wp\/v2\/product\/22233\/revisions"}],"wp:featuredmedia":[{"embeddable":true,"href":"https:\/\/eliksirvitalnosti.com\/de\/wp-json\/wp\/v2\/media\/22235"}],"wp:attachment":[{"href":"https:\/\/eliksirvitalnosti.com\/de\/wp-json\/wp\/v2\/media?parent=22233"}],"wp:term":[{"taxonomy":"product_brand","embeddable":true,"href":"https:\/\/eliksirvitalnosti.com\/de\/wp-json\/wp\/v2\/product_brand?post=22233"},{"taxonomy":"product_cat","embeddable":true,"href":"https:\/\/eliksirvitalnosti.com\/de\/wp-json\/wp\/v2\/product_cat?post=22233"},{"taxonomy":"product_tag","embeddable":true,"href":"https:\/\/eliksirvitalnosti.com\/de\/wp-json\/wp\/v2\/product_tag?post=22233"}],"curies":[{"name":"wp","href":"https:\/\/api.w.org\/{rel}","templated":true}]}}