{"id":22286,"date":"2024-10-15T16:41:05","date_gmt":"2024-10-15T16:41:05","guid":{"rendered":"https:\/\/eliksirvitalnosti.com\/proizvod\/gruener-dinkel-saft-verbesserte-formel\/"},"modified":"2026-04-02T14:03:25","modified_gmt":"2026-04-02T14:03:25","slug":"gruener-dinkel-saft-verbesserte-formel","status":"publish","type":"product","link":"https:\/\/eliksirvitalnosti.com\/de\/proizvod\/gruener-dinkel-saft-verbesserte-formel\/","title":{"rendered":"Gr\u00fcner Dinkel-Saft \u2013 Verbesserte Formel"},"content":{"rendered":"<h4><strong>Gr\u00fcner Dinkel-Saft \u2013 Verbesserte Formel<\/strong><\/h4>\n<p>In nur einem Glas Dinkel-Saft befindet sich eine Konzentration an N\u00e4hrstoffen, die <strong>1,5 kg frischem Gem\u00fcse<\/strong> entspricht. Seine N\u00e4hrstoffzusammensetzung macht ihn zu einem einzigartigen nat\u00fcrlichen Verb\u00fcndeten f\u00fcr die Gesundheit:<\/p>\n<ul>\n<li><strong>4-mal mehr Kalzium<\/strong> als in Kuhmilch,<\/li>\n<li><strong>20-mal mehr Eisen<\/strong> als in Spinat,<\/li>\n<li><strong>Mehr Vitamin C<\/strong> als in einer Orange und doppelt so viel wie in einer Karotte.<\/li>\n<\/ul>\n<p>Vitamin C, das in diesem Getr\u00e4nk besonders hervorsticht, ist einer der wichtigsten Verb\u00fcndeten f\u00fcr gute Gesundheit und ein starkes Immunsystem.<\/p>\n<p>Diese verbesserte Formel wurde zus\u00e4tzlich angereichert mit:<\/p>\n<ul>\n<li><strong>Omega 3, 6, 7 und 9 Fetts\u00e4uren<\/strong>,<\/li>\n<li><strong>Vitamin D<\/strong> aus vollst\u00e4ndig nat\u00fcrlichen Quellen.<\/li>\n<\/ul>\n<p>Dank dieser Komponenten wird der gr\u00fcne Dinkel-Saft noch wirksamer und n\u00fctzlicher f\u00fcr die gesamte Gesundheit.<\/p>\n<hr \/>\n<h4><strong>Produkteigenschaften<\/strong><\/h4>\n<ul>\n<li><strong>Glutenfrei:<\/strong> Sicher f\u00fcr Menschen mit Glutenempfindlichkeit.<\/li>\n<li><strong>Veganes Produkt:<\/strong> Enth\u00e4lt keine Inhaltsstoffe tierischen Ursprungs.<\/li>\n<\/ul>\n<hr \/>\n<h4><strong>Vorteile des gr\u00fcnen Dinkel-Safts<\/strong><\/h4>\n<p>Der gefrorene gr\u00fcne Dinkel-Saft ist reich an B-Vitaminen und Omega-Fetts\u00e4uren, was ihn n\u00fctzlich macht f\u00fcr:<\/p>\n<ul>\n<li>St\u00e4rkung des Immunsystems,<\/li>\n<li>Entgiftung des Organismus,<\/li>\n<li>Verbesserung des Blutbildes,<\/li>\n<li>Senkung des Cholesterinspiegels,<\/li>\n<li>Unterst\u00fctzung der Leberfunktion,<\/li>\n<li>Steigerung des Appetits bei kranken oder ersch\u00f6pften Menschen.<\/li>\n<\/ul>\n<p>Dieses nat\u00fcrliche Getr\u00e4nk ist eine ideale Erg\u00e4nzung zur t\u00e4glichen Ern\u00e4hrung und eine Quelle der Vitalit\u00e4t f\u00fcr alle, die nach besserer Gesundheit streben.<\/p>\n","protected":false},"excerpt":{"rendered":"<p>Wir pr\u00e4sentieren Ihnen unsere <strong>neue Formel<\/strong> des gr\u00fcnen Dinkel-Safts.<\/p>\n<p>Dies ist nicht nur ein weiteres Getr\u00e4nk, dies ist eine Verbindung von Wissenschaft und Natur, die Ihrem K\u00f6rper ganzheitliche Unterst\u00fctzung bietet. Angereichert mit <strong>Omega 3, 6, 7 und 9 Fetts\u00e4uren<\/strong> sowie <strong>Vitamin D<\/strong> aus vollst\u00e4ndig nat\u00fcrlichen Quellen, n\u00e4hrt dieser Saft nicht nur Ihre Kraft, sondern<br \/>\nbegeistert auch die Sinne mit seinem erfrischenden Zitrusgeschmack.<\/p>\n<p>Lesen Sie hier seine Vorteile und warum er so kraftvoll ist.<\/p>\n","protected":false},"featured_media":22289,"comment_status":"open","ping_status":"closed","template":"","meta":{"_acf_changed":false},"product_brand":[],"product_cat":[725],"product_tag":[727,798,733,799,734,726,735,797,728],"class_list":{"0":"post-22286","1":"product","2":"type-product","3":"status-publish","4":"has-post-thumbnail","6":"product_cat-grune-safte","7":"product_tag-entgiftung","8":"product_tag-gegen-bakterien-2","9":"product_tag-gegen-entzundungen","10":"product_tag-gegen-schwere-erkrankungen-2","11":"product_tag-gegen-viren","12":"product_tag-reinigung-der-blutgefase","13":"product_tag-starkung-des-immunsystems","14":"product_tag-verbessert-das-blutbild","15":"product_tag-verbessert-die-gehirnfunktion","17":"first","18":"instock","19":"shipping-taxable","20":"purchasable","21":"product-type-simple"},"acf":[],"_links":{"self":[{"href":"https:\/\/eliksirvitalnosti.com\/de\/wp-json\/wp\/v2\/product\/22286","targetHints":{"allow":["GET"]}}],"collection":[{"href":"https:\/\/eliksirvitalnosti.com\/de\/wp-json\/wp\/v2\/product"}],"about":[{"href":"https:\/\/eliksirvitalnosti.com\/de\/wp-json\/wp\/v2\/types\/product"}],"replies":[{"embeddable":true,"href":"https:\/\/eliksirvitalnosti.com\/de\/wp-json\/wp\/v2\/comments?post=22286"}],"version-history":[{"count":1,"href":"https:\/\/eliksirvitalnosti.com\/de\/wp-json\/wp\/v2\/product\/22286\/revisions"}],"predecessor-version":[{"id":34275,"href":"https:\/\/eliksirvitalnosti.com\/de\/wp-json\/wp\/v2\/product\/22286\/revisions\/34275"}],"wp:featuredmedia":[{"embeddable":true,"href":"https:\/\/eliksirvitalnosti.com\/de\/wp-json\/wp\/v2\/media\/22289"}],"wp:attachment":[{"href":"https:\/\/eliksirvitalnosti.com\/de\/wp-json\/wp\/v2\/media?parent=22286"}],"wp:term":[{"taxonomy":"product_brand","embeddable":true,"href":"https:\/\/eliksirvitalnosti.com\/de\/wp-json\/wp\/v2\/product_brand?post=22286"},{"taxonomy":"product_cat","embeddable":true,"href":"https:\/\/eliksirvitalnosti.com\/de\/wp-json\/wp\/v2\/product_cat?post=22286"},{"taxonomy":"product_tag","embeddable":true,"href":"https:\/\/eliksirvitalnosti.com\/de\/wp-json\/wp\/v2\/product_tag?post=22286"}],"curies":[{"name":"wp","href":"https:\/\/api.w.org\/{rel}","templated":true}]}}