{"id":33660,"date":"2026-03-12T17:16:39","date_gmt":"2026-03-12T17:16:39","guid":{"rendered":"https:\/\/eliksirvitalnosti.com\/?post_type=product&#038;p=33660"},"modified":"2026-04-02T13:27:49","modified_gmt":"2026-04-02T13:27:49","slug":"omega-life-oel","status":"publish","type":"product","link":"https:\/\/eliksirvitalnosti.com\/de\/proizvod\/omega-life-oel\/","title":{"rendered":"Omega Life \u00d6l"},"content":{"rendered":"<p data-start=\"0\" data-end=\"356\">Was dieses \u00d6l besonders auszeichnet, ist das <strong data-start=\"39\" data-end=\"91\">g\u00fcnstige Verh\u00e4ltnis von Omega-6- zu Omega-3-Fetts\u00e4uren<\/strong>, das wesentlich ausgewogener ist als bei den meisten \u00d6len in der modernen Ern\u00e4hrung. Dank dieser Zusammensetzung kann <strong data-start=\"199\" data-end=\"218\">Omega Life \u00d6l<\/strong> dazu beitragen, einen normalen Cholesterinspiegel aufrechtzuerhalten, eine gesunde Durchblutung zu f\u00f6rdern und den K\u00f6rper bei der Bewahrung des Stoffwechselgleichgewichts zu unterst\u00fctzen. <\/p>\n<hr data-start=\"358\" data-end=\"361\">\n<h3 data-section-id=\"1ow2ngf\" data-start=\"363\" data-end=\"404\">Warum und wann Sie Omega Life \u00d6l verwenden sollten<\/h3>\n<p data-start=\"406\" data-end=\"528\"><strong data-start=\"406\" data-end=\"425\">Omega Life \u00d6l<\/strong> kann eine wertvolle ern\u00e4hrungsphysiologische Unterst\u00fctzung f\u00fcr Personen sein, die ihren K\u00f6rper in folgenden Situationen unterst\u00fctzen m\u00f6chten:<\/p>\n<p data-start=\"530\" data-end=\"797\" data-is-last-node=\"\" data-is-only-node=\"\">\u2022 <strong data-start=\"532\" data-end=\"554\">erh\u00f6hter Cholesterinspiegel<\/strong><br data-start=\"554\" data-end=\"557\">\u2022 <strong data-start=\"559\" data-end=\"574\">Fettleber<\/strong><br data-start=\"574\" data-end=\"577\">\u2022 <strong data-start=\"579\" data-end=\"621\">belastete oder verstopfte Blutgef\u00e4\u00dfe<\/strong><br data-start=\"621\" data-end=\"624\">\u2022 <strong data-start=\"626\" data-end=\"660\">schwache oder verlangsamte Durchblutung<\/strong><br data-start=\"660\" data-end=\"663\">\u2022 <strong data-start=\"665\" data-end=\"688\">metabolisches Syndrom<\/strong><br data-start=\"688\" data-end=\"691\">\u2022 <strong data-start=\"693\" data-end=\"742\">Unterst\u00fctzung bei der Pr\u00e4vention von Herz-Kreislauf-Problemen<\/strong><br data-start=\"742\" data-end=\"745\">\u2022 <strong data-start=\"747\" data-end=\"797\" data-is-last-node=\"\">Unterst\u00fctzung des K\u00f6rpers bei chronischen Entz\u00fcndungszust\u00e4nden<\/strong><\/p>\n","protected":false},"excerpt":{"rendered":"<article class=\"text-token-text-primary w-full focus:outline-none [--shadow-height:45px] has-data-writing-block:pointer-events-none has-data-writing-block:-mt-(--shadow-height) has-data-writing-block:pt-(--shadow-height) [&amp;:has([data-writing-block])&gt;*]:pointer-events-auto scroll-mt-(--header-height)\" dir=\"auto\" tabindex=\"-1\" data-turn-id=\"f86a5a15-65cc-440c-b4fc-7b2da20e4299\" data-testid=\"conversation-turn-35\" data-scroll-anchor=\"false\" data-turn=\"user\">\n<div class=\"text-base my-auto mx-auto pt-12 [--thread-content-margin:var(--thread-content-margin-xs,calc(var(--spacing)*4))] @w-sm\/main:[--thread-content-margin:var(--thread-content-margin-sm,calc(var(--spacing)*6))] @w-lg\/main:[--thread-content-margin:var(--thread-content-margin-lg,calc(var(--spacing)*16))] px-(--thread-content-margin)\">\n<div class=\"[--thread-content-max-width:40rem] @w-lg\/main:[--thread-content-max-width:48rem] mx-auto max-w-(--thread-content-max-width) flex-1 group\/turn-messages focus-visible:outline-hidden relative flex w-full min-w-0 flex-col\" tabindex=\"-1\">\n<div class=\"flex max-w-full flex-col gap-4 grow\">\n<div class=\"min-h-8 text-message relative flex w-full flex-col items-end gap-2 text-start break-words whitespace-normal [.text-message+&amp;]:mt-1\" dir=\"auto\" data-message-author-role=\"user\" data-message-id=\"f86a5a15-65cc-440c-b4fc-7b2da20e4299\">\n<div class=\"flex w-full flex-col gap-1 empty:hidden items-end rtl:items-start\">\n<div class=\"user-message-bubble-color corner-superellipse\/0.98 relative rounded-[22px] px-4 py-2.5 leading-6 max-w-(--user-chat-width,70%)\">\n<div class=\"whitespace-pre-wrap\"><\/div>\n<\/div>\n<\/div>\n<\/div>\n<\/div>\n<div class=\"z-0 flex justify-end\"><strong data-start=\"0\" data-end=\"19\" data-is-only-node=\"\">Omega Life \u00d6l<\/strong> ist ein sorgf\u00e4ltig formuliertes Nahrungserg\u00e4nzungsmittel, das reich an <strong data-start=\"65\" data-end=\"118\">einfach unges\u00e4ttigten Fetts\u00e4uren und Omega-3 (ALA)<\/strong> ist, welche eine wichtige Rolle bei der Aufrechterhaltung der <strong data-start=\"156\" data-end=\"194\">Gesundheit des Herz-Kreislauf-Systems<\/strong> und eines <strong data-start=\"197\" data-end=\"228\">korrekten Fettstoffwechsels<\/strong> spielen.<\/div>\n<\/div>\n<\/div>\n<\/article>\n","protected":false},"featured_media":33689,"comment_status":"open","ping_status":"closed","template":"","meta":{"_acf_changed":false},"product_brand":[],"product_cat":[725],"product_tag":[],"class_list":{"0":"post-33660","1":"product","2":"type-product","3":"status-publish","4":"has-post-thumbnail","6":"product_cat-grune-safte","8":"first","9":"outofstock","10":"shipping-taxable","11":"purchasable","12":"product-type-simple"},"acf":[],"_links":{"self":[{"href":"https:\/\/eliksirvitalnosti.com\/de\/wp-json\/wp\/v2\/product\/33660","targetHints":{"allow":["GET"]}}],"collection":[{"href":"https:\/\/eliksirvitalnosti.com\/de\/wp-json\/wp\/v2\/product"}],"about":[{"href":"https:\/\/eliksirvitalnosti.com\/de\/wp-json\/wp\/v2\/types\/product"}],"replies":[{"embeddable":true,"href":"https:\/\/eliksirvitalnosti.com\/de\/wp-json\/wp\/v2\/comments?post=33660"}],"version-history":[{"count":0,"href":"https:\/\/eliksirvitalnosti.com\/de\/wp-json\/wp\/v2\/product\/33660\/revisions"}],"wp:featuredmedia":[{"embeddable":true,"href":"https:\/\/eliksirvitalnosti.com\/de\/wp-json\/wp\/v2\/media\/33689"}],"wp:attachment":[{"href":"https:\/\/eliksirvitalnosti.com\/de\/wp-json\/wp\/v2\/media?parent=33660"}],"wp:term":[{"taxonomy":"product_brand","embeddable":true,"href":"https:\/\/eliksirvitalnosti.com\/de\/wp-json\/wp\/v2\/product_brand?post=33660"},{"taxonomy":"product_cat","embeddable":true,"href":"https:\/\/eliksirvitalnosti.com\/de\/wp-json\/wp\/v2\/product_cat?post=33660"},{"taxonomy":"product_tag","embeddable":true,"href":"https:\/\/eliksirvitalnosti.com\/de\/wp-json\/wp\/v2\/product_tag?post=33660"}],"curies":[{"name":"wp","href":"https:\/\/api.w.org\/{rel}","templated":true}]}}