{"id":33693,"date":"2026-03-12T19:27:17","date_gmt":"2026-03-12T19:27:17","guid":{"rendered":"https:\/\/eliksirvitalnosti.com\/?post_type=product&#038;p=33693"},"modified":"2026-04-02T13:28:13","modified_gmt":"2026-04-02T13:28:13","slug":"omega-life-paket-de","status":"publish","type":"product","link":"https:\/\/eliksirvitalnosti.com\/de\/proizvod\/omega-life-paket-de\/","title":{"rendered":"Omega Life Paket"},"content":{"rendered":"<p data-start=\"0\" data-end=\"356\">Was dieses \u00d6l besonders auszeichnet, ist das <strong data-start=\"39\" data-end=\"91\">g\u00fcnstige Verh\u00e4ltnis von Omega-6- zu Omega-3-Fetts\u00e4uren<\/strong>, das deutlich ausgewogener ist als bei den meisten \u00d6len in der modernen Ern\u00e4hrung. Dank dieser Zusammensetzung kann das <strong data-start=\"199\" data-end=\"218\">Omega Life Paket<\/strong> dazu beitragen, einen normalen Cholesterinspiegel aufrechtzuerhalten, eine gesunde Durchblutung zu f\u00f6rdern und den K\u00f6rper bei der Aufrechterhaltung des Stoffwechselgleichgewichts zu unterst\u00fctzen. <\/p>\n<hr data-start=\"358\" data-end=\"361\">\n<h3 data-section-id=\"1ow2ngf\" data-start=\"363\" data-end=\"404\">Warum und wann Sie Omega Life \u00d6l verwenden sollten<\/h3>\n<p data-start=\"406\" data-end=\"528\"><strong data-start=\"406\" data-end=\"425\">Omega Life \u00d6l<\/strong> kann eine wertvolle ern\u00e4hrungsphysiologische Unterst\u00fctzung f\u00fcr Personen sein, die ihren K\u00f6rper in folgenden Situationen unterst\u00fctzen m\u00f6chten:<\/p>\n<p data-start=\"530\" data-end=\"797\" data-is-last-node=\"\" data-is-only-node=\"\">\u2022 <strong data-start=\"532\" data-end=\"554\">erh\u00f6hter Cholesterinspiegel<\/strong><br data-start=\"554\" data-end=\"557\">\u2022 <strong data-start=\"559\" data-end=\"574\">Fettleber<\/strong><br data-start=\"574\" data-end=\"577\">\u2022 <strong data-start=\"579\" data-end=\"621\">belastete oder verstopfte Gef\u00e4\u00dfe<\/strong><br data-start=\"621\" data-end=\"624\">\u2022 <strong data-start=\"626\" data-end=\"660\">schwache oder verlangsamte Durchblutung<\/strong><br data-start=\"660\" data-end=\"663\">\u2022 <strong data-start=\"665\" data-end=\"688\">metabolisches Syndrom<\/strong><br data-start=\"688\" data-end=\"691\">\u2022 <strong data-start=\"693\" data-end=\"742\">Unterst\u00fctzung bei der Vorbeugung von Herz-Kreislauf-Problemen<\/strong><br data-start=\"742\" data-end=\"745\">\u2022 <strong data-start=\"747\" data-end=\"797\" data-is-last-node=\"\">Unterst\u00fctzung des K\u00f6rpers bei chronischen Entz\u00fcndungszust\u00e4nden<\/strong><\/p>\n","protected":false},"excerpt":{"rendered":"<p><strong data-start=\"0\" data-end=\"19\" data-is-only-node=\"\">Omega Life \u00d6l<\/strong> ist ein sorgf\u00e4ltig formuliertes Nahrungserg\u00e4nzungsmittel, reich an <strong data-start=\"65\" data-end=\"118\">einfach unges\u00e4ttigten Fetts\u00e4uren und Omega-3 (ALA)<\/strong>, die eine wichtige Rolle bei der Aufrechterhaltung der <strong data-start=\"156\" data-end=\"194\">Herz-Kreislauf-Gesundheit<\/strong> und eines <strong data-start=\"197\" data-end=\"228\">gesunden Fettstoffwechsels<\/strong> spielen.<\/p>\n<p><b>Das Paket enth\u00e4lt:<br \/>\n2x Omega Life \u00d6l<\/b> <\/p>\n","protected":false},"featured_media":33706,"comment_status":"open","ping_status":"closed","template":"","meta":{"_acf_changed":false},"product_brand":[],"product_cat":[710],"product_tag":[],"class_list":{"0":"post-33693","1":"product","2":"type-product","3":"status-publish","4":"has-post-thumbnail","6":"product_cat-pakete","8":"first","9":"instock","10":"sale","11":"shipping-taxable","12":"purchasable","13":"product-type-simple"},"acf":[],"_links":{"self":[{"href":"https:\/\/eliksirvitalnosti.com\/de\/wp-json\/wp\/v2\/product\/33693","targetHints":{"allow":["GET"]}}],"collection":[{"href":"https:\/\/eliksirvitalnosti.com\/de\/wp-json\/wp\/v2\/product"}],"about":[{"href":"https:\/\/eliksirvitalnosti.com\/de\/wp-json\/wp\/v2\/types\/product"}],"replies":[{"embeddable":true,"href":"https:\/\/eliksirvitalnosti.com\/de\/wp-json\/wp\/v2\/comments?post=33693"}],"version-history":[{"count":0,"href":"https:\/\/eliksirvitalnosti.com\/de\/wp-json\/wp\/v2\/product\/33693\/revisions"}],"wp:featuredmedia":[{"embeddable":true,"href":"https:\/\/eliksirvitalnosti.com\/de\/wp-json\/wp\/v2\/media\/33706"}],"wp:attachment":[{"href":"https:\/\/eliksirvitalnosti.com\/de\/wp-json\/wp\/v2\/media?parent=33693"}],"wp:term":[{"taxonomy":"product_brand","embeddable":true,"href":"https:\/\/eliksirvitalnosti.com\/de\/wp-json\/wp\/v2\/product_brand?post=33693"},{"taxonomy":"product_cat","embeddable":true,"href":"https:\/\/eliksirvitalnosti.com\/de\/wp-json\/wp\/v2\/product_cat?post=33693"},{"taxonomy":"product_tag","embeddable":true,"href":"https:\/\/eliksirvitalnosti.com\/de\/wp-json\/wp\/v2\/product_tag?post=33693"}],"curies":[{"name":"wp","href":"https:\/\/api.w.org\/{rel}","templated":true}]}}