{"id":10132,"date":"2024-02-21T08:03:06","date_gmt":"2024-02-21T08:03:06","guid":{"rendered":"https:\/\/eliksirvitalnosti.com\/blog\/"},"modified":"2025-09-29T11:13:02","modified_gmt":"2025-09-29T11:13:02","slug":"blog","status":"publish","type":"page","link":"https:\/\/eliksirvitalnosti.com\/hu\/blog\/","title":{"rendered":"Blog"},"content":{"rendered":"\t\t<div data-elementor-type=\"wp-page\" data-elementor-id=\"10132\" class=\"elementor elementor-10132 elementor-171\" data-elementor-post-type=\"page\">\n\t\t\t\t\t\t<section class=\"wd-negative-gap elementor-section elementor-top-section elementor-element elementor-element-56223f50 wd-section-stretch elementor-section-boxed elementor-section-height-default elementor-section-height-default\" data-id=\"56223f50\" data-element_type=\"section\" data-e-type=\"section\">\n\t\t\t\t\t\t<div class=\"elementor-container elementor-column-gap-default\">\n\t\t\t\t\t<div class=\"elementor-column elementor-col-100 elementor-top-column elementor-element elementor-element-cee62c\" data-id=\"cee62c\" data-element_type=\"column\" data-e-type=\"column\">\n\t\t\t<div class=\"elementor-widget-wrap elementor-element-populated\">\n\t\t\t\t\t\t<div class=\"elementor-element elementor-element-40acc81d wd-width-100 elementor-widget elementor-widget-wd_blog\" data-id=\"40acc81d\" data-element_type=\"widget\" data-e-type=\"widget\" data-widget_type=\"wd_blog.default\">\n\t\t\t\t<div class=\"elementor-widget-container\">\n\t\t\t\t\t\t\t\t\t\t\t\t<div class=\"wd-blog-element \">\n\t\t\t\t\t\t\t\t\t\t\t\n\t\t\t\t\t<div class=\"wd-posts wd-blog-holder wd-grid-g\" id=\"69eeb3d8b84dc\" data-paged=\"1\" data-atts=\"{&quot;post_type&quot;:&quot;post&quot;,&quot;items_per_page&quot;:&quot;5&quot;,&quot;include&quot;:null,&quot;taxonomies&quot;:[&quot;84&quot;],&quot;offset&quot;:&quot;&quot;,&quot;orderby&quot;:&quot;date&quot;,&quot;order&quot;:&quot;DESC&quot;,&quot;meta_key&quot;:null,&quot;exclude&quot;:&quot;&quot;,&quot;element_title&quot;:&quot;&quot;,&quot;element_title_tag&quot;:&quot;h4&quot;,&quot;parts_media&quot;:true,&quot;parts_title&quot;:&quot;1&quot;,&quot;parts_meta&quot;:&quot;&quot;,&quot;parts_text&quot;:&quot;1&quot;,&quot;parts_btn&quot;:&quot;1&quot;,&quot;parts_published_date&quot;:&quot;1&quot;,&quot;img_size&quot;:&quot;full&quot;,&quot;blog_design&quot;:&quot;meta-image&quot;,&quot;blog_carousel_design&quot;:null,&quot;blog_masonry&quot;:null,&quot;blog_columns&quot;:{&quot;unit&quot;:&quot;px&quot;,&quot;size&quot;:3,&quot;sizes&quot;:[]},&quot;blog_columns_tablet&quot;:{&quot;size&quot;:&quot;&quot;},&quot;blog_columns_mobile&quot;:{&quot;size&quot;:&quot;&quot;},&quot;blog_spacing&quot;:&quot;20&quot;,&quot;blog_spacing_tablet&quot;:&quot;20&quot;,&quot;blog_spacing_mobile&quot;:&quot;20&quot;,&quot;pagination&quot;:&quot;infinit&quot;,&quot;speed&quot;:null,&quot;slides_per_view&quot;:null,&quot;slides_per_view_tablet&quot;:{&quot;size&quot;:&quot;&quot;},&quot;slides_per_view_mobile&quot;:{&quot;size&quot;:&quot;&quot;},&quot;wrap&quot;:null,&quot;autoplay&quot;:null,&quot;hide_pagination_control&quot;:null,&quot;hide_prev_next_buttons&quot;:null,&quot;scroll_per_page&quot;:null,&quot;lazy_loading&quot;:&quot;&quot;,&quot;scroll_carousel_init&quot;:null,&quot;ajax_page&quot;:&quot;&quot;,&quot;custom_sizes&quot;:false,&quot;elementor&quot;:true}\" data-source=\"shortcode\" style=\"--wd-col-lg:3;--wd-col-md:3;--wd-col-sm:1;--wd-gap-lg:20px;\">\n\t\t\t\n\t\t\t\t\t\t\t\t\t\t\t\t\t\t\n<article id=\"post-37359\" class=\"wd-post blog-design-meta-image blog-post-loop blog-style-bg wd-add-shadow wd-col post-37359 post type-post status-publish format-standard has-post-thumbnail hentry category-blog-hu tag-egyensuly tag-egyensuly-2 tag-fagyasztott-tonkolybuzafule tag-faradtsag tag-klorofill tag-majtisztitas tag-stressz tag-szervezet-meregtelenitese tag-termeszetes-energiaforrasok tag-tonkolybuza tag-tonkolyle tag-vitalitas tag-vitaminok-es-asvanyi-anyagok\">\n\t\t\t<div class=\"wd-post-inner\">\n\t\n\t<div class=\"wd-post-thumb color-scheme-light\">\n\t\t\t\t\t<div class=\"wd-post-img\">\n\t\t\t\t<img decoding=\"async\" width=\"1000\" height=\"1000\" src=\"https:\/\/eliksirvitalnosti.com\/wp-content\/uploads\/2026\/04\/detoksikacija-organizma-u-prolece.jpg\" class=\"attachment-full size-full\" alt=\"\" srcset=\"https:\/\/eliksirvitalnosti.com\/wp-content\/uploads\/2026\/04\/detoksikacija-organizma-u-prolece.jpg 1000w, https:\/\/eliksirvitalnosti.com\/wp-content\/uploads\/2026\/04\/detoksikacija-organizma-u-prolece-300x300.jpg 300w, https:\/\/eliksirvitalnosti.com\/wp-content\/uploads\/2026\/04\/detoksikacija-organizma-u-prolece-150x150.jpg 150w, https:\/\/eliksirvitalnosti.com\/wp-content\/uploads\/2026\/04\/detoksikacija-organizma-u-prolece-768x768.jpg 768w, https:\/\/eliksirvitalnosti.com\/wp-content\/uploads\/2026\/04\/detoksikacija-organizma-u-prolece-600x600.jpg 600w\" sizes=\"(max-width: 1000px) 100vw, 1000px\">\t\t\t<\/div>\n\t\t\n\t\t\t\t<a class=\"wd-post-link wd-fill\" tabindex=\"-1\" href=\"https:\/\/eliksirvitalnosti.com\/hu\/a-szervezet-tavaszi-meregtelenitese-termeszetes-megkozelites\/\" rel=\"bookmark\" aria-label=\"Link on post A szervezet tavaszi m\u00e9regtelen\u00edt\u00e9se \u2014 term\u00e9szetes megk\u00f6zel\u00edt\u00e9s\"><\/a>\n\n\t\t\t<\/div>\n\n\t<div class=\"wd-post-content\">\n\t\t<div class=\"wd-post-meta wd-post-entry-meta\">\n\t\t\t\n\t\t\t\n\t\t\t\t\t\t\t<div class=\"wd-post-date wd-style-default\">\n\t\t\t\t\t<time class=\"published\" datetime=\"2026-04-23T12:26:44+00:00\">\n\t\t\t\t\t\t23 \u00e1pr 2026\t\t\t\t\t<\/time>\n\t\t\t\t<\/div>\n\n\t\t\t\t<div class=\"wd-modified-date\">\n\t\t\t\t\t\t\t<time class=\"updated\" datetime=\"2026-04-23T12:26:44+00:00\">\n\t\t\t2026.04.23.\t\t<\/time>\n\t\t\t\t\t\t<\/div>\n\t\t\t\t\t<\/div>\n\n\t\t\t\t\t<h3 class=\"wd-post-title wd-entities-title title post-title\">\n\t\t\t\t<a href=\"https:\/\/eliksirvitalnosti.com\/hu\/a-szervezet-tavaszi-meregtelenitese-termeszetes-megkozelites\/\" rel=\"bookmark\">\n\t\t\t\t\tA szervezet tavaszi m\u00e9regtelen\u00edt\u00e9se \u2014 term\u00e9szetes megk\u00f6zel\u00edt\u00e9s\t\t\t\t<\/a>\n\t\t\t<\/h3>\n\t\t\n\t\t\t\t\t<div class=\"wd-post-excerpt\">\n\t\t\t\t\t\t\t\t\tA tavasz bek\u00f6sz\u00f6nt\u00e9vel sokan \u00e9reznek k\u00e9sztet\u00e9st a v\u00e1ltoz\u00e1sra. A nappalok hosszabbodnak, az energia lassan visszat\u00e9r, de ezzel egyidej\u0171l...\t\t\t\t\t\t\t<\/div>\n\t\t\n\t\t\t\t\t\t\t\t\t\t<div class=\"wd-post-read-more wd-style-link read-more-section\">\n\t\t\t\t\t\t<a class=\"\" href=\"https:\/\/eliksirvitalnosti.com\/hu\/a-szervezet-tavaszi-meregtelenitese-termeszetes-megkozelites\/\">Olvasson tov\u00e1bb<\/a>\t\t\t\t\t<\/div>\n\t\t\t\t\t\t\t<\/div>\n\n\t\t\t<\/div>\n\t<\/article>\n\t\t\t\t\t\t\t\t\t\t\t\t\t\t\n<article id=\"post-36806\" class=\"wd-post blog-design-meta-image blog-post-loop blog-style-bg wd-add-shadow wd-col post-36806 post type-post status-publish format-standard has-post-thumbnail hentry category-blog-hu tag-egeszseges-taplalkozas tag-etel tag-hidroponika tag-novenyi-etrend tag-szennyezes tag-szervezet-meregtelenitese\">\n\t\t\t<div class=\"wd-post-inner\">\n\t\n\t<div class=\"wd-post-thumb color-scheme-light\">\n\t\t\t\t\t<div class=\"wd-post-img\">\n\t\t\t\t<img decoding=\"async\" width=\"1000\" height=\"1000\" src=\"https:\/\/eliksirvitalnosti.com\/wp-content\/uploads\/2026\/04\/hidroponija.jpg\" class=\"attachment-full size-full\" alt=\"\" srcset=\"https:\/\/eliksirvitalnosti.com\/wp-content\/uploads\/2026\/04\/hidroponija.jpg 1000w, https:\/\/eliksirvitalnosti.com\/wp-content\/uploads\/2026\/04\/hidroponija-300x300.jpg 300w, https:\/\/eliksirvitalnosti.com\/wp-content\/uploads\/2026\/04\/hidroponija-150x150.jpg 150w, https:\/\/eliksirvitalnosti.com\/wp-content\/uploads\/2026\/04\/hidroponija-768x768.jpg 768w, https:\/\/eliksirvitalnosti.com\/wp-content\/uploads\/2026\/04\/hidroponija-600x600.jpg 600w\" sizes=\"(max-width: 1000px) 100vw, 1000px\">\t\t\t<\/div>\n\t\t\n\t\t\t\t<a class=\"wd-post-link wd-fill\" tabindex=\"-1\" href=\"https:\/\/eliksirvitalnosti.com\/hu\/hidroponika-miert-valt-a-szabalyozott-termesztes-a-minoseg-standardjava\/\" rel=\"bookmark\" aria-label=\"Link on post Hidroponika: mi\u00e9rt v\u00e1lt a szab\u00e1lyozott termeszt\u00e9s a min\u0151s\u00e9g standardj\u00e1v\u00e1\"><\/a>\n\n\t\t\t<\/div>\n\n\t<div class=\"wd-post-content\">\n\t\t<div class=\"wd-post-meta wd-post-entry-meta\">\n\t\t\t\n\t\t\t\n\t\t\t\t\t\t\t<div class=\"wd-post-date wd-style-default\">\n\t\t\t\t\t<time class=\"published\" datetime=\"2026-04-17T07:48:05+00:00\">\n\t\t\t\t\t\t17 \u00e1pr 2026\t\t\t\t\t<\/time>\n\t\t\t\t<\/div>\n\n\t\t\t\t<div class=\"wd-modified-date\">\n\t\t\t\t\t\t\t<time class=\"updated\" datetime=\"2026-04-17T08:14:04+00:00\">\n\t\t\t2026.04.17.\t\t<\/time>\n\t\t\t\t\t\t<\/div>\n\t\t\t\t\t<\/div>\n\n\t\t\t\t\t<h3 class=\"wd-post-title wd-entities-title title post-title\">\n\t\t\t\t<a href=\"https:\/\/eliksirvitalnosti.com\/hu\/hidroponika-miert-valt-a-szabalyozott-termesztes-a-minoseg-standardjava\/\" rel=\"bookmark\">\n\t\t\t\t\tHidroponika: mi\u00e9rt v\u00e1lt a szab\u00e1lyozott termeszt\u00e9s a min\u0151s\u00e9g standardj\u00e1v\u00e1\t\t\t\t<\/a>\n\t\t\t<\/h3>\n\t\t\n\t\t\t\t\t<div class=\"wd-post-excerpt\">\n\t\t\t\t\t\t\t\t\tAz el\u0151z\u0151 sz\u00f6vegben arr\u00f3l besz\u00e9lt\u00fcnk, hogyan v\u00e1ltozott meg az \u00e9lelmiszerek min\u0151s\u00e9ge \u2013 \u00e9s mi\u00e9rt nem ugyanaz m\u00e1r az, amit ma esz\u00fcnk, mint ...\t\t\t\t\t\t\t<\/div>\n\t\t\n\t\t\t\t\t\t\t\t\t\t<div class=\"wd-post-read-more wd-style-link read-more-section\">\n\t\t\t\t\t\t<a class=\"\" href=\"https:\/\/eliksirvitalnosti.com\/hu\/hidroponika-miert-valt-a-szabalyozott-termesztes-a-minoseg-standardjava\/\">Olvasson tov\u00e1bb<\/a>\t\t\t\t\t<\/div>\n\t\t\t\t\t\t\t<\/div>\n\n\t\t\t<\/div>\n\t<\/article>\n\t\t\t\t\t\t\t\t\t\t\t\t\t\t\n<article id=\"post-36139\" class=\"wd-post blog-design-meta-image blog-post-loop blog-style-bg wd-add-shadow wd-col post-36139 post type-post status-publish format-standard has-post-thumbnail hentry category-blog-hu tag-egeszseges-taplalkozas tag-egyensulyhiany tag-etrend-kiegeszitok tag-fagyasztott-tonkolybuzafule tag-klorofill tag-mikrotapanyagok tag-stressz tag-taplalkozas tag-tonkolyle tag-vitaminok-es-asvanyi-anyagok\">\n\t\t\t<div class=\"wd-post-inner\">\n\t\n\t<div class=\"wd-post-thumb color-scheme-light\">\n\t\t\t\t\t<div class=\"wd-post-img\">\n\t\t\t\t<img decoding=\"async\" width=\"1000\" height=\"1000\" src=\"https:\/\/eliksirvitalnosti.com\/wp-content\/uploads\/2026\/04\/kvalitetna-hrana.jpg\" class=\"attachment-full size-full\" alt=\"\" srcset=\"https:\/\/eliksirvitalnosti.com\/wp-content\/uploads\/2026\/04\/kvalitetna-hrana.jpg 1000w, https:\/\/eliksirvitalnosti.com\/wp-content\/uploads\/2026\/04\/kvalitetna-hrana-300x300.jpg 300w, https:\/\/eliksirvitalnosti.com\/wp-content\/uploads\/2026\/04\/kvalitetna-hrana-150x150.jpg 150w, https:\/\/eliksirvitalnosti.com\/wp-content\/uploads\/2026\/04\/kvalitetna-hrana-768x768.jpg 768w, https:\/\/eliksirvitalnosti.com\/wp-content\/uploads\/2026\/04\/kvalitetna-hrana-600x600.jpg 600w\" sizes=\"(max-width: 1000px) 100vw, 1000px\">\t\t\t<\/div>\n\t\t\n\t\t\t\t<a class=\"wd-post-link wd-fill\" tabindex=\"-1\" href=\"https:\/\/eliksirvitalnosti.com\/hu\/mit-jelent-ma-valojaban-a-minosegi-elelmiszer-es-miert-nem-olyan-mar-mint-regen\/\" rel=\"bookmark\" aria-label=\"Link on post Mit jelent ma val\u00f3j\u00e1ban a min\u0151s\u00e9gi \u00e9lelmiszer \u2013 \u00e9s mi\u00e9rt nem olyan m\u00e1r, mint r\u00e9gen\"><\/a>\n\n\t\t\t<\/div>\n\n\t<div class=\"wd-post-content\">\n\t\t<div class=\"wd-post-meta wd-post-entry-meta\">\n\t\t\t\n\t\t\t\n\t\t\t\t\t\t\t<div class=\"wd-post-date wd-style-default\">\n\t\t\t\t\t<time class=\"published\" datetime=\"2026-04-09T09:35:23+00:00\">\n\t\t\t\t\t\t09 \u00e1pr 2026\t\t\t\t\t<\/time>\n\t\t\t\t<\/div>\n\n\t\t\t\t<div class=\"wd-modified-date\">\n\t\t\t\t\t\t\t<time class=\"updated\" datetime=\"2026-04-09T09:41:13+00:00\">\n\t\t\t2026.04.09.\t\t<\/time>\n\t\t\t\t\t\t<\/div>\n\t\t\t\t\t<\/div>\n\n\t\t\t\t\t<h3 class=\"wd-post-title wd-entities-title title post-title\">\n\t\t\t\t<a href=\"https:\/\/eliksirvitalnosti.com\/hu\/mit-jelent-ma-valojaban-a-minosegi-elelmiszer-es-miert-nem-olyan-mar-mint-regen\/\" rel=\"bookmark\">\n\t\t\t\t\tMit jelent ma val\u00f3j\u00e1ban a min\u0151s\u00e9gi \u00e9lelmiszer \u2013 \u00e9s mi\u00e9rt nem olyan m\u00e1r, mint r\u00e9gen\t\t\t\t<\/a>\n\t\t\t<\/h3>\n\t\t\n\t\t\t\t\t<div class=\"wd-post-excerpt\">\n\t\t\t\t\t\t\t\t\tAmikor ma azt mondjuk, \u201emin\u0151s\u00e9gi \u00e9lelmiszer\u201d, a legt\u00f6bb\u00fcnk friss gy\u00fcm\u00f6lcsre, z\u00f6lds\u00e9gre vagy olyan term\u00e9kekre gondol, amelyek term\u00e9szete...\t\t\t\t\t\t\t<\/div>\n\t\t\n\t\t\t\t\t\t\t\t\t\t<div class=\"wd-post-read-more wd-style-link read-more-section\">\n\t\t\t\t\t\t<a class=\"\" href=\"https:\/\/eliksirvitalnosti.com\/hu\/mit-jelent-ma-valojaban-a-minosegi-elelmiszer-es-miert-nem-olyan-mar-mint-regen\/\">Olvasson tov\u00e1bb<\/a>\t\t\t\t\t<\/div>\n\t\t\t\t\t\t\t<\/div>\n\n\t\t\t<\/div>\n\t<\/article>\n\t\t\t\t\t\t\t\t\t\t\t\t\t\t\n<article id=\"post-35215\" class=\"wd-post blog-design-meta-image blog-post-loop blog-style-bg wd-add-shadow wd-col post-35215 post type-post status-publish format-standard has-post-thumbnail hentry category-blog-hu tag-allergenek tag-allergiak tag-belflora tag-belrendszer tag-egyensulyhiany tag-emesztorendszer tag-immunitas tag-immunrendszer tag-klorofill tag-kronikus-stressz tag-stressz tag-szervezet-meregtelenitese tag-tonkolyle tag-toxinok tag-vitaminok-es-asvanyi-anyagok\">\n\t\t\t<div class=\"wd-post-inner\">\n\t\n\t<div class=\"wd-post-thumb color-scheme-light\">\n\t\t\t\t\t<div class=\"wd-post-img\">\n\t\t\t\t<img decoding=\"async\" width=\"1000\" height=\"1000\" src=\"https:\/\/eliksirvitalnosti.com\/wp-content\/uploads\/2026\/04\/alergije-simptomi.jpg\" class=\"attachment-full size-full\" alt=\"\" srcset=\"https:\/\/eliksirvitalnosti.com\/wp-content\/uploads\/2026\/04\/alergije-simptomi.jpg 1000w, https:\/\/eliksirvitalnosti.com\/wp-content\/uploads\/2026\/04\/alergije-simptomi-300x300.jpg 300w, https:\/\/eliksirvitalnosti.com\/wp-content\/uploads\/2026\/04\/alergije-simptomi-150x150.jpg 150w, https:\/\/eliksirvitalnosti.com\/wp-content\/uploads\/2026\/04\/alergije-simptomi-768x768.jpg 768w, https:\/\/eliksirvitalnosti.com\/wp-content\/uploads\/2026\/04\/alergije-simptomi-600x600.jpg 600w\" sizes=\"(max-width: 1000px) 100vw, 1000px\">\t\t\t<\/div>\n\t\t\n\t\t\t\t<a class=\"wd-post-link wd-fill\" tabindex=\"-1\" href=\"https:\/\/eliksirvitalnosti.com\/hu\/az-allergiak-nem-akkor-kezdodnek-amikor-beindul-a-tusszoges-sokkal-korabban-kezdodnek-a-szervezetben\/\" rel=\"bookmark\" aria-label=\"Link on post Az allergi\u00e1k nem akkor kezd\u0151dnek, amikor beindul a t\u00fcssz\u00f6g\u00e9s \u2014 sokkal kor\u00e1bban kezd\u0151dnek a szervezetben.\"><\/a>\n\n\t\t\t<\/div>\n\n\t<div class=\"wd-post-content\">\n\t\t<div class=\"wd-post-meta wd-post-entry-meta\">\n\t\t\t\n\t\t\t\n\t\t\t\t\t\t\t<div class=\"wd-post-date wd-style-default\">\n\t\t\t\t\t<time class=\"published\" datetime=\"2026-04-02T09:43:20+00:00\">\n\t\t\t\t\t\t02 \u00e1pr 2026\t\t\t\t\t<\/time>\n\t\t\t\t<\/div>\n\n\t\t\t\t<div class=\"wd-modified-date\">\n\t\t\t\t\t\t\t<time class=\"updated\" datetime=\"2026-04-02T09:43:20+00:00\">\n\t\t\t2026.04.02.\t\t<\/time>\n\t\t\t\t\t\t<\/div>\n\t\t\t\t\t<\/div>\n\n\t\t\t\t\t<h3 class=\"wd-post-title wd-entities-title title post-title\">\n\t\t\t\t<a href=\"https:\/\/eliksirvitalnosti.com\/hu\/az-allergiak-nem-akkor-kezdodnek-amikor-beindul-a-tusszoges-sokkal-korabban-kezdodnek-a-szervezetben\/\" rel=\"bookmark\">\n\t\t\t\t\tAz allergi\u00e1k nem akkor kezd\u0151dnek, amikor beindul a t\u00fcssz\u00f6g\u00e9s \u2014 sokkal kor\u00e1bban kezd\u0151dnek a szervezetben.\t\t\t\t<\/a>\n\t\t\t<\/h3>\n\t\t\n\t\t\t\t\t<div class=\"wd-post-excerpt\">\n\t\t\t\t\t\t\t\t\tAmikor allergi\u00e1ra gondolunk, a legt\u00f6bb\u00fcnknek az a pillanat jut esz\u00e9be, amikor elkezd\u0151dik a t\u00fcssz\u00f6g\u00e9s, viszket a szem, vagy eldugul az o...\t\t\t\t\t\t\t<\/div>\n\t\t\n\t\t\t\t\t\t\t\t\t\t<div class=\"wd-post-read-more wd-style-link read-more-section\">\n\t\t\t\t\t\t<a class=\"\" href=\"https:\/\/eliksirvitalnosti.com\/hu\/az-allergiak-nem-akkor-kezdodnek-amikor-beindul-a-tusszoges-sokkal-korabban-kezdodnek-a-szervezetben\/\">Olvasson tov\u00e1bb<\/a>\t\t\t\t\t<\/div>\n\t\t\t\t\t\t\t<\/div>\n\n\t\t\t<\/div>\n\t<\/article>\n\t\t\t\t\t\t\t\t\t\t\t\t\t\t\n<article id=\"post-35247\" class=\"wd-post blog-design-meta-image blog-post-loop blog-style-bg wd-add-shadow wd-col post-35247 post type-post status-publish format-standard has-post-thumbnail hentry category-blog-hu tag-antioxidansok tag-arpale tag-b-vitamin-komplex tag-c-vitamin tag-egeszseg tag-egeszseges-elet tag-egeszseges-taplalkozas tag-etrend-kiegeszitok tag-feherjek tag-immunerosites tag-immunitas tag-klorofill tag-mikrotapanyagok tag-taplalkozas tag-tonkolyle tag-vitaminok-es-asvanyi-anyagok tag-zeleni-sokovi-nemet tag-zold-loves\">\n\t\t\t<div class=\"wd-post-inner\">\n\t\n\t<div class=\"wd-post-thumb color-scheme-light\">\n\t\t\t\t\t<div class=\"wd-post-img\">\n\t\t\t\t<img decoding=\"async\" width=\"1000\" height=\"1000\" src=\"https:\/\/eliksirvitalnosti.com\/wp-content\/uploads\/2026\/03\/sport-i-mikronutrijenti.jpg\" class=\"attachment-full size-full\" alt=\"\" srcset=\"https:\/\/eliksirvitalnosti.com\/wp-content\/uploads\/2026\/03\/sport-i-mikronutrijenti.jpg 1000w, https:\/\/eliksirvitalnosti.com\/wp-content\/uploads\/2026\/03\/sport-i-mikronutrijenti-300x300.jpg 300w, https:\/\/eliksirvitalnosti.com\/wp-content\/uploads\/2026\/03\/sport-i-mikronutrijenti-150x150.jpg 150w, https:\/\/eliksirvitalnosti.com\/wp-content\/uploads\/2026\/03\/sport-i-mikronutrijenti-768x768.jpg 768w, https:\/\/eliksirvitalnosti.com\/wp-content\/uploads\/2026\/03\/sport-i-mikronutrijenti-600x600.jpg 600w\" sizes=\"(max-width: 1000px) 100vw, 1000px\">\t\t\t<\/div>\n\t\t\n\t\t\t\t<a class=\"wd-post-link wd-fill\" tabindex=\"-1\" href=\"https:\/\/eliksirvitalnosti.com\/hu\/sport-es-mikrotapanyagok\/\" rel=\"bookmark\" aria-label=\"Link on post Sport \u00e9s mikrot\u00e1panyagok\"><\/a>\n\n\t\t\t<\/div>\n\n\t<div class=\"wd-post-content\">\n\t\t<div class=\"wd-post-meta wd-post-entry-meta\">\n\t\t\t\n\t\t\t\n\t\t\t\t\t\t\t<div class=\"wd-post-date wd-style-default\">\n\t\t\t\t\t<time class=\"published\" datetime=\"2026-03-26T19:25:53+00:00\">\n\t\t\t\t\t\t26 m\u00e1rc 2026\t\t\t\t\t<\/time>\n\t\t\t\t<\/div>\n\n\t\t\t\t<div class=\"wd-modified-date\">\n\t\t\t\t\t\t\t<time class=\"updated\" datetime=\"2026-03-26T19:25:53+00:00\">\n\t\t\t2026.03.26.\t\t<\/time>\n\t\t\t\t\t\t<\/div>\n\t\t\t\t\t<\/div>\n\n\t\t\t\t\t<h3 class=\"wd-post-title wd-entities-title title post-title\">\n\t\t\t\t<a href=\"https:\/\/eliksirvitalnosti.com\/hu\/sport-es-mikrotapanyagok\/\" rel=\"bookmark\">\n\t\t\t\t\tSport \u00e9s mikrot\u00e1panyagok\t\t\t\t<\/a>\n\t\t\t<\/h3>\n\t\t\n\t\t\t\t\t<div class=\"wd-post-excerpt\">\n\t\t\t\t\t\t\t\t\tAz optim\u00e1lis sportol\u00f3i t\u00e1pl\u00e1lkoz\u00e1s nem csup\u00e1n a feh\u00e9rj\u00e9r\u0151l sz\u00f3l\nAmikor sportt\u00e1pl\u00e1lkoz\u00e1sr\u00f3l besz\u00e9l\u00fcnk, leggyakrabban a feh\u00e9rj\u00e9k, a kal\u00f3r...\t\t\t\t\t\t\t<\/div>\n\t\t\n\t\t\t\t\t\t\t\t\t\t<div class=\"wd-post-read-more wd-style-link read-more-section\">\n\t\t\t\t\t\t<a class=\"\" href=\"https:\/\/eliksirvitalnosti.com\/hu\/sport-es-mikrotapanyagok\/\">Olvasson tov\u00e1bb<\/a>\t\t\t\t\t<\/div>\n\t\t\t\t\t\t\t<\/div>\n\n\t\t\t<\/div>\n\t<\/article>\n\t\t\t\t\n\t\t\t\t\t\t\t\t<\/div>\n\t\t\t\n\t\t\t\t\t\t\t<div class=\"wd-loop-footer blog-footer\">\n\t\t\t\t\t\t\t\t\t\t\t\t\t\t\t\t\t\t\t\t\t\t\t\t\t\t\t\t\t\t\t\t\t\t\t\t\t\t\t\t\t\t\t\t\t\t\t\t<a href=\"#\" data-holder-id=\"69eeb3d8b84dc\" rel=\"nofollow noopener\" class=\"btn wd-load-more wd-blog-load-more load-on-scroll\"><span class=\"load-more-label\">T\u00f6bb bejegyz\u00e9s bet\u00f6lt\u00e9se<\/span><\/a>\n\t\t\t\t\t\t<div class=\"btn wd-load-more wd-load-more-loader\"><span class=\"load-more-loading\">Bet\u00f6lt\u00e9s...<\/span><\/div>\n\t\t\t\t\t\t\t\t\t<\/div>\n\t\t\t\t\t\t\t\t\t\t<\/div>\n\t\t\t\t\t\t\t\t\t\t<\/div>\n\t\t\t\t<\/div>\n\t\t\t\t\t<\/div>\n\t\t<\/div>\n\t\t\t\t\t<\/div>\n\t\t<\/section>\n\t\t\t\t<\/div>\n\t\t","protected":false},"excerpt":{"rendered":"<p>26 sep 2025 septembar 26, 2025 Holisti\u010dki pristup zdravlju \u2013 kombinacija joge, pravilne ishrane i tehnika disanja Sve vi\u0161e ljudi<\/p>\n","protected":false},"author":1,"featured_media":0,"parent":0,"menu_order":23,"comment_status":"closed","ping_status":"closed","template":"elementor_theme","meta":{"_acf_changed":false,"footnotes":""},"class_list":["post-10132","page","type-page","status-publish","hentry"],"acf":[],"_links":{"self":[{"href":"https:\/\/eliksirvitalnosti.com\/hu\/wp-json\/wp\/v2\/pages\/10132","targetHints":{"allow":["GET"]}}],"collection":[{"href":"https:\/\/eliksirvitalnosti.com\/hu\/wp-json\/wp\/v2\/pages"}],"about":[{"href":"https:\/\/eliksirvitalnosti.com\/hu\/wp-json\/wp\/v2\/types\/page"}],"author":[{"embeddable":true,"href":"https:\/\/eliksirvitalnosti.com\/hu\/wp-json\/wp\/v2\/users\/1"}],"replies":[{"embeddable":true,"href":"https:\/\/eliksirvitalnosti.com\/hu\/wp-json\/wp\/v2\/comments?post=10132"}],"version-history":[{"count":0,"href":"https:\/\/eliksirvitalnosti.com\/hu\/wp-json\/wp\/v2\/pages\/10132\/revisions"}],"wp:attachment":[{"href":"https:\/\/eliksirvitalnosti.com\/hu\/wp-json\/wp\/v2\/media?parent=10132"}],"curies":[{"name":"wp","href":"https:\/\/api.w.org\/{rel}","templated":true}]}}