{"id":10138,"date":"2024-02-19T19:09:00","date_gmt":"2024-02-19T19:09:00","guid":{"rendered":"https:\/\/eliksirvitalnosti.com\/erintkezes\/"},"modified":"2026-02-18T21:54:50","modified_gmt":"2026-02-18T21:54:50","slug":"erintkezes","status":"publish","type":"page","link":"https:\/\/eliksirvitalnosti.com\/hu\/erintkezes\/","title":{"rendered":"Kapcsolat felv\u00e9tel"},"content":{"rendered":"\t\t<div data-elementor-type=\"wp-page\" data-elementor-id=\"10138\" class=\"elementor elementor-10138 elementor-159\" data-elementor-post-type=\"page\">\n\t\t\t\t<div class=\"wd-negative-gap elementor-element elementor-element-63945c60 e-flex e-con-boxed e-con e-parent\" data-id=\"63945c60\" data-element_type=\"container\" data-e-type=\"container\" data-settings=\"{&quot;background_background&quot;:&quot;classic&quot;}\">\n\t\t\t\t\t<div class=\"e-con-inner\">\n\t\t<div class=\"elementor-element elementor-element-1c4b4469 e-con-full e-flex e-con e-child\" data-id=\"1c4b4469\" data-element_type=\"container\" data-e-type=\"container\">\n\t\t\t\t<div class=\"elementor-element elementor-element-5eeacb86 wd-width-100 elementor-widget elementor-widget-wd_title\" data-id=\"5eeacb86\" data-element_type=\"widget\" data-e-type=\"widget\" data-widget_type=\"wd_title.default\">\n\t\t\t\t<div class=\"elementor-widget-container\">\n\t\t\t\t\t\t\t<div class=\"title-wrapper wd-set-mb reset-last-child wd-title-color-default wd-title-style-default wd-title-size-default text-left\">\n\n\t\t\t\n\t\t\t<div class=\"liner-continer\">\n\t\t\t\t<h4 class=\"woodmart-title-container title wd-fontsize-l\">ZELENI SOKOVI NEMET DOO<\/h4> \n\t\t\t\t\t\t\t<\/div>\n\n\t\t\t\t\t<\/div>\n\t\t\t\t\t\t<\/div>\n\t\t\t\t<\/div>\n\t\t\t\t<div class=\"elementor-element elementor-element-8fa645e elementor-widget elementor-widget-wd_text_block\" data-id=\"8fa645e\" data-element_type=\"widget\" data-e-type=\"widget\" data-widget_type=\"wd_text_block.default\">\n\t\t\t\t<div class=\"elementor-widget-container\">\n\t\t\t\t\t\t\t<div class=\"wd-text-block reset-last-child text-left\">\n\t\t\t\n\t\t\t<p>\u00dczlet:<br><span style=\"text-decoration: underline;\"><a href=\"https:\/\/www.google.com\/maps\/dir\/\/%D0%88%D0%BE%D0%B6%D0%B5%D1%84%D0%B0+%D0%A5%D0%B5%D0%B3%D0%B5%D0%B4%D0%B8%D1%88%D0%B0+2,+%D0%9F%D0%B0%D0%BB%D0%B8%D1%9B+24413\/@46.1027308,19.7499208,17z\/data=!4m18!1m8!3m7!1s0x4743618f0b90f859:0xa1a15b136b607fb8!2z0IjQvtC20LXRhNCwINCl0LXQs9C10LTQuNGI0LAgMiwg0J_QsNC70LjRmyAyNDQxMw!3b1!8m2!3d46.1027308!4d19.7524957!16s%2Fg%2F11kx29wn7t!4m8!1m0!1m5!1m1!1s0x4743618f0b90f859:0xa1a15b136b607fb8!2m2!1d19.7524957!2d46.1027308!3e3?entry=ttu&amp;g_ep=EgoyMDI1MDcxMy4wIKXMDSoASAFQAw%3D%3D\" target=\"_blank\" rel=\"noopener\">Heged\u0171s J\u00f3zsef utca 2, 24413, Palics, Szerbia<\/a><\/span><br><br>Gy\u00e1rt\u00e1s:<br><a href=\"https:\/\/www.google.com\/maps\/dir\/\/Zeleni+Sokovi+Nemet,+Roga%C5%A1ka+10,+Pali%C4%87+24413\/@46.1052061,19.7477888,15z\/data=!4m8!4m7!1m0!1m5!1m1!1s0x47436186b138e2cd:0x71fb8647732fc936!2m2!1d19.7477888!2d46.1052061?entry=ttu&amp;g_ep=EgoyMDI0MTIwNC4wIKXMDSoASAFQAw%3D%3D\" target=\"_blank\" rel=\"noopener\"><u>Roga\u0161ka 10, 24413 Palics, Szerbia<\/u><\/a><\/p>\n\t\t\t\t\t<\/div>\n\t\t\t\t\t\t<\/div>\n\t\t\t\t<\/div>\n\t\t\t\t<div class=\"elementor-element elementor-element-6ad136ca elementor-widget elementor-widget-wd_text_block\" data-id=\"6ad136ca\" data-element_type=\"widget\" data-e-type=\"widget\" data-widget_type=\"wd_text_block.default\">\n\t\t\t\t<div class=\"elementor-widget-container\">\n\t\t\t\t\t\t\t<div class=\"wd-text-block reset-last-child text-left\">\n\t\t\t\n\t\t\t<p>Munkanapokon 09.00-15.00 \u00f3r\u00e1ig<br> H\u00e9tv\u00e9g\u00e9n megbesz\u00e9l\u00e9s szerint<\/p>\n\t\t\t\t\t<\/div>\n\t\t\t\t\t\t<\/div>\n\t\t\t\t<\/div>\n\t\t<div class=\"wd-negative-gap elementor-element elementor-element-2aa0f115 e-flex e-con-boxed e-con e-child\" data-id=\"2aa0f115\" data-element_type=\"container\" data-e-type=\"container\">\n\t\t\t\t\t<div class=\"e-con-inner\">\n\t\t<div class=\"elementor-element elementor-element-59f9bc6d e-con-full e-flex e-con e-child\" data-id=\"59f9bc6d\" data-element_type=\"container\" data-e-type=\"container\">\n\t\t\t\t<div class=\"elementor-element elementor-element-3f3d45a6 wd-width-100 elementor-widget elementor-widget-wd_title\" data-id=\"3f3d45a6\" data-element_type=\"widget\" data-e-type=\"widget\" data-widget_type=\"wd_title.default\">\n\t\t\t\t<div class=\"elementor-widget-container\">\n\t\t\t\t\t\t\t<div class=\"title-wrapper wd-set-mb reset-last-child wd-title-color-default wd-title-style-default wd-title-size-default text-left\">\n\n\t\t\t\n\t\t\t<div class=\"liner-continer\">\n\t\t\t\t<h4 class=\"woodmart-title-container title wd-fontsize-l\">TELEFONSZ\u00c1MOK: <br \/>\n(-Viber, WhatsApp)<\/h4> \n\t\t\t\t\t\t\t<\/div>\n\n\t\t\t\t\t<\/div>\n\t\t\t\t\t\t<\/div>\n\t\t\t\t<\/div>\n\t\t\t\t<div class=\"elementor-element elementor-element-8816d9c elementor-widget elementor-widget-wd_text_block\" data-id=\"8816d9c\" data-element_type=\"widget\" data-e-type=\"widget\" data-widget_type=\"wd_text_block.default\">\n\t\t\t\t<div class=\"elementor-widget-container\">\n\t\t\t\t\t\t\t<div class=\"wd-text-block reset-last-child text-left\">\n\t\t\t\n\t\t\t<p><a href=\"tel:+381641331898\">  +381 64 1331 898<\/a><\/p><p><a href=\"tel:+381612103555\">+381 61 21 03 555<\/a><\/p>\n\t\t\t\t\t<\/div>\n\t\t\t\t\t\t<\/div>\n\t\t\t\t<\/div>\n\t\t\t\t<\/div>\n\t\t<div class=\"elementor-element elementor-element-68a6eee8 e-con-full e-flex e-con e-child\" data-id=\"68a6eee8\" data-element_type=\"container\" data-e-type=\"container\">\n\t\t\t\t<div class=\"elementor-element elementor-element-8c49b61 wd-width-100 elementor-widget elementor-widget-wd_title\" data-id=\"8c49b61\" data-element_type=\"widget\" data-e-type=\"widget\" data-widget_type=\"wd_title.default\">\n\t\t\t\t<div class=\"elementor-widget-container\">\n\t\t\t\t\t\t\t<div class=\"title-wrapper wd-set-mb reset-last-child wd-title-color-default wd-title-style-default wd-title-size-default text-left\">\n\n\t\t\t\n\t\t\t<div class=\"liner-continer\">\n\t\t\t\t<h4 class=\"woodmart-title-container title wd-fontsize-l\">Email<\/h4> \n\t\t\t\t\t\t\t<\/div>\n\n\t\t\t\t\t<\/div>\n\t\t\t\t\t\t<\/div>\n\t\t\t\t<\/div>\n\t\t\t\t<div class=\"elementor-element elementor-element-6c69cad8 elementor-widget elementor-widget-wd_text_block\" data-id=\"6c69cad8\" data-element_type=\"widget\" data-e-type=\"widget\" data-widget_type=\"wd_text_block.default\">\n\t\t\t\t<div class=\"elementor-widget-container\">\n\t\t\t\t\t\t\t<div class=\"wd-text-block reset-last-child text-left\">\n\t\t\t\n\t\t\t<p><u><a href=\"mailto:info@zelenisokovi.com\">info@zelenisokovi.com<\/a><\/u><\/p>\n\t\t\t\t\t<\/div>\n\t\t\t\t\t\t<\/div>\n\t\t\t\t<\/div>\n\t\t\t\t<div class=\"elementor-element elementor-element-307b1199 wd-width-100 elementor-widget elementor-widget-wd_title\" data-id=\"307b1199\" data-element_type=\"widget\" data-e-type=\"widget\" data-widget_type=\"wd_title.default\">\n\t\t\t\t<div class=\"elementor-widget-container\">\n\t\t\t\t\t\t\t<div class=\"title-wrapper wd-set-mb reset-last-child wd-title-color-default wd-title-style-default wd-title-size-default text-left\">\n\n\t\t\t\n\t\t\t<div class=\"liner-continer\">\n\t\t\t\t<h4 class=\"woodmart-title-container title wd-fontsize-l\">j\u00f3v\u00e1hagyva<\/h4> \n\t\t\t\t\t\t\t<\/div>\n\n\t\t\t\t\t\t\t<div class=\"title-after_title reset-last-child wd-fontsize-xs\">\n\t\t\t\t\t<p>Szerb Eg\u00e9szs\u00e9g\u00fcgyi Miniszt\u00e9rium<\/p>\t\t\t\t<\/div>\n\t\t\t\t\t<\/div>\n\t\t\t\t\t\t<\/div>\n\t\t\t\t<\/div>\n\t\t\t\t<\/div>\n\t\t\t\t\t<\/div>\n\t\t\t\t<\/div>\n\t\t\t\t<\/div>\n\t\t<div class=\"elementor-element elementor-element-312f1bb1 e-con-full e-flex e-con e-child\" data-id=\"312f1bb1\" data-element_type=\"container\" data-e-type=\"container\" data-settings=\"{&quot;background_background&quot;:&quot;classic&quot;}\">\n\t\t\t\t<div class=\"elementor-element elementor-element-55d63aae wd-width-100 elementor-widget elementor-widget-wd_title\" data-id=\"55d63aae\" data-element_type=\"widget\" data-e-type=\"widget\" data-widget_type=\"wd_title.default\">\n\t\t\t\t<div class=\"elementor-widget-container\">\n\t\t\t\t\t\t\t<div class=\"title-wrapper wd-set-mb reset-last-child wd-title-color-default wd-title-style-default wd-title-size-default text-left\">\n\n\t\t\t\n\t\t\t<div class=\"liner-continer\">\n\t\t\t\t<h4 class=\"woodmart-title-container title wd-fontsize-l\">K\u00fcldj\u00f6n nek\u00fcnk \u00fczenetet<\/h4> \n\t\t\t\t\t\t\t<\/div>\n\n\t\t\t\t\t<\/div>\n\t\t\t\t\t\t<\/div>\n\t\t\t\t<\/div>\n\t\t\t\t<div class=\"elementor-element elementor-element-6f586a24 elementor-button-align-stretch elementor-widget elementor-widget-form\" data-id=\"6f586a24\" data-element_type=\"widget\" data-e-type=\"widget\" data-settings=\"{&quot;step_next_label&quot;:&quot;K\\u00f6vetkez\\u0151&quot;,&quot;step_previous_label&quot;:&quot;El\\u0151z\\u0151&quot;,&quot;button_width&quot;:&quot;100&quot;,&quot;step_type&quot;:&quot;number_text&quot;,&quot;step_icon_shape&quot;:&quot;circle&quot;}\" data-widget_type=\"form.default\">\n\t\t\t\t<div class=\"elementor-widget-container\">\n\t\t\t\t\t\t\t<form class=\"elementor-form\" method=\"post\" name=\"\u00daj \u0171rlap\" aria-label=\"\u00daj \u0171rlap\">\n\t\t\t<input type=\"hidden\" name=\"post_id\" value=\"10138\"\/>\n\t\t\t<input type=\"hidden\" name=\"form_id\" value=\"6f586a24\"\/>\n\t\t\t<input type=\"hidden\" name=\"referer_title\" value=\"Kapcsolat felv\u00e9tel - Zeleni Sokovi Nemet\" \/>\n\n\t\t\t\t\t\t\t<input type=\"hidden\" name=\"queried_id\" value=\"10138\"\/>\n\t\t\t\n\t\t\t<div class=\"elementor-form-fields-wrapper elementor-labels-above\">\n\t\t\t\t\t\t\t\t<div class=\"elementor-field-type-text elementor-field-group elementor-column elementor-field-group-field_db4ef3b elementor-col-100\">\n\t\t\t\t\t\t\t\t\t\t\t\t<label for=\"form-field-field_db4ef3b\" class=\"elementor-field-label\">\n\t\t\t\t\t\t\t\tN\u00e9v \u00e9s vezet\u00e9kn\u00e9v\t\t\t\t\t\t\t<\/label>\n\t\t\t\t\t\t\t\t\t\t\t\t\t\t<input size=\"1\" type=\"text\" name=\"form_fields[field_db4ef3b]\" id=\"form-field-field_db4ef3b\" class=\"elementor-field elementor-size-sm  elementor-field-textual\" placeholder=\"N\u00e9v \u00e9s vezet\u00e9kn\u00e9v\">\n\t\t\t\t\t\t\t\t\t\t\t<\/div>\n\t\t\t\t\t\t\t\t<div class=\"elementor-field-type-email elementor-field-group elementor-column elementor-field-group-email elementor-col-100 elementor-field-required\">\n\t\t\t\t\t\t\t\t\t\t\t\t<label for=\"form-field-email\" class=\"elementor-field-label\">\n\t\t\t\t\t\t\t\tEmail\t\t\t\t\t\t\t<\/label>\n\t\t\t\t\t\t\t\t\t\t\t\t\t\t<input size=\"1\" type=\"email\" name=\"form_fields[email]\" id=\"form-field-email\" class=\"elementor-field elementor-size-sm  elementor-field-textual\" placeholder=\"Email\" required=\"required\">\n\t\t\t\t\t\t\t\t\t\t\t<\/div>\n\t\t\t\t\t\t\t\t<div class=\"elementor-field-type-text elementor-field-group elementor-column elementor-field-group-name elementor-col-100\">\n\t\t\t\t\t\t\t\t\t\t\t\t<label for=\"form-field-name\" class=\"elementor-field-label\">\n\t\t\t\t\t\t\t\tTelefon\t\t\t\t\t\t\t<\/label>\n\t\t\t\t\t\t\t\t\t\t\t\t\t\t<input size=\"1\" type=\"text\" name=\"form_fields[name]\" id=\"form-field-name\" class=\"elementor-field elementor-size-sm  elementor-field-textual\" placeholder=\"Telefon\">\n\t\t\t\t\t\t\t\t\t\t\t<\/div>\n\t\t\t\t\t\t\t\t<div class=\"elementor-field-type-textarea elementor-field-group elementor-column elementor-field-group-message elementor-col-100\">\n\t\t\t\t\t\t\t\t\t\t\t\t<label for=\"form-field-message\" class=\"elementor-field-label\">\n\t\t\t\t\t\t\t\tEgy \u00fczenet\t\t\t\t\t\t\t<\/label>\n\t\t\t\t\t\t<textarea class=\"elementor-field-textual elementor-field  elementor-size-sm\" name=\"form_fields[message]\" id=\"form-field-message\" rows=\"4\" placeholder=\"Egy \u00fczenet\"><\/textarea>\t\t\t\t<\/div>\n\t\t\t\t\t\t\t\t<div class=\"elementor-field-group elementor-column elementor-field-type-submit elementor-col-100 e-form__buttons\">\n\t\t\t\t\t<button class=\"elementor-button elementor-size-sm\" type=\"submit\">\n\t\t\t\t\t\t<span class=\"elementor-button-content-wrapper\">\n\t\t\t\t\t\t\t\t\t\t\t\t\t\t\t\t\t\t\t\t\t\t<span class=\"elementor-button-text\">\u00dczenet k\u00fcld\u00e9se<\/span>\n\t\t\t\t\t\t\t\t\t\t\t\t\t<\/span>\n\t\t\t\t\t<\/button>\n\t\t\t\t<\/div>\n\t\t\t<\/div>\n\t\t<\/form>\n\t\t\t\t\t\t<\/div>\n\t\t\t\t<\/div>\n\t\t\t\t<\/div>\n\t\t\t\t\t<\/div>\n\t\t\t\t<\/div>\n\t\t\t\t<section class=\"wd-negative-gap elementor-section elementor-top-section elementor-element elementor-element-1ea0b185 wd-section-stretch elementor-section-boxed elementor-section-height-default elementor-section-height-default\" data-id=\"1ea0b185\" data-element_type=\"section\" data-e-type=\"section\" data-settings=\"{&quot;background_background&quot;:&quot;classic&quot;}\">\n\t\t\t\t\t\t<div class=\"elementor-container elementor-column-gap-default\">\n\t\t\t\t\t<div class=\"elementor-column elementor-col-100 elementor-top-column elementor-element elementor-element-499df6f8\" data-id=\"499df6f8\" data-element_type=\"column\" data-e-type=\"column\">\n\t\t\t<div class=\"elementor-widget-wrap elementor-element-populated\">\n\t\t\t\t\t\t<section class=\"wd-negative-gap elementor-section elementor-inner-section elementor-element elementor-element-4bd9010c elementor-section-content-middle elementor-section-boxed elementor-section-height-default elementor-section-height-default\" data-id=\"4bd9010c\" data-element_type=\"section\" data-e-type=\"section\" data-settings=\"{&quot;background_background&quot;:&quot;classic&quot;}\">\n\t\t\t\t\t\t<div class=\"elementor-container elementor-column-gap-default\">\n\t\t\t\t\t<div class=\"elementor-column elementor-col-50 elementor-inner-column elementor-element elementor-element-395d78e9\" data-id=\"395d78e9\" data-element_type=\"column\" data-e-type=\"column\">\n\t\t\t<div class=\"elementor-widget-wrap elementor-element-populated\">\n\t\t\t\t\t\t<div class=\"elementor-element elementor-element-6323b8f6 elementor-widget elementor-widget-wd_image_or_svg\" data-id=\"6323b8f6\" data-element_type=\"widget\" data-e-type=\"widget\" data-widget_type=\"wd_image_or_svg.default\">\n\t\t\t\t<div class=\"elementor-widget-container\">\n\t\t\t\t\t\n\t\t<div class=\"wd-image text-center\">\n\t\t\t\t\t\t\t\t<img loading=\"lazy\" decoding=\"async\" width=\"80\" height=\"90\" src=\"https:\/\/eliksirvitalnosti.com\/wp-content\/uploads\/2025\/01\/cropped-Zeleni-Sokovi-Logotrans-300-dpi-1-1-80x90.webp\" class=\"attachment-80x90 size-80x90\" alt=\"Zeleni Sokovi Nemet - alternativni logotip Jan 2025\" srcset=\"https:\/\/eliksirvitalnosti.com\/wp-content\/uploads\/2025\/01\/cropped-Zeleni-Sokovi-Logotrans-300-dpi-1-1-80x90.webp 80w, https:\/\/eliksirvitalnosti.com\/wp-content\/uploads\/2025\/01\/cropped-Zeleni-Sokovi-Logotrans-300-dpi-1-1-271x300.webp 271w, https:\/\/eliksirvitalnosti.com\/wp-content\/uploads\/2025\/01\/cropped-Zeleni-Sokovi-Logotrans-300-dpi-1-1-768x850.webp 768w, https:\/\/eliksirvitalnosti.com\/wp-content\/uploads\/2025\/01\/cropped-Zeleni-Sokovi-Logotrans-300-dpi-1-1-300x332.webp 300w, https:\/\/eliksirvitalnosti.com\/wp-content\/uploads\/2025\/01\/cropped-Zeleni-Sokovi-Logotrans-300-dpi-1-1-600x664.webp 600w, https:\/\/eliksirvitalnosti.com\/wp-content\/uploads\/2025\/01\/cropped-Zeleni-Sokovi-Logotrans-300-dpi-1-1-150x166.webp 150w, https:\/\/eliksirvitalnosti.com\/wp-content\/uploads\/2025\/01\/cropped-Zeleni-Sokovi-Logotrans-300-dpi-1-1.webp 807w\" sizes=\"auto, (max-width: 80px) 100vw, 80px\" \/>\t\t\t\t\t<\/div>\n\n\t\t\t\t\t\t<\/div>\n\t\t\t\t<\/div>\n\t\t\t\t<div class=\"elementor-element elementor-element-2f69ef29 wd-width-100 elementor-widget elementor-widget-wd_title\" data-id=\"2f69ef29\" data-element_type=\"widget\" data-e-type=\"widget\" data-widget_type=\"wd_title.default\">\n\t\t\t\t<div class=\"elementor-widget-container\">\n\t\t\t\t\t\t\t<div class=\"title-wrapper wd-set-mb reset-last-child wd-title-color-primary wd-title-style-simple wd-title-size-default text-center\">\n\n\t\t\t\t\t\t\t\t\t\t\t<div class=\"title-subtitle subtitle-color-primary subtitle-style-default wd-fontsize-xs\">\n\t\t\t\t\tP\u00e9nzkeres\u00e9si lehet\u0151s\u00e9gek\t\t\t\t<\/div>\n\t\t\t\n\t\t\t<div class=\"liner-continer\">\n\t\t\t\t<h4 class=\"woodmart-title-container title wd-fontsize-l\">Legyen partner\u00fcnk<\/h4> \n\t\t\t\t\t\t\t<\/div>\n\n\t\t\t\t\t\t\t<div class=\"title-after_title reset-last-child wd-fontsize-xs\">\n\t\t\t\t\t<p>Zeleni Sokovi Nemet - ahol az eg\u00e9szs\u00e9g munka lesz, a munka pedig \u00f6r\u00f6m!<\/p>\t\t\t\t<\/div>\n\t\t\t\t\t<\/div>\n\t\t\t\t\t\t<\/div>\n\t\t\t\t<\/div>\n\t\t\t\t<div class=\"elementor-element elementor-element-2640df elementor-widget elementor-widget-wd_button\" data-id=\"2640df\" data-element_type=\"widget\" data-e-type=\"widget\" data-widget_type=\"wd_button.default\">\n\t\t\t\t<div class=\"elementor-widget-container\">\n\t\t\t\t\t\t\t<div class=\"wd-button-wrapper text-center\" >\n\t\t\t<a class=\"btn btn-style-default btn-shape-rectangle btn-size-default btn-color-primary btn-icon-pos-right\" href=\"https:\/\/eliksirvitalnosti.com\/hu\/ajanlasi-program\/\">\n\t\t\t\t<span class=\"wd-btn-text\" data-elementor-setting-key=\"text\">\n\t\t\t\t\tLEGYEN A PARTNER\u00dcNK\t\t\t\t<\/span>\n\n\t\t\t\t\t\t\t<\/a>\n\t\t<\/div>\n\t\t\t\t\t\t<\/div>\n\t\t\t\t<\/div>\n\t\t\t\t\t<\/div>\n\t\t<\/div>\n\t\t\t\t<div class=\"elementor-column elementor-col-50 elementor-inner-column elementor-element elementor-element-28960946\" data-id=\"28960946\" data-element_type=\"column\" data-e-type=\"column\">\n\t\t\t<div class=\"elementor-widget-wrap elementor-element-populated\">\n\t\t\t\t\t\t<div class=\"elementor-element elementor-element-41aac10c wd-width-100 elementor-widget elementor-widget-wd_title\" data-id=\"41aac10c\" data-element_type=\"widget\" data-e-type=\"widget\" data-widget_type=\"wd_title.default\">\n\t\t\t\t<div class=\"elementor-widget-container\">\n\t\t\t\t\t\t\t<div class=\"title-wrapper wd-set-mb reset-last-child wd-title-color-primary wd-title-style-simple wd-title-size-default text-center\">\n\n\t\t\t\t\t\t\t\t\t\t\t<div class=\"title-subtitle subtitle-color-primary subtitle-style-default wd-fontsize-xs\">\n\t\t\t\t\tV\u00e1s\u00e1roljon kedvezm\u00e9nyekkel\t\t\t\t<\/div>\n\t\t\t\n\t\t\t<div class=\"liner-continer\">\n\t\t\t\t<h4 class=\"woodmart-title-container title wd-fontsize-l\">Legyen VIP tag<\/h4> \n\t\t\t\t\t\t\t<\/div>\n\n\t\t\t\t\t\t\t<div class=\"title-after_title reset-last-child wd-fontsize-xs\">\n\t\t\t\t\t<p>\u00dcdv\u00f6z\u00f6lj\u00fck az exkluz\u00edv el\u0151ny\u00f6kkel teli vil\u00e1gban, amely csak VIP tagjainknak van! Haszn\u00e1lja ki a lehet\u0151s\u00e9get, hogy meg\u0151rizze eg\u00e9szs\u00e9g\u00e9t \u00e9s csal\u00e1dja eg\u00e9szs\u00e9g\u00e9t. \u00d6n\u00f6knek kialak\u00edtott k\u00fcl\u00f6nleges el\u0151ny\u00f6kkel. Ha meg szeretn\u00e9 n\u00e9zni az aj\u00e1nlatot, kattintson az al\u00e1bbi gombra.  <\/p>\t\t\t\t<\/div>\n\t\t\t\t\t<\/div>\n\t\t\t\t\t\t<\/div>\n\t\t\t\t<\/div>\n\t\t\t\t<div class=\"elementor-element elementor-element-387cc352 elementor-widget elementor-widget-wd_button\" data-id=\"387cc352\" data-element_type=\"widget\" data-e-type=\"widget\" data-widget_type=\"wd_button.default\">\n\t\t\t\t<div class=\"elementor-widget-container\">\n\t\t\t\t\t\t\t<div class=\"wd-button-wrapper text-center\" >\n\t\t\t<a class=\"btn btn-style-default btn-shape-rectangle btn-size-default btn-color-primary btn-icon-pos-right\" href=\"https:\/\/eliksirvitalnosti.com\/hu\/legyel-vip-tag\/\">\n\t\t\t\t<span class=\"wd-btn-text\" data-elementor-setting-key=\"text\">\n\t\t\t\t\tLEGYEN VIP TAG\t\t\t\t<\/span>\n\n\t\t\t\t\t\t\t<\/a>\n\t\t<\/div>\n\t\t\t\t\t\t<\/div>\n\t\t\t\t<\/div>\n\t\t\t\t\t<\/div>\n\t\t<\/div>\n\t\t\t\t\t<\/div>\n\t\t<\/section>\n\t\t\t\t\t<\/div>\n\t\t<\/div>\n\t\t\t\t\t<\/div>\n\t\t<\/section>\n\t\t<div class=\"elementor-element elementor-element-72d9ce82 e-con-full wd-section-stretch-content e-flex e-con e-parent\" data-id=\"72d9ce82\" data-element_type=\"container\" data-e-type=\"container\">\n\t\t\t\t<div class=\"elementor-element elementor-element-22353052 elementor-widget elementor-widget-html\" data-id=\"22353052\" data-element_type=\"widget\" data-e-type=\"widget\" data-widget_type=\"html.default\">\n\t\t\t\t<div class=\"elementor-widget-container\">\n\t\t\t\t\t<iframe src=\"https:\/\/www.google.com\/maps\/embed?pb=!1m14!1m8!1m3!1d11065.144342301555!2d19.7477888!3d46.1052061!3m2!1i1024!2i768!4f13.1!3m3!1m2!1s0x47436186b138e2cd%3A0x71fb8647732fc936!2sZeleni%20Sokovi%20Nemet!5e0!3m2!1sen!2srs!4v1733849191999!5m2!1sen!2srs\" width=\"600\" height=\"450\" style=\"border:0;\" allowfullscreen=\"\" loading=\"lazy\" referrerpolicy=\"no-referrer-when-downgrade\"><\/iframe>\t\t\t\t<\/div>\n\t\t\t\t<\/div>\n\t\t\t\t<\/div>\n\t\t<div class=\"wd-negative-gap elementor-element elementor-element-e6d1811 e-flex e-con-boxed e-con e-parent\" data-id=\"e6d1811\" data-element_type=\"container\" data-e-type=\"container\">\n\t\t\t\t\t<div class=\"e-con-inner\">\n\t\t\t\t<div class=\"elementor-element elementor-element-e5214c8 color-scheme-inherit text-left elementor-widget elementor-widget-text-editor\" data-id=\"e5214c8\" data-element_type=\"widget\" data-e-type=\"widget\" data-widget_type=\"text-editor.default\">\n\t\t\t\t<div class=\"elementor-widget-container\">\n\t\t\t\t\t\t\t\t\t<div><b>2NDCHANCE alkalmaz\u00e1s<\/b><\/div><div>A 2NDCHANCE alkalmaz\u00e1s a Zeleni Sokovi Nemet platform r\u00e9sze.<br>Ez a szakasz kiz\u00e1r\u00f3lag a <b>Google Play<\/b> \u00e9s App Store \u00e1ruh\u00e1zban el\u00e9rhet\u0151 <b>2NDCHANCE alkalmaz\u00e1sra<\/b> vonatkozik.<\/div><hr><div><b>Fi\u00f3k t\u00f6rl\u00e9se<\/b><\/div><div>A 2NDCHANCE mobilalkalmaz\u00e1sban l\u00e9trehozott fi\u00f3k t\u00f6rl\u00e9s\u00e9hez a k\u00f6vetkez\u0151ket kell tennie:<\/div><ul><li><div role=\"presentation\">L\u00e9pjen be az alkalmaz\u00e1sba \u2192 <b>Profil<\/b> \u2192 <b>Fi\u00f3k t\u00f6rl\u00e9se<\/b><br><b>VAGY<\/b><\/div><\/li><li><div role=\"presentation\">K\u00fcldj\u00f6n k\u00e9relmet a kapcsolatfelv\u00e9teli oldalon el\u00e9rhet\u0151 \u0171rlapon kereszt\u00fcl<\/div><\/li><\/ul><div>Fi\u00f3kja <b>30 napon<\/b> bel\u00fcl t\u00f6rl\u00e9sre ker\u00fcl.<\/div>\t\t\t\t\t\t\t\t<\/div>\n\t\t\t\t<\/div>\n\t\t\t\t\t<\/div>\n\t\t\t\t<\/div>\n\t\t\t\t<\/div>\n\t\t","protected":false},"excerpt":{"rendered":"<p>ZELENI SOKOVI NEMET DOO \u00dczlet:Heged\u0171s J\u00f3zsef utca 2, 24413, Palics, Szerbia Gy\u00e1rt\u00e1s:Roga\u0161ka 10, 24413 Palics, Szerbia Munkanapokon 09.00-15.00 \u00f3r\u00e1ig H\u00e9tv\u00e9g\u00e9n<\/p>\n","protected":false},"author":1,"featured_media":0,"parent":0,"menu_order":19,"comment_status":"closed","ping_status":"closed","template":"elementor_header_footer","meta":{"_acf_changed":false,"footnotes":""},"class_list":["post-10138","page","type-page","status-publish","hentry"],"acf":[],"_links":{"self":[{"href":"https:\/\/eliksirvitalnosti.com\/hu\/wp-json\/wp\/v2\/pages\/10138","targetHints":{"allow":["GET"]}}],"collection":[{"href":"https:\/\/eliksirvitalnosti.com\/hu\/wp-json\/wp\/v2\/pages"}],"about":[{"href":"https:\/\/eliksirvitalnosti.com\/hu\/wp-json\/wp\/v2\/types\/page"}],"author":[{"embeddable":true,"href":"https:\/\/eliksirvitalnosti.com\/hu\/wp-json\/wp\/v2\/users\/1"}],"replies":[{"embeddable":true,"href":"https:\/\/eliksirvitalnosti.com\/hu\/wp-json\/wp\/v2\/comments?post=10138"}],"version-history":[{"count":0,"href":"https:\/\/eliksirvitalnosti.com\/hu\/wp-json\/wp\/v2\/pages\/10138\/revisions"}],"wp:attachment":[{"href":"https:\/\/eliksirvitalnosti.com\/hu\/wp-json\/wp\/v2\/media?parent=10138"}],"curies":[{"name":"wp","href":"https:\/\/api.w.org\/{rel}","templated":true}]}}