{"id":10223,"date":"2024-05-09T10:17:56","date_gmt":"2024-05-09T10:17:56","guid":{"rendered":"https:\/\/eliksirvitalnosti.com\/orvosaink\/"},"modified":"2026-04-02T14:09:46","modified_gmt":"2026-04-02T14:09:46","slug":"orvosaink","status":"publish","type":"page","link":"https:\/\/eliksirvitalnosti.com\/hu\/orvosaink\/","title":{"rendered":"Orvosaink"},"content":{"rendered":"\t\t<div data-elementor-type=\"wp-page\" data-elementor-id=\"10223\" class=\"elementor elementor-10223 elementor-1297\" data-elementor-post-type=\"page\">\n\t\t\t\t<div class=\"wd-negative-gap elementor-element elementor-element-542a9a0e e-flex e-con-boxed e-con e-parent\" data-id=\"542a9a0e\" data-element_type=\"container\" data-e-type=\"container\">\n\t\t\t\t\t<div class=\"e-con-inner\">\n\t\t<div class=\"elementor-element elementor-element-69b49f86 e-con-full e-flex e-con e-child\" data-id=\"69b49f86\" data-element_type=\"container\" data-e-type=\"container\">\n\t\t\t\t<div class=\"elementor-element elementor-element-7ba1d6d8 wd-width-100 elementor-widget elementor-widget-wd_title\" data-id=\"7ba1d6d8\" data-element_type=\"widget\" data-e-type=\"widget\" data-widget_type=\"wd_title.default\">\n\t\t\t\t<div class=\"elementor-widget-container\">\n\t\t\t\t\t\t\t<div class=\"title-wrapper wd-set-mb reset-last-child wd-title-color-default wd-title-style-default wd-title-size-default text-center\">\n\n\t\t\t\t\t\t\t\t\t\t\t<div class=\"title-subtitle subtitle-color-default subtitle-style-default wd-fontsize-xs\">\n\t\t\t\t\tOrvoscsapatunk\t\t\t\t<\/div>\n\t\t\t\n\t\t\t<div class=\"liner-continer\">\n\t\t\t\t<h4 class=\"woodmart-title-container title wd-fontsize-l\">A mindennapok h\u0151sei<\/h4> \n\t\t\t\t\t\t\t<\/div>\n\n\t\t\t\t\t<\/div>\n\t\t\t\t\t\t<\/div>\n\t\t\t\t<\/div>\n\t\t\t\t<div class=\"elementor-element elementor-element-3348a8e0 elementor-widget elementor-widget-wd_text_block\" data-id=\"3348a8e0\" data-element_type=\"widget\" data-e-type=\"widget\" data-widget_type=\"wd_text_block.default\">\n\t\t\t\t<div class=\"elementor-widget-container\">\n\t\t\t\t\t\t\t<div class=\"wd-text-block reset-last-child text-left\">\n\t\t\t\n\t\t\t<p>A mai rohan\u00f3 vil\u00e1gban nem lehet t\u00falbecs\u00fclni a csapatmunka fontoss\u00e1g\u00e1t. Legyen sz\u00f3 \u00fczleti, tudom\u00e1nyos, sport vagy b\u00e1rmilyen m\u00e1s ter\u00fcletr\u0151l, az \u00f6sszetart\u00f3 csapat \u00e1ltal gener\u00e1lt szinergia p\u00e1ratlan. A csapatmunka el\u0151seg\u00edti az egy\u00fcttm\u0171k\u00f6d\u00e9st, az innov\u00e1ci\u00f3t \u00e9s a k\u00f6z\u00f6s sikereket.  <\/p><p>A csapatmunka egyik legjelent\u0151sebb el\u0151nye, hogy sokf\u00e9le n\u00e9z\u0151pontot egyes\u00edt. Minden tag egyedi k\u00e9szs\u00e9gekkel, tapasztalatokkal \u00e9s megl\u00e1t\u00e1sokkal rendelkezik, amelyek kombin\u00e1lva \u00f6tletek \u00e9s megk\u00f6zel\u00edt\u00e9sek gazdag t\u00e1rh\u00e1z\u00e1t alkotj\u00e1k. Ez a v\u00e1ltozatoss\u00e1g nemcsak a probl\u00e9mamegold\u00f3 k\u00e9pess\u00e9geket fejleszti, hanem a kreativit\u00e1st \u00e9s a \u201eDobozon k\u00edv\u00fcli\u201d gondolkod\u00e1st is er\u0151s\u00edti.  <\/p><p>S\u0151t, egy csapat tagj\u00e1nak lenni er\u0151s\u00edti a hovatartoz\u00e1s \u00e9s a bajt\u00e1rsiass\u00e1g \u00e9rz\u00e9s\u00e9t. Az egy\u00fcttm\u0171k\u00f6d\u00e9s bizalmat \u00e9p\u00edt, \u00e9s er\u0151s\u00edti a csapattagok k\u00f6z\u00f6tti emberi kapcsolatokat. Ez a t\u00e1mogat\u00f3 k\u00f6rnyezet nemcsak a munk\u00e1val val\u00f3 el\u00e9gedetts\u00e9get n\u00f6veli, hanem jav\u00edtja a mor\u00e1lt \u00e9s az \u00e1ltal\u00e1nos j\u00f3l\u00e9tet is. Annak tudata, hogy az ember nincs egyed\u00fcl a kih\u00edv\u00e1sokkal szemben, cs\u00f6kkentheti a stresszt \u00e9s n\u00f6velheti a rugalmass\u00e1got.   <\/p>\n\t\t\t\t\t<\/div>\n\t\t\t\t\t\t<\/div>\n\t\t\t\t<\/div>\n\t\t\t\t<\/div>\n\t\t\t\t\t<\/div>\n\t\t\t\t<\/div>\n\t\t<div class=\"wd-negative-gap elementor-element elementor-element-e1d7f53 e-flex e-con-boxed e-con e-parent\" data-id=\"e1d7f53\" data-element_type=\"container\" data-e-type=\"container\">\n\t\t\t\t\t<div class=\"e-con-inner\">\n\t\t<div class=\"elementor-element elementor-element-e63e6d3 e-con-full e-flex e-con e-child\" data-id=\"e63e6d3\" data-element_type=\"container\" data-e-type=\"container\">\n\t\t\t\t<div class=\"elementor-element elementor-element-a69a59c elementor-widget elementor-widget-wd_image_or_svg\" data-id=\"a69a59c\" data-element_type=\"widget\" data-e-type=\"widget\" data-widget_type=\"wd_image_or_svg.default\">\n\t\t\t\t<div class=\"elementor-widget-container\">\n\t\t\t\t\t\n\t\t<div class=\"wd-image text-center\">\n\t\t\t\t\t\t\t\t<img decoding=\"async\" width=\"300\" height=\"533\" src=\"https:\/\/eliksirvitalnosti.com\/wp-content\/uploads\/2026\/03\/Ivana-300x533.jpg\" class=\"attachment-300x size-300x\" alt=\"\" srcset=\"https:\/\/eliksirvitalnosti.com\/wp-content\/uploads\/2026\/03\/Ivana-300x533.jpg 300w, https:\/\/eliksirvitalnosti.com\/wp-content\/uploads\/2026\/03\/Ivana-169x300.jpg 169w, https:\/\/eliksirvitalnosti.com\/wp-content\/uploads\/2026\/03\/Ivana-150x267.jpg 150w, https:\/\/eliksirvitalnosti.com\/wp-content\/uploads\/2026\/03\/Ivana-500x889.jpg 500w, https:\/\/eliksirvitalnosti.com\/wp-content\/uploads\/2026\/03\/Ivana.jpg 563w\" sizes=\"(max-width: 300px) 100vw, 300px\">\t\t\t\t\t<\/div>\n\n\t\t\t\t\t\t<\/div>\n\t\t\t\t<\/div>\n\t\t\t\t<\/div>\n\t\t<div class=\"elementor-element elementor-element-241c4a0 e-con-full e-flex e-con e-child\" data-id=\"241c4a0\" data-element_type=\"container\" data-e-type=\"container\">\n\t\t\t\t<div class=\"elementor-element elementor-element-b449849 wd-width-100 elementor-widget elementor-widget-wd_title\" data-id=\"b449849\" data-element_type=\"widget\" data-e-type=\"widget\" data-widget_type=\"wd_title.default\">\n\t\t\t\t<div class=\"elementor-widget-container\">\n\t\t\t\t\t\t\t<div class=\"title-wrapper wd-set-mb reset-last-child wd-title-color-default wd-title-style-default wd-title-size-default text-center\">\n\n\t\t\t\n\t\t\t<div class=\"liner-continer\">\n\t\t\t\t<h4 class=\"woodmart-title-container title wd-fontsize-l\">Dr. Ivana Ad\u017ei\u0107<\/h4> \n\t\t\t\t\t\t\t<\/div>\n\n\t\t\t\t\t\t\t<div class=\"title-after_title reset-last-child wd-fontsize-xs\">\n\t\t\t\t\t<p><strong><em>\u00c1ltal\u00e1nos orvos<\/em><\/strong><\/p>\t\t\t\t<\/div>\n\t\t\t\t\t<\/div>\n\t\t\t\t\t\t<\/div>\n\t\t\t\t<\/div>\n\t\t\t\t<div class=\"elementor-element elementor-element-0cd6e43 elementor-widget elementor-widget-wd_text_block\" data-id=\"0cd6e43\" data-element_type=\"widget\" data-e-type=\"widget\" data-widget_type=\"wd_text_block.default\">\n\t\t\t\t<div class=\"elementor-widget-container\">\n\t\t\t\t\t\t\t<div class=\"wd-text-block reset-last-child text-left\">\n\t\t\t\n\t\t\t<p><span style=\"font-weight: 400;\">Dr. Ivana Ad\u017ei\u0107 t\u00edz\u00e9ves tapasztalattal rendelkez\u0151 orvos az alapell\u00e1t\u00e1sban, a szabadkai  <\/span><span style=\"font-weight: 400;\">Eg\u00e9szs\u00e9gh\u00e1zban. Szakmai tud\u00e1s\u00e1t sok\u00e9ves gyakorlattal \u00f6tv\u00f6zi, hite szerint   <\/span><span style=\"font-weight: 400;\">az eg\u00e9szs\u00e9g csak akkor nyeri el val\u00f3di \u00e9rtelm\u00e9t, ha az orvosl\u00e1s a meg\u00e9rt\u00e9sen, a tapasztalaton \u00e9s az <\/span><span style=\"font-weight: 400;\">egy\u00e9ni megk\u00f6zel\u00edt\u00e9sen alapul.<\/span><\/p><p><span style=\"font-weight: 400;\">A konzult\u00e1ci\u00f3k keret\u00e9ben a k\u00f6vetkez\u0151ket ny\u00fajtja:<\/span><\/p><ul><li style=\"font-weight: 400;\" aria-level=\"1\"><span style=\"font-weight: 400;\">\u00e1ltal\u00e1nos eg\u00e9szs\u00e9g\u00fcgyi konzult\u00e1ci\u00f3 egy\u00e9ni besz\u00e9lget\u00e9sen \u00e9s szem\u00e9lyre szabott aj\u00e1nl\u00e1sokon kereszt\u00fcl<\/span><\/li><li style=\"font-weight: 400;\" aria-level=\"1\"><span style=\"font-weight: 400;\">az eg\u00e9szs\u00e9gi \u00e1llapot nyomon k\u00f6vet\u00e9se klinikai param\u00e9terek \u00e9s a k\u00f3rt\u00f6rt\u00e9net r\u00e9szletes elemz\u00e9se alapj\u00e1n<\/span><\/li><li style=\"font-weight: 400;\" aria-level=\"1\"><span style=\"font-weight: 400;\">tan\u00e1csad\u00e1s a megel\u0151z\u00e9s keret\u00e9ben \u00e9s a potenci\u00e1lis probl\u00e9m\u00e1k korai felismer\u00e9se<\/span><\/li><\/ul><p><span style=\"font-weight: 400;\">Megk\u00f6zel\u00edt\u00e9se az eg\u00e9szs\u00e9g felel\u0151ss\u00e9gteljes, \u00e1tfog\u00f3 szeml\u00e9let\u00e9re ir\u00e1nyul, c\u00e9lja a <\/span><span style=\"font-weight: 400;\">szervezet hossz\u00fa t\u00e1v\u00fa stabilit\u00e1sa \u00e9s t\u00e1mogat\u00e1sa.<\/span><\/p>\n\t\t\t\t\t<\/div>\n\t\t\t\t\t\t<\/div>\n\t\t\t\t<\/div>\n\t\t\t\t<div class=\"elementor-element elementor-element-ce63e97 elementor-align-center elementor-widget elementor-widget-button\" data-id=\"ce63e97\" data-element_type=\"widget\" data-e-type=\"widget\" data-widget_type=\"button.default\">\n\t\t\t\t<div class=\"elementor-widget-container\">\n\t\t\t\t\t\t\t\t\t<div class=\"elementor-button-wrapper\">\n\t\t\t\t\t<a class=\"elementor-button elementor-button-link elementor-size-sm\" href=\"tel:+381606162110\">\n\t\t\t\t\t\t<span class=\"elementor-button-content-wrapper\">\n\t\t\t\t\t\t\t\t\t<span class=\"elementor-button-text\">Foglaljon id\u0151pontot konzult\u00e1ci\u00f3ra: 060\/ 61 62 110<\/span>\n\t\t\t\t\t<\/span>\n\t\t\t\t\t<\/a>\n\t\t\t\t<\/div>\n\t\t\t\t\t\t\t\t<\/div>\n\t\t\t\t<\/div>\n\t\t\t\t<\/div>\n\t\t\t\t\t<\/div>\n\t\t\t\t<\/div>\n\t\t<div class=\"wd-negative-gap elementor-element elementor-element-4ed3542 e-flex e-con-boxed e-con e-parent\" data-id=\"4ed3542\" data-element_type=\"container\" data-e-type=\"container\">\n\t\t\t\t\t<div class=\"e-con-inner\">\n\t\t<div class=\"elementor-element elementor-element-cfa8a59 e-con-full e-flex e-con e-child\" data-id=\"cfa8a59\" data-element_type=\"container\" data-e-type=\"container\">\n\t\t\t\t<div class=\"elementor-element elementor-element-907af4d elementor-widget elementor-widget-wd_image_or_svg\" data-id=\"907af4d\" data-element_type=\"widget\" data-e-type=\"widget\" data-widget_type=\"wd_image_or_svg.default\">\n\t\t\t\t<div class=\"elementor-widget-container\">\n\t\t\t\t\t\n\t\t<div class=\"wd-image text-center\">\n\t\t\t\t\t\t\t\t<img decoding=\"async\" width=\"300\" height=\"533\" src=\"https:\/\/eliksirvitalnosti.com\/wp-content\/uploads\/2026\/03\/Aleksandra-h-300x533.jpg\" class=\"attachment-300x size-300x\" alt=\"\" srcset=\"https:\/\/eliksirvitalnosti.com\/wp-content\/uploads\/2026\/03\/Aleksandra-h-300x533.jpg 300w, https:\/\/eliksirvitalnosti.com\/wp-content\/uploads\/2026\/03\/Aleksandra-h-169x300.jpg 169w, https:\/\/eliksirvitalnosti.com\/wp-content\/uploads\/2026\/03\/Aleksandra-h-150x267.jpg 150w, https:\/\/eliksirvitalnosti.com\/wp-content\/uploads\/2026\/03\/Aleksandra-h.jpg 563w\" sizes=\"(max-width: 300px) 100vw, 300px\">\t\t\t\t\t<\/div>\n\n\t\t\t\t\t\t<\/div>\n\t\t\t\t<\/div>\n\t\t\t\t<\/div>\n\t\t<div class=\"elementor-element elementor-element-f88b8b7 e-con-full e-flex e-con e-child\" data-id=\"f88b8b7\" data-element_type=\"container\" data-e-type=\"container\">\n\t\t\t\t<div class=\"elementor-element elementor-element-138cca7 wd-width-100 elementor-widget elementor-widget-wd_title\" data-id=\"138cca7\" data-element_type=\"widget\" data-e-type=\"widget\" data-widget_type=\"wd_title.default\">\n\t\t\t\t<div class=\"elementor-widget-container\">\n\t\t\t\t\t\t\t<div class=\"title-wrapper wd-set-mb reset-last-child wd-title-color-default wd-title-style-default wd-title-size-default text-center\">\n\n\t\t\t\n\t\t\t<div class=\"liner-continer\">\n\t\t\t\t<h4 class=\"woodmart-title-container title wd-fontsize-l\">Aleksandra Hever<\/h4> \n\t\t\t\t\t\t\t<\/div>\n\n\t\t\t\t\t\t\t<div class=\"title-after_title reset-last-child wd-fontsize-xs\">\n\t\t\t\t\t<p><strong><em>Okleveles pszichol\u00f3gus<br><\/em><\/strong><em><span style=\"font-weight: 400\">Szakter\u00fclet: kognit\u00edv pszichol\u00f3gia<\/span><\/em><\/p>\t\t\t\t<\/div>\n\t\t\t\t\t<\/div>\n\t\t\t\t\t\t<\/div>\n\t\t\t\t<\/div>\n\t\t\t\t<div class=\"elementor-element elementor-element-d97da7d elementor-widget elementor-widget-wd_text_block\" data-id=\"d97da7d\" data-element_type=\"widget\" data-e-type=\"widget\" data-widget_type=\"wd_text_block.default\">\n\t\t\t\t<div class=\"elementor-widget-container\">\n\t\t\t\t\t\t\t<div class=\"wd-text-block reset-last-child text-left\">\n\t\t\t\n\t\t\t<p><span style=\"font-weight: 400;\">Aleksandra Hever kognit\u00edv pszichol\u00f3gi\u00e1ra szakosodott okleveles pszichol\u00f3gus, aki a  <\/span><span style=\"font-weight: 400;\">ment\u00e1lis eg\u00e9szs\u00e9g meg\u0151rz\u00e9s\u00e9re \u00e9s a mindennapi \u00e9letmin\u0151s\u00e9g jav\u00edt\u00e1s\u00e1ra \u00f6sszpontos\u00edt. Munk\u00e1ja sor\u00e1n   <\/span><span style=\"font-weight: 400;\">\u00f6tv\u00f6zi a szakmai tud\u00e1st az egy\u00e9ni ig\u00e9nyek meg\u00e9rt\u00e9s\u00e9vel, stabil \u00e9s biztons\u00e1gos teret biztos\u00edtva a <\/span><span style=\"font-weight: 400;\">szem\u00e9lyes fejl\u0151d\u00e9shez.<\/span><\/p><p><span style=\"font-weight: 400;\">Munk\u00e1ja a kognit\u00edv funkci\u00f3k, az \u00e9rzelmi stabilit\u00e1s \u00e9s a szoci\u00e1lis <\/span><span style=\"font-weight: 400;\">kompetenci\u00e1k er\u0151s\u00edt\u00e9s\u00e9re \u00f6sszpontos\u00edt, k\u00fcl\u00f6n\u00f6s hangs\u00falyt fektetve a stresszel \u00e9s a <\/span><span style=\"font-weight: 400;\">modern kih\u00edv\u00e1sokkal val\u00f3 megk\u00fczd\u00e9st seg\u00edt\u0151 gyakorlati eszk\u00f6z\u00f6kre.<\/span><\/p><p><span style=\"font-weight: 400;\">A konzult\u00e1ci\u00f3k keret\u00e9ben a k\u00f6vetkez\u0151ket ny\u00fajtja:<\/span><\/p><ul><li style=\"font-weight: 400;\" aria-level=\"1\"><span style=\"font-weight: 400;\">ment\u00e1lis eg\u00e9szs\u00e9g meg\u0151rz\u00e9s\u00e9re ir\u00e1nyul\u00f3 tan\u00e1csad\u00e1s<\/span><\/li><li style=\"font-weight: 400;\" aria-level=\"1\"><span style=\"font-weight: 400;\">egy\u00e9ni \u00e9s csoportos besz\u00e9lget\u00e9sek a kognit\u00edv rehabilit\u00e1ci\u00f3ra \u00f6sszpontos\u00edtva<\/span><\/li><li style=\"font-weight: 400;\" aria-level=\"1\"><span style=\"font-weight: 400;\">szoci\u00e1lis k\u00e9szs\u00e9gek fejleszt\u00e9se \u00e9s a kommunik\u00e1ci\u00f3 jav\u00edt\u00e1sa<\/span><\/li><li style=\"font-weight: 400;\" aria-level=\"1\"><span style=\"font-weight: 400;\">szocio-emocion\u00e1lis t\u00e1mogat\u00e1s stresszes \u00e9s megterhel\u0151 id\u0151szakokban<\/span><\/li><\/ul><p><span style=\"font-weight: 400;\">Megk\u00f6zel\u00edt\u00e9se a bizalmon, a diszkr\u00e9ci\u00f3n \u00e9s a szak\u00e9rtelmen alapul, c\u00e9lja a hossz\u00fa t\u00e1v\u00fa stabilit\u00e1s \u00e9s a <\/span><span style=\"font-weight: 400;\">bels\u0151 egyens\u00faly megteremt\u00e9se.<\/span><\/p>\n\t\t\t\t\t<\/div>\n\t\t\t\t\t\t<\/div>\n\t\t\t\t<\/div>\n\t\t\t\t<div class=\"elementor-element elementor-element-9005ca6 elementor-align-center elementor-widget elementor-widget-button\" data-id=\"9005ca6\" data-element_type=\"widget\" data-e-type=\"widget\" data-widget_type=\"button.default\">\n\t\t\t\t<div class=\"elementor-widget-container\">\n\t\t\t\t\t\t\t\t\t<div class=\"elementor-button-wrapper\">\n\t\t\t\t\t<a class=\"elementor-button elementor-button-link elementor-size-sm\" href=\"tel:+381606162110\">\n\t\t\t\t\t\t<span class=\"elementor-button-content-wrapper\">\n\t\t\t\t\t\t\t\t\t<span class=\"elementor-button-text\">Foglaljon id\u0151pontot konzult\u00e1ci\u00f3ra: 060\/ 61 62 110<\/span>\n\t\t\t\t\t<\/span>\n\t\t\t\t\t<\/a>\n\t\t\t\t<\/div>\n\t\t\t\t\t\t\t\t<\/div>\n\t\t\t\t<\/div>\n\t\t\t\t<\/div>\n\t\t\t\t\t<\/div>\n\t\t\t\t<\/div>\n\t\t<div class=\"wd-negative-gap elementor-element elementor-element-ab8df97 e-flex e-con-boxed e-con e-parent\" data-id=\"ab8df97\" data-element_type=\"container\" data-e-type=\"container\">\n\t\t\t\t\t<div class=\"e-con-inner\">\n\t\t<div class=\"elementor-element elementor-element-1c52b13 e-con-full e-flex e-con e-child\" data-id=\"1c52b13\" data-element_type=\"container\" data-e-type=\"container\">\n\t\t\t\t<div class=\"elementor-element elementor-element-aac09cb elementor-widget elementor-widget-wd_image_or_svg\" data-id=\"aac09cb\" data-element_type=\"widget\" data-e-type=\"widget\" data-widget_type=\"wd_image_or_svg.default\">\n\t\t\t\t<div class=\"elementor-widget-container\">\n\t\t\t\t\t\n\t\t<div class=\"wd-image text-center\">\n\t\t\t\t\t\t\t\t<img decoding=\"async\" width=\"300\" height=\"533\" src=\"https:\/\/eliksirvitalnosti.com\/wp-content\/uploads\/2026\/03\/Brajan-300x533.jpg\" class=\"attachment-300x size-300x\" alt=\"\" srcset=\"https:\/\/eliksirvitalnosti.com\/wp-content\/uploads\/2026\/03\/Brajan-300x533.jpg 300w, https:\/\/eliksirvitalnosti.com\/wp-content\/uploads\/2026\/03\/Brajan-169x300.jpg 169w, https:\/\/eliksirvitalnosti.com\/wp-content\/uploads\/2026\/03\/Brajan-150x267.jpg 150w, https:\/\/eliksirvitalnosti.com\/wp-content\/uploads\/2026\/03\/Brajan.jpg 563w\" sizes=\"(max-width: 300px) 100vw, 300px\">\t\t\t\t\t<\/div>\n\n\t\t\t\t\t\t<\/div>\n\t\t\t\t<\/div>\n\t\t\t\t<\/div>\n\t\t<div class=\"elementor-element elementor-element-657e4b6 e-con-full e-flex e-con e-child\" data-id=\"657e4b6\" data-element_type=\"container\" data-e-type=\"container\">\n\t\t\t\t<div class=\"elementor-element elementor-element-53a0213 wd-width-100 elementor-widget elementor-widget-wd_title\" data-id=\"53a0213\" data-element_type=\"widget\" data-e-type=\"widget\" data-widget_type=\"wd_title.default\">\n\t\t\t\t<div class=\"elementor-widget-container\">\n\t\t\t\t\t\t\t<div class=\"title-wrapper wd-set-mb reset-last-child wd-title-color-default wd-title-style-default wd-title-size-default text-center\">\n\n\t\t\t\n\t\t\t<div class=\"liner-continer\">\n\t\t\t\t<h4 class=\"woodmart-title-container title wd-fontsize-l\">Brian Antunovic<\/h4> \n\t\t\t\t\t\t\t<\/div>\n\n\t\t\t\t\t\t\t<div class=\"title-after_title reset-last-child wd-fontsize-xs\">\n\t\t\t\t\t<p><strong><em>T\u00e1pl\u00e1lkoz\u00e1si tan\u00e1csad\u00f3 \u00e9s szak\u00e9rt\u0151<\/em><\/strong><\/p>\t\t\t\t<\/div>\n\t\t\t\t\t<\/div>\n\t\t\t\t\t\t<\/div>\n\t\t\t\t<\/div>\n\t\t\t\t<div class=\"elementor-element elementor-element-7d2bc6a elementor-widget elementor-widget-wd_text_block\" data-id=\"7d2bc6a\" data-element_type=\"widget\" data-e-type=\"widget\" data-widget_type=\"wd_text_block.default\">\n\t\t\t\t<div class=\"elementor-widget-container\">\n\t\t\t\t\t\t\t<div class=\"wd-text-block reset-last-child text-left\">\n\t\t\t\n\t\t\t<p><span style=\"font-weight: 400;\">Brajan Antunovi\u0107 t\u00e1pl\u00e1lkoz\u00e1si tan\u00e1csad\u00f3 \u00e9s szak\u00e9rt\u0151, aki t\u00f6bb\u00e9ves tapasztalattal rendelkezik az  <\/span><span style=\"font-weight: 400;\">\u00fcgyfelek egy\u00e9ni ig\u00e9nyeinek kiszolg\u00e1l\u00e1s\u00e1ban. Munk\u00e1ja sor\u00e1n a tudatos t\u00e1pl\u00e1lkoz\u00e1sra, az egyens\u00falyra \u00e9s a   <\/span><span style=\"font-weight: 400;\">szervezet helyes \u00e9s term\u00e9szetes p\u00f3tl\u00e1s \u00e1ltali t\u00e1mogat\u00e1s\u00e1ra \u00f6sszpontos\u00edt.<\/span><\/p><p><span style=\"font-weight: 400;\">Megk\u00f6zel\u00edt\u00e9se a szok\u00e1sok, a c\u00e9lok \u00e9s az aktu\u00e1lis eg\u00e9szs\u00e9gi \u00e1llapot meg\u00e9rt\u00e9s\u00e9n alapul, hangs\u00falyt fektetve a <\/span><span style=\"font-weight: 400;\">fokozatos \u00e9s fenntarthat\u00f3 v\u00e1ltoz\u00e1sokra.<\/span><\/p><p><span style=\"font-weight: 400;\">A konzult\u00e1ci\u00f3k keret\u00e9ben a k\u00f6vetkez\u0151ket ny\u00fajtja:<\/span><\/p><ul><li style=\"font-weight: 400;\" aria-level=\"1\"><span style=\"font-weight: 400;\">egy\u00e9ni t\u00e1pl\u00e1lkoz\u00e1si tan\u00e1csad\u00e1s szem\u00e9lyre szabott aj\u00e1nl\u00e1sokkal<\/span><\/li><li style=\"font-weight: 400;\" aria-level=\"1\"><span style=\"font-weight: 400;\">\u00fatmutat\u00e1s az \u00e9trend-kieg\u00e9sz\u00edt\u0151k helyes \u00e9s biztons\u00e1gos haszn\u00e1lat\u00e1hoz<\/span><\/li><li style=\"font-weight: 400;\" aria-level=\"1\"><span style=\"font-weight: 400;\">t\u00e1mogat\u00e1s az \u00e9letm\u00f3dv\u00e1lt\u00e1sban a hossz\u00fa t\u00e1v\u00fa stabilit\u00e1s \u00e9s a jobb k\u00f6z\u00e9rzet \u00e9rdek\u00e9ben<\/span><\/li><\/ul><p><span style=\"font-weight: 400;\">Munk\u00e1ja arra ir\u00e1nyul, hogy az eg\u00e9szs\u00e9g a tudatos \u00e9s k\u00f6vetkezetes d\u00f6nt\u00e9sek eredm\u00e9nye legyen.<\/span><\/p>\n\t\t\t\t\t<\/div>\n\t\t\t\t\t\t<\/div>\n\t\t\t\t<\/div>\n\t\t\t\t<div class=\"elementor-element elementor-element-68aa0f3 elementor-align-center elementor-widget elementor-widget-button\" data-id=\"68aa0f3\" data-element_type=\"widget\" data-e-type=\"widget\" data-widget_type=\"button.default\">\n\t\t\t\t<div class=\"elementor-widget-container\">\n\t\t\t\t\t\t\t\t\t<div class=\"elementor-button-wrapper\">\n\t\t\t\t\t<a class=\"elementor-button elementor-button-link elementor-size-sm\" href=\"tel:+381601450065\">\n\t\t\t\t\t\t<span class=\"elementor-button-content-wrapper\">\n\t\t\t\t\t\t\t\t\t<span class=\"elementor-button-text\">Foglaljon id\u0151pontot konzult\u00e1ci\u00f3ra: 060\/ 14 50 065<\/span>\n\t\t\t\t\t<\/span>\n\t\t\t\t\t<\/a>\n\t\t\t\t<\/div>\n\t\t\t\t\t\t\t\t<\/div>\n\t\t\t\t<\/div>\n\t\t\t\t<\/div>\n\t\t\t\t\t<\/div>\n\t\t\t\t<\/div>\n\t\t<div class=\"wd-negative-gap elementor-element elementor-element-c5a831 e-flex e-con-boxed e-con e-parent\" data-id=\"c5a831\" data-element_type=\"container\" data-e-type=\"container\" data-settings=\"{&quot;background_background&quot;:&quot;classic&quot;}\">\n\t\t\t\t\t<div class=\"e-con-inner\">\n\t\t<div class=\"wd-negative-gap elementor-element elementor-element-22416a94 e-flex e-con-boxed e-con e-child\" data-id=\"22416a94\" data-element_type=\"container\" data-e-type=\"container\">\n\t\t\t\t\t<div class=\"e-con-inner\">\n\t\t<div class=\"elementor-element elementor-element-5f5fca35 e-con-full e-flex e-con e-child\" data-id=\"5f5fca35\" data-element_type=\"container\" data-e-type=\"container\">\n\t\t\t\t<div class=\"elementor-element elementor-element-68be0b78 wd-width-100 elementor-widget elementor-widget-wd_title\" data-id=\"68be0b78\" data-element_type=\"widget\" data-e-type=\"widget\" data-widget_type=\"wd_title.default\">\n\t\t\t\t<div class=\"elementor-widget-container\">\n\t\t\t\t\t\t\t<div class=\"title-wrapper wd-set-mb reset-last-child wd-title-color-default wd-title-style-default wd-title-size-default text-left\">\n\n\t\t\t\n\t\t\t<div class=\"liner-continer\">\n\t\t\t\t<h4 class=\"woodmart-title-container title wd-fontsize-l\">A legjobb orvosokkal dolgozunk.<\/h4> \n\t\t\t\t\t\t\t<\/div>\n\n\t\t\t\t\t<\/div>\n\t\t\t\t\t\t<\/div>\n\t\t\t\t<\/div>\n\t\t\t\t<\/div>\n\t\t<div class=\"elementor-element elementor-element-5992f8f e-con-full e-flex e-con e-child\" data-id=\"5992f8f\" data-element_type=\"container\" data-e-type=\"container\">\n\t\t\t\t<div class=\"elementor-element elementor-element-533986c5 elementor-widget elementor-widget-wd_infobox\" data-id=\"533986c5\" data-element_type=\"widget\" data-e-type=\"widget\" data-widget_type=\"wd_infobox.default\">\n\t\t\t\t<div class=\"elementor-widget-container\">\n\t\t\t\t\t\t\t<div class=\"info-box-wrapper\">\n\t\t\t<div class=\"wd-info-box text-left box-icon-align-top box-style-base color-scheme- with-btn box-btn-static\">\n\t\t\t\t\n\t\t\t\t<div class=\"info-box-content\">\n\t\t\t\t\t\n\t\t\t\t\t\t\t\t\t\t\t<h4\t\t\t\t\t\tclass=\"info-box-title title box-title-style-default wd-fontsize-m\" data-elementor-setting-key=\"title\">\n\t\t\t\t\t\t\t\tSzeretne az orvosunk lenni?\t\t\t\t\t\t<\/h4>\n\t\t\t\t\t\n\t\t\t\t\t<div class=\"info-box-inner reset-last-child\"data-elementor-setting-key=\"content\"><p>Mindig \u00e9rdekes embereket keres\u00fcnk izgalmas \u00f6tletekkel! Nagyra \u00e9rt\u00e9kelj\u00fck az egyenl\u0151 hierarchi\u00e1t, az egy\u00e9rtelm\u0171 kommunik\u00e1ci\u00f3t, a teljes tulajdonjogot \u00e9s a felel\u0151ss\u00e9gv\u00e1llal\u00e1st. <\/p>\n<\/div>\n\n\t\t\t\t\t\t\t\t\t\t\t<div class=\"info-btn-wrapper\">\n\t\t\t\t\t\t\t\t\t<div class=\"wd-button-wrapper text-left\" >\n\t\t\t<a class=\"btn btn-style-default btn-shape-semi-round btn-size-default btn-color-primary btn-icon-pos-right\"  href=\"https:\/\/eliksirvitalnosti.com\/hu\/erintkezes\/\">\n\t\t\t\t<span class=\"wd-btn-text\" data-elementor-setting-key=\"text\">\n\t\t\t\t\tVegye fel vel\u00fcnk a kapcsolatot\t\t\t\t<\/span>\n\n\t\t\t\t\t\t\t<\/a>\n\t\t<\/div>\n\t\t\t\t\t\t\t\t<\/div>\n\t\t\t\t\t\t\t\t\t<\/div>\n\n\t\t\t\t\t\t\t<\/div>\n\t\t<\/div>\n\t\t\t\t\t\t<\/div>\n\t\t\t\t<\/div>\n\t\t\t\t<\/div>\n\t\t\t\t\t<\/div>\n\t\t\t\t<\/div>\n\t\t\t\t\t<\/div>\n\t\t\t\t<\/div>\n\t\t\t\t<\/div>\n\t\t","protected":false},"excerpt":{"rendered":"<p>Orvoscsapatunk A mindennapok h\u0151sei A mai rohan\u00f3 vil\u00e1gban nem lehet t\u00falbecs\u00fclni a csapatmunka fontoss\u00e1g\u00e1t. Legyen sz\u00f3 \u00fczleti, tudom\u00e1nyos, sport vagy<\/p>\n","protected":false},"author":1,"featured_media":0,"parent":0,"menu_order":0,"comment_status":"closed","ping_status":"closed","template":"elementor_header_footer","meta":{"_acf_changed":false,"footnotes":""},"class_list":["post-10223","page","type-page","status-publish","hentry"],"acf":[],"_links":{"self":[{"href":"https:\/\/eliksirvitalnosti.com\/hu\/wp-json\/wp\/v2\/pages\/10223","targetHints":{"allow":["GET"]}}],"collection":[{"href":"https:\/\/eliksirvitalnosti.com\/hu\/wp-json\/wp\/v2\/pages"}],"about":[{"href":"https:\/\/eliksirvitalnosti.com\/hu\/wp-json\/wp\/v2\/types\/page"}],"author":[{"embeddable":true,"href":"https:\/\/eliksirvitalnosti.com\/hu\/wp-json\/wp\/v2\/users\/1"}],"replies":[{"embeddable":true,"href":"https:\/\/eliksirvitalnosti.com\/hu\/wp-json\/wp\/v2\/comments?post=10223"}],"version-history":[{"count":2,"href":"https:\/\/eliksirvitalnosti.com\/hu\/wp-json\/wp\/v2\/pages\/10223\/revisions"}],"predecessor-version":[{"id":35501,"href":"https:\/\/eliksirvitalnosti.com\/hu\/wp-json\/wp\/v2\/pages\/10223\/revisions\/35501"}],"wp:attachment":[{"href":"https:\/\/eliksirvitalnosti.com\/hu\/wp-json\/wp\/v2\/media?parent=10223"}],"curies":[{"name":"wp","href":"https:\/\/api.w.org\/{rel}","templated":true}]}}