{"id":10225,"date":"2024-06-24T16:24:59","date_gmt":"2024-06-24T16:24:59","guid":{"rendered":"https:\/\/eliksirvitalnosti.com\/jotallasi-feltetelek\/"},"modified":"2025-02-09T14:35:49","modified_gmt":"2025-02-09T14:35:49","slug":"jotallasi-feltetelek","status":"publish","type":"page","link":"https:\/\/eliksirvitalnosti.com\/hu\/jotallasi-feltetelek\/","title":{"rendered":"Garancia felt\u00e9telei"},"content":{"rendered":"\t\t<div data-elementor-type=\"wp-page\" data-elementor-id=\"10225\" class=\"elementor elementor-10225 elementor-3668\" data-elementor-post-type=\"page\">\n\t\t\t\t<div class=\"wd-negative-gap elementor-element elementor-element-45cb6655 e-flex e-con-boxed e-con e-parent\" data-id=\"45cb6655\" data-element_type=\"container\" data-e-type=\"container\">\n\t\t\t\t\t<div class=\"e-con-inner\">\n\t\t\t\t<div class=\"elementor-element elementor-element-2a4d2ab0 elementor-widget elementor-widget-heading\" data-id=\"2a4d2ab0\" data-element_type=\"widget\" data-e-type=\"widget\" data-widget_type=\"heading.default\">\n\t\t\t\t<div class=\"elementor-widget-container\">\n\t\t\t\t\t<h2 class=\"elementor-heading-title elementor-size-default\">\ud83c\udf3f \u2728 Zeleni Sokovi Nemet \u2013 garancia a min\u0151s\u00e9gre \u00e9s az eg\u00e9szs\u00e9gre!<\/h2>\t\t\t\t<\/div>\n\t\t\t\t<\/div>\n\t\t\t\t<div class=\"elementor-element elementor-element-6883dd61 color-scheme-inherit text-left elementor-widget elementor-widget-text-editor\" data-id=\"6883dd61\" data-element_type=\"widget\" data-e-type=\"widget\" data-widget_type=\"text-editor.default\">\n\t\t\t\t<div class=\"elementor-widget-container\">\n\t\t\t\t\t\t\t\t\t<p style=\"text-align: center;\">A <strong> Zeleni Sokovi Nemetn\u00e9l<\/strong> hisz\u00fcnk term\u00e9keink min\u0151s\u00e9g\u00e9ben, \u00e9s azt akarjuk, hogy \u00fcgyfeleink biztons\u00e1gban \u00e9rezz\u00e9k magukat, amikor megv\u00e1s\u00e1rolj\u00e1k \u0151ket. Ez\u00e9rt gondosan alak\u00edtottuk ki <strong> a garancia felt\u00e9teleit<\/strong> , hogy biztos\u00edtsuk, a lehet\u0151 legjobb t\u00e1mogat\u00e1st az eg\u00e9szs\u00e9g fel\u00e9 vezet\u0151 \u00faton. <\/p>\n\t\t\t\t\t\t\t\t<\/div>\n\t\t\t\t<\/div>\n\t\t\t\t<div class=\"elementor-element elementor-element-6aeb6e4e elementor-widget elementor-widget-heading\" data-id=\"6aeb6e4e\" data-element_type=\"widget\" data-e-type=\"widget\" data-widget_type=\"heading.default\">\n\t\t\t\t<div class=\"elementor-widget-container\">\n\t\t\t\t\t<h2 class=\"elementor-heading-title elementor-size-default\">\ud83d\udd0d A garancia ig\u00e9nyl\u00e9s\u00e9hez sz\u00fcks\u00e9ges felt\u00e9telek:<\/h2>\t\t\t\t<\/div>\n\t\t\t\t<\/div>\n\t\t\t\t<div class=\"elementor-element elementor-element-20780be2 color-scheme-inherit text-left elementor-widget elementor-widget-text-editor\" data-id=\"20780be2\" data-element_type=\"widget\" data-e-type=\"widget\" data-widget_type=\"text-editor.default\">\n\t\t\t\t<div class=\"elementor-widget-container\">\n\t\t\t\t\t\t\t\t\t<p style=\"text-align: center;\"><strong> V\u00e9rk\u00e9p: <\/strong> K\u00e9rj\u00fck, adja meg nek\u00fcnk az egy h\u00f3napn\u00e1l nem r\u00e9gebbi v\u00e9rk\u00e9pet, miel\u0151tt elkezdi haszn\u00e1lni term\u00e9keinket. Egy h\u00f3napos haszn\u00e1lat ut\u00e1n ny\u00fajtson be \u00faj v\u00e9rk\u00e9pet, hogy figyelemmel k\u00eds\u00e9rhess\u00fck az el\u0151rehalad\u00e1st. <\/p>\n<p style=\"text-align: center;\"><strong>Konzult\u00e1ci\u00f3k:<\/strong> Hetente egyszer konzult\u00e1ci\u00f3kat szervez\u00fcnk szak\u00e9rt\u0151inkkel, hogy t\u00e1mogat\u00e1st \u00e9s tan\u00e1csot ny\u00fajtsunk \u00d6nnek.<\/p>\n<p style=\"text-align: center;\"><strong> V\u00e9rnyom\u00e1sm\u00e9r\u00e9s: <\/strong> M\u00e9rje meg v\u00e9rnyom\u00e1s\u00e1t hetente h\u00e1romszor, \u00edrja le az eredm\u00e9nyeket \u00e9s tov\u00e1bb\u00edtsa nek\u00fcnk, hogy figyelemmel k\u00eds\u00e9rhess\u00fck \u00e1llapot\u00e1t.<\/p>\n<p><strong>\u00c9tv\u00e1gy:<\/strong> Figyelje \u00e9tv\u00e1gy\u00e1t \u00e9s jegyezze fel a v\u00e1ltoz\u00e1sokat.<\/p>\n<p><strong> Szubjekt\u00edv energia\u00e9rzet: <\/strong> Mondja el nek\u00fcnk, hogyan \u00e9rzi mag\u00e1t az energi\u00e1j\u00e1val kapcsolatban a nap folyam\u00e1n.<\/p>\n<p><strong> Em\u00e9szt\u0151rendszer\/sz\u00e9klet: <\/strong> Figyelje meg, hogyan reag\u00e1l em\u00e9szt\u00e9se term\u00e9keinkre, \u00e9s jegyezze fel megfigyel\u00e9seit.<\/p>\n<p><strong> Az akarat \u00e9s a pszich\u00e9: <\/strong> Ossza meg vel\u00fcnk, hogyan \u00e9rzi mag\u00e1t ment\u00e1lisan \u00e9s \u00e9rzelmileg.<\/p>\n<p><strong> Tumor markerek (onkol\u00f3giai betegek eset\u00e9ben): <\/strong> Ha \u00d6n onkol\u00f3giai beteg, felt\u00e9tlen\u00fcl adja meg nek\u00fcnk a tumor marker eredm\u00e9nyeit.<\/p>\n\t\t\t\t\t\t\t\t<\/div>\n\t\t\t\t<\/div>\n\t\t\t\t<div class=\"elementor-element elementor-element-7b05065c elementor-widget elementor-widget-heading\" data-id=\"7b05065c\" data-element_type=\"widget\" data-e-type=\"widget\" data-widget_type=\"heading.default\">\n\t\t\t\t<div class=\"elementor-widget-container\">\n\t\t\t\t\t<h2 class=\"elementor-heading-title elementor-size-default\">\u23f3 Garanci\u00e1lis hat\u00e1rid\u0151k:<\/h2>\t\t\t\t<\/div>\n\t\t\t\t<\/div>\n\t\t\t\t<div class=\"elementor-element elementor-element-18dd54fe color-scheme-inherit text-left elementor-widget elementor-widget-text-editor\" data-id=\"18dd54fe\" data-element_type=\"widget\" data-e-type=\"widget\" data-widget_type=\"text-editor.default\">\n\t\t\t\t<div class=\"elementor-widget-container\">\n\t\t\t\t\t\t\t\t\t<p style=\"text-align: center;\">Term\u00e9keink egy h\u00f3napos haszn\u00e1lata ut\u00e1n, ha nem \u00e9rte el a k\u00edv\u00e1nt eredm\u00e9nyeket, visszat\u00e9r\u00edtj\u00fck \u00d6nnek a term\u00e9keinkbe fektetett \u00f6sszes p\u00e9nzt. Az egyetlen k\u00f6vetelm\u00e9ny, hogy gy\u0151z\u0151dj\u00f6n meg arr\u00f3l, hogy megfelel a fenti felt\u00e9teleknek. <\/p>\n\t\t\t\t\t\t\t\t<\/div>\n\t\t\t\t<\/div>\n\t\t\t\t<div class=\"elementor-element elementor-element-56d5a138 elementor-widget elementor-widget-heading\" data-id=\"56d5a138\" data-element_type=\"widget\" data-e-type=\"widget\" data-widget_type=\"heading.default\">\n\t\t\t\t<div class=\"elementor-widget-container\">\n\t\t\t\t\t<h2 class=\"elementor-heading-title elementor-size-default\">\u2709\ufe0f Kapcsolat!<\/h2>\t\t\t\t<\/div>\n\t\t\t\t<\/div>\n\t\t\t\t<div class=\"elementor-element elementor-element-38a392f5 color-scheme-inherit text-left elementor-widget elementor-widget-text-editor\" data-id=\"38a392f5\" data-element_type=\"widget\" data-e-type=\"widget\" data-widget_type=\"text-editor.default\">\n\t\t\t\t<div class=\"elementor-widget-container\">\n\t\t\t\t\t\t\t\t\t<p style=\"text-align: center;\">Tov\u00e1bbi inform\u00e1ci\u00f3\u00e9rt forduljon hozz\u00e1nk bizalommal! Az\u00e9rt vagyunk itt, hogy seg\u00edts\u00fck \u00d6nt az \u00fat minden l\u00e9p\u00e9s\u00e9ben.  <strong>Az \u00d6n eg\u00e9szs\u00e9ge a mi priorit\u00e1sunk!<\/strong> \ud83c\udf31\u2728<\/p>\n\t\t\t\t\t\t\t\t<\/div>\n\t\t\t\t<\/div>\n\t\t\t\t<div class=\"elementor-element elementor-element-49c71f7f elementor-widget elementor-widget-heading\" data-id=\"49c71f7f\" data-element_type=\"widget\" data-e-type=\"widget\" data-widget_type=\"heading.default\">\n\t\t\t\t<div class=\"elementor-widget-container\">\n\t\t\t\t\t<h4 class=\"elementor-heading-title elementor-size-default\">Vil\u00e1gszerte emberek milli\u00f3i tal\u00e1lt\u00e1k m\u00e1r meg az utat a jobb eg\u00e9szs\u00e9ghez term\u00e9keink seg\u00edts\u00e9g\u00e9vel. Csatlakozz hozz\u00e1juk \u2013 az\u00e9rt vagyunk itt, hogy seg\u00edts\u00fcnk! <\/h4>\t\t\t\t<\/div>\n\t\t\t\t<\/div>\n\t\t\t\t\t<\/div>\n\t\t\t\t<\/div>\n\t\t\t\t<\/div>\n\t\t","protected":false},"excerpt":{"rendered":"<p>\ud83c\udf3f \u2728 Zeleni Sokovi Nemet \u2013 garancia a min\u0151s\u00e9gre \u00e9s az eg\u00e9szs\u00e9gre! A Zeleni Sokovi Nemetn\u00e9l hisz\u00fcnk term\u00e9keink min\u0151s\u00e9g\u00e9ben, \u00e9s<\/p>\n","protected":false},"author":1,"featured_media":0,"parent":0,"menu_order":0,"comment_status":"closed","ping_status":"closed","template":"","meta":{"_acf_changed":false,"footnotes":""},"class_list":["post-10225","page","type-page","status-publish","hentry"],"acf":[],"_links":{"self":[{"href":"https:\/\/eliksirvitalnosti.com\/hu\/wp-json\/wp\/v2\/pages\/10225","targetHints":{"allow":["GET"]}}],"collection":[{"href":"https:\/\/eliksirvitalnosti.com\/hu\/wp-json\/wp\/v2\/pages"}],"about":[{"href":"https:\/\/eliksirvitalnosti.com\/hu\/wp-json\/wp\/v2\/types\/page"}],"author":[{"embeddable":true,"href":"https:\/\/eliksirvitalnosti.com\/hu\/wp-json\/wp\/v2\/users\/1"}],"replies":[{"embeddable":true,"href":"https:\/\/eliksirvitalnosti.com\/hu\/wp-json\/wp\/v2\/comments?post=10225"}],"version-history":[{"count":0,"href":"https:\/\/eliksirvitalnosti.com\/hu\/wp-json\/wp\/v2\/pages\/10225\/revisions"}],"wp:attachment":[{"href":"https:\/\/eliksirvitalnosti.com\/hu\/wp-json\/wp\/v2\/media?parent=10225"}],"curies":[{"name":"wp","href":"https:\/\/api.w.org\/{rel}","templated":true}]}}