{"id":10233,"date":"2024-03-08T12:34:11","date_gmt":"2024-03-08T12:34:11","guid":{"rendered":"https:\/\/eliksirvitalnosti.com\/szakertoi-benyomasok\/"},"modified":"2025-12-12T16:28:08","modified_gmt":"2025-12-12T16:28:08","slug":"szakertoi-benyomasok","status":"publish","type":"page","link":"https:\/\/eliksirvitalnosti.com\/hu\/szakertoi-benyomasok\/","title":{"rendered":"Szak\u00e9rt\u0151i v\u00e9lem\u00e9nyek"},"content":{"rendered":"\t\t<div data-elementor-type=\"wp-page\" data-elementor-id=\"10233\" class=\"elementor elementor-10233 elementor-556\" data-elementor-post-type=\"page\">\n\t\t\t\t<div class=\"wd-negative-gap elementor-element elementor-element-16fbe7cf e-flex e-con-boxed e-con e-parent\" data-id=\"16fbe7cf\" data-element_type=\"container\" data-e-type=\"container\" data-settings=\"{&quot;background_background&quot;:&quot;classic&quot;}\">\n\t\t\t\t\t<div class=\"e-con-inner\">\n\t\t<div class=\"elementor-element elementor-element-145456e0 e-con-full e-flex e-con e-child\" data-id=\"145456e0\" data-element_type=\"container\" data-e-type=\"container\">\n\t\t\t\t<div class=\"elementor-element elementor-element-2e3e6d5d elementor-widget elementor-widget-wd_team_member\" data-id=\"2e3e6d5d\" data-element_type=\"widget\" data-e-type=\"widget\" data-widget_type=\"wd_team_member.default\">\n\t\t\t\t<div class=\"elementor-widget-container\">\n\t\t\t\t\t\t\t<div class=\"team-member member-layout-default text-center\">\n\t\t\t\t\t\t\t<div class=\"member-image-wrapper\">\n\t\t\t\t\t<div class=\"member-image\">\n\t\t\t\t\t\t<img decoding=\"async\" width=\"300\" height=\"300\" src=\"https:\/\/eliksirvitalnosti.com\/wp-content\/uploads\/2025\/01\/evelind-300x300-1.webp\" class=\"attachment-full size-full\" alt=\"evelind 1.webp - distributer zelenih sokova\" srcset=\"https:\/\/eliksirvitalnosti.com\/wp-content\/uploads\/2025\/01\/evelind-300x300-1.webp 300w, https:\/\/eliksirvitalnosti.com\/wp-content\/uploads\/2025\/01\/evelind-300x300-1-150x150.webp 150w\" sizes=\"(max-width: 300px) 100vw, 300px\" \/>\t\t\t\t\t<\/div>\n\t\t\t\t<\/div>\n\t\t\t\n\t\t\t<div class=\"member-details wd-set-mb reset-last-child\">\n\t\t\t\t\t\t\t\t\t<h4 class=\"member-name\">\n\t\t\t\t\t\tDup\u00e1k Evelin\t\t\t\t\t<\/h4>\n\t\t\t\t\n\t\t\t\t\t\t\t\t\t<div class=\"member-position\">\n\t\t\t\t\t\tVez\u00e9rigazgat\u00f3, a The Holistic Nutrition tulajdonosa\t\t\t\t\t<\/div>\n\t\t\t\t\n\t\t\t\t\n\t\t\t\t\t\t\t<\/div>\n\t\t<\/div>\n\t\t\t\t\t\t<\/div>\n\t\t\t\t<\/div>\n\t\t\t\t<\/div>\n\t\t<div class=\"elementor-element elementor-element-50be8f33 e-con-full e-flex e-con e-child\" data-id=\"50be8f33\" data-element_type=\"container\" data-e-type=\"container\">\n\t\t\t\t<div class=\"elementor-element elementor-element-2e391492 wd-width-100 elementor-widget elementor-widget-wd_title\" data-id=\"2e391492\" data-element_type=\"widget\" data-e-type=\"widget\" data-widget_type=\"wd_title.default\">\n\t\t\t\t<div class=\"elementor-widget-container\">\n\t\t\t\t\t\t\t<div class=\"title-wrapper wd-set-mb reset-last-child wd-title-color-default wd-title-style-default wd-title-size-default text-center\">\n\n\t\t\t\n\t\t\t<div class=\"liner-continer\">\n\t\t\t\t<h4 class=\"woodmart-title-container title wd-fontsize-l\">T\u00e1pl\u00e1lkoz\u00e1si szakemberk\u00e9nt \u00e9s szak\u00e9rt\u0151k\u00e9nt meger\u0151s\u00edtem: a z\u00f6ld b\u00fazaf\u0171l\u00e9 bizony\u00edtottan m\u0171k\u00f6dik, \u00e9s \u00f6r\u00f6mmel aj\u00e1nlom mindenkinek<\/h4> \n\t\t\t\t\t\t\t<\/div>\n\n\t\t\t\t\t<\/div>\n\t\t\t\t\t\t<\/div>\n\t\t\t\t<\/div>\n\t\t\t\t<div class=\"elementor-element elementor-element-5996604d elementor-widget elementor-widget-wd_text_block\" data-id=\"5996604d\" data-element_type=\"widget\" data-e-type=\"widget\" data-widget_type=\"wd_text_block.default\">\n\t\t\t\t<div class=\"elementor-widget-container\">\n\t\t\t\t\t\t\t<div class=\"wd-text-block reset-last-child text-left\">\n\t\t\t\n\t\t\t<div class=\"elementor-element elementor-element-e8f7002 elementor-widget elementor-widget-text-editor\" data-id=\"e8f7002\" data-element_type=\"widget\" data-widget_type=\"text-editor.default\"><div class=\"elementor-widget-container\"><p>El\u0151sz\u00f6r is az\u00e9rt, mert teljesen term\u00e9szetes.<\/p><p>\u00c9l\u00fcnk egy olyan vil\u00e1gban, ahol a k\u00e1ros omega-6 zs\u00edrsavak domin\u00e1lnak t\u00e1pl\u00e1lkoz\u00e1sunkban. B\u00e1rhova is n\u00e9z\u00fcnk, ott vannak: chipszek, zs\u00edros \u00e9s feldolgozott \u00e9telek, pan\u00edrozott h\u00fasok. Az emberek t\u00f6bbs\u00e9ge hozz\u00e1szokott ezekhez az \u00edzekhez, mert mindenhol jelen vannak. Ez \u00e9rthet\u0151 \u2013 az ilyen t\u00edpus\u00fa \u00e9telek \u00ednycsikland\u00f3ak, de vajon j\u00f3t tesznek a test\u00fcnkkel?   <\/p><p>Amikor gyullad\u00e1sok, v\u00edrusok \u00e9s betegs\u00e9gek l\u00e9pnek fel, a v\u00e1lasz nyilv\u00e1nval\u00f3v\u00e1 v\u00e1lik. Egy rossz szok\u00e1s vonzza a m\u00e1sikat, ezzel l\u00e9trehozva egy \u00f6rd\u00f6gi k\u00f6rt. Min\u00e9l t\u00f6bb feldolgozott \u00e9telt esz\u00fcnk, amelyek gazdagok omega-6 zs\u00edrsavakban, ann\u00e1l jobban \u00e1rtunk a test\u00fcnknek. Ez egy egyens\u00falyhi\u00e1nyhoz vezet: t\u00fal sok omega-6, t\u00fal kev\u00e9s hasznos omega-3 zs\u00edrsav, ami gyullad\u00e1sokhoz, betegs\u00e9gekhez \u00e9s a parazit\u00e1k szaporod\u00e1s\u00e1hoz vezet.   <\/p><p><strong>Z\u00f6ld t\u00f6nk\u00f6lyl\u00e9 \u2013 \u00e1ld\u00e1s a test sz\u00e1m\u00e1ra<\/strong><\/p><p>Ez a l\u00e9 t\u00f6nk\u00f6lyb\u00fazaf\u0171b\u0151l k\u00e9sz\u00fcl - egy olyan n\u00f6v\u00e9nyb\u0151l, amelyet az emberek t\u00f6bb mint 10 000 \u00e9ve haszn\u00e1lnak. A t\u00f6nk\u00f6lyb\u00faza er\u0151teljes \u00e9s szinte t\u00f6k\u00e9letes \u00f6sszet\u00e9tel\u0171. Tartalmaz:  <\/p><ul><li><strong>Aminosavakat<\/strong><\/li><li><strong>Zs\u00edrt<\/strong><\/li><li><strong>Sz\u00e9nhidr\u00e1tokat<\/strong><\/li><li><strong>Rostok<\/strong><\/li><\/ul><p>A t\u00f6nk\u00f6lyl\u00e9 emellett tele van vitaminokkal, kev\u00e9sb\u00e9 sz\u00edvja fel a talajban l\u00e9v\u0151 neh\u00e9zf\u00e9meket, \u00e9s ellen\u00e1ll\u00f3 a vegyi anyagokkal szemben. Mindezek a tulajdons\u00e1gok teszik a z\u00f6ld t\u00f6nk\u00f6lyb\u00fazaf\u0171 levet val\u00f3di sz\u00f6vets\u00e9gess\u00e9 az eg\u00e9szs\u00e9g meg\u0151rz\u00e9s\u00e9ben \u00e9s a test meger\u0151s\u00edt\u00e9s\u00e9ben. <\/p><\/div><\/div>\n\t\t\t\t\t<\/div>\n\t\t\t\t\t\t<\/div>\n\t\t\t\t<\/div>\n\t\t\t\t<div class=\"elementor-element elementor-element-24874fd6 wd-width-100 elementor-widget elementor-widget-wd_title\" data-id=\"24874fd6\" data-element_type=\"widget\" data-e-type=\"widget\" data-widget_type=\"wd_title.default\">\n\t\t\t\t<div class=\"elementor-widget-container\">\n\t\t\t\t\t\t\t<div class=\"title-wrapper wd-set-mb reset-last-child wd-title-color-default wd-title-style-default wd-title-size-default text-center\">\n\n\t\t\t\n\t\t\t<div class=\"liner-continer\">\n\t\t\t\t<h4 class=\"woodmart-title-container title wd-fontsize-l\">Melyek a z\u00f6ld b\u00fazal\u00e9 el\u0151nyei<br \/>\n \u00e9s mi\u00e9rt aj\u00e1nlom sz\u00edvb\u0151l?<\/h4> \n\t\t\t\t\t\t\t<\/div>\n\n\t\t\t\t\t<\/div>\n\t\t\t\t\t\t<\/div>\n\t\t\t\t<\/div>\n\t\t\t\t<div class=\"elementor-element elementor-element-192069aa elementor-widget elementor-widget-wd_text_block\" data-id=\"192069aa\" data-element_type=\"widget\" data-e-type=\"widget\" data-widget_type=\"wd_text_block.default\">\n\t\t\t\t<div class=\"elementor-widget-container\">\n\t\t\t\t\t\t\t<div class=\"wd-text-block reset-last-child text-left\">\n\t\t\t\n\t\t\t<div class=\"elementor-element elementor-element-e8f7002 elementor-widget elementor-widget-text-editor\" data-id=\"e8f7002\" data-element_type=\"widget\" data-widget_type=\"text-editor.default\"><div class=\"elementor-widget-container\"><p><strong>Term\u00e9szetes megold\u00e1s az eg\u00e9szs\u00e9gre \u2013 t\u00f6nk\u00f6lyl\u00e9<\/strong><\/p><p>A t\u00f6nk\u00f6lyl\u00e9 teljesen term\u00e9szetes, \u00f6kol\u00f3giai termel\u00e9ssel \u00e9s mesters\u00e9ges adal\u00e9kanyagok n\u00e9lk\u00fcl nyerik.<\/p><p>A termel\u00e9shez cs\u00edr\u00e1zott t\u00f6nk\u00f6lymagokat haszn\u00e1lnak, amelyek term\u00e9szetesen nem tartalmaznak glut\u00e9nt. Ez azt jelenti, hogy a b\u00fazaf\u0171l\u00e9 teljesen glut\u00e9nmentes \u00e9s ide\u00e1lis azok sz\u00e1m\u00e1ra, akik \u00e9rz\u00e9kenyek erre az \u00f6sszetev\u0151re. <\/p><p><strong>Omega-3 zs\u00edrsavakkal d\u00fas\u00edtott a m\u00e9g jobb teljes\u00edtm\u00e9ny \u00e9rdek\u00e9ben<\/strong><br>A t\u00f6nk\u00f6lyl\u00e9 omega-3 zs\u00edrsavakban gazdag, ami tov\u00e1bb n\u00f6veli hat\u00e9konys\u00e1g\u00e1t \u00e9s fokozza a testre gyakorolt kedvez\u0151 hat\u00e1sokat.<\/p><p><strong>K\u00fcl\u00f6nb\u00f6z\u0151 m\u00f3dszerek a praktikus haszn\u00e1lathoz<\/strong><br>A <em>Zeleni Sokovi Nemet<\/em> \u00e1ltal k\u00e9sz\u00edtett t\u00f6nk\u00f6lyb\u00faza l\u00e9 tabletta form\u00e1j\u00e1ban is el\u00e9rhet\u0151. A tablett\u00e1k magasabb koncentr\u00e1ci\u00f3ban tartalmazz\u00e1k a levet, mint a kapszul\u00e1k vagy a por, mik\u00f6zben rendk\u00edv\u00fcl praktikusak a haszn\u00e1lata. Mindez azt jelenti, hogy ez a term\u00e9k kiv\u00e1l\u00f3 v\u00e1laszt\u00e1s mindazok sz\u00e1m\u00e1ra, akik odafigyelnek az eg\u00e9szs\u00e9g\u00fckre.  <\/p><p><strong>Ez a t\u00f6rt\u00e9net az elk\u00f6telezetts\u00e9gr\u0151l \u00e9s a min\u0151s\u00e9gr\u0151l sz\u00f3l<\/strong><br>2022-ben tal\u00e1lkoztam Rolandal, \u00e9s elkezdtem haszn\u00e1lni a term\u00e9keit. Kiv\u00e9teles ember \u2013 motiv\u00e1lt, k\u00e9szen \u00e1ll arra, hogy mindenkinek seg\u00edtsen, \u00e9s folyamatosan dolgozik szem\u00e9lyes \u00e9s szakmai fejl\u0151d\u00e9s\u00e9n.  <\/p><p>\u00dagy gondolom, hogy csak az olyan emberek, mint Roland, akik befektetnek a saj\u00e1t fejl\u0151d\u00e9s\u00fckbe \u00e9s k\u00e9pz\u00e9s\u00fckbe, k\u00e9pesek ilyen magas sz\u00ednvonal\u00fa term\u00e9keket k\u00e9sz\u00edteni.<\/p><p>Teljes sz\u00edvemb\u0151l aj\u00e1nlom az \u00f6sszes term\u00e9ket a k\u00edn\u00e1latukb\u00f3l!<\/p><\/div><\/div>\n\t\t\t\t\t<\/div>\n\t\t\t\t\t\t<\/div>\n\t\t\t\t<\/div>\n\t\t\t\t<\/div>\n\t\t\t\t\t<\/div>\n\t\t\t\t<\/div>\n\t\t\t\t<\/div>\n\t\t","protected":false},"excerpt":{"rendered":"<p>Dup\u00e1k Evelin Vez\u00e9rigazgat\u00f3, a The Holistic Nutrition tulajdonosa T\u00e1pl\u00e1lkoz\u00e1si szakemberk\u00e9nt \u00e9s szak\u00e9rt\u0151k\u00e9nt meger\u0151s\u00edtem: a z\u00f6ld b\u00fazaf\u0171l\u00e9 bizony\u00edtottan m\u0171k\u00f6dik, \u00e9s \u00f6r\u00f6mmel<\/p>\n","protected":false},"author":1,"featured_media":0,"parent":0,"menu_order":25,"comment_status":"closed","ping_status":"closed","template":"elementor_header_footer","meta":{"_acf_changed":false,"footnotes":""},"class_list":["post-10233","page","type-page","status-publish","hentry"],"acf":[],"_links":{"self":[{"href":"https:\/\/eliksirvitalnosti.com\/hu\/wp-json\/wp\/v2\/pages\/10233","targetHints":{"allow":["GET"]}}],"collection":[{"href":"https:\/\/eliksirvitalnosti.com\/hu\/wp-json\/wp\/v2\/pages"}],"about":[{"href":"https:\/\/eliksirvitalnosti.com\/hu\/wp-json\/wp\/v2\/types\/page"}],"author":[{"embeddable":true,"href":"https:\/\/eliksirvitalnosti.com\/hu\/wp-json\/wp\/v2\/users\/1"}],"replies":[{"embeddable":true,"href":"https:\/\/eliksirvitalnosti.com\/hu\/wp-json\/wp\/v2\/comments?post=10233"}],"version-history":[{"count":0,"href":"https:\/\/eliksirvitalnosti.com\/hu\/wp-json\/wp\/v2\/pages\/10233\/revisions"}],"wp:attachment":[{"href":"https:\/\/eliksirvitalnosti.com\/hu\/wp-json\/wp\/v2\/media?parent=10233"}],"curies":[{"name":"wp","href":"https:\/\/api.w.org\/{rel}","templated":true}]}}