{"id":10355,"date":"2024-10-27T06:53:39","date_gmt":"2024-10-27T06:53:39","guid":{"rendered":"https:\/\/eliksirvitalnosti.com\/a-termeszetgyogyaszat-doktora\/"},"modified":"2025-02-10T17:34:21","modified_gmt":"2025-02-10T17:34:21","slug":"a-termeszetgyogyaszat-doktora","status":"publish","type":"page","link":"https:\/\/eliksirvitalnosti.com\/hu\/a-termeszetgyogyaszat-doktora\/","title":{"rendered":"A term\u00e9szetgy\u00f3gy\u00e1szat doktora"},"content":{"rendered":"\t\t<div data-elementor-type=\"wp-page\" data-elementor-id=\"10355\" class=\"elementor elementor-10355 elementor-5940\" data-elementor-post-type=\"page\">\n\t\t\t\t\t\t<section class=\"wd-negative-gap elementor-section elementor-top-section elementor-element elementor-element-2473a8b0 elementor-section-content-middle elementor-section-boxed elementor-section-height-default elementor-section-height-default\" data-id=\"2473a8b0\" data-element_type=\"section\" data-e-type=\"section\">\n\t\t\t\t\t\t<div class=\"elementor-container elementor-column-gap-wide\">\n\t\t\t\t\t<div class=\"elementor-column elementor-col-50 elementor-top-column elementor-element elementor-element-752f721b\" data-id=\"752f721b\" data-element_type=\"column\" data-e-type=\"column\">\n\t\t\t<div class=\"elementor-widget-wrap elementor-element-populated\">\n\t\t\t\t\t\t<div class=\"elementor-element elementor-element-245537e3 elementor-widget elementor-widget-image\" data-id=\"245537e3\" data-element_type=\"widget\" data-e-type=\"widget\" data-widget_type=\"image.default\">\n\t\t\t\t<div class=\"elementor-widget-container\">\n\t\t\t\t\t\t\t\t\t\t\t\t\t\t\t<img decoding=\"async\" width=\"1280\" height=\"1024\" src=\"https:\/\/eliksirvitalnosti.com\/wp-content\/themes\/woodmart\/images\/lazy.svg\" class=\"attachment-full size-full wp-image-10054 wd-lazy-fade\" alt=\"Doktor prirodne medicine - stru\u010dni savet o zelenim sokovima\" srcset=\"\" sizes=\"(max-width: 1280px) 100vw, 1280px\" data-src=\"https:\/\/eliksirvitalnosti.com\/wp-content\/uploads\/2025\/01\/doktor-prirodne-ispit.jpg.webp\" data-srcset=\"https:\/\/eliksirvitalnosti.com\/wp-content\/uploads\/2025\/01\/doktor-prirodne-ispit.jpg.webp 1280w, https:\/\/eliksirvitalnosti.com\/wp-content\/uploads\/2025\/01\/doktor-prirodne-ispit.jpg-300x240.webp 300w, https:\/\/eliksirvitalnosti.com\/wp-content\/uploads\/2025\/01\/doktor-prirodne-ispit.jpg-1024x819.webp 1024w, https:\/\/eliksirvitalnosti.com\/wp-content\/uploads\/2025\/01\/doktor-prirodne-ispit.jpg-768x614.webp 768w, https:\/\/eliksirvitalnosti.com\/wp-content\/uploads\/2025\/01\/doktor-prirodne-ispit.jpg-600x480.webp 600w, https:\/\/eliksirvitalnosti.com\/wp-content\/uploads\/2025\/01\/doktor-prirodne-ispit.jpg-150x120.webp 150w\" \/>\t\t\t\t\t\t\t\t\t\t\t\t\t\t\t<\/div>\n\t\t\t\t<\/div>\n\t\t\t\t\t<\/div>\n\t\t<\/div>\n\t\t\t\t<div class=\"elementor-column elementor-col-50 elementor-top-column elementor-element elementor-element-312bb1da\" data-id=\"312bb1da\" data-element_type=\"column\" data-e-type=\"column\" data-settings=\"{&quot;background_background&quot;:&quot;classic&quot;}\">\n\t\t\t<div class=\"elementor-widget-wrap elementor-element-populated\">\n\t\t\t\t\t\t<div class=\"elementor-element elementor-element-2e429810 wd-width-100 elementor-widget elementor-widget-wd_title\" data-id=\"2e429810\" data-element_type=\"widget\" data-e-type=\"widget\" data-widget_type=\"wd_title.default\">\n\t\t\t\t<div class=\"elementor-widget-container\">\n\t\t\t\t\t\t\t<div class=\"title-wrapper wd-set-mb reset-last-child wd-title-color-default wd-title-style-default wd-title-size-default text-left\">\n\n\t\t\t\n\t\t\t<div class=\"liner-continer\">\n\t\t\t\t<h4 class=\"woodmart-title-container title wd-fontsize-l\">Term\u00e9szetgy\u00f3gy\u00e1sz doktor (N.D.)<\/h4> \n\t\t\t\t\t\t\t<\/div>\n\n\t\t\t\t\t<\/div>\n\t\t\t\t\t\t<\/div>\n\t\t\t\t<\/div>\n\t\t\t\t<div class=\"elementor-element elementor-element-4b1d8e69 elementor-widget elementor-widget-wd_text_block\" data-id=\"4b1d8e69\" data-element_type=\"widget\" data-e-type=\"widget\" data-widget_type=\"wd_text_block.default\">\n\t\t\t\t<div class=\"elementor-widget-container\">\n\t\t\t\t\t\t\t<div class=\"wd-text-block reset-last-child text-left\">\n\t\t\t\n\t\t\t<p>A tanulm\u00e1nyokra val\u00f3 beiratkoz\u00e1s eg\u00e9sz \u00e9vben nyitva \u00e1ll, maxim\u00e1lis rugalmass\u00e1got biztos\u00edtva a jelentkez\u0151k sz\u00e1m\u00e1ra. Az oktat\u00e1s teljes m\u00e9rt\u00e9kben online, levelez\u0151 form\u00e1ban zajlik, id\u0151korl\u00e1t n\u00e9lk\u00fcl. A tanfolyamok elv\u00e9gz\u00e9s\u00e9nek id\u0151tartama kiz\u00e1r\u00f3lag a hallgat\u00f3t\u00f3l f\u00fcgg \u2013 amint sikeresen teljes\u00edti az \u00f6sszes vizsg\u00e1t, a diplom\u00e1t postai \u00faton megkapja, vagy szem\u00e9lyesen \u00e1tveheti az int\u00e9zm\u00e9nyben.  <\/p><p><strong>Vizsga- \u00e9s tananyag<\/strong><\/p><p>A vizsg\u00e1k a k\u00f6vetkez\u0151k\u00e9ppen zajlanak:<\/p><ul><li>A hallgat\u00f3 minden vizsg\u00e1hoz k\u00e9t Word dokumentumot kap - az egyiket k\u00e9rd\u00e9sekkel, a m\u00e1sikat v\u00e1laszokkal.<\/li><li>Minden vizsg\u00e1hoz elektronikus form\u00e1tum\u00fa tank\u00f6nyvet biztos\u00edtanak, m\u00edg a nyomtatott tank\u00f6nyvek v\u00e1s\u00e1rl\u00e1sa k\u00f6nyvesboltban vagy forgalmaz\u00f3n kereszt\u00fcl lehets\u00e9ges.<\/li><li>Az el\u0151ad\u00e1sok nem r\u00e9szei a programnak; A hallgat\u00f3k kiz\u00e1r\u00f3lag tank\u00f6nyvekb\u0151l k\u00e9sz\u00fclnek, \u00e9s a v\u00e1laszokat a kar e-mailj\u00e9re k\u00fcldik.<\/li><\/ul><p>A legt\u00f6bb vizsga k\u00e9t r\u00e9szb\u0151l \u00e1ll, m\u00edg egy kisebb sz\u00e1mnak csak egy r\u00e9sze van.<\/p><p><strong>Gyakorlati \u00f3r\u00e1k tanulm\u00e1nyok ut\u00e1n<\/strong><\/p><p>A tanulm\u00e1ny sikeres befejez\u00e9se ut\u00e1n a hallgat\u00f3nak lehet\u0151s\u00e9ge van gyakorlati \u00f3r\u00e1kon r\u00e9szt venni. A gyakorlati r\u00e9sz a k\u00f6vetkez\u0151ket tartalmazza: <\/p><ul><li>A p\u00e1ciensekkel val\u00f3 munka \u00e9s a term\u00e9szetes gy\u00f3gy\u00edt\u00f3 technik\u00e1k alkalmaz\u00e1sa.<\/li><li>Gy\u00f3gyn\u00f6v\u00e9nyek k\u00e9sz\u00edt\u00e9se \u00e9s tov\u00e1bbi gyakorlati k\u00e9szs\u00e9gek.<\/li><\/ul><p><strong>Beiratkoz\u00e1si k\u00f6vetelm\u00e9nyek \u00e9s f\u00f3kuszprogram<\/strong><\/p><p>A programban val\u00f3 r\u00e9szv\u00e9tel el\u0151felt\u00e9tele a befejezett mesterk\u00e9pz\u00e9s (MS) ezen vagy egy kapcsol\u00f3d\u00f3 karon. A program c\u00e9lja, hogy jav\u00edtsa az alap- \u00e9s mesterk\u00e9pz\u00e9sben szerzett ismereteket, k\u00fcl\u00f6n\u00f6s tekintettel a k\u00f6vetkez\u0151kre: <\/p><ul><li>A term\u00e9szetes gy\u00f3gyul\u00e1s speci\u00e1lis ter\u00fcletei.<\/li><li>A hagyom\u00e1nyos orvosl\u00e1s leg\u00f6sszetettebb probl\u00e9m\u00e1inak megold\u00e1sa.<\/li><\/ul><p>Ez az innovat\u00edv megk\u00f6zel\u00edt\u00e9s lehet\u0151v\u00e9 teszi a di\u00e1kok sz\u00e1m\u00e1ra, hogy teljes m\u00e9rt\u00e9kben szentelj\u00e9k magukat az oktat\u00e1suknak, maxim\u00e1lis rugalmass\u00e1ggal \u00e9s alkalmazkod\u00f3k\u00e9pess\u00e9ggel.<\/p>\n\t\t\t\t\t<\/div>\n\t\t\t\t\t\t<\/div>\n\t\t\t\t<\/div>\n\t\t\t\t\t<\/div>\n\t\t<\/div>\n\t\t\t\t\t<\/div>\n\t\t<\/section>\n\t\t\t\t<section class=\"wd-negative-gap elementor-section elementor-top-section elementor-element elementor-element-6fb342e5 wd-section-stretch elementor-section-content-middle elementor-section-boxed elementor-section-height-default elementor-section-height-default\" data-id=\"6fb342e5\" data-element_type=\"section\" data-e-type=\"section\" data-settings=\"{&quot;background_background&quot;:&quot;classic&quot;}\">\n\t\t\t\t\t\t\t<div class=\"elementor-background-overlay\"><\/div>\n\t\t\t\t\t\t\t<div class=\"elementor-container elementor-column-gap-no\">\n\t\t\t\t\t<div class=\"elementor-column elementor-col-50 elementor-top-column elementor-element elementor-element-7af8351d\" data-id=\"7af8351d\" data-element_type=\"column\" data-e-type=\"column\" data-settings=\"{&quot;background_background&quot;:&quot;classic&quot;}\">\n\t\t\t<div class=\"elementor-widget-wrap elementor-element-populated\">\n\t\t\t\t\t\t<section class=\"wd-negative-gap elementor-section elementor-inner-section elementor-element elementor-element-538bbe6 elementor-section-boxed elementor-section-height-default elementor-section-height-default\" data-id=\"538bbe6\" data-element_type=\"section\" data-e-type=\"section\" data-settings=\"{&quot;background_background&quot;:&quot;classic&quot;}\">\n\t\t\t\t\t\t<div class=\"elementor-container elementor-column-gap-default\">\n\t\t\t\t\t<div class=\"elementor-column elementor-col-100 elementor-inner-column elementor-element elementor-element-6755c6d\" data-id=\"6755c6d\" data-element_type=\"column\" data-e-type=\"column\">\n\t\t\t<div class=\"elementor-widget-wrap elementor-element-populated\">\n\t\t\t\t\t\t<div class=\"elementor-element elementor-element-3f95b905 wd-width-100 elementor-widget elementor-widget-wd_title\" data-id=\"3f95b905\" data-element_type=\"widget\" data-e-type=\"widget\" data-widget_type=\"wd_title.default\">\n\t\t\t\t<div class=\"elementor-widget-container\">\n\t\t\t\t\t\t\t<div class=\"title-wrapper wd-set-mb reset-last-child wd-title-color-primary wd-title-style-default wd-title-size-default text-left\">\n\n\t\t\t\n\t\t\t<div class=\"liner-continer\">\n\t\t\t\t<h4 class=\"woodmart-title-container title wd-fontsize-l\">Vizsg\u00e1k az N.D. programra<\/h4> \n\t\t\t\t\t\t\t<\/div>\n\n\t\t\t\t\t<\/div>\n\t\t\t\t\t\t<\/div>\n\t\t\t\t<\/div>\n\t\t\t\t<div class=\"elementor-element elementor-element-6290bcc elementor-widget elementor-widget-wd_list\" data-id=\"6290bcc\" data-element_type=\"widget\" data-e-type=\"widget\" data-widget_type=\"wd_list.default\">\n\t\t\t\t<div class=\"elementor-widget-container\">\n\t\t\t\t\t\t\t<ul class=\"wd-list color-scheme- wd-fontsize-m wd-type-icon wd-style-default text-left\">\n\t\t\t\t\t\t\t\t\t\t\t<li class=\"elementor-repeater-item-81cef49\">\n\t\t\t\t\t\t\t\t\t\t\t<span class=\"wd-icon\"><svg class=\"e-font-icon-svg e-fas-scroll\" viewBox=\"0 0 640 512\" xmlns=\"http:\/\/www.w3.org\/2000\/svg\"><path d=\"M48 0C21.53 0 0 21.53 0 48v64c0 8.84 7.16 16 16 16h80V48C96 21.53 74.47 0 48 0zm208 412.57V352h288V96c0-52.94-43.06-96-96-96H111.59C121.74 13.41 128 29.92 128 48v368c0 38.87 34.65 69.65 74.75 63.12C234.22 474 256 444.46 256 412.57zM288 384v32c0 52.93-43.06 96-96 96h336c61.86 0 112-50.14 112-112 0-8.84-7.16-16-16-16H288z\"><\/path><\/svg><\/span>\t\t\t\t\t\n\t\t\t\t\t<span class=\"wd-list-content list-content\">\n\t\t\t\t\t\t\t\t\t\t\t\t\tK\u00ednai kutat\u00e1s\t\t\t\t\t\t\t\t\t\t\t<\/span>\n\t\t\t\t<\/li>\n\t\t\t\t\t\t\t\t\t\t\t<li class=\"elementor-repeater-item-ae6affd\">\n\t\t\t\t\t\t\t\t\t\t\t<span class=\"wd-icon\"><svg class=\"e-font-icon-svg e-fas-scroll\" viewBox=\"0 0 640 512\" xmlns=\"http:\/\/www.w3.org\/2000\/svg\"><path d=\"M48 0C21.53 0 0 21.53 0 48v64c0 8.84 7.16 16 16 16h80V48C96 21.53 74.47 0 48 0zm208 412.57V352h288V96c0-52.94-43.06-96-96-96H111.59C121.74 13.41 128 29.92 128 48v368c0 38.87 34.65 69.65 74.75 63.12C234.22 474 256 444.46 256 412.57zM288 384v32c0 52.93-43.06 96-96 96h336c61.86 0 112-50.14 112-112 0-8.84-7.16-16-16-16H288z\"><\/path><\/svg><\/span>\t\t\t\t\t\n\t\t\t\t\t<span class=\"wd-list-content list-content\">\n\t\t\t\t\t\t\t\t\t\t\t\t\tBarna italok\t\t\t\t\t\t\t\t\t\t\t<\/span>\n\t\t\t\t<\/li>\n\t\t\t\t\t\t\t\t\t\t\t<li class=\"elementor-repeater-item-909b63b\">\n\t\t\t\t\t\t\t\t\t\t\t<span class=\"wd-icon\"><svg class=\"e-font-icon-svg e-fas-scroll\" viewBox=\"0 0 640 512\" xmlns=\"http:\/\/www.w3.org\/2000\/svg\"><path d=\"M48 0C21.53 0 0 21.53 0 48v64c0 8.84 7.16 16 16 16h80V48C96 21.53 74.47 0 48 0zm208 412.57V352h288V96c0-52.94-43.06-96-96-96H111.59C121.74 13.41 128 29.92 128 48v368c0 38.87 34.65 69.65 74.75 63.12C234.22 474 256 444.46 256 412.57zM288 384v32c0 52.93-43.06 96-96 96h336c61.86 0 112-50.14 112-112 0-8.84-7.16-16-16-16H288z\"><\/path><\/svg><\/span>\t\t\t\t\t\n\t\t\t\t\t<span class=\"wd-list-content list-content\">\n\t\t\t\t\t\t\t\t\t\t\t\t\tImmunrendszer\t\t\t\t\t\t\t\t\t\t\t<\/span>\n\t\t\t\t<\/li>\n\t\t\t\t\t\t\t\t\t\t\t<li class=\"elementor-repeater-item-9326a17\">\n\t\t\t\t\t\t\t\t\t\t\t<span class=\"wd-icon\"><svg class=\"e-font-icon-svg e-fas-scroll\" viewBox=\"0 0 640 512\" xmlns=\"http:\/\/www.w3.org\/2000\/svg\"><path d=\"M48 0C21.53 0 0 21.53 0 48v64c0 8.84 7.16 16 16 16h80V48C96 21.53 74.47 0 48 0zm208 412.57V352h288V96c0-52.94-43.06-96-96-96H111.59C121.74 13.41 128 29.92 128 48v368c0 38.87 34.65 69.65 74.75 63.12C234.22 474 256 444.46 256 412.57zM288 384v32c0 52.93-43.06 96-96 96h336c61.86 0 112-50.14 112-112 0-8.84-7.16-16-16-16H288z\"><\/path><\/svg><\/span>\t\t\t\t\t\n\t\t\t\t\t<span class=\"wd-list-content list-content\">\n\t\t\t\t\t\t\t\t\t\t\t\t\tM\u00e9regtelen\u00edt\u00e9s\t\t\t\t\t\t\t\t\t\t\t<\/span>\n\t\t\t\t<\/li>\n\t\t\t\t\t\t\t\t\t\t\t<li class=\"elementor-repeater-item-23d3e34\">\n\t\t\t\t\t\t\t\t\t\t\t<span class=\"wd-icon\"><svg class=\"e-font-icon-svg e-fas-scroll\" viewBox=\"0 0 640 512\" xmlns=\"http:\/\/www.w3.org\/2000\/svg\"><path d=\"M48 0C21.53 0 0 21.53 0 48v64c0 8.84 7.16 16 16 16h80V48C96 21.53 74.47 0 48 0zm208 412.57V352h288V96c0-52.94-43.06-96-96-96H111.59C121.74 13.41 128 29.92 128 48v368c0 38.87 34.65 69.65 74.75 63.12C234.22 474 256 444.46 256 412.57zM288 384v32c0 52.93-43.06 96-96 96h336c61.86 0 112-50.14 112-112 0-8.84-7.16-16-16-16H288z\"><\/path><\/svg><\/span>\t\t\t\t\t\n\t\t\t\t\t<span class=\"wd-list-content list-content\">\n\t\t\t\t\t\t\t\t\t\t\t\t\tA modern pszichi\u00e1tria probl\u00e9m\u00e1i\t\t\t\t\t\t\t\t\t\t\t<\/span>\n\t\t\t\t<\/li>\n\t\t\t\t\t\t\t\t\t\t\t<li class=\"elementor-repeater-item-ced6f89\">\n\t\t\t\t\t\t\t\t\t\t\t<span class=\"wd-icon\"><svg class=\"e-font-icon-svg e-fas-scroll\" viewBox=\"0 0 640 512\" xmlns=\"http:\/\/www.w3.org\/2000\/svg\"><path d=\"M48 0C21.53 0 0 21.53 0 48v64c0 8.84 7.16 16 16 16h80V48C96 21.53 74.47 0 48 0zm208 412.57V352h288V96c0-52.94-43.06-96-96-96H111.59C121.74 13.41 128 29.92 128 48v368c0 38.87 34.65 69.65 74.75 63.12C234.22 474 256 444.46 256 412.57zM288 384v32c0 52.93-43.06 96-96 96h336c61.86 0 112-50.14 112-112 0-8.84-7.16-16-16-16H288z\"><\/path><\/svg><\/span>\t\t\t\t\t\n\t\t\t\t\t<span class=\"wd-list-content list-content\">\n\t\t\t\t\t\t\t\t\t\t\t\t\tA hagyom\u00e1nyos orvosl\u00e1s gy\u00f3gyszerei\t\t\t\t\t\t\t\t\t\t\t<\/span>\n\t\t\t\t<\/li>\n\t\t\t\t\t\t\t\t\t\t\t<li class=\"elementor-repeater-item-cc262ab\">\n\t\t\t\t\t\t\t\t\t\t\t<span class=\"wd-icon\"><svg class=\"e-font-icon-svg e-fas-scroll\" viewBox=\"0 0 640 512\" xmlns=\"http:\/\/www.w3.org\/2000\/svg\"><path d=\"M48 0C21.53 0 0 21.53 0 48v64c0 8.84 7.16 16 16 16h80V48C96 21.53 74.47 0 48 0zm208 412.57V352h288V96c0-52.94-43.06-96-96-96H111.59C121.74 13.41 128 29.92 128 48v368c0 38.87 34.65 69.65 74.75 63.12C234.22 474 256 444.46 256 412.57zM288 384v32c0 52.93-43.06 96-96 96h336c61.86 0 112-50.14 112-112 0-8.84-7.16-16-16-16H288z\"><\/path><\/svg><\/span>\t\t\t\t\t\n\t\t\t\t\t<span class=\"wd-list-content list-content\">\n\t\t\t\t\t\t\t\t\t\t\t\t\tGenetikailag m\u00f3dos\u00edtott \u00e9lelmiszerek\t\t\t\t\t\t\t\t\t\t\t<\/span>\n\t\t\t\t<\/li>\n\t\t\t\t\t\t\t\t\t\t\t<li class=\"elementor-repeater-item-eddd562\">\n\t\t\t\t\t\t\t\t\t\t\t<span class=\"wd-icon\"><svg class=\"e-font-icon-svg e-fas-scroll\" viewBox=\"0 0 640 512\" xmlns=\"http:\/\/www.w3.org\/2000\/svg\"><path d=\"M48 0C21.53 0 0 21.53 0 48v64c0 8.84 7.16 16 16 16h80V48C96 21.53 74.47 0 48 0zm208 412.57V352h288V96c0-52.94-43.06-96-96-96H111.59C121.74 13.41 128 29.92 128 48v368c0 38.87 34.65 69.65 74.75 63.12C234.22 474 256 444.46 256 412.57zM288 384v32c0 52.93-43.06 96-96 96h336c61.86 0 112-50.14 112-112 0-8.84-7.16-16-16-16H288z\"><\/path><\/svg><\/span>\t\t\t\t\t\n\t\t\t\t\t<span class=\"wd-list-content list-content\">\n\t\t\t\t\t\t\t\t\t\t\t\t\tEmulge\u00e1l\u00f3szerek\t\t\t\t\t\t\t\t\t\t\t<\/span>\n\t\t\t\t<\/li>\n\t\t\t\t\t\t\t\t\t\t\t<li class=\"elementor-repeater-item-bcafa78\">\n\t\t\t\t\t\t\t\t\t\t\t<span class=\"wd-icon\"><svg class=\"e-font-icon-svg e-fas-scroll\" viewBox=\"0 0 640 512\" xmlns=\"http:\/\/www.w3.org\/2000\/svg\"><path d=\"M48 0C21.53 0 0 21.53 0 48v64c0 8.84 7.16 16 16 16h80V48C96 21.53 74.47 0 48 0zm208 412.57V352h288V96c0-52.94-43.06-96-96-96H111.59C121.74 13.41 128 29.92 128 48v368c0 38.87 34.65 69.65 74.75 63.12C234.22 474 256 444.46 256 412.57zM288 384v32c0 52.93-43.06 96-96 96h336c61.86 0 112-50.14 112-112 0-8.84-7.16-16-16-16H288z\"><\/path><\/svg><\/span>\t\t\t\t\t\n\t\t\t\t\t<span class=\"wd-list-content list-content\">\n\t\t\t\t\t\t\t\t\t\t\t\t\t\u00c9hgyomri kezel\u00e9s\t\t\t\t\t\t\t\t\t\t\t<\/span>\n\t\t\t\t<\/li>\n\t\t\t\t\t\t\t\t\t\t\t<li class=\"elementor-repeater-item-3a885ba\">\n\t\t\t\t\t\t\t\t\t\t\t<span class=\"wd-icon\"><svg class=\"e-font-icon-svg e-fas-scroll\" viewBox=\"0 0 640 512\" xmlns=\"http:\/\/www.w3.org\/2000\/svg\"><path d=\"M48 0C21.53 0 0 21.53 0 48v64c0 8.84 7.16 16 16 16h80V48C96 21.53 74.47 0 48 0zm208 412.57V352h288V96c0-52.94-43.06-96-96-96H111.59C121.74 13.41 128 29.92 128 48v368c0 38.87 34.65 69.65 74.75 63.12C234.22 474 256 444.46 256 412.57zM288 384v32c0 52.93-43.06 96-96 96h336c61.86 0 112-50.14 112-112 0-8.84-7.16-16-16-16H288z\"><\/path><\/svg><\/span>\t\t\t\t\t\n\t\t\t\t\t<span class=\"wd-list-content list-content\">\n\t\t\t\t\t\t\t\t\t\t\t\t\tT\u00e1pl\u00e1lkoz\u00e1s \u00e9s \u00f6kol\u00f3gia\t\t\t\t\t\t\t\t\t\t\t<\/span>\n\t\t\t\t<\/li>\n\t\t\t\t\t\t\t\t\t\t\t<li class=\"elementor-repeater-item-ce3815c\">\n\t\t\t\t\t\t\t\t\t\t\t<span class=\"wd-icon\"><svg class=\"e-font-icon-svg e-fas-scroll\" viewBox=\"0 0 640 512\" xmlns=\"http:\/\/www.w3.org\/2000\/svg\"><path d=\"M48 0C21.53 0 0 21.53 0 48v64c0 8.84 7.16 16 16 16h80V48C96 21.53 74.47 0 48 0zm208 412.57V352h288V96c0-52.94-43.06-96-96-96H111.59C121.74 13.41 128 29.92 128 48v368c0 38.87 34.65 69.65 74.75 63.12C234.22 474 256 444.46 256 412.57zM288 384v32c0 52.93-43.06 96-96 96h336c61.86 0 112-50.14 112-112 0-8.84-7.16-16-16-16H288z\"><\/path><\/svg><\/span>\t\t\t\t\t\n\t\t\t\t\t<span class=\"wd-list-content list-content\">\n\t\t\t\t\t\t\t\t\t\t\t\t\tDoktori \u00e9rtekez\u00e9s\t\t\t\t\t\t\t\t\t\t\t<\/span>\n\t\t\t\t<\/li>\n\t\t\t\t\t<\/ul>\n\n\t\t\t\t\t\t<\/div>\n\t\t\t\t<\/div>\n\t\t\t\t\t<\/div>\n\t\t<\/div>\n\t\t\t\t\t<\/div>\n\t\t<\/section>\n\t\t\t\t\t<\/div>\n\t\t<\/div>\n\t\t\t\t<div class=\"elementor-column elementor-col-50 elementor-top-column elementor-element elementor-element-30d3d258\" data-id=\"30d3d258\" data-element_type=\"column\" data-e-type=\"column\">\n\t\t\t<div class=\"elementor-widget-wrap elementor-element-populated\">\n\t\t\t\t\t\t<div class=\"elementor-element elementor-element-6f15fa7c elementor-widget elementor-widget-wd_image_or_svg\" data-id=\"6f15fa7c\" data-element_type=\"widget\" data-e-type=\"widget\" data-widget_type=\"wd_image_or_svg.default\">\n\t\t\t\t<div class=\"elementor-widget-container\">\n\t\t\t\t\t\n\t\t<div class=\"wd-image text-center\">\n\t\t\t\t\t\t\t\t<img decoding=\"async\" width=\"1400\" height=\"933\" src=\"https:\/\/eliksirvitalnosti.com\/wp-content\/uploads\/2025\/01\/doktor-prirodne-medicine-ispit.jpg\" class=\"attachment-full size-full\" alt=\"Ispit iz prirodne medicine - sertifikat kvaliteta stru\u010dnjaka\" srcset=\"https:\/\/eliksirvitalnosti.com\/wp-content\/uploads\/2025\/01\/doktor-prirodne-medicine-ispit.jpg 1400w, https:\/\/eliksirvitalnosti.com\/wp-content\/uploads\/2025\/01\/doktor-prirodne-medicine-ispit-300x200.jpg 300w, https:\/\/eliksirvitalnosti.com\/wp-content\/uploads\/2025\/01\/doktor-prirodne-medicine-ispit-1024x682.jpg 1024w, https:\/\/eliksirvitalnosti.com\/wp-content\/uploads\/2025\/01\/doktor-prirodne-medicine-ispit-768x512.jpg 768w, https:\/\/eliksirvitalnosti.com\/wp-content\/uploads\/2025\/01\/doktor-prirodne-medicine-ispit-600x400.jpg 600w, https:\/\/eliksirvitalnosti.com\/wp-content\/uploads\/2025\/01\/doktor-prirodne-medicine-ispit-150x100.jpg 150w\" sizes=\"(max-width: 1400px) 100vw, 1400px\" \/>\t\t\t\t\t<\/div>\n\n\t\t\t\t\t\t<\/div>\n\t\t\t\t<\/div>\n\t\t\t\t\t<\/div>\n\t\t<\/div>\n\t\t\t\t\t<\/div>\n\t\t<\/section>\n\t\t\t\t<section class=\"wd-negative-gap elementor-section elementor-top-section elementor-element elementor-element-7628cdf1 elementor-section-boxed elementor-section-height-default elementor-section-height-default\" data-id=\"7628cdf1\" data-element_type=\"section\" data-e-type=\"section\" data-settings=\"{&quot;background_background&quot;:&quot;classic&quot;}\">\n\t\t\t\t\t\t<div class=\"elementor-container elementor-column-gap-default\">\n\t\t\t\t\t<div class=\"elementor-column elementor-col-100 elementor-top-column elementor-element elementor-element-2dc72d1b\" data-id=\"2dc72d1b\" data-element_type=\"column\" data-e-type=\"column\">\n\t\t\t<div class=\"elementor-widget-wrap elementor-element-populated\">\n\t\t\t\t\t\t<div class=\"elementor-element elementor-element-689d08b9 wd-width-100 elementor-widget elementor-widget-wd_title\" data-id=\"689d08b9\" data-element_type=\"widget\" data-e-type=\"widget\" data-widget_type=\"wd_title.default\">\n\t\t\t\t<div class=\"elementor-widget-container\">\n\t\t\t\t\t\t\t<div class=\"title-wrapper wd-set-mb reset-last-child wd-title-color-primary wd-title-style-default wd-title-size-default text-center\">\n\n\t\t\t\t\t\t\t\t\t\t\t<div class=\"title-subtitle subtitle-color-primary subtitle-style-default wd-fontsize-xs\">\n\t\t\t\t\tJelentkezzen! \t\t\t\t<\/div>\n\t\t\t\n\t\t\t<div class=\"liner-continer\">\n\t\t\t\t<h4 class=\"woodmart-title-container title wd-fontsize-l\">Ha \u00e9rdekli ez az oktat\u00e1si anyag, k\u00e9rj\u00fck, vegye fel vel\u00fcnk a kapcsolatot e-mailben:<\/h4> \n\t\t\t\t\t\t\t<\/div>\n\n\t\t\t\t\t\t\t<div class=\"title-after_title reset-last-child wd-fontsize-xs\">\n\t\t\t\t\t<p>\u00d6r\u00f6m\u00fcnkre szolg\u00e1l, hogy tov\u00e1bbi inform\u00e1ci\u00f3kat osztunk meg \u00d6nnel!<\/p>\t\t\t\t<\/div>\n\t\t\t\t\t<\/div>\n\t\t\t\t\t\t<\/div>\n\t\t\t\t<\/div>\n\t\t\t\t<div class=\"elementor-element elementor-element-4598f455 elementor-widget elementor-widget-wd_button\" data-id=\"4598f455\" data-element_type=\"widget\" data-e-type=\"widget\" data-widget_type=\"wd_button.default\">\n\t\t\t\t<div class=\"elementor-widget-container\">\n\t\t\t\t\t\t\t<div class=\"wd-button-wrapper text-center\" >\n\t\t\t<a class=\"btn btn-style-default btn-shape-semi-round btn-size-extra-large btn-color-primary btn-icon-pos-right\"  href=\"mailto:zelenijalic@gmail.com\">\n\t\t\t\t<span class=\"wd-btn-text\" data-elementor-setting-key=\"text\">\n\t\t\t\t\tzelenijalic@gmail.com\t\t\t\t<\/span>\n\n\t\t\t\t\t\t\t<\/a>\n\t\t<\/div>\n\t\t\t\t\t\t<\/div>\n\t\t\t\t<\/div>\n\t\t\t\t\t<\/div>\n\t\t<\/div>\n\t\t\t\t\t<\/div>\n\t\t<\/section>\n\t\t\t\t<\/div>\n\t\t","protected":false},"excerpt":{"rendered":"<p>Term\u00e9szetgy\u00f3gy\u00e1sz doktor (N.D.) A tanulm\u00e1nyokra val\u00f3 beiratkoz\u00e1s eg\u00e9sz \u00e9vben nyitva \u00e1ll, maxim\u00e1lis rugalmass\u00e1got biztos\u00edtva a jelentkez\u0151k sz\u00e1m\u00e1ra. Az oktat\u00e1s teljes<\/p>\n","protected":false},"author":1,"featured_media":0,"parent":0,"menu_order":0,"comment_status":"closed","ping_status":"closed","template":"elementor_header_footer","meta":{"_acf_changed":false,"footnotes":""},"class_list":["post-10355","page","type-page","status-publish","hentry"],"acf":[],"_links":{"self":[{"href":"https:\/\/eliksirvitalnosti.com\/hu\/wp-json\/wp\/v2\/pages\/10355","targetHints":{"allow":["GET"]}}],"collection":[{"href":"https:\/\/eliksirvitalnosti.com\/hu\/wp-json\/wp\/v2\/pages"}],"about":[{"href":"https:\/\/eliksirvitalnosti.com\/hu\/wp-json\/wp\/v2\/types\/page"}],"author":[{"embeddable":true,"href":"https:\/\/eliksirvitalnosti.com\/hu\/wp-json\/wp\/v2\/users\/1"}],"replies":[{"embeddable":true,"href":"https:\/\/eliksirvitalnosti.com\/hu\/wp-json\/wp\/v2\/comments?post=10355"}],"version-history":[{"count":0,"href":"https:\/\/eliksirvitalnosti.com\/hu\/wp-json\/wp\/v2\/pages\/10355\/revisions"}],"wp:attachment":[{"href":"https:\/\/eliksirvitalnosti.com\/hu\/wp-json\/wp\/v2\/media?parent=10355"}],"curies":[{"name":"wp","href":"https:\/\/api.w.org\/{rel}","templated":true}]}}