{"id":20118,"date":"2025-04-27T18:21:04","date_gmt":"2025-04-27T18:21:04","guid":{"rendered":"https:\/\/eliksirvitalnosti.com\/reumatoid-artritisz\/"},"modified":"2025-09-29T11:14:58","modified_gmt":"2025-09-29T11:14:58","slug":"reumatoid-artritisz","status":"publish","type":"page","link":"https:\/\/eliksirvitalnosti.com\/hu\/reumatoid-artritisz\/","title":{"rendered":"Reumatoid artritisz"},"content":{"rendered":"\t\t<div data-elementor-type=\"wp-page\" data-elementor-id=\"20118\" class=\"elementor elementor-20118 elementor-12768\" data-elementor-post-type=\"page\">\n\t\t\t\t\t\t<section class=\"wd-negative-gap elementor-section elementor-top-section elementor-element elementor-element-765e2e5b elementor-section-content-middle elementor-section-boxed elementor-section-height-default elementor-section-height-default\" data-id=\"765e2e5b\" data-element_type=\"section\" data-e-type=\"section\">\n\t\t\t\t\t\t<div class=\"elementor-container elementor-column-gap-wide\">\n\t\t\t\t\t<div class=\"elementor-column elementor-col-50 elementor-top-column elementor-element elementor-element-47d0f9fa\" data-id=\"47d0f9fa\" data-element_type=\"column\" data-e-type=\"column\">\n\t\t\t<div class=\"elementor-widget-wrap elementor-element-populated\">\n\t\t\t\t\t\t<div class=\"elementor-element elementor-element-1f5baf8f elementor-widget elementor-widget-image\" data-id=\"1f5baf8f\" data-element_type=\"widget\" data-e-type=\"widget\" data-widget_type=\"image.default\">\n\t\t\t\t<div class=\"elementor-widget-container\">\n\t\t\t\t\t\t\t\t\t\t\t\t\t\t\t<img loading=\"lazy\" decoding=\"async\" width=\"1080\" height=\"1080\" src=\"https:\/\/eliksirvitalnosti.com\/wp-content\/themes\/woodmart\/images\/lazy.svg\" class=\"attachment-full size-full wp-image-12772 wd-lazy-fade\" alt=\"Reumatoid artritisz - blog az \u00edz\u00fcleti gyullad\u00e1sr\u00f3l \u00e9s t\u00e1pl\u00e1lkoz\u00e1sr\u00f3l\" srcset=\"\" sizes=\"auto, (max-width: 1080px) 100vw, 1080px\" data-src=\"https:\/\/eliksirvitalnosti.com\/wp-content\/uploads\/2025\/04\/Reumatoidni-artritis.jpg\" data-srcset=\"https:\/\/eliksirvitalnosti.com\/wp-content\/uploads\/2025\/04\/Reumatoidni-artritis.jpg 1080w, https:\/\/eliksirvitalnosti.com\/wp-content\/uploads\/2025\/04\/Reumatoidni-artritis-300x300.jpg 300w, https:\/\/eliksirvitalnosti.com\/wp-content\/uploads\/2025\/04\/Reumatoidni-artritis-1024x1024.jpg 1024w, https:\/\/eliksirvitalnosti.com\/wp-content\/uploads\/2025\/04\/Reumatoidni-artritis-150x150.jpg 150w, https:\/\/eliksirvitalnosti.com\/wp-content\/uploads\/2025\/04\/Reumatoidni-artritis-768x768.jpg 768w, https:\/\/eliksirvitalnosti.com\/wp-content\/uploads\/2025\/04\/Reumatoidni-artritis-600x600.jpg 600w\" \/>\t\t\t\t\t\t\t\t\t\t\t\t\t\t\t<\/div>\n\t\t\t\t<\/div>\n\t\t\t\t\t<\/div>\n\t\t<\/div>\n\t\t\t\t<div class=\"elementor-column elementor-col-50 elementor-top-column elementor-element elementor-element-e3ef0d3\" data-id=\"e3ef0d3\" data-element_type=\"column\" data-e-type=\"column\">\n\t\t\t<div class=\"elementor-widget-wrap elementor-element-populated\">\n\t\t\t\t\t\t<div class=\"elementor-element elementor-element-30e6a649 wd-width-100 elementor-widget elementor-widget-wd_title\" data-id=\"30e6a649\" data-element_type=\"widget\" data-e-type=\"widget\" data-widget_type=\"wd_title.default\">\n\t\t\t\t<div class=\"elementor-widget-container\">\n\t\t\t\t\t\t\t<div class=\"title-wrapper wd-set-mb reset-last-child wd-title-color-default wd-title-style-default wd-title-size-default text-\">\n\n\t\t\t\n\t\t\t<div class=\"liner-continer\">\n\t\t\t\t<h2 class=\"woodmart-title-container title wd-fontsize-l\"><\/h2> \n\t\t\t\t\t\t\t<\/div>\n\n\t\t\t\t\t\t\t<div class=\"title-after_title reset-last-child wd-fontsize-xs\">\n\t\t\t\t\t<p><strong>A reumatoid artritisz (RA)<\/strong> egy kr\u00f3nikus autoimmun betegs\u00e9g, amely az \u00edz\u00fcleteket \u00e9rinti, gyullad\u00e1st okozva azok bels\u0151 membr\u00e1nj\u00e1ban (szinovi\u00e1lis h\u00e1rtya). Ellent\u00e9tben az oszteoartritisszel, amely a porc kop\u00e1s\u00e1nak k\u00f6vetkezm\u00e9nye, a reumatoid artritisz egy sziszt\u00e9m\u00e1s betegs\u00e9g \u2013 az immunrendszer t\u00e9vesen t\u00e1madja meg a saj\u00e1t sz\u00f6veteket. Az RA s\u00falyos betegs\u00e9gnek sz\u00e1m\u00edt, mivel s\u00falyos \u00edz\u00fcleti deformit\u00e1sokhoz, mozg\u00e1skorl\u00e1tozotts\u00e1ghoz \u00e9s m\u00e1s szervek (sz\u00edv, t\u00fcd\u0151) \u00e9rintetts\u00e9g\u00e9hez vezethet.  <\/p>\t\t\t\t<\/div>\n\t\t\t\t\t<\/div>\n\t\t\t\t\t\t<\/div>\n\t\t\t\t<\/div>\n\t\t\t\t<section class=\"wd-negative-gap elementor-section elementor-inner-section elementor-element elementor-element-5e673d0b elementor-section-content-middle elementor-section-boxed elementor-section-height-default elementor-section-height-default\" data-id=\"5e673d0b\" data-element_type=\"section\" data-e-type=\"section\">\n\t\t\t\t\t\t<div class=\"elementor-container elementor-column-gap-default\">\n\t\t\t\t\t<div class=\"elementor-column elementor-col-100 elementor-inner-column elementor-element elementor-element-21ad66d9\" data-id=\"21ad66d9\" data-element_type=\"column\" data-e-type=\"column\">\n\t\t\t<div class=\"elementor-widget-wrap elementor-element-populated\">\n\t\t\t\t\t\t<div class=\"elementor-element elementor-element-6157ff92 color-scheme-inherit text-left elementor-widget elementor-widget-text-editor\" data-id=\"6157ff92\" data-element_type=\"widget\" data-e-type=\"widget\" data-widget_type=\"text-editor.default\">\n\t\t\t\t<div class=\"elementor-widget-container\">\n\t\t\t\t\t\t\t\t\t<ul style=\"font-weight: 400;\"><li>\u00cdz\u00fcleti f\u00e1jdalom, duzzanat \u00e9s merevs\u00e9g (k\u00fcl\u00f6n\u00f6sen a k\u00e9z, l\u00e1b, t\u00e9rd)<\/li><\/ul>\t\t\t\t\t\t\t\t<\/div>\n\t\t\t\t<\/div>\n\t\t\t\t\t<\/div>\n\t\t<\/div>\n\t\t\t\t\t<\/div>\n\t\t<\/section>\n\t\t\t\t<section class=\"wd-negative-gap elementor-section elementor-inner-section elementor-element elementor-element-358c4920 elementor-section-content-middle elementor-section-boxed elementor-section-height-default elementor-section-height-default\" data-id=\"358c4920\" data-element_type=\"section\" data-e-type=\"section\">\n\t\t\t\t\t\t<div class=\"elementor-container elementor-column-gap-default\">\n\t\t\t\t\t<div class=\"elementor-column elementor-col-100 elementor-inner-column elementor-element elementor-element-2d65af6d\" data-id=\"2d65af6d\" data-element_type=\"column\" data-e-type=\"column\">\n\t\t\t<div class=\"elementor-widget-wrap elementor-element-populated\">\n\t\t\t\t\t\t<div class=\"elementor-element elementor-element-388267f0 color-scheme-inherit text-left elementor-widget elementor-widget-text-editor\" data-id=\"388267f0\" data-element_type=\"widget\" data-e-type=\"widget\" data-widget_type=\"text-editor.default\">\n\t\t\t\t<div class=\"elementor-widget-container\">\n\t\t\t\t\t\t\t\t\t<ul style=\"font-weight: 400;\"><li>30 percn\u00e9l tov\u00e1bb tart\u00f3 reggeli \u00edz\u00fcleti merevs\u00e9g<\/li><\/ul>\t\t\t\t\t\t\t\t<\/div>\n\t\t\t\t<\/div>\n\t\t\t\t\t<\/div>\n\t\t<\/div>\n\t\t\t\t\t<\/div>\n\t\t<\/section>\n\t\t\t\t<section class=\"wd-negative-gap elementor-section elementor-inner-section elementor-element elementor-element-710e5486 elementor-section-content-middle elementor-section-boxed elementor-section-height-default elementor-section-height-default\" data-id=\"710e5486\" data-element_type=\"section\" data-e-type=\"section\">\n\t\t\t\t\t\t<div class=\"elementor-container elementor-column-gap-default\">\n\t\t\t\t\t<div class=\"elementor-column elementor-col-100 elementor-inner-column elementor-element elementor-element-4f75d851\" data-id=\"4f75d851\" data-element_type=\"column\" data-e-type=\"column\">\n\t\t\t<div class=\"elementor-widget-wrap elementor-element-populated\">\n\t\t\t\t\t\t<div class=\"elementor-element elementor-element-1931b50 color-scheme-inherit text-left elementor-widget elementor-widget-text-editor\" data-id=\"1931b50\" data-element_type=\"widget\" data-e-type=\"widget\" data-widget_type=\"text-editor.default\">\n\t\t\t\t<div class=\"elementor-widget-container\">\n\t\t\t\t\t\t\t\t\t<ul style=\"font-weight: 400;\"><li>Meleg, v\u00f6r\u00f6s b\u0151r az \u00e9rintett \u00edz\u00fcletek felett<\/li><\/ul>\t\t\t\t\t\t\t\t<\/div>\n\t\t\t\t<\/div>\n\t\t\t\t\t<\/div>\n\t\t<\/div>\n\t\t\t\t\t<\/div>\n\t\t<\/section>\n\t\t\t\t<section class=\"wd-negative-gap elementor-section elementor-inner-section elementor-element elementor-element-40f5ba5 elementor-section-content-middle elementor-section-boxed elementor-section-height-default elementor-section-height-default\" data-id=\"40f5ba5\" data-element_type=\"section\" data-e-type=\"section\">\n\t\t\t\t\t\t<div class=\"elementor-container elementor-column-gap-default\">\n\t\t\t\t\t<div class=\"elementor-column elementor-col-100 elementor-inner-column elementor-element elementor-element-a553ae6\" data-id=\"a553ae6\" data-element_type=\"column\" data-e-type=\"column\">\n\t\t\t<div class=\"elementor-widget-wrap elementor-element-populated\">\n\t\t\t\t\t\t<div class=\"elementor-element elementor-element-6ceec94 color-scheme-inherit text-left elementor-widget elementor-widget-text-editor\" data-id=\"6ceec94\" data-element_type=\"widget\" data-e-type=\"widget\" data-widget_type=\"text-editor.default\">\n\t\t\t\t<div class=\"elementor-widget-container\">\n\t\t\t\t\t\t\t\t\t<ul style=\"font-weight: 400;\"><li>Kr\u00f3nikus f\u00e1radts\u00e1g, gyenges\u00e9g \u00e9s alacsony fok\u00fa l\u00e1z<\/li><\/ul>\t\t\t\t\t\t\t\t<\/div>\n\t\t\t\t<\/div>\n\t\t\t\t\t<\/div>\n\t\t<\/div>\n\t\t\t\t\t<\/div>\n\t\t<\/section>\n\t\t\t\t<section class=\"wd-negative-gap elementor-section elementor-inner-section elementor-element elementor-element-ebeed45 elementor-section-content-middle elementor-section-boxed elementor-section-height-default elementor-section-height-default\" data-id=\"ebeed45\" data-element_type=\"section\" data-e-type=\"section\">\n\t\t\t\t\t\t<div class=\"elementor-container elementor-column-gap-default\">\n\t\t\t\t\t<div class=\"elementor-column elementor-col-100 elementor-inner-column elementor-element elementor-element-63eaa39\" data-id=\"63eaa39\" data-element_type=\"column\" data-e-type=\"column\">\n\t\t\t<div class=\"elementor-widget-wrap elementor-element-populated\">\n\t\t\t\t\t\t<div class=\"elementor-element elementor-element-caac37a color-scheme-inherit text-left elementor-widget elementor-widget-text-editor\" data-id=\"caac37a\" data-element_type=\"widget\" data-e-type=\"widget\" data-widget_type=\"text-editor.default\">\n\t\t\t\t<div class=\"elementor-widget-container\">\n\t\t\t\t\t\t\t\t\t<ul style=\"font-weight: 400;\"><li>El\u0151rehaladott st\u00e1diumban \u00edz\u00fcleti deformit\u00e1s \u00e9s funkci\u00f3veszt\u00e9s<\/li><\/ul>\t\t\t\t\t\t\t\t<\/div>\n\t\t\t\t<\/div>\n\t\t\t\t\t<\/div>\n\t\t<\/div>\n\t\t\t\t\t<\/div>\n\t\t<\/section>\n\t\t\t\t\t<\/div>\n\t\t<\/div>\n\t\t\t\t\t<\/div>\n\t\t<\/section>\n\t\t<div class=\"wd-negative-gap elementor-element elementor-element-311eb0f3 e-flex e-con-boxed e-con e-parent\" data-id=\"311eb0f3\" data-element_type=\"container\" data-e-type=\"container\">\n\t\t\t\t\t<div class=\"e-con-inner\">\n\t\t\t\t<div class=\"elementor-element elementor-element-5028b585 elementor-widget elementor-widget-wd_text_block\" data-id=\"5028b585\" data-element_type=\"widget\" data-e-type=\"widget\" data-widget_type=\"wd_text_block.default\">\n\t\t\t\t<div class=\"elementor-widget-container\">\n\t\t\t\t\t\t\t<div class=\"wd-text-block reset-last-child text-left\">\n\t\t\t\n\t\t\t<p style=\"font-weight: 400;\">A reumatoid artritisz pontos oka nem tiszt\u00e1zott \u2013 \u00fagy v\u00e9lik, hogy a genetikai hajlam k\u00f6rnyezeti t\u00e9nyez\u0151kkel (pl. fert\u0151z\u00e9sek, doh\u00e1nyz\u00e1s, stressz) kombin\u00e1lva v\u00e1ltja ki az autoimmun v\u00e1laszt. Az RA alapja az <strong>immunol\u00f3giai egyens\u00falyzavar<\/strong>: a t\u00falakt\u00edv immunrendszer olyan antitesteket termel, amelyek megt\u00e1madj\u00e1k az \u00edz\u00fcleti membr\u00e1nokat, tart\u00f3s <strong>kr\u00f3nikus gyullad\u00e1st<\/strong> okozva. A gyullad\u00e1sos folyamat olyan enzimeket szabad\u00edt fel, amelyek roncsolj\u00e1k a porcot \u00e9s a csontot, valamint szabadgy\u00f6k\u00f6k t\u00f6bblete (<strong>oxidat\u00edv stressz<\/strong>) keletkezik, ami tov\u00e1bb k\u00e1ros\u00edtja az \u00edz\u00fcleti sz\u00f6veteket. Az \u00e1lland\u00f3 gyullad\u00e1s miatt az RA-ban szenved\u0151 szem\u00e9lyekn\u00e9l emelkedett lehet a <strong>C-reakt\u00edv protein<\/strong> \u00e9s m\u00e1s gyullad\u00e1sos markerek szintje, valamint kr\u00f3nikus betegs\u00e9g okozta an\u00e9mia alakulhat ki.   <\/p>\n\t\t\t\t\t<\/div>\n\t\t\t\t\t\t<\/div>\n\t\t\t\t<\/div>\n\t\t\t\t<div class=\"elementor-element elementor-element-624331a8 wd-width-100 elementor-widget elementor-widget-wd_title\" data-id=\"624331a8\" data-element_type=\"widget\" data-e-type=\"widget\" data-widget_type=\"wd_title.default\">\n\t\t\t\t<div class=\"elementor-widget-container\">\n\t\t\t\t\t\t\t<div class=\"title-wrapper wd-set-mb reset-last-child wd-title-color-default wd-title-style-default wd-title-size-default text-center\">\n\n\t\t\t\n\t\t\t<div class=\"liner-continer\">\n\t\t\t\t<h3 class=\"woodmart-title-container title wd-fontsize-l\">Term\u00e9szetes t\u00e1mogat\u00e1s a szervezetnek<\/h3> \n\t\t\t\t\t\t\t<\/div>\n\n\t\t\t\t\t<\/div>\n\t\t\t\t\t\t<\/div>\n\t\t\t\t<\/div>\n\t\t\t\t<div class=\"elementor-element elementor-element-a8ac3f7 elementor-widget elementor-widget-wd_text_block\" data-id=\"a8ac3f7\" data-element_type=\"widget\" data-e-type=\"widget\" data-widget_type=\"wd_text_block.default\">\n\t\t\t\t<div class=\"elementor-widget-container\">\n\t\t\t\t\t\t\t<div class=\"wd-text-block reset-last-child text-left\">\n\t\t\t\n\t\t\t<p style=\"font-weight: 400;\">A t\u00e1pl\u00e1lkoz\u00e1s megfelel\u0151 kezel\u00e9se enyh\u00edtheti az RA t\u00fcneteit \u00e9s jav\u00edthatja a betegek \u00e9letmin\u0151s\u00e9g\u00e9t. A <strong>t\u00f6nk\u00f6lyb\u00faza<\/strong> kiv\u00e1l\u00f3an illeszkedik a gyullad\u00e1scs\u00f6kkent\u0151 \u00e9trendbe. Gazdag \u00e9lelmi rostokban \u00e9s \u00f6sszetett sz\u00e9nhidr\u00e1tokban, amelyek seg\u00edtenek az eg\u00e9szs\u00e9ges tests\u00faly fenntart\u00e1s\u00e1ban \u2013 az alacsonyabb tests\u00faly cs\u00f6kkenti a f\u00e1jdalmas \u00edz\u00fcletek terhel\u00e9s\u00e9t. A t\u00f6nk\u00f6lyb\u00faza jelent\u0151s mennyis\u00e9g\u0171 <strong>magn\u00e9ziumot<\/strong> \u00e9s <strong>B-vitaminokat<\/strong> tartalmaz, amelyek hozz\u00e1j\u00e1rulnak az izmok \u00e9s az idegrendszer norm\u00e1l m\u0171k\u00f6d\u00e9s\u00e9hez, ami seg\u00edthet a g\u00f6rcs\u00f6k \u00e9s merevs\u00e9g cs\u00f6kkent\u00e9s\u00e9ben.  <\/p><p style=\"font-weight: 400;\"><strong>Gyullad\u00e1scs\u00f6kkent\u0151 tulajdons\u00e1gai<\/strong> az E-vitamin \u00e9s szel\u00e9n antioxid\u00e1nsok jelenl\u00e9t\u00e9ben is megmutatkoznak, amelyek cs\u00f6kkenthetik a gyullad\u00e1sos citokinek szintj\u00e9t a szervezetben. Tov\u00e1bb\u00e1, a t\u00f6nk\u00f6lyb\u00faz\u00e1nak <strong>l\u00fagos\u00edt\u00f3 hat\u00e1sa<\/strong> van a szervezetre \u2013 seg\u00edt a pH-egyens\u00faly helyre\u00e1ll\u00edt\u00e1s\u00e1ban, ami hasznos, mivel a savas k\u00f6rnyezet potenci\u00e1lisan fokozza a gyullad\u00e1st. A t\u00f6nk\u00f6lyb\u00faza rendszeres fogyaszt\u00e1sa (pl. liofiliz\u00e1lt t\u00f6nk\u00f6lyb\u00faza tabletta form\u00e1j\u00e1ban) omega-3 zs\u00edrsavakat is biztos\u00edthat, amelyek cs\u00f6kkentik az \u00edz\u00fcleti gyullad\u00e1st \u00e9s merevs\u00e9get (egyes k\u00e9sz\u00edtm\u00e9nyekhez omega-3-at adnak).  <\/p><p style=\"font-weight: 400;\">Emellett a t\u00f6nk\u00f6lyb\u00faza rostjai jav\u00edtj\u00e1k az em\u00e9szt\u00e9st \u00e9s a b\u00e9lrendszer eg\u00e9szs\u00e9g\u00e9t, \u00e9s egyre ink\u00e1bb ismert, hogy az eg\u00e9szs\u00e9ges mikrobiom fontos az immunit\u00e1s szab\u00e1lyoz\u00e1s\u00e1ban \u2013 m\u00e9g az RA-hoz hasonl\u00f3 autoimmun betegs\u00e9gek eset\u00e9ben is. \u00cdgy a t\u00f6nk\u00f6lyb\u00faza seg\u00edt a szervezetnek az immunol\u00f3giai egyens\u00falyzavar lek\u00fczd\u00e9s\u00e9ben, cs\u00f6kkentve a gyullad\u00e1st \u00e9s az oxidat\u00edv k\u00e1rosod\u00e1st, ami cs\u00f6kkent f\u00e1jdalomhoz \u00e9s jobb mozg\u00e9konys\u00e1ghoz vezethet. <\/p>\n\t\t\t\t\t<\/div>\n\t\t\t\t\t\t<\/div>\n\t\t\t\t<\/div>\n\t\t\t\t\t<\/div>\n\t\t\t\t<\/div>\n\t\t\t\t<\/div>\n\t\t","protected":false},"excerpt":{"rendered":"<p>A reumatoid artritisz (RA) egy kr\u00f3nikus autoimmun betegs\u00e9g, amely az \u00edz\u00fcleteket \u00e9rinti, gyullad\u00e1st okozva azok bels\u0151 membr\u00e1nj\u00e1ban (szinovi\u00e1lis h\u00e1rtya). Ellent\u00e9tben<\/p>\n","protected":false},"author":809,"featured_media":0,"parent":0,"menu_order":0,"comment_status":"closed","ping_status":"closed","template":"","meta":{"_acf_changed":false,"footnotes":""},"class_list":["post-20118","page","type-page","status-publish","hentry"],"acf":[],"_links":{"self":[{"href":"https:\/\/eliksirvitalnosti.com\/hu\/wp-json\/wp\/v2\/pages\/20118","targetHints":{"allow":["GET"]}}],"collection":[{"href":"https:\/\/eliksirvitalnosti.com\/hu\/wp-json\/wp\/v2\/pages"}],"about":[{"href":"https:\/\/eliksirvitalnosti.com\/hu\/wp-json\/wp\/v2\/types\/page"}],"author":[{"embeddable":true,"href":"https:\/\/eliksirvitalnosti.com\/hu\/wp-json\/wp\/v2\/users\/809"}],"replies":[{"embeddable":true,"href":"https:\/\/eliksirvitalnosti.com\/hu\/wp-json\/wp\/v2\/comments?post=20118"}],"version-history":[{"count":0,"href":"https:\/\/eliksirvitalnosti.com\/hu\/wp-json\/wp\/v2\/pages\/20118\/revisions"}],"wp:attachment":[{"href":"https:\/\/eliksirvitalnosti.com\/hu\/wp-json\/wp\/v2\/media?parent=20118"}],"curies":[{"name":"wp","href":"https:\/\/api.w.org\/{rel}","templated":true}]}}