{"id":20126,"date":"2025-04-27T18:35:04","date_gmt":"2025-04-27T18:35:04","guid":{"rendered":"https:\/\/eliksirvitalnosti.com\/lupus\/"},"modified":"2025-09-29T11:15:34","modified_gmt":"2025-09-29T11:15:34","slug":"lupus","status":"publish","type":"page","link":"https:\/\/eliksirvitalnosti.com\/hu\/lupus\/","title":{"rendered":"Lupus"},"content":{"rendered":"\t\t<div data-elementor-type=\"wp-page\" data-elementor-id=\"20126\" class=\"elementor elementor-20126 elementor-12790\" data-elementor-post-type=\"page\">\n\t\t\t\t\t\t<section class=\"wd-negative-gap elementor-section elementor-top-section elementor-element elementor-element-1c47d9ce elementor-section-content-middle elementor-section-boxed elementor-section-height-default elementor-section-height-default\" data-id=\"1c47d9ce\" data-element_type=\"section\" data-e-type=\"section\">\n\t\t\t\t\t\t<div class=\"elementor-container elementor-column-gap-wide\">\n\t\t\t\t\t<div class=\"elementor-column elementor-col-50 elementor-top-column elementor-element elementor-element-20688f8b\" data-id=\"20688f8b\" data-element_type=\"column\" data-e-type=\"column\">\n\t\t\t<div class=\"elementor-widget-wrap elementor-element-populated\">\n\t\t\t\t\t\t<div class=\"elementor-element elementor-element-66bc0761 elementor-widget elementor-widget-image\" data-id=\"66bc0761\" data-element_type=\"widget\" data-e-type=\"widget\" data-widget_type=\"image.default\">\n\t\t\t\t<div class=\"elementor-widget-container\">\n\t\t\t\t\t\t\t\t\t\t\t\t\t\t\t<img loading=\"lazy\" decoding=\"async\" width=\"1080\" height=\"1080\" src=\"https:\/\/eliksirvitalnosti.com\/wp-content\/themes\/woodmart\/images\/lazy.svg\" class=\"attachment-full size-full wp-image-12794 wd-lazy-fade\" alt=\"Lupus - blog az autoimmun betegs\u00e9gr\u0151l \u00e9s t\u00e1pl\u00e1lkoz\u00e1sr\u00f3l\" srcset=\"\" sizes=\"auto, (max-width: 1080px) 100vw, 1080px\" data-src=\"https:\/\/eliksirvitalnosti.com\/wp-content\/uploads\/2025\/04\/lupus.jpg\" data-srcset=\"https:\/\/eliksirvitalnosti.com\/wp-content\/uploads\/2025\/04\/lupus.jpg 1080w, https:\/\/eliksirvitalnosti.com\/wp-content\/uploads\/2025\/04\/lupus-300x300.jpg 300w, https:\/\/eliksirvitalnosti.com\/wp-content\/uploads\/2025\/04\/lupus-1024x1024.jpg 1024w, https:\/\/eliksirvitalnosti.com\/wp-content\/uploads\/2025\/04\/lupus-150x150.jpg 150w, https:\/\/eliksirvitalnosti.com\/wp-content\/uploads\/2025\/04\/lupus-768x768.jpg 768w, https:\/\/eliksirvitalnosti.com\/wp-content\/uploads\/2025\/04\/lupus-600x600.jpg 600w\" \/>\t\t\t\t\t\t\t\t\t\t\t\t\t\t\t<\/div>\n\t\t\t\t<\/div>\n\t\t\t\t\t<\/div>\n\t\t<\/div>\n\t\t\t\t<div class=\"elementor-column elementor-col-50 elementor-top-column elementor-element elementor-element-6d3b17d0\" data-id=\"6d3b17d0\" data-element_type=\"column\" data-e-type=\"column\">\n\t\t\t<div class=\"elementor-widget-wrap elementor-element-populated\">\n\t\t\t\t\t\t<div class=\"elementor-element elementor-element-32779219 wd-width-100 elementor-widget elementor-widget-wd_title\" data-id=\"32779219\" data-element_type=\"widget\" data-e-type=\"widget\" data-widget_type=\"wd_title.default\">\n\t\t\t\t<div class=\"elementor-widget-container\">\n\t\t\t\t\t\t\t<div class=\"title-wrapper wd-set-mb reset-last-child wd-title-color-default wd-title-style-default wd-title-size-default text-\">\n\n\t\t\t\n\t\t\t<div class=\"liner-continer\">\n\t\t\t\t<h2 class=\"woodmart-title-container title wd-fontsize-l\"><\/h2> \n\t\t\t\t\t\t\t<\/div>\n\n\t\t\t\t\t\t\t<div class=\"title-after_title reset-last-child wd-fontsize-xs\">\n\t\t\t\t\t<p>A <strong>lupus<\/strong> \u00e1ltal\u00e1ban sziszt\u00e9m\u00e1s lupus erythematosusra (SLE) utal, egy olyan autoimmun betegs\u00e9gre, amelyben az immunrendszer szinte b\u00e1rmely szervben megt\u00e1madja a saj\u00e1t sz\u00f6veteket. A lupust a \"nagy ut\u00e1nz\u00f3nak\" is nevezik, mivel sok m\u00e1s betegs\u00e9get ut\u00e1nozhat - \u00e9rintheti a b\u0151rt, \u00edz\u00fcleteket, ves\u00e9t, sz\u00edvet, t\u00fcd\u0151t, v\u00e9rsejteket \u00e9s az agyat. A betegs\u00e9get s\u00falyosbod\u00e1si (akt\u00edv) \u00e9s nyugalmi id\u0151szakok jellemzik. A t\u00fcnetek sz\u00e9les sk\u00e1l\u00e1ja \u00e9s a lehets\u00e9ges sz\u00f6v\u0151dm\u00e9nyek miatt (p\u00e9ld\u00e1ul lupus okozta veseel\u00e9gtelens\u00e9g) ez a betegs\u00e9g az immunrendszer legs\u00falyosabb betegs\u00e9gei k\u00f6z\u00e9 tartozik.   <\/p><p>A <strong>lupus t\u00fcnetei<\/strong> nagyon v\u00e1ltozatosak lehetnek, de jellemz\u0151en a k\u00f6vetkez\u0151ket foglalj\u00e1k magukban:<\/p>\t\t\t\t<\/div>\n\t\t\t\t\t<\/div>\n\t\t\t\t\t\t<\/div>\n\t\t\t\t<\/div>\n\t\t\t\t<section class=\"wd-negative-gap elementor-section elementor-inner-section elementor-element elementor-element-49fe0488 elementor-section-content-middle elementor-section-boxed elementor-section-height-default elementor-section-height-default\" data-id=\"49fe0488\" data-element_type=\"section\" data-e-type=\"section\">\n\t\t\t\t\t\t<div class=\"elementor-container elementor-column-gap-default\">\n\t\t\t\t\t<div class=\"elementor-column elementor-col-100 elementor-inner-column elementor-element elementor-element-743589c9\" data-id=\"743589c9\" data-element_type=\"column\" data-e-type=\"column\">\n\t\t\t<div class=\"elementor-widget-wrap elementor-element-populated\">\n\t\t\t\t\t\t<div class=\"elementor-element elementor-element-7b187b28 color-scheme-inherit text-left elementor-widget elementor-widget-text-editor\" data-id=\"7b187b28\" data-element_type=\"widget\" data-e-type=\"widget\" data-widget_type=\"text-editor.default\">\n\t\t\t\t<div class=\"elementor-widget-container\">\n\t\t\t\t\t\t\t\t\t<ul style=\"font-weight: 400;\"><li><strong>B\u0151relv\u00e1ltoz\u00e1sok<\/strong>: jellegzetes pillang\u00f3 alak\u00fa ki\u00fct\u00e9s az arcon (az orron \u00e9s az orc\u00e1kon), f\u00e9ny\u00e9rz\u00e9kenys\u00e9g (fokozott napf\u00e9nyreakci\u00f3), ki\u00fct\u00e9sek a test b\u0151r\u00e9n.<\/li><\/ul>\t\t\t\t\t\t\t\t<\/div>\n\t\t\t\t<\/div>\n\t\t\t\t\t<\/div>\n\t\t<\/div>\n\t\t\t\t\t<\/div>\n\t\t<\/section>\n\t\t\t\t<section class=\"wd-negative-gap elementor-section elementor-inner-section elementor-element elementor-element-5c2ea040 elementor-section-content-middle elementor-section-boxed elementor-section-height-default elementor-section-height-default\" data-id=\"5c2ea040\" data-element_type=\"section\" data-e-type=\"section\">\n\t\t\t\t\t\t<div class=\"elementor-container elementor-column-gap-default\">\n\t\t\t\t\t<div class=\"elementor-column elementor-col-100 elementor-inner-column elementor-element elementor-element-26cce0b0\" data-id=\"26cce0b0\" data-element_type=\"column\" data-e-type=\"column\">\n\t\t\t<div class=\"elementor-widget-wrap elementor-element-populated\">\n\t\t\t\t\t\t<div class=\"elementor-element elementor-element-3a6138fa color-scheme-inherit text-left elementor-widget elementor-widget-text-editor\" data-id=\"3a6138fa\" data-element_type=\"widget\" data-e-type=\"widget\" data-widget_type=\"text-editor.default\">\n\t\t\t\t<div class=\"elementor-widget-container\">\n\t\t\t\t\t\t\t\t\t<ul style=\"font-weight: 400;\"><li><strong>Veseprobl\u00e9m\u00e1k<\/strong>: a lupus nephritis l\u00e1bduzzanatot, magas v\u00e9rnyom\u00e1st \u00e9s feh\u00e9rje megjelen\u00e9s\u00e9t okozhatja a vizeletben.<\/li><\/ul>\t\t\t\t\t\t\t\t<\/div>\n\t\t\t\t<\/div>\n\t\t\t\t<div class=\"elementor-element elementor-element-7b88462 color-scheme-inherit text-left elementor-widget elementor-widget-text-editor\" data-id=\"7b88462\" data-element_type=\"widget\" data-e-type=\"widget\" data-widget_type=\"text-editor.default\">\n\t\t\t\t<div class=\"elementor-widget-container\">\n\t\t\t\t\t\t\t\t\t<ul style=\"font-weight: 400;\"><li><strong>F\u00e1radts\u00e1g \u00e9s l\u00e1z<\/strong>: kr\u00f3nikus f\u00e1radts\u00e1g, gyenges\u00e9g \u00e9s id\u0151nk\u00e9nt enyhe l\u00e1z.<\/li><\/ul>\t\t\t\t\t\t\t\t<\/div>\n\t\t\t\t<\/div>\n\t\t\t\t\t<\/div>\n\t\t<\/div>\n\t\t\t\t\t<\/div>\n\t\t<\/section>\n\t\t\t\t<section class=\"wd-negative-gap elementor-section elementor-inner-section elementor-element elementor-element-60267062 elementor-section-content-middle elementor-section-boxed elementor-section-height-default elementor-section-height-default\" data-id=\"60267062\" data-element_type=\"section\" data-e-type=\"section\">\n\t\t\t\t\t\t<div class=\"elementor-container elementor-column-gap-default\">\n\t\t\t\t\t<div class=\"elementor-column elementor-col-100 elementor-inner-column elementor-element elementor-element-6e577795\" data-id=\"6e577795\" data-element_type=\"column\" data-e-type=\"column\">\n\t\t\t<div class=\"elementor-widget-wrap elementor-element-populated\">\n\t\t\t\t\t\t<div class=\"elementor-element elementor-element-e043ba3 color-scheme-inherit text-left elementor-widget elementor-widget-text-editor\" data-id=\"e043ba3\" data-element_type=\"widget\" data-e-type=\"widget\" data-widget_type=\"text-editor.default\">\n\t\t\t\t<div class=\"elementor-widget-container\">\n\t\t\t\t\t\t\t\t\t<ul style=\"font-weight: 400;\"><li><strong>Veseprobl\u00e9m\u00e1k<\/strong>: a lupus nephritis l\u00e1bduzzanatot, magas v\u00e9rnyom\u00e1st \u00e9s feh\u00e9rje megjelen\u00e9s\u00e9t okozhatja a vizeletben.<\/li><\/ul>\t\t\t\t\t\t\t\t<\/div>\n\t\t\t\t<\/div>\n\t\t\t\t\t<\/div>\n\t\t<\/div>\n\t\t\t\t\t<\/div>\n\t\t<\/section>\n\t\t\t\t<section class=\"wd-negative-gap elementor-section elementor-inner-section elementor-element elementor-element-bb499fb elementor-section-content-middle elementor-section-boxed elementor-section-height-default elementor-section-height-default\" data-id=\"bb499fb\" data-element_type=\"section\" data-e-type=\"section\">\n\t\t\t\t\t\t<div class=\"elementor-container elementor-column-gap-default\">\n\t\t\t\t\t<div class=\"elementor-column elementor-col-100 elementor-inner-column elementor-element elementor-element-2147ed6\" data-id=\"2147ed6\" data-element_type=\"column\" data-e-type=\"column\">\n\t\t\t<div class=\"elementor-widget-wrap elementor-element-populated\">\n\t\t\t\t\t\t<div class=\"elementor-element elementor-element-4ed6e14 color-scheme-inherit text-left elementor-widget elementor-widget-text-editor\" data-id=\"4ed6e14\" data-element_type=\"widget\" data-e-type=\"widget\" data-widget_type=\"text-editor.default\">\n\t\t\t\t<div class=\"elementor-widget-container\">\n\t\t\t\t\t\t\t\t\t<ul style=\"font-weight: 400;\"><li><strong>Egy\u00e9b<\/strong>: Mellkasi f\u00e1jdalom l\u00e9gz\u00e9skor (pleuritis vagy pericarditis \u2013 a t\u00fcd\u0151- vagy sz\u00edvburok gyullad\u00e1sa), fejf\u00e1j\u00e1s, zavarts\u00e1g vagy egy\u00e9b neurol\u00f3giai panaszok.<\/li><\/ul>\t\t\t\t\t\t\t\t<\/div>\n\t\t\t\t<\/div>\n\t\t\t\t\t<\/div>\n\t\t<\/div>\n\t\t\t\t\t<\/div>\n\t\t<\/section>\n\t\t\t\t\t<\/div>\n\t\t<\/div>\n\t\t\t\t\t<\/div>\n\t\t<\/section>\n\t\t<div class=\"wd-negative-gap elementor-element elementor-element-24985389 e-flex e-con-boxed e-con e-parent\" data-id=\"24985389\" data-element_type=\"container\" data-e-type=\"container\">\n\t\t\t\t\t<div class=\"e-con-inner\">\n\t\t\t\t<div class=\"elementor-element elementor-element-71a8864 elementor-widget elementor-widget-wd_text_block\" data-id=\"71a8864\" data-element_type=\"widget\" data-e-type=\"widget\" data-widget_type=\"wd_text_block.default\">\n\t\t\t\t<div class=\"elementor-widget-container\">\n\t\t\t\t\t\t\t<div class=\"wd-text-block reset-last-child text-left\">\n\t\t\t\n\t\t\t<p style=\"font-weight: 400;\">A lupus pontos oka m\u00e9g nem teljesen tiszt\u00e1zott. Genetikai hajlam \u00e9s olyan kiv\u00e1lt\u00f3 t\u00e9nyez\u0151k, mint a fert\u0151z\u00e9sek, napf\u00e9ny vagy stressz, az immunrendszer saj\u00e1t sejtekkel szembeni toleranci\u00e1j\u00e1nak elveszt\u00e9s\u00e9hez vezethetnek. Az SLE-ben autoantitestek k\u00e9pz\u0151dnek, amelyek immunokomplexeket alkotnak \u00e9s <strong>kr\u00f3nikus gyullad\u00e1st<\/strong> okoznak k\u00fcl\u00f6nb\u00f6z\u0151 sz\u00f6vetekben. Ennek k\u00f6vetkezt\u00e9ben sz\u00f6vetk\u00e1rosod\u00e1s alakul ki, ahol az <strong>oxidat\u00edv stressz<\/strong> tov\u00e1bb s\u00falyosb\u00edtja a k\u00e1rosod\u00e1st - a gyullad\u00e1s szabadgy\u00f6k\u00f6ket termel, amelyek k\u00e1ros\u00edtj\u00e1k a szervek sejtmembr\u00e1njait (p\u00e9ld\u00e1ul a ves\u00e9ben). Az <strong>immunol\u00f3giai egyens\u00falyzavar<\/strong> k\u00f6zponti szerepet j\u00e1tszik: a t\u00falzottan akt\u00edv \u00e9s \"\u00f6sszezavarodott\" immunrendszer az eg\u00e9szs\u00e9ges sejteket is megt\u00e1madja, mik\u00f6zben a szervezet k\u00fcls\u0151 fert\u0151z\u00e9sekkel szembeni v\u00e9dekez\u0151k\u00e9pess\u00e9ge cs\u00f6kkenhet az immunrendszer kimer\u00fcl\u00e9se miatt.   <\/p>\n\t\t\t\t\t<\/div>\n\t\t\t\t\t\t<\/div>\n\t\t\t\t<\/div>\n\t\t\t\t<div class=\"elementor-element elementor-element-3609061c wd-width-100 elementor-widget elementor-widget-wd_title\" data-id=\"3609061c\" data-element_type=\"widget\" data-e-type=\"widget\" data-widget_type=\"wd_title.default\">\n\t\t\t\t<div class=\"elementor-widget-container\">\n\t\t\t\t\t\t\t<div class=\"title-wrapper wd-set-mb reset-last-child wd-title-color-default wd-title-style-default wd-title-size-default text-center\">\n\n\t\t\t\n\t\t\t<div class=\"liner-continer\">\n\t\t\t\t<h3 class=\"woodmart-title-container title wd-fontsize-l\">Term\u00e9szetes t\u00e1mogat\u00e1s a szervezetnek<\/h3> \n\t\t\t\t\t\t\t<\/div>\n\n\t\t\t\t\t<\/div>\n\t\t\t\t\t\t<\/div>\n\t\t\t\t<\/div>\n\t\t\t\t<div class=\"elementor-element elementor-element-2329d381 elementor-widget elementor-widget-wd_text_block\" data-id=\"2329d381\" data-element_type=\"widget\" data-e-type=\"widget\" data-widget_type=\"wd_text_block.default\">\n\t\t\t\t<div class=\"elementor-widget-container\">\n\t\t\t\t\t\t\t<div class=\"wd-text-block reset-last-child text-left\">\n\t\t\t\n\t\t\t<p style=\"font-weight: 400;\">A lupusban szenved\u0151 emberek gyakran keresnek m\u00f3dokat arra, hogy t\u00e1pl\u00e1lkoz\u00e1ssal cs\u00f6kkents\u00e9k a gyullad\u00e1st \u00e9s er\u0151s\u00edts\u00e9k szervezet\u00fck ellen\u00e1ll\u00f3k\u00e9pess\u00e9g\u00e9t. A <strong>t\u00f6nk\u00f6lyb\u00faza<\/strong> t\u00f6bbf\u00e9le el\u0151nnyel j\u00e1rhat. <strong>Antioxid\u00e1nsai<\/strong> (E-vitamin, C-vitamin, szel\u00e9n, flavonoidok) seg\u00edtenek semleges\u00edteni az oxidat\u00edv stresszt, \u00edgy v\u00e9dik a szerveket (p\u00e9ld\u00e1ul a ves\u00e9t \u00e9s az ereket) a k\u00e1rosod\u00e1st\u00f3l. A t\u00f6nk\u00f6lyb\u00faza t\u00e1panyagainak <strong>gyullad\u00e1scs\u00f6kkent\u0151 hat\u00e1sa<\/strong> hozz\u00e1j\u00e1rulhat a sz\u00f6veti irrit\u00e1ci\u00f3 csillap\u00edt\u00e1s\u00e1hoz: p\u00e9ld\u00e1ul az omega-3 zs\u00edrsavak (ha jelen vannak a kieg\u00e9sz\u00edt\u0151ben) \u00e9s a klorofill cs\u00f6kkentik a gyullad\u00e1sos reakci\u00f3kat. <\/p><p style=\"font-weight: 400;\">A t\u00f6nk\u00f6lyb\u00faza z\u00f6ld lev\u00e9nek klorofillja antibakteri\u00e1lis tulajdons\u00e1gokkal is rendelkezik, \u00edgy seg\u00edthet a fert\u0151z\u00e9sek megel\u0151z\u00e9s\u00e9ben, ami fontos, mivel a lupus \u00e9s kezel\u00e9se (kortikoszteroidok, immunszuppressz\u00e1nsok) gyeng\u00edthetik az immunit\u00e1st. A t\u00f6nk\u00f6lyb\u00faza gazdag kiv\u00e1l\u00f3 min\u0151s\u00e9g\u0171 feh\u00e9rj\u00e9kben \u00e9s esszenci\u00e1lis aminosavakban, ami seg\u00edti a betegs\u00e9g \u00e1ltal k\u00e1rosodott sejtek \u00e9s sz\u00f6vetek regener\u00e1l\u00f3d\u00e1s\u00e1t. A t\u00f6nk\u00f6lyb\u00faza rendszeres fogyaszt\u00e1sa biztos\u00edtja a sz\u00fcks\u00e9ges B-vitamin komplexet (mint a B6 \u00e9s folsav), amelyek fontosak a megfelel\u0151 v\u00e9rk\u00e9p \u00e9s az immunrendszer m\u0171k\u00f6d\u00e9s\u00e9hez.  <\/p><p style=\"font-weight: 400;\">Lupusban gyakran el\u0151fordul <strong>v\u00e9rszeg\u00e9nys\u00e9g<\/strong> vagy vashi\u00e1ny a kr\u00f3nikus betegs\u00e9g miatt - a t\u00f6nk\u00f6lyb\u00faza vas- \u00e9s r\u00e9ztartalm\u00e1val seg\u00edthet jav\u00edtani a v\u00e9rk\u00e9pet. Tov\u00e1bb\u00e1, a t\u00f6nk\u00f6lyb\u00faza rostjainak k\u00f6sz\u00f6nhet\u0151en javul az em\u00e9szt\u00e9s \u00e9s a t\u00e1panyagok felsz\u00edv\u00f3d\u00e1sa, ami er\u0151s\u00edtheti a szervezetet, mivel a lupusos betegek n\u00e9ha s\u00falyt vesz\u00edtenek \u00e9s t\u00e1panyaghi\u00e1nyban szenvednek a betegs\u00e9g s\u00falyos epiz\u00f3djai sor\u00e1n. \u00d6sszefoglalva, a t\u00f6nk\u00f6lyb\u00faza seg\u00edti a lupusban szenved\u0151 szervezetet a gyullad\u00e1s lek\u00fczd\u00e9s\u00e9ben, v\u00e9di a sejteket az oxidat\u00edv k\u00e1rosod\u00e1st\u00f3l \u00e9s hozz\u00e1j\u00e1rul a szervezet \u00e1ltal\u00e1nos ellen\u00e1ll\u00f3k\u00e9pess\u00e9g\u00e9hez.  <\/p>\n\t\t\t\t\t<\/div>\n\t\t\t\t\t\t<\/div>\n\t\t\t\t<\/div>\n\t\t\t\t\t<\/div>\n\t\t\t\t<\/div>\n\t\t\t\t<\/div>\n\t\t","protected":false},"excerpt":{"rendered":"<p>A lupus \u00e1ltal\u00e1ban sziszt\u00e9m\u00e1s lupus erythematosusra (SLE) utal, egy olyan autoimmun betegs\u00e9gre, amelyben az immunrendszer szinte b\u00e1rmely szervben megt\u00e1madja a<\/p>\n","protected":false},"author":809,"featured_media":0,"parent":0,"menu_order":0,"comment_status":"closed","ping_status":"closed","template":"","meta":{"_acf_changed":false,"footnotes":""},"class_list":["post-20126","page","type-page","status-publish","hentry"],"acf":[],"_links":{"self":[{"href":"https:\/\/eliksirvitalnosti.com\/hu\/wp-json\/wp\/v2\/pages\/20126","targetHints":{"allow":["GET"]}}],"collection":[{"href":"https:\/\/eliksirvitalnosti.com\/hu\/wp-json\/wp\/v2\/pages"}],"about":[{"href":"https:\/\/eliksirvitalnosti.com\/hu\/wp-json\/wp\/v2\/types\/page"}],"author":[{"embeddable":true,"href":"https:\/\/eliksirvitalnosti.com\/hu\/wp-json\/wp\/v2\/users\/809"}],"replies":[{"embeddable":true,"href":"https:\/\/eliksirvitalnosti.com\/hu\/wp-json\/wp\/v2\/comments?post=20126"}],"version-history":[{"count":0,"href":"https:\/\/eliksirvitalnosti.com\/hu\/wp-json\/wp\/v2\/pages\/20126\/revisions"}],"wp:attachment":[{"href":"https:\/\/eliksirvitalnosti.com\/hu\/wp-json\/wp\/v2\/media?parent=20126"}],"curies":[{"name":"wp","href":"https:\/\/api.w.org\/{rel}","templated":true}]}}