{"id":20136,"date":"2025-04-27T18:49:22","date_gmt":"2025-04-27T18:49:22","guid":{"rendered":"https:\/\/eliksirvitalnosti.com\/inzulinrezisztencia\/"},"modified":"2025-09-29T11:16:45","modified_gmt":"2025-09-29T11:16:45","slug":"inzulinrezisztencia","status":"publish","type":"page","link":"https:\/\/eliksirvitalnosti.com\/hu\/inzulinrezisztencia\/","title":{"rendered":"Inzulinrezisztencia"},"content":{"rendered":"\t\t<div data-elementor-type=\"wp-page\" data-elementor-id=\"20136\" class=\"elementor elementor-20136 elementor-12814\" data-elementor-post-type=\"page\">\n\t\t\t\t\t\t<section class=\"wd-negative-gap elementor-section elementor-top-section elementor-element elementor-element-2914b79f elementor-section-content-middle elementor-section-boxed elementor-section-height-default elementor-section-height-default\" data-id=\"2914b79f\" data-element_type=\"section\" data-e-type=\"section\">\n\t\t\t\t\t\t<div class=\"elementor-container elementor-column-gap-wide\">\n\t\t\t\t\t<div class=\"elementor-column elementor-col-50 elementor-top-column elementor-element elementor-element-7382c51b\" data-id=\"7382c51b\" data-element_type=\"column\" data-e-type=\"column\">\n\t\t\t<div class=\"elementor-widget-wrap elementor-element-populated\">\n\t\t\t\t\t\t<div class=\"elementor-element elementor-element-4e120797 elementor-widget elementor-widget-image\" data-id=\"4e120797\" data-element_type=\"widget\" data-e-type=\"widget\" data-widget_type=\"image.default\">\n\t\t\t\t<div class=\"elementor-widget-container\">\n\t\t\t\t\t\t\t\t\t\t\t\t\t\t\t<img loading=\"lazy\" decoding=\"async\" width=\"1080\" height=\"1080\" src=\"https:\/\/eliksirvitalnosti.com\/wp-content\/themes\/woodmart\/images\/lazy.svg\" class=\"attachment-full size-full wp-image-12818 wd-lazy-fade\" alt=\"Inzulinrezisztencia - blog az anyagcsere-zavarr\u00f3l\" srcset=\"\" sizes=\"auto, (max-width: 1080px) 100vw, 1080px\" data-src=\"https:\/\/eliksirvitalnosti.com\/wp-content\/uploads\/2025\/04\/insulinska-rezistencija.jpg\" data-srcset=\"https:\/\/eliksirvitalnosti.com\/wp-content\/uploads\/2025\/04\/insulinska-rezistencija.jpg 1080w, https:\/\/eliksirvitalnosti.com\/wp-content\/uploads\/2025\/04\/insulinska-rezistencija-300x300.jpg 300w, https:\/\/eliksirvitalnosti.com\/wp-content\/uploads\/2025\/04\/insulinska-rezistencija-1024x1024.jpg 1024w, https:\/\/eliksirvitalnosti.com\/wp-content\/uploads\/2025\/04\/insulinska-rezistencija-150x150.jpg 150w, https:\/\/eliksirvitalnosti.com\/wp-content\/uploads\/2025\/04\/insulinska-rezistencija-768x768.jpg 768w, https:\/\/eliksirvitalnosti.com\/wp-content\/uploads\/2025\/04\/insulinska-rezistencija-600x600.jpg 600w\" \/>\t\t\t\t\t\t\t\t\t\t\t\t\t\t\t<\/div>\n\t\t\t\t<\/div>\n\t\t\t\t\t<\/div>\n\t\t<\/div>\n\t\t\t\t<div class=\"elementor-column elementor-col-50 elementor-top-column elementor-element elementor-element-5f75b1d2\" data-id=\"5f75b1d2\" data-element_type=\"column\" data-e-type=\"column\">\n\t\t\t<div class=\"elementor-widget-wrap elementor-element-populated\">\n\t\t\t\t\t\t<div class=\"elementor-element elementor-element-29116b35 wd-width-100 elementor-widget elementor-widget-wd_title\" data-id=\"29116b35\" data-element_type=\"widget\" data-e-type=\"widget\" data-widget_type=\"wd_title.default\">\n\t\t\t\t<div class=\"elementor-widget-container\">\n\t\t\t\t\t\t\t<div class=\"title-wrapper wd-set-mb reset-last-child wd-title-color-default wd-title-style-default wd-title-size-default text-\">\n\n\t\t\t\n\t\t\t<div class=\"liner-continer\">\n\t\t\t\t<h2 class=\"woodmart-title-container title wd-fontsize-l\"><\/h2> \n\t\t\t\t\t\t\t<\/div>\n\n\t\t\t\t\t\t\t<div class=\"title-after_title reset-last-child wd-fontsize-xs\">\n\t\t\t\t\t<p>Az <strong>inzulinrezisztencia<\/strong> olyan anyagcsere-\u00e1llapot, amikor a szervezet sejtjei (izmok, m\u00e1j, zs\u00edrsz\u00f6vet) gyeng\u00e9n reag\u00e1lnak az inzulin hormonra. Az inzulin a v\u00e9rcukorszint szab\u00e1lyoz\u00e1s\u00e1\u00e9rt felel, \u00e9s rezisztencia eset\u00e9n a hasny\u00e1lmirigy egyre t\u00f6bb inzulint v\u00e1laszt ki a k\u00edv\u00e1nt hat\u00e1s el\u00e9r\u00e9s\u00e9hez \u2013 id\u0151vel ez a hasny\u00e1lmirigy kimer\u00fcl\u00e9s\u00e9hez \u00e9s a v\u00e9rcukorszint emelked\u00e9s\u00e9hez vezet. Az inzulinrezisztencia a <strong>2-es t\u00edpus\u00fa cukorbetegs\u00e9g<\/strong> el\u0151szob\u00e1ja, \u00e9s a metabolikus szindr\u00f3ma kulcseleme az elh\u00edz\u00e1ssal, a magas v\u00e9rnyom\u00e1ssal \u00e9s a koleszterinnel egy\u00fctt. Noha \u00f6nmag\u00e1ban tal\u00e1n nem hangzik olyan dr\u00e1mai betegs\u00e9gnek, az inzulinrezisztencia csendes, de s\u00falyos k\u00f3rk\u00e9p, amely hossz\u00fa t\u00e1von s\u00falyosabb \u00e1llapotokhoz vezet.   <\/p><p>Az <strong>inzulinrezisztencia t\u00fcnetei<\/strong> nem mindig nyilv\u00e1nval\u00f3k. Valaki \u00e9vekig is hordozhatja ezt a probl\u00e9m\u00e1t an\u00e9lk\u00fcl, hogy tudna r\u00f3la. N\u00e9h\u00e1ny jel lehet:  <\/p>\t\t\t\t<\/div>\n\t\t\t\t\t<\/div>\n\t\t\t\t\t\t<\/div>\n\t\t\t\t<\/div>\n\t\t\t\t<section class=\"wd-negative-gap elementor-section elementor-inner-section elementor-element elementor-element-5d09a3a3 elementor-section-content-middle elementor-section-boxed elementor-section-height-default elementor-section-height-default\" data-id=\"5d09a3a3\" data-element_type=\"section\" data-e-type=\"section\">\n\t\t\t\t\t\t<div class=\"elementor-container elementor-column-gap-default\">\n\t\t\t\t\t<div class=\"elementor-column elementor-col-100 elementor-inner-column elementor-element elementor-element-3847401f\" data-id=\"3847401f\" data-element_type=\"column\" data-e-type=\"column\">\n\t\t\t<div class=\"elementor-widget-wrap elementor-element-populated\">\n\t\t\t\t\t\t<div class=\"elementor-element elementor-element-14a1f603 color-scheme-inherit text-left elementor-widget elementor-widget-text-editor\" data-id=\"14a1f603\" data-element_type=\"widget\" data-e-type=\"widget\" data-widget_type=\"text-editor.default\">\n\t\t\t\t<div class=\"elementor-widget-container\">\n\t\t\t\t\t\t\t\t\t<ul style=\"font-weight: 400;\"><li>Fokozott v\u00e1gy az \u00e9dess\u00e9gek \u00e9s a sz\u00e9nhidr\u00e1tok ir\u00e1nt, k\u00fcl\u00f6n\u00f6sen \u00e9tkez\u00e9s ut\u00e1n<\/li><\/ul>\t\t\t\t\t\t\t\t<\/div>\n\t\t\t\t<\/div>\n\t\t\t\t\t<\/div>\n\t\t<\/div>\n\t\t\t\t\t<\/div>\n\t\t<\/section>\n\t\t\t\t<section class=\"wd-negative-gap elementor-section elementor-inner-section elementor-element elementor-element-335e7af4 elementor-section-content-middle elementor-section-boxed elementor-section-height-default elementor-section-height-default\" data-id=\"335e7af4\" data-element_type=\"section\" data-e-type=\"section\">\n\t\t\t\t\t\t<div class=\"elementor-container elementor-column-gap-default\">\n\t\t\t\t\t<div class=\"elementor-column elementor-col-100 elementor-inner-column elementor-element elementor-element-279467cc\" data-id=\"279467cc\" data-element_type=\"column\" data-e-type=\"column\">\n\t\t\t<div class=\"elementor-widget-wrap elementor-element-populated\">\n\t\t\t\t\t\t<div class=\"elementor-element elementor-element-1c3455aa color-scheme-inherit text-left elementor-widget elementor-widget-text-editor\" data-id=\"1c3455aa\" data-element_type=\"widget\" data-e-type=\"widget\" data-widget_type=\"text-editor.default\">\n\t\t\t\t<div class=\"elementor-widget-container\">\n\t\t\t\t\t\t\t\t\t<ul style=\"font-weight: 400;\"><li>Neh\u00e9zs\u00e9gek a tests\u00falycs\u00f6kkent\u00e9sben, k\u00fcl\u00f6n\u00f6sen a der\u00e9k k\u00f6r\u00fcli zs\u00edrfeleslegn\u00e9l<\/li><\/ul>\t\t\t\t\t\t\t\t<\/div>\n\t\t\t\t<\/div>\n\t\t\t\t\t<\/div>\n\t\t<\/div>\n\t\t\t\t\t<\/div>\n\t\t<\/section>\n\t\t\t\t<section class=\"wd-negative-gap elementor-section elementor-inner-section elementor-element elementor-element-6d0e912c elementor-section-content-middle elementor-section-boxed elementor-section-height-default elementor-section-height-default\" data-id=\"6d0e912c\" data-element_type=\"section\" data-e-type=\"section\">\n\t\t\t\t\t\t<div class=\"elementor-container elementor-column-gap-default\">\n\t\t\t\t\t<div class=\"elementor-column elementor-col-100 elementor-inner-column elementor-element elementor-element-7afb7f8e\" data-id=\"7afb7f8e\" data-element_type=\"column\" data-e-type=\"column\">\n\t\t\t<div class=\"elementor-widget-wrap elementor-element-populated\">\n\t\t\t\t\t\t<div class=\"elementor-element elementor-element-5a4e5f8a color-scheme-inherit text-left elementor-widget elementor-widget-text-editor\" data-id=\"5a4e5f8a\" data-element_type=\"widget\" data-e-type=\"widget\" data-widget_type=\"text-editor.default\">\n\t\t\t\t<div class=\"elementor-widget-container\">\n\t\t\t\t\t\t\t\t\t<ul style=\"font-weight: 400;\"><li>Energiazuhan\u00e1s \u00e9s f\u00e1radts\u00e1g\u00e9rzet nem sokkal \u00e9tkez\u00e9s ut\u00e1n<\/li><\/ul>\t\t\t\t\t\t\t\t<\/div>\n\t\t\t\t<\/div>\n\t\t\t\t\t<\/div>\n\t\t<\/div>\n\t\t\t\t\t<\/div>\n\t\t<\/section>\n\t\t\t\t<section class=\"wd-negative-gap elementor-section elementor-inner-section elementor-element elementor-element-02eebfd elementor-section-content-middle elementor-section-boxed elementor-section-height-default elementor-section-height-default\" data-id=\"02eebfd\" data-element_type=\"section\" data-e-type=\"section\">\n\t\t\t\t\t\t<div class=\"elementor-container elementor-column-gap-default\">\n\t\t\t\t\t<div class=\"elementor-column elementor-col-100 elementor-inner-column elementor-element elementor-element-81f4ffd\" data-id=\"81f4ffd\" data-element_type=\"column\" data-e-type=\"column\">\n\t\t\t<div class=\"elementor-widget-wrap elementor-element-populated\">\n\t\t\t\t\t\t<div class=\"elementor-element elementor-element-605a7ca color-scheme-inherit text-left elementor-widget elementor-widget-text-editor\" data-id=\"605a7ca\" data-element_type=\"widget\" data-e-type=\"widget\" data-widget_type=\"text-editor.default\">\n\t\t\t\t<div class=\"elementor-widget-container\">\n\t\t\t\t\t\t\t\t\t<ul style=\"font-weight: 400;\"><li>N\u0151kn\u00e9l a policiszt\u00e1s ov\u00e1rium szindr\u00f3ma (rendszertelen menstru\u00e1ci\u00f3, fokozott sz\u0151rn\u00f6veked\u00e9s) megjelen\u00e9se gyakran egy\u00fctt j\u00e1r az inzulinrezisztenci\u00e1val<\/li><\/ul>\t\t\t\t\t\t\t\t<\/div>\n\t\t\t\t<\/div>\n\t\t\t\t\t<\/div>\n\t\t<\/div>\n\t\t\t\t\t<\/div>\n\t\t<\/section>\n\t\t\t\t<section class=\"wd-negative-gap elementor-section elementor-inner-section elementor-element elementor-element-0e77a97 elementor-section-content-middle elementor-section-boxed elementor-section-height-default elementor-section-height-default\" data-id=\"0e77a97\" data-element_type=\"section\" data-e-type=\"section\">\n\t\t\t\t\t\t<div class=\"elementor-container elementor-column-gap-default\">\n\t\t\t\t\t<div class=\"elementor-column elementor-col-100 elementor-inner-column elementor-element elementor-element-e215a0f\" data-id=\"e215a0f\" data-element_type=\"column\" data-e-type=\"column\">\n\t\t\t<div class=\"elementor-widget-wrap elementor-element-populated\">\n\t\t\t\t\t\t<div class=\"elementor-element elementor-element-5e3116c color-scheme-inherit text-left elementor-widget elementor-widget-text-editor\" data-id=\"5e3116c\" data-element_type=\"widget\" data-e-type=\"widget\" data-widget_type=\"text-editor.default\">\n\t\t\t\t<div class=\"elementor-widget-container\">\n\t\t\t\t\t\t\t\t\t<ul style=\"font-weight: 400;\"><li>S\u00f6t\u00e9t, megvastagodott b\u0151rfoltok (acanthosis nigricans), \u00e1ltal\u00e1ban a nyakon vagy a h\u00f3naljban \u2013 jelezhetik az \u00e1llapot fenn\u00e1ll\u00e1s\u00e1t<\/li><\/ul>\t\t\t\t\t\t\t\t<\/div>\n\t\t\t\t<\/div>\n\t\t\t\t\t<\/div>\n\t\t<\/div>\n\t\t\t\t\t<\/div>\n\t\t<\/section>\n\t\t\t\t\t<\/div>\n\t\t<\/div>\n\t\t\t\t\t<\/div>\n\t\t<\/section>\n\t\t<div class=\"wd-negative-gap elementor-element elementor-element-30743d9d e-flex e-con-boxed e-con e-parent\" data-id=\"30743d9d\" data-element_type=\"container\" data-e-type=\"container\">\n\t\t\t\t\t<div class=\"e-con-inner\">\n\t\t\t\t<div class=\"elementor-element elementor-element-d7f4311 elementor-widget elementor-widget-wd_text_block\" data-id=\"d7f4311\" data-element_type=\"widget\" data-e-type=\"widget\" data-widget_type=\"wd_text_block.default\">\n\t\t\t\t<div class=\"elementor-widget-container\">\n\t\t\t\t\t\t\t<div class=\"wd-text-block reset-last-child text-left\">\n\t\t\t\n\t\t\t<p style=\"font-weight: 400;\">Az inzulinrezisztencia okai leggyakrabban a modern \u00e9letm\u00f3dhoz k\u00f6thet\u0151k: mindenekel\u0151tt az <strong>elh\u00edz\u00e1s<\/strong> (k\u00fcl\u00f6n\u00f6sen a hasi), a cukrokban \u00e9s finom\u00edtott sz\u00e9nhidr\u00e1tokban gazdag \u00e9trend, valamint az \u00fcl\u0151 \u00e9letm\u00f3d. Az \u00f6r\u00f6kl\u0151d\u00e9s is szerepet j\u00e1tszik \u2013 ha a csal\u00e1dban van 2-es t\u00edpus\u00fa cukorbetegs\u00e9g, nagyobb az es\u00e9ly az inzulinrezisztenci\u00e1ra. A t\u00fals\u00falyosak zs\u00edrsz\u00f6vete gyullad\u00e1sos faktorokat (citokineket) bocs\u00e1t ki, amelyek <strong>alacsony fok\u00fa kr\u00f3nikus gyullad\u00e1st<\/strong> id\u00e9znek el\u0151 a szervezetben, ami tov\u00e1bb rontja a sejtek inzulinra adott v\u00e1lasz\u00e1t. Ezzel p\u00e1rhuzamosan a t\u00e1panyagfelesleg szabad gy\u00f6k\u00f6k keletkez\u00e9s\u00e9hez vezet \u2013 az <strong>oxidat\u00edv stressz<\/strong> a m\u00e1jban \u00e9s az izmokban k\u00e1ros\u00edtja a sejten bel\u00fcli inzulinjel\u00e1tvitelt. Ez \u00f6rd\u00f6gi k\u00f6rt hoz l\u00e9tre: inzulinrezisztencia -&gt; magas gl\u00fck\u00f3z- \u00e9s inzulinszintek -&gt; gyullad\u00e1s \u00e9s oxidat\u00edv stressz -&gt; m\u00e9g nagyobb rezisztencia.    <\/p>\n\t\t\t\t\t<\/div>\n\t\t\t\t\t\t<\/div>\n\t\t\t\t<\/div>\n\t\t\t\t<div class=\"elementor-element elementor-element-1f263522 wd-width-100 elementor-widget elementor-widget-wd_title\" data-id=\"1f263522\" data-element_type=\"widget\" data-e-type=\"widget\" data-widget_type=\"wd_title.default\">\n\t\t\t\t<div class=\"elementor-widget-container\">\n\t\t\t\t\t\t\t<div class=\"title-wrapper wd-set-mb reset-last-child wd-title-color-default wd-title-style-default wd-title-size-default text-center\">\n\n\t\t\t\n\t\t\t<div class=\"liner-continer\">\n\t\t\t\t<h3 class=\"woodmart-title-container title wd-fontsize-l\">Term\u00e9szetes t\u00e1mogat\u00e1s a szervezetnek<\/h3> \n\t\t\t\t\t\t\t<\/div>\n\n\t\t\t\t\t<\/div>\n\t\t\t\t\t\t<\/div>\n\t\t\t\t<\/div>\n\t\t\t\t<div class=\"elementor-element elementor-element-13aa90cf elementor-widget elementor-widget-wd_text_block\" data-id=\"13aa90cf\" data-element_type=\"widget\" data-e-type=\"widget\" data-widget_type=\"wd_text_block.default\">\n\t\t\t\t<div class=\"elementor-widget-container\">\n\t\t\t\t\t\t\t<div class=\"wd-text-block reset-last-child text-left\">\n\t\t\t\n\t\t\t<p style=\"font-weight: 400;\">Az <strong>inzulinrezisztencia<\/strong> elleni k\u00fczdelem alapvet\u0151 megk\u00f6zel\u00edt\u00e9se mag\u00e1ban foglalja az \u00e9trend megv\u00e1ltoztat\u00e1s\u00e1t, a fizikai aktivit\u00e1s bevezet\u00e9s\u00e9t \u00e9s a sejtek inzulin\u00e9rz\u00e9kenys\u00e9g\u00e9nek fokoz\u00e1s\u00e1t. Ebben a folyamatban a <strong>liofiliz\u00e1lt t\u00f6nk\u00f6lyl\u00e9<\/strong>, amely praktikus <strong>Spelta Life Balance tabletta<\/strong> form\u00e1j\u00e1ban \u00e9rhet\u0151 el, a term\u00e9szet er\u0151teljes sz\u00f6vets\u00e9gese. <\/p><p style=\"font-weight: 400;\">A finom\u00edtott sz\u00e9nhidr\u00e1tokkal ellent\u00e9tben, amelyek hirtelen megemelik a v\u00e9rcukorszintet, a z\u00f6ld t\u00f6nk\u00f6lyl\u00e9 <strong>fokozatosan sz\u00edv\u00f3dik fel<\/strong>, nem okoz gl\u00fck\u00f3zkiugr\u00e1sokat \u00e9s <strong>nem terheli a hasny\u00e1lmirigyet<\/strong>. \u00c9rt\u00e9ke a nagy koncentr\u00e1ci\u00f3j\u00fa <strong>biol\u00f3giailag akt\u00edv anyagokban<\/strong> rejlik \u2013 vitaminokban, \u00e1sv\u00e1nyi anyagokban, antioxid\u00e1nsokban \u00e9s enzimekben, amelyek egy\u00fctt hatnak a <strong>kr\u00f3nikus gyullad\u00e1s<\/strong> \u00e9s az <strong>oxidat\u00edv stressz<\/strong> ellen, az inzulinrezisztencia k\u00e9t kulcsfontoss\u00e1g\u00fa t\u00e9nyez\u0151je ellen. <\/p><p style=\"font-weight: 400;\">A <strong>Spelta Life Balance tabletta<\/strong> term\u00e9szetes <strong>magn\u00e9zium<\/strong>forr\u00e1st tartalmaz, amely elengedhetetlen a gl\u00fck\u00f3z hat\u00e9kony anyagcser\u00e9j\u00e9hez \u00e9s az inzulinreceptorok m\u0171k\u00f6d\u00e9s\u00e9hez. Rendszeres alkalmaz\u00e1sa hozz\u00e1j\u00e1rulhat az inzulinrezisztencia cs\u00f6kkent\u00e9s\u00e9hez az\u00e1ltal, hogy seg\u00edt a sejteknek jobban felismerni \u00e9s hasznos\u00edtani az inzulint. <\/p><p style=\"font-weight: 400;\">Ezen t\u00falmen\u0151en a tabletta gazdag a <strong>B-vitaminokban<\/strong> \u2013 k\u00fcl\u00f6n\u00f6sen niacinban (B3) \u00e9s piridoxinban (B6) \u2013 amelyek seg\u00edtik a sz\u00e9nhidr\u00e1tok megfelel\u0151 lebont\u00e1s\u00e1t \u00e9s az energiatermel\u00e9st, ez\u00e1ltal cs\u00f6kkentve a szervezet ig\u00e9ny\u00e9t arra, hogy a felesleges gl\u00fck\u00f3zt zs\u00edrrakt\u00e1rak form\u00e1j\u00e1ban t\u00e1rolja. Ez kulcsfontoss\u00e1g\u00fa azokn\u00e1l, akikn\u00e9l kifejezett hasi elh\u00edz\u00e1s \u00e1ll fenn, ami gyakran kapcsol\u00f3dik az inzulinrezisztenci\u00e1hoz. <\/p><p style=\"font-weight: 400;\">Tov\u00e1bbi fontos el\u0151ny az <strong>antioxidat\u00edv v\u00e9delem<\/strong>. A z\u00f6ld t\u00f6nk\u00f6lyl\u00e9 szel\u00e9nt, cinket, klorofillt \u00e9s E-vitamint tartalmaz \u2013 mindegyik v\u00e9di a hasny\u00e1lmirigy sejtjeit a t\u00falzott szabad gy\u00f6k\u00f6k okozta k\u00e1rosod\u00e1st\u00f3l, ami k\u00f6zvetlen\u00fcl hozz\u00e1j\u00e1rul m\u0171k\u00f6d\u00e9s\u00fck meg\u0151rz\u00e9s\u00e9hez \u00e9s az inzulinszab\u00e1lyoz\u00e1shoz. <\/p><p style=\"font-weight: 400;\">A <strong>gyullad\u00e1scs\u00f6kkent\u0151 \u00e9s m\u00e9regtelen\u00edt\u0151 hat\u00e1snak<\/strong> k\u00f6sz\u00f6nhet\u0151en a <span style=\"color: #008000;\"><a style=\"color: #008000;\" href=\"https:\/\/eliksirvitalnosti.com\/hu\/proizvod\/tonkolybuza-life-balance-tonkolyle-tabletta-30-db\/\">Spelta Life Balance tabletta<\/a><\/span> seg\u00edthet a rendszerszint\u0171 gyullad\u00e1s m\u00e9rs\u00e9kl\u00e9s\u00e9ben, ami k\u00fcl\u00f6n\u00f6sen fontos, mivel bizony\u00edtott, hogy az inzulinrezisztenci\u00e1ban \u00e9rintettek hajlamosabbak a csendes gyullad\u00e1sokra, amelyek tov\u00e1bb bontj\u00e1k a hormon\u00e1lis egyens\u00falyt.<\/p><p style=\"font-weight: 400;\">A gyakorlatban a liofiliz\u00e1lt t\u00f6nk\u00f6lyl\u00e9 mindennapos, tabletta form\u00e1j\u00fa alkalmaz\u00e1sa a k\u00f6vetkez\u0151kben seg\u00edthet:<\/p><ul style=\"font-weight: 400;\"><li>A v\u00e9rcukorszintek stabilabbak maradnak<\/li><li>Javul a sejtek inzulin\u00e9rz\u00e9kenys\u00e9ge<\/li><li>Cs\u00f6kken az alacsony intenzit\u00e1s\u00fa gyullad\u00e1s<\/li><li>Fokozatosan bek\u00f6vetkezik a <strong>felesleges tests\u00faly cs\u00f6kken\u00e9se<\/strong>, k\u00fcl\u00f6n\u00f6sen a hasi ter\u00fcleten<\/li><li>N\u0151 az energia \u00e9s a napi k\u00f6z\u00e9rzet<\/li><\/ul><p style=\"font-weight: 400;\">A Spelta Life Balance <strong>term\u00e9szetes t\u00e1mogat\u00e1st ny\u00fajt az anyagcsere-egyens\u00falyhoz<\/strong> mindazoknak, akik inzulinrezisztenci\u00e1val, prediab\u00e9tesszel vagy s\u00faly- \u00e9s energiagondokkal k\u00fczdenek. Koncentr\u00e1lt \u00f6sszet\u00e9tele \u00e9s k\u00f6nny\u0171 alkalmaz\u00e1sa r\u00e9v\u00e9n ide\u00e1lis kieg\u00e9sz\u00edt\u0151je a mindennapi rutinnak, nagyobb \u00e9trendv\u00e1ltoztat\u00e1s n\u00e9lk\u00fcl. <\/p>\n\t\t\t\t\t<\/div>\n\t\t\t\t\t\t<\/div>\n\t\t\t\t<\/div>\n\t\t\t\t\t<\/div>\n\t\t\t\t<\/div>\n\t\t\t\t<\/div>\n\t\t","protected":false},"excerpt":{"rendered":"<p>Az inzulinrezisztencia olyan anyagcsere-\u00e1llapot, amikor a szervezet sejtjei (izmok, m\u00e1j, zs\u00edrsz\u00f6vet) gyeng\u00e9n reag\u00e1lnak az inzulin hormonra. Az inzulin a v\u00e9rcukorszint<\/p>\n","protected":false},"author":809,"featured_media":0,"parent":0,"menu_order":0,"comment_status":"closed","ping_status":"closed","template":"","meta":{"_acf_changed":false,"footnotes":""},"class_list":["post-20136","page","type-page","status-publish","hentry"],"acf":[],"_links":{"self":[{"href":"https:\/\/eliksirvitalnosti.com\/hu\/wp-json\/wp\/v2\/pages\/20136","targetHints":{"allow":["GET"]}}],"collection":[{"href":"https:\/\/eliksirvitalnosti.com\/hu\/wp-json\/wp\/v2\/pages"}],"about":[{"href":"https:\/\/eliksirvitalnosti.com\/hu\/wp-json\/wp\/v2\/types\/page"}],"author":[{"embeddable":true,"href":"https:\/\/eliksirvitalnosti.com\/hu\/wp-json\/wp\/v2\/users\/809"}],"replies":[{"embeddable":true,"href":"https:\/\/eliksirvitalnosti.com\/hu\/wp-json\/wp\/v2\/comments?post=20136"}],"version-history":[{"count":0,"href":"https:\/\/eliksirvitalnosti.com\/hu\/wp-json\/wp\/v2\/pages\/20136\/revisions"}],"wp:attachment":[{"href":"https:\/\/eliksirvitalnosti.com\/hu\/wp-json\/wp\/v2\/media?parent=20136"}],"curies":[{"name":"wp","href":"https:\/\/api.w.org\/{rel}","templated":true}]}}