{"id":20144,"date":"2025-04-27T19:36:51","date_gmt":"2025-04-27T19:36:51","guid":{"rendered":"https:\/\/eliksirvitalnosti.com\/irritabilis-bel-szindroma-ibs\/"},"modified":"2025-09-29T11:17:25","modified_gmt":"2025-09-29T11:17:25","slug":"irritabilis-bel-szindroma-ibs","status":"publish","type":"page","link":"https:\/\/eliksirvitalnosti.com\/hu\/irritabilis-bel-szindroma-ibs\/","title":{"rendered":"Irrit\u00e1bilis b\u00e9l szindr\u00f3ma (IBS)"},"content":{"rendered":"\t\t<div data-elementor-type=\"wp-page\" data-elementor-id=\"20144\" class=\"elementor elementor-20144 elementor-12904\" data-elementor-post-type=\"page\">\n\t\t\t\t\t\t<section class=\"wd-negative-gap elementor-section elementor-top-section elementor-element elementor-element-1cd8861a elementor-section-content-middle elementor-section-boxed elementor-section-height-default elementor-section-height-default\" data-id=\"1cd8861a\" data-element_type=\"section\" data-e-type=\"section\">\n\t\t\t\t\t\t<div class=\"elementor-container elementor-column-gap-wide\">\n\t\t\t\t\t<div class=\"elementor-column elementor-col-50 elementor-top-column elementor-element elementor-element-6a23d830\" data-id=\"6a23d830\" data-element_type=\"column\" data-e-type=\"column\">\n\t\t\t<div class=\"elementor-widget-wrap elementor-element-populated\">\n\t\t\t\t\t\t<div class=\"elementor-element elementor-element-65380ab5 elementor-widget elementor-widget-image\" data-id=\"65380ab5\" data-element_type=\"widget\" data-e-type=\"widget\" data-widget_type=\"image.default\">\n\t\t\t\t<div class=\"elementor-widget-container\">\n\t\t\t\t\t\t\t\t\t\t\t\t\t\t\t<img decoding=\"async\" width=\"1080\" height=\"1080\" src=\"https:\/\/eliksirvitalnosti.com\/wp-content\/themes\/woodmart\/images\/lazy.svg\" class=\"attachment-full size-full wp-image-12908 wd-lazy-fade\" alt=\"Irrit\u00e1bilis b\u00e9l szindr\u00f3ma IBS - blog az em\u00e9szt\u00e9si zavarokr\u00f3l\" srcset=\"\" sizes=\"(max-width: 1080px) 100vw, 1080px\" data-src=\"https:\/\/eliksirvitalnosti.com\/wp-content\/uploads\/2025\/04\/Sindrom-iritabilnog-creva-IBS.jpg\" data-srcset=\"https:\/\/eliksirvitalnosti.com\/wp-content\/uploads\/2025\/04\/Sindrom-iritabilnog-creva-IBS.jpg 1080w, https:\/\/eliksirvitalnosti.com\/wp-content\/uploads\/2025\/04\/Sindrom-iritabilnog-creva-IBS-300x300.jpg 300w, https:\/\/eliksirvitalnosti.com\/wp-content\/uploads\/2025\/04\/Sindrom-iritabilnog-creva-IBS-1024x1024.jpg 1024w, https:\/\/eliksirvitalnosti.com\/wp-content\/uploads\/2025\/04\/Sindrom-iritabilnog-creva-IBS-150x150.jpg 150w, https:\/\/eliksirvitalnosti.com\/wp-content\/uploads\/2025\/04\/Sindrom-iritabilnog-creva-IBS-768x768.jpg 768w, https:\/\/eliksirvitalnosti.com\/wp-content\/uploads\/2025\/04\/Sindrom-iritabilnog-creva-IBS-600x600.jpg 600w\" \/>\t\t\t\t\t\t\t\t\t\t\t\t\t\t\t<\/div>\n\t\t\t\t<\/div>\n\t\t\t\t\t<\/div>\n\t\t<\/div>\n\t\t\t\t<div class=\"elementor-column elementor-col-50 elementor-top-column elementor-element elementor-element-5ae7e386\" data-id=\"5ae7e386\" data-element_type=\"column\" data-e-type=\"column\">\n\t\t\t<div class=\"elementor-widget-wrap elementor-element-populated\">\n\t\t\t\t\t\t<div class=\"elementor-element elementor-element-25c71cec wd-width-100 elementor-widget elementor-widget-wd_title\" data-id=\"25c71cec\" data-element_type=\"widget\" data-e-type=\"widget\" data-widget_type=\"wd_title.default\">\n\t\t\t\t<div class=\"elementor-widget-container\">\n\t\t\t\t\t\t\t<div class=\"title-wrapper wd-set-mb reset-last-child wd-title-color-default wd-title-style-default wd-title-size-default text-\">\n\n\t\t\t\n\t\t\t<div class=\"liner-continer\">\n\t\t\t\t<h2 class=\"woodmart-title-container title wd-fontsize-l\"><\/h2> \n\t\t\t\t\t\t\t<\/div>\n\n\t\t\t\t\t\t\t<div class=\"title-after_title reset-last-child wd-fontsize-xs\">\n\t\t\t\t\t<p><strong>Irrit\u00e1bilis b\u00e9l szindr\u00f3ma (Irrit\u00e1bilis vastagb\u00e9l, IBS)<\/strong> egy funkcion\u00e1lis em\u00e9szt\u0151rendszeri rendelleness\u00e9g, amelyet hasi f\u00e1jdalom \u00e9s sz\u00e9klet\u00fcr\u00edt\u00e9si v\u00e1ltoz\u00e1sok (hasmen\u00e9s, sz\u00e9kreked\u00e9s vagy v\u00e1ltakozva mindkett\u0151) jellemeznek, l\u00e1that\u00f3 szervi betegs\u00e9g n\u00e9lk\u00fcl a vizsg\u00e1lat sor\u00e1n. Az IBS nagyon gyakori \u00e9s hosszan tart\u00f3 probl\u00e9ma lehet, de a gyullad\u00e1sos b\u00e9lbetegs\u00e9gekkel (Crohn-betegs\u00e9g, colitis) ellent\u00e9tben nem okoz sz\u00f6vetk\u00e1rosod\u00e1st vagy s\u00falyos sz\u00f6v\u0151dm\u00e9nyeket, ez\u00e9rt nem tekintik \u00e9letvesz\u00e9lyes betegs\u00e9gnek. Az IBS azonban rendk\u00edv\u00fcl kellemetlen lehet \u00e9s zavarhatja a mindennapi \u00e9letet, ez\u00e9rt kr\u00f3nikus \u00e1llapotnak sz\u00e1m\u00edt, amely t\u00e1mogat\u00e1st ig\u00e9nyel.  <\/p><p><strong>Az IBS t\u00fcnetei<\/strong>:<\/p>\t\t\t\t<\/div>\n\t\t\t\t\t<\/div>\n\t\t\t\t\t\t<\/div>\n\t\t\t\t<\/div>\n\t\t\t\t<section class=\"wd-negative-gap elementor-section elementor-inner-section elementor-element elementor-element-4ec23b6d elementor-section-content-middle elementor-section-boxed elementor-section-height-default elementor-section-height-default\" data-id=\"4ec23b6d\" data-element_type=\"section\" data-e-type=\"section\">\n\t\t\t\t\t\t<div class=\"elementor-container elementor-column-gap-default\">\n\t\t\t\t\t<div class=\"elementor-column elementor-col-50 elementor-inner-column elementor-element elementor-element-3d3689b6\" data-id=\"3d3689b6\" data-element_type=\"column\" data-e-type=\"column\">\n\t\t\t<div class=\"elementor-widget-wrap elementor-element-populated\">\n\t\t\t\t\t\t<div class=\"elementor-element elementor-element-42050fc8 color-scheme-inherit text-left elementor-widget elementor-widget-text-editor\" data-id=\"42050fc8\" data-element_type=\"widget\" data-e-type=\"widget\" data-widget_type=\"text-editor.default\">\n\t\t\t\t<div class=\"elementor-widget-container\">\n\t\t\t\t\t\t\t\t\t<ul style=\"font-weight: 400;\"><li><strong>Hasi f\u00e1jdalom<\/strong> vagy g\u00f6rcs\u00f6k, leggyakrabban a has als\u00f3 r\u00e9sz\u00e9ben, amelyek enyh\u00fclnek a sz\u00e9klet\u00fcr\u00edt\u00e9s ut\u00e1n<\/li><\/ul>\t\t\t\t\t\t\t\t<\/div>\n\t\t\t\t<\/div>\n\t\t\t\t\t<\/div>\n\t\t<\/div>\n\t\t\t\t<div class=\"elementor-column elementor-col-50 elementor-inner-column elementor-element elementor-element-1da936a7\" data-id=\"1da936a7\" data-element_type=\"column\" data-e-type=\"column\">\n\t\t\t<div class=\"elementor-widget-wrap elementor-element-populated\">\n\t\t\t\t\t\t<div class=\"elementor-element elementor-element-6b91269 color-scheme-inherit text-left elementor-widget elementor-widget-text-editor\" data-id=\"6b91269\" data-element_type=\"widget\" data-e-type=\"widget\" data-widget_type=\"text-editor.default\">\n\t\t\t\t<div class=\"elementor-widget-container\">\n\t\t\t\t\t\t\t\t\t<ul style=\"font-weight: 400;\"><li><strong>Puffad\u00e1s \u00e9s g\u00e1zok<\/strong>: felf\u00fav\u00f3d\u00e1s \u00e9rz\u00e9se, t\u00falzott g\u00e1zk\u00e9pz\u0151d\u00e9s<\/li><\/ul>\t\t\t\t\t\t\t\t<\/div>\n\t\t\t\t<\/div>\n\t\t\t\t\t<\/div>\n\t\t<\/div>\n\t\t\t\t\t<\/div>\n\t\t<\/section>\n\t\t\t\t<section class=\"wd-negative-gap elementor-section elementor-inner-section elementor-element elementor-element-4e421866 elementor-section-content-middle elementor-section-boxed elementor-section-height-default elementor-section-height-default\" data-id=\"4e421866\" data-element_type=\"section\" data-e-type=\"section\">\n\t\t\t\t\t\t<div class=\"elementor-container elementor-column-gap-default\">\n\t\t\t\t\t<div class=\"elementor-column elementor-col-50 elementor-inner-column elementor-element elementor-element-3bb313da\" data-id=\"3bb313da\" data-element_type=\"column\" data-e-type=\"column\">\n\t\t\t<div class=\"elementor-widget-wrap elementor-element-populated\">\n\t\t\t\t\t\t<div class=\"elementor-element elementor-element-2a47499d color-scheme-inherit text-left elementor-widget elementor-widget-text-editor\" data-id=\"2a47499d\" data-element_type=\"widget\" data-e-type=\"widget\" data-widget_type=\"text-editor.default\">\n\t\t\t\t<div class=\"elementor-widget-container\">\n\t\t\t\t\t\t\t\t\t<ul style=\"font-weight: 400;\"><li><strong>Sz\u00e9kletv\u00e1ltoz\u00e1sok<\/strong>: hasmen\u00e9s (gyakran reggel vagy \u00e9tkez\u00e9s ut\u00e1n), sz\u00e9kreked\u00e9s, vagy v\u00e1ltakoz\u00f3 hasmen\u00e9ses \u00e9s sz\u00e9kreked\u00e9ses id\u0151szakok. A sz\u00e9klet lehet ny\u00e1lk\u00e1s. <\/li><\/ul>\t\t\t\t\t\t\t\t<\/div>\n\t\t\t\t<\/div>\n\t\t\t\t\t<\/div>\n\t\t<\/div>\n\t\t\t\t<div class=\"elementor-column elementor-col-50 elementor-inner-column elementor-element elementor-element-21286627\" data-id=\"21286627\" data-element_type=\"column\" data-e-type=\"column\">\n\t\t\t<div class=\"elementor-widget-wrap elementor-element-populated\">\n\t\t\t\t\t\t<div class=\"elementor-element elementor-element-64289077 color-scheme-inherit text-left elementor-widget elementor-widget-text-editor\" data-id=\"64289077\" data-element_type=\"widget\" data-e-type=\"widget\" data-widget_type=\"text-editor.default\">\n\t\t\t\t<div class=\"elementor-widget-container\">\n\t\t\t\t\t\t\t\t\t<ul style=\"font-weight: 400;\"><li><strong>S\u00fcrg\u0151ss\u00e9g vagy nem teljes \u00fcr\u00edt\u00e9s \u00e9rz\u00e9se<\/strong>: s\u00fcrg\u0151s sz\u00fcks\u00e9g a mosd\u00f3ba men\u00e9sre vagy az \u00e9rz\u00e9s, hogy a sz\u00e9klet nem \u00fcr\u00fclt ki teljesen.<\/li><\/ul>\t\t\t\t\t\t\t\t<\/div>\n\t\t\t\t<\/div>\n\t\t\t\t\t<\/div>\n\t\t<\/div>\n\t\t\t\t\t<\/div>\n\t\t<\/section>\n\t\t\t\t<section class=\"wd-negative-gap elementor-section elementor-inner-section elementor-element elementor-element-60e99e34 elementor-section-content-middle elementor-section-boxed elementor-section-height-default elementor-section-height-default\" data-id=\"60e99e34\" data-element_type=\"section\" data-e-type=\"section\">\n\t\t\t\t\t\t<div class=\"elementor-container elementor-column-gap-default\">\n\t\t\t\t\t<div class=\"elementor-column elementor-col-100 elementor-inner-column elementor-element elementor-element-3a8171ff\" data-id=\"3a8171ff\" data-element_type=\"column\" data-e-type=\"column\">\n\t\t\t<div class=\"elementor-widget-wrap elementor-element-populated\">\n\t\t\t\t\t\t<div class=\"elementor-element elementor-element-f18a820 color-scheme-inherit text-left elementor-widget elementor-widget-text-editor\" data-id=\"f18a820\" data-element_type=\"widget\" data-e-type=\"widget\" data-widget_type=\"text-editor.default\">\n\t\t\t\t<div class=\"elementor-widget-container\">\n\t\t\t\t\t\t\t\t\t<ul style=\"font-weight: 400;\"><li>A t\u00fcnetek \u00e1ltal\u00e1ban rosszabbodnak <strong>stressz<\/strong> hat\u00e1s\u00e1ra vagy bizonyos \u00e9telek fogyaszt\u00e1sa ut\u00e1n, \u00e9s enyh\u00fclnek pihen\u00e9s sor\u00e1n (p\u00e9ld\u00e1ul nyaral\u00e1s alatt).<\/li><\/ul>\t\t\t\t\t\t\t\t<\/div>\n\t\t\t\t<\/div>\n\t\t\t\t\t<\/div>\n\t\t<\/div>\n\t\t\t\t\t<\/div>\n\t\t<\/section>\n\t\t\t\t\t<\/div>\n\t\t<\/div>\n\t\t\t\t\t<\/div>\n\t\t<\/section>\n\t\t<div class=\"wd-negative-gap elementor-element elementor-element-2ddeab3d e-flex e-con-boxed e-con e-parent\" data-id=\"2ddeab3d\" data-element_type=\"container\" data-e-type=\"container\">\n\t\t\t\t\t<div class=\"e-con-inner\">\n\t\t\t\t<div class=\"elementor-element elementor-element-4d1e4621 elementor-widget elementor-widget-wd_text_block\" data-id=\"4d1e4621\" data-element_type=\"widget\" data-e-type=\"widget\" data-widget_type=\"wd_text_block.default\">\n\t\t\t\t<div class=\"elementor-widget-container\">\n\t\t\t\t\t\t\t<div class=\"wd-text-block reset-last-child text-left\">\n\t\t\t\n\t\t\t<p style=\"font-weight: 400;\">Az IBS pontos oka nem teljesen tiszt\u00e1zott. \u00dagy v\u00e9lik, hogy a b\u00e9lizomzat \u00e9s idegek t\u00fal\u00e9rz\u00e9kenys\u00e9g\u00e9nek (fokozott <strong>viszcer\u00e1lis \u00e9rz\u00e9kenys\u00e9g<\/strong>), pszichol\u00f3giai t\u00e9nyez\u0151k (szorong\u00e1s, stressz) \u00e9s a b\u00e9lfl\u00f3ra megv\u00e1ltozott \u00f6sszet\u00e9tel\u00e9nek kombin\u00e1ci\u00f3ja. A fek\u00e9lyes vastagb\u00e9lgyullad\u00e1ssal \u00e9s a Crohn-betegs\u00e9ggel ellent\u00e9tben az IBS-n\u00e9l nincs l\u00e1that\u00f3 gyullad\u00e1s vagy fek\u00e9lyesed\u00e9s a belekben. Az \u00fajabb kutat\u00e1sok azonban azt mutatj\u00e1k, hogy egyes IBS-ben szenved\u0151 betegekn\u00e9l nagyon enyhe szint\u0171 <strong>kr\u00f3nikus gyullad\u00e1s<\/strong> vagy immunaktivit\u00e1s lehet jelen a belekben - p\u00e9ld\u00e1ul egy \u00e1tv\u00e9szelt b\u00e9linfekci\u00f3 ut\u00e1n n\u00e9h\u00e1nyan \u00fagynevezett posztinfekci\u00f3s IBS-t fejlesztenek ki, a ny\u00e1lkah\u00e1rty\u00e1ban enyhe limfocita-n\u00f6veked\u00e9ssel.     <\/p><p style=\"font-weight: 400;\">\u00c1ltal\u00e1noss\u00e1gban az IBS-t ink\u00e1bb a <strong>b\u00e9l idegi \u00e9s izomm\u0171k\u00f6d\u00e9s\u00e9nek egyens\u00falyzavar\u00e1hoz<\/strong> (b\u00e9l-agy tengely) k\u00f6tik, mint immunol\u00f3giai t\u00e1mad\u00e1shoz. Az <strong>oxidat\u00edv stressz<\/strong> m\u00e1sodlagosan alakulhat ki, az \u00e1lland\u00f3 stressz vagy a rossz t\u00e1pl\u00e1lkoz\u00e1s k\u00f6vetkezt\u00e9ben, de nem az IBS f\u0151 kiv\u00e1lt\u00f3 oka. Az <strong>immunol\u00f3giai egyens\u00falyzavar<\/strong> az IBS-ben finom - tal\u00e1n a megzavart mikrobiota k\u00f6vetkezm\u00e9nye, mivel az eg\u00e9szs\u00e9ges bakt\u00e9riumok kontroll alatt tartj\u00e1k a b\u00e9l immunv\u00e1lasz\u00e1t.<\/p>\n\t\t\t\t\t<\/div>\n\t\t\t\t\t\t<\/div>\n\t\t\t\t<\/div>\n\t\t\t\t<div class=\"elementor-element elementor-element-48846a03 wd-width-100 elementor-widget elementor-widget-wd_title\" data-id=\"48846a03\" data-element_type=\"widget\" data-e-type=\"widget\" data-widget_type=\"wd_title.default\">\n\t\t\t\t<div class=\"elementor-widget-container\">\n\t\t\t\t\t\t\t<div class=\"title-wrapper wd-set-mb reset-last-child wd-title-color-default wd-title-style-default wd-title-size-default text-center\">\n\n\t\t\t\n\t\t\t<div class=\"liner-continer\">\n\t\t\t\t<h3 class=\"woodmart-title-container title wd-fontsize-l\">Term\u00e9szetes t\u00e1mogat\u00e1s a szervezetnek<\/h3> \n\t\t\t\t\t\t\t<\/div>\n\n\t\t\t\t\t<\/div>\n\t\t\t\t\t\t<\/div>\n\t\t\t\t<\/div>\n\t\t\t\t<div class=\"elementor-element elementor-element-53308121 elementor-widget elementor-widget-wd_text_block\" data-id=\"53308121\" data-element_type=\"widget\" data-e-type=\"widget\" data-widget_type=\"wd_text_block.default\">\n\t\t\t\t<div class=\"elementor-widget-container\">\n\t\t\t\t\t\t\t<div class=\"wd-text-block reset-last-child text-left\">\n\t\t\t\n\t\t\t<p style=\"font-weight: 400;\">Az IBS kezel\u00e9se f\u0151k\u00e9nt az \u00e9trendre \u00e9s az \u00e9letm\u00f3dra (stresszcs\u00f6kkent\u00e9s) \u00f6sszpontos\u00edt. Itt a <strong>t\u00f6nk\u00f6lyb\u00faza<\/strong> jelent\u0151s seg\u00edts\u00e9get ny\u00fajthat a b\u00e9lm\u0171k\u00f6d\u00e9s szab\u00e1lyoz\u00e1s\u00e1ban. El\u0151sz\u00f6r is, a t\u00f6nk\u00f6lyb\u00faza <strong>\u00e9lelmi rostokat<\/strong> tartalmaz, amelyek alapvet\u0151ek a j\u00f3 em\u00e9szt\u00e9shez. \u00c9rdekes m\u00f3don a t\u00f6nk\u00f6lyb\u00faza rostjai k\u00f6nnyen old\u00f3dnak v\u00edzben, ami azt jelenti, hogy g\u00e9lt k\u00e9peznek a belekben, \u00e9s j\u00f3t\u00e9kony hat\u00e1s\u00faak mindk\u00e9t esetben - hasmen\u00e9sn\u00e9l (felsz\u00edvj\u00e1k a felesleges folyad\u00e9kot \u00e9s lass\u00edtj\u00e1k a sz\u00e9klet \u00e1thalad\u00e1s\u00e1t) \u00e9s sz\u00e9kreked\u00e9sn\u00e9l (n\u00f6velik a sz\u00e9klet t\u00e9rfogat\u00e1t \u00e9s puh\u00edtj\u00e1k azt). Ezek az oldhat\u00f3 rostok (b\u00e9ta-gl\u00fck\u00e1nok \u00e9s hasonl\u00f3k) kev\u00e9sb\u00e9 puffasztanak, mint az oldhatatlan rostok, \u00edgy a t\u00f6nk\u00f6lyb\u00faza gyakran j\u00f3t tesz m\u00e9g azoknak is, akiknek probl\u00e9m\u00e1juk van a puffad\u00e1ssal.    <\/p><p style=\"font-weight: 400;\">A t\u00f6nk\u00f6lyb\u00faza seg\u00edt az <strong>eg\u00e9szs\u00e9ges b\u00e9lfl\u00f3ra kialak\u00edt\u00e1s\u00e1ban<\/strong>. Rostjai t\u00e1pl\u00e1l\u00e9kot jelentenek a vastagb\u00e9lben \u00e9l\u0151 j\u00f3 bakt\u00e9riumok sz\u00e1m\u00e1ra - a t\u00f6nk\u00f6lyb\u00faza rostjainak lebont\u00e1s\u00e1val a bakt\u00e9riumok hasznos r\u00f6vid l\u00e1nc\u00fa zs\u00edrsavakat termelnek, mint p\u00e9ld\u00e1ul a butir\u00e1t, amely csillap\u00edtja a gyullad\u00e1st (ha van) \u00e9s jav\u00edtja a b\u00e9lny\u00e1lkah\u00e1rtya integrit\u00e1s\u00e1t. A kiegyens\u00falyozott mikrobiota cs\u00f6kkenti a b\u00e9l t\u00fal\u00e9rz\u00e9kenys\u00e9g\u00e9t \u00e9s enyh\u00edtheti az IBS t\u00fcneteit.  <\/p><p style=\"font-weight: 400;\"><strong>Magn\u00e9ziumot<\/strong> \u00e9s B-vitaminokat tartalmaz, amelyek seg\u00edtik a b\u00e9lizmok ellazul\u00e1s\u00e1t \u00e9s az idegi jelek szab\u00e1lyoz\u00e1s\u00e1t. Sok stresszcs\u00f6kkent\u0151 \u00e1sv\u00e1nyi anyag \u00e9s vitamin fontos, mert a stressz s\u00falyosb\u00edtja az IBS-t - a magn\u00e9zium ellaz\u00edtja a b\u00e9l simaizmait, a B6-vitamin pedig r\u00e9szt vesz a b\u00e9lperisztaltik\u00e1t szab\u00e1lyoz\u00f3 neurotranszmitterek szint\u00e9zis\u00e9ben. B\u00e1r az IBS nem klasszikus gyullad\u00e1sos betegs\u00e9g, a b\u00e9l \u00e1ltal\u00e1nos \u00e1llapot\u00e1nak b\u00e1rmilyen javul\u00e1sa hasznos - itt j\u00f6nnek k\u00e9pbe a t\u00f6nk\u00f6lyb\u00faza <strong>antioxid\u00e1nsai<\/strong> (szel\u00e9n, E-vitamin), amelyek eg\u00e9szs\u00e9gesen tartj\u00e1k a b\u00e9lsz\u00f6vetet \u00e9s v\u00e9dik az esetleges fokozott g\u00e1zk\u00e9pz\u0151d\u00e9s vagy a rossz bakt\u00e9riumok toxikus metabolitjai okozta k\u00e1rosod\u00e1st\u00f3l.  <\/p><p style=\"font-weight: 400;\">V\u00e9g\u00fcl, a t\u00f6nk\u00f6lyb\u00faza hozz\u00e1j\u00e1rul a <strong>pszichol\u00f3giai j\u00f3ll\u00e9thez<\/strong> is a b\u00e9l-agy tengelyen kereszt\u00fcl: amikor az em\u00e9szt\u00e9s rendezettebb \u00e9s a test jobban t\u00e1pl\u00e1lt, gyakran cs\u00f6kken a szorong\u00e1s \u00e9s a stressz is, ami pozit\u00edv visszacsatol\u00e1st teremt az IBS kontroll\u00e1l\u00e1s\u00e1ban. Mindez arra utal, hogy a t\u00f6nk\u00f6lyb\u00faza nagy seg\u00edts\u00e9get ny\u00fajthat az irrit\u00e1bilis b\u00e9l szindr\u00f3ma kezel\u00e9s\u00e9ben. Term\u00e9szetesen a t\u00f6nk\u00f6lyb\u00faza mellett gyakran aj\u00e1nlott a ferment\u00e1lt tejterm\u00e9kek (probiotikumok) m\u00e9rs\u00e9kelt fogyaszt\u00e1sa, elegend\u0151 v\u00edz \u00e9s stresszkezel\u00e9si technik\u00e1k alkalmaz\u00e1sa is, hogy a belek val\u00f3ban egyens\u00falyba ker\u00fcljenek.  <\/p>\n\t\t\t\t\t<\/div>\n\t\t\t\t\t\t<\/div>\n\t\t\t\t<\/div>\n\t\t\t\t\t<\/div>\n\t\t\t\t<\/div>\n\t\t\t\t<\/div>\n\t\t","protected":false},"excerpt":{"rendered":"<p>Irrit\u00e1bilis b\u00e9l szindr\u00f3ma (Irrit\u00e1bilis vastagb\u00e9l, IBS) egy funkcion\u00e1lis em\u00e9szt\u0151rendszeri rendelleness\u00e9g, amelyet hasi f\u00e1jdalom \u00e9s sz\u00e9klet\u00fcr\u00edt\u00e9si v\u00e1ltoz\u00e1sok (hasmen\u00e9s, sz\u00e9kreked\u00e9s vagy v\u00e1ltakozva<\/p>\n","protected":false},"author":809,"featured_media":0,"parent":0,"menu_order":0,"comment_status":"closed","ping_status":"closed","template":"","meta":{"_acf_changed":false,"footnotes":""},"class_list":["post-20144","page","type-page","status-publish","hentry"],"acf":[],"_links":{"self":[{"href":"https:\/\/eliksirvitalnosti.com\/hu\/wp-json\/wp\/v2\/pages\/20144","targetHints":{"allow":["GET"]}}],"collection":[{"href":"https:\/\/eliksirvitalnosti.com\/hu\/wp-json\/wp\/v2\/pages"}],"about":[{"href":"https:\/\/eliksirvitalnosti.com\/hu\/wp-json\/wp\/v2\/types\/page"}],"author":[{"embeddable":true,"href":"https:\/\/eliksirvitalnosti.com\/hu\/wp-json\/wp\/v2\/users\/809"}],"replies":[{"embeddable":true,"href":"https:\/\/eliksirvitalnosti.com\/hu\/wp-json\/wp\/v2\/comments?post=20144"}],"version-history":[{"count":0,"href":"https:\/\/eliksirvitalnosti.com\/hu\/wp-json\/wp\/v2\/pages\/20144\/revisions"}],"wp:attachment":[{"href":"https:\/\/eliksirvitalnosti.com\/hu\/wp-json\/wp\/v2\/media?parent=20144"}],"curies":[{"name":"wp","href":"https:\/\/api.w.org\/{rel}","templated":true}]}}