{"id":20546,"date":"2025-04-27T19:40:28","date_gmt":"2025-04-27T19:40:28","guid":{"rendered":"https:\/\/eliksirvitalnosti.com\/zsirmaj-nem-alkoholos-zsirmajbetegseg\/"},"modified":"2025-09-29T11:33:37","modified_gmt":"2025-09-29T11:33:37","slug":"zsirmaj-nem-alkoholos-zsirmajbetegseg","status":"publish","type":"page","link":"https:\/\/eliksirvitalnosti.com\/hu\/zsirmaj-nem-alkoholos-zsirmajbetegseg\/","title":{"rendered":"Zs\u00edrm\u00e1j (nem alkoholos zs\u00edrm\u00e1jbetegs\u00e9g)"},"content":{"rendered":"\t\t<div data-elementor-type=\"wp-page\" data-elementor-id=\"20546\" class=\"elementor elementor-20546 elementor-12912\" data-elementor-post-type=\"page\">\n\t\t\t\t\t\t<section class=\"wd-negative-gap elementor-section elementor-top-section elementor-element elementor-element-127769df elementor-section-content-middle elementor-section-boxed elementor-section-height-default elementor-section-height-default\" data-id=\"127769df\" data-element_type=\"section\" data-e-type=\"section\">\n\t\t\t\t\t\t<div class=\"elementor-container elementor-column-gap-wide\">\n\t\t\t\t\t<div class=\"elementor-column elementor-col-50 elementor-top-column elementor-element elementor-element-3a33410f\" data-id=\"3a33410f\" data-element_type=\"column\" data-e-type=\"column\">\n\t\t\t<div class=\"elementor-widget-wrap elementor-element-populated\">\n\t\t\t\t\t\t<div class=\"elementor-element elementor-element-478e21b9 elementor-widget elementor-widget-image\" data-id=\"478e21b9\" data-element_type=\"widget\" data-e-type=\"widget\" data-widget_type=\"image.default\">\n\t\t\t\t<div class=\"elementor-widget-container\">\n\t\t\t\t\t\t\t\t\t\t\t\t\t\t\t<img loading=\"lazy\" decoding=\"async\" width=\"1080\" height=\"1080\" src=\"https:\/\/eliksirvitalnosti.com\/wp-content\/themes\/woodmart\/images\/lazy.svg\" class=\"attachment-full size-full wp-image-12917 wd-lazy-fade\" alt=\"Zs\u00edrm\u00e1j - blog a m\u00e1j eg\u00e9szs\u00e9g\u00e9r\u0151l \u00e9s m\u00e9regtelen\u00edt\u00e9sr\u0151l\" srcset=\"\" sizes=\"auto, (max-width: 1080px) 100vw, 1080px\" data-src=\"https:\/\/eliksirvitalnosti.com\/wp-content\/uploads\/2025\/04\/Masna-jetra-.jpg\" data-srcset=\"https:\/\/eliksirvitalnosti.com\/wp-content\/uploads\/2025\/04\/Masna-jetra-.jpg 1080w, https:\/\/eliksirvitalnosti.com\/wp-content\/uploads\/2025\/04\/Masna-jetra--300x300.jpg 300w, https:\/\/eliksirvitalnosti.com\/wp-content\/uploads\/2025\/04\/Masna-jetra--1024x1024.jpg 1024w, https:\/\/eliksirvitalnosti.com\/wp-content\/uploads\/2025\/04\/Masna-jetra--150x150.jpg 150w, https:\/\/eliksirvitalnosti.com\/wp-content\/uploads\/2025\/04\/Masna-jetra--768x768.jpg 768w, https:\/\/eliksirvitalnosti.com\/wp-content\/uploads\/2025\/04\/Masna-jetra--600x600.jpg 600w\" \/>\t\t\t\t\t\t\t\t\t\t\t\t\t\t\t<\/div>\n\t\t\t\t<\/div>\n\t\t\t\t\t<\/div>\n\t\t<\/div>\n\t\t\t\t<div class=\"elementor-column elementor-col-50 elementor-top-column elementor-element elementor-element-4661aee7\" data-id=\"4661aee7\" data-element_type=\"column\" data-e-type=\"column\">\n\t\t\t<div class=\"elementor-widget-wrap elementor-element-populated\">\n\t\t\t\t\t\t<div class=\"elementor-element elementor-element-61ec0180 wd-width-100 elementor-widget elementor-widget-wd_title\" data-id=\"61ec0180\" data-element_type=\"widget\" data-e-type=\"widget\" data-widget_type=\"wd_title.default\">\n\t\t\t\t<div class=\"elementor-widget-container\">\n\t\t\t\t\t\t\t<div class=\"title-wrapper wd-set-mb reset-last-child wd-title-color-default wd-title-style-default wd-title-size-default text-\">\n\n\t\t\t\n\t\t\t<div class=\"liner-continer\">\n\t\t\t\t<h2 class=\"woodmart-title-container title wd-fontsize-l\"><\/h2> \n\t\t\t\t\t\t\t<\/div>\n\n\t\t\t\t\t\t\t<div class=\"title-after_title reset-last-child wd-fontsize-xs\">\n\t\t\t\t\t<p><strong>Zs\u00edrm\u00e1j<\/strong> vagy nem alkoholos zs\u00edrm\u00e1jbetegs\u00e9g (NAFLD) a zs\u00edr (trigliceridek) felhalmoz\u00f3d\u00e1sa a m\u00e1jsejtekben olyan szem\u00e9lyekn\u00e9l, akik nem fogyasztanak t\u00falzott mennyis\u00e9g\u0171 alkoholt. Val\u00f3j\u00e1ban ez egy spektrumzavar \u2013 az egyszer\u0171 steatosist\u00f3l (csak zs\u00edros infiltr\u00e1ci\u00f3) a nem alkoholos steatohepatitisig (NASH), ahol gyullad\u00e1s \u00e9s m\u00e1jsejtk\u00e1rosod\u00e1s is el\u0151fordul, ami fibr\u00f3zishoz \u00e9s m\u00e1jcirr\u00f3zishoz vezethet. A zs\u00edrm\u00e1j szorosan \u00f6sszef\u00fcgg az elh\u00edz\u00e1ssal, a 2-es t\u00edpus\u00fa cukorbetegs\u00e9ggel \u00e9s a metabolikus szindr\u00f3m\u00e1val, \u00e9s a vil\u00e1gon a m\u00e1jbetegs\u00e9gek vezet\u0151 ok\u00e1v\u00e1 v\u00e1lt. B\u00e1r kezdetben nem okoz t\u00fcneteket, a zs\u00edrm\u00e1j komoly figyelmeztet\u00e9s a szervezet anyagcsere-egyens\u00faly\u00e1nak felborul\u00e1s\u00e1ra.   <\/p><p><strong>A zs\u00edrm\u00e1j t\u00fcnetei<\/strong>: gyakran nincsenek kifejezett t\u00fcnetek, k\u00fcl\u00f6n\u00f6sen a korai st\u00e1diumban. El\u0151fordulhat, hogy az al\u00e1bbiakat \u00e9rzi: <\/p>\t\t\t\t<\/div>\n\t\t\t\t\t<\/div>\n\t\t\t\t\t\t<\/div>\n\t\t\t\t<\/div>\n\t\t\t\t<section class=\"wd-negative-gap elementor-section elementor-inner-section elementor-element elementor-element-7c1d9a55 elementor-section-boxed elementor-section-height-default elementor-section-height-default\" data-id=\"7c1d9a55\" data-element_type=\"section\" data-e-type=\"section\">\n\t\t\t\t\t\t<div class=\"elementor-container elementor-column-gap-default\">\n\t\t\t\t\t<div class=\"elementor-column elementor-col-50 elementor-inner-column elementor-element elementor-element-727c0cdb\" data-id=\"727c0cdb\" data-element_type=\"column\" data-e-type=\"column\">\n\t\t\t<div class=\"elementor-widget-wrap elementor-element-populated\">\n\t\t\t\t\t\t<div class=\"elementor-element elementor-element-c4b9ab9 color-scheme-inherit text-left elementor-widget elementor-widget-text-editor\" data-id=\"c4b9ab9\" data-element_type=\"widget\" data-e-type=\"widget\" data-widget_type=\"text-editor.default\">\n\t\t\t\t<div class=\"elementor-widget-container\">\n\t\t\t\t\t\t\t\t\t<ul style=\"font-weight: 400;\"><li>Kellemetlen \u00e9rz\u00e9s vagy diszkomfort, k\u00fcl\u00f6n\u00f6sen a has jobb fels\u0151 r\u00e9sz\u00e9n.<\/li><\/ul>\t\t\t\t\t\t\t\t<\/div>\n\t\t\t\t<\/div>\n\t\t\t\t\t<\/div>\n\t\t<\/div>\n\t\t\t\t<div class=\"elementor-column elementor-col-50 elementor-inner-column elementor-element elementor-element-284cda4f\" data-id=\"284cda4f\" data-element_type=\"column\" data-e-type=\"column\">\n\t\t\t<div class=\"elementor-widget-wrap elementor-element-populated\">\n\t\t\t\t\t\t<div class=\"elementor-element elementor-element-a8ef594 color-scheme-inherit text-left elementor-widget elementor-widget-text-editor\" data-id=\"a8ef594\" data-element_type=\"widget\" data-e-type=\"widget\" data-widget_type=\"text-editor.default\">\n\t\t\t\t<div class=\"elementor-widget-container\">\n\t\t\t\t\t\t\t\t\t<ul style=\"font-weight: 400;\"><li>Kr\u00f3nikus f\u00e1radts\u00e1g \u00e9s gyenges\u00e9g<\/li><\/ul>\t\t\t\t\t\t\t\t<\/div>\n\t\t\t\t<\/div>\n\t\t\t\t\t<\/div>\n\t\t<\/div>\n\t\t\t\t\t<\/div>\n\t\t<\/section>\n\t\t\t\t<section class=\"wd-negative-gap elementor-section elementor-inner-section elementor-element elementor-element-fb80a5a elementor-section-content-middle elementor-section-boxed elementor-section-height-default elementor-section-height-default\" data-id=\"fb80a5a\" data-element_type=\"section\" data-e-type=\"section\">\n\t\t\t\t\t\t<div class=\"elementor-container elementor-column-gap-default\">\n\t\t\t\t\t<div class=\"elementor-column elementor-col-100 elementor-inner-column elementor-element elementor-element-44c9aa70\" data-id=\"44c9aa70\" data-element_type=\"column\" data-e-type=\"column\">\n\t\t\t<div class=\"elementor-widget-wrap elementor-element-populated\">\n\t\t\t\t\t\t<div class=\"elementor-element elementor-element-59aedf7e color-scheme-inherit text-left elementor-widget elementor-widget-text-editor\" data-id=\"59aedf7e\" data-element_type=\"widget\" data-e-type=\"widget\" data-widget_type=\"text-editor.default\">\n\t\t\t\t<div class=\"elementor-widget-container\">\n\t\t\t\t\t\t\t\t\t<ul style=\"font-weight: 400;\"><li>El\u0151rehaladott NASH eset\u00e9n: \u00e9tv\u00e1gytalans\u00e1g, h\u00e1nyinger, f\u00e1radts\u00e1g, gyenges\u00e9g, esetleg s\u00e1rgas\u00e1g (ha m\u00e1jel\u00e9gtelens\u00e9g alakul ki, ami ritka a cirr\u00f3zis el\u0151tt)<\/li><\/ul>\t\t\t\t\t\t\t\t<\/div>\n\t\t\t\t<\/div>\n\t\t\t\t\t<\/div>\n\t\t<\/div>\n\t\t\t\t\t<\/div>\n\t\t<\/section>\n\t\t\t\t\t<\/div>\n\t\t<\/div>\n\t\t\t\t\t<\/div>\n\t\t<\/section>\n\t\t<div class=\"wd-negative-gap elementor-element elementor-element-4a55bb3b e-flex e-con-boxed e-con e-parent\" data-id=\"4a55bb3b\" data-element_type=\"container\" data-e-type=\"container\">\n\t\t\t\t\t<div class=\"e-con-inner\">\n\t\t\t\t<div class=\"elementor-element elementor-element-48dbe28d elementor-widget elementor-widget-wd_text_block\" data-id=\"48dbe28d\" data-element_type=\"widget\" data-e-type=\"widget\" data-widget_type=\"wd_text_block.default\">\n\t\t\t\t<div class=\"elementor-widget-container\">\n\t\t\t\t\t\t\t<div class=\"wd-text-block reset-last-child text-left\">\n\t\t\t\n\t\t\t<p style=\"font-weight: 400;\">A zs\u00edrm\u00e1j leggyakrabban v\u00e9letlen\u00fcl der\u00fcl ki, ultrahanggal, \u00e9s szorosan \u00f6sszef\u00fcgg a <strong>elh\u00edz\u00e1ssal \u00e9s az inzulinrezisztenci\u00e1val<\/strong> \u2013 a kal\u00f3riat\u00f6bblet (k\u00fcl\u00f6n\u00f6sen a cukrokb\u00f3l \u00e9s az eg\u00e9szs\u00e9gtelen zs\u00edrokb\u00f3l sz\u00e1rmaz\u00f3) a m\u00e1jban k\u00f6zvetlen\u00fcl zs\u00edrr\u00e1 alakul. P\u00e9ld\u00e1ul az \u00e9des italokb\u00f3l sz\u00e1rmaz\u00f3 frukt\u00f3zfelesleg k\u00f6zvetlen\u00fcl zs\u00edrr\u00e1 alakul a m\u00e1jban.   <\/p><p style=\"font-weight: 400;\"><strong>A m\u00e9regtelen\u00edt\u00e9s<\/strong> elengedhetetlen: a m\u00e1j a m\u00e9regtelen\u00edt\u00e9s szerve, \u00e9s a zs\u00edrral t\u00falterhelt m\u00e1jat tov\u00e1bbi toxinok m\u00e9g ink\u00e1bb k\u00e1ros\u00edtj\u00e1k. A t\u00f6nk\u00f6lyb\u0151l sz\u00e1rmaz\u00f3 antioxid\u00e1nsok \u00e9s klorofill seg\u00edtik a m\u00e1jat a toxinok semleges\u00edt\u00e9s\u00e9ben \u00e9s az oxidat\u00edv terhel\u00e9s cs\u00f6kkent\u00e9s\u00e9ben. K\u00fcl\u00f6n\u00f6sen a NASH kezel\u00e9s\u00e9ben hasznos az omega-3 zs\u00edrsavak, mivel cs\u00f6kkentik az oxidat\u00edv stresszt a m\u00e1jban, \u00e9s a betain seg\u00edti a metil\u00e1ci\u00f3s folyamatokat, cs\u00f6kkentve ezzel a homocisztein szintet.  <\/p><p style=\"font-weight: 400;\"><strong>A m\u00e9regtelen\u00edt\u00e9s<\/strong> alapvet\u0151 fontoss\u00e1g\u00fa: a m\u00e1j a m\u00e9regtelen\u00edt\u00e9s szerve, \u00e9s az, hogy zs\u00edrral t\u00falterhelt, tov\u00e1bbi toxinokkal m\u00e9g ink\u00e1bb k\u00e1ros\u00edtja. A t\u00f6nk\u00f6lyb\u0151l sz\u00e1rmaz\u00f3 antioxid\u00e1nsok \u00e9s a klorofill seg\u00edtenek a m\u00e1jnak semleges\u00edteni a toxinokat \u00e9s cs\u00f6kkenteni az oxidat\u00edv terhel\u00e9st. K\u00fcl\u00f6n\u00f6sen a NASH kezel\u00e9s\u00e9ben hasznos az omega-3 zs\u00edrsavakat tartalmaz\u00f3 t\u00f6nk\u00f6ly, mivel cs\u00f6kkenti az oxidat\u00edv stresszt a m\u00e1jban, \u00e9s a betain seg\u00edti a metil\u00e1ci\u00f3s folyamatokat, cs\u00f6kkentve ezzel a homocisztein szintet.  <\/p>\n\t\t\t\t\t<\/div>\n\t\t\t\t\t\t<\/div>\n\t\t\t\t<\/div>\n\t\t\t\t<div class=\"elementor-element elementor-element-4ba7dea6 wd-width-100 elementor-widget elementor-widget-wd_title\" data-id=\"4ba7dea6\" data-element_type=\"widget\" data-e-type=\"widget\" data-widget_type=\"wd_title.default\">\n\t\t\t\t<div class=\"elementor-widget-container\">\n\t\t\t\t\t\t\t<div class=\"title-wrapper wd-set-mb reset-last-child wd-title-color-default wd-title-style-default wd-title-size-default text-center\">\n\n\t\t\t\n\t\t\t<div class=\"liner-continer\">\n\t\t\t\t<h3 class=\"woodmart-title-container title wd-fontsize-l\">Term\u00e9szetes t\u00e1mogat\u00e1s a szervezetnek<\/h3> \n\t\t\t\t\t\t\t<\/div>\n\n\t\t\t\t\t<\/div>\n\t\t\t\t\t\t<\/div>\n\t\t\t\t<\/div>\n\t\t\t\t<div class=\"elementor-element elementor-element-6e12d782 elementor-widget elementor-widget-wd_text_block\" data-id=\"6e12d782\" data-element_type=\"widget\" data-e-type=\"widget\" data-widget_type=\"wd_text_block.default\">\n\t\t\t\t<div class=\"elementor-widget-container\">\n\t\t\t\t\t\t\t<div class=\"wd-text-block reset-last-child text-left\">\n\t\t\t\n\t\t\t<p style=\"font-weight: 400;\">A zs\u00edrm\u00e1j kezel\u00e9s\u00e9nek alapja az \u00e9trend megv\u00e1ltoztat\u00e1sa \u00e9s a tests\u00faly cs\u00f6kkent\u00e9se. M\u00e9g jelent\u0151s fogy\u00e1s hi\u00e1ny\u00e1ban is az \u00e9trend cs\u00f6kkentheti a trigliceridek szintj\u00e9t a v\u00e9rben \u2013 a rostok \u00e9s az alacsony glik\u00e9mi\u00e1s index\u0171 \u00e9telek cs\u00f6kkentik a triglicerid szint\u00e9zist a m\u00e1jban. A t\u00f6nk\u00f6ly hozz\u00e1j\u00e1rul a <strong>trigliceridek cs\u00f6kkent\u00e9s\u00e9hez<\/strong> a v\u00e9rben \u2013 a rostok \u00e9s az alacsony glik\u00e9mi\u00e1s index\u0171 \u00e9telek cs\u00f6kkentik a m\u00e1jban a lipogenezist. K\u00fcl\u00f6n\u00f6sen hasznos, ha omega-3-mal d\u00fas\u00edtott t\u00f6nk\u00f6lyt haszn\u00e1lnak. Az omega-3 zs\u00edrsavak seg\u00edtenek cs\u00f6kkenteni a trigliceridek szint\u00e9zis\u00e9t a m\u00e1jban, \u00e9s jav\u00edtj\u00e1k a m\u00e1j m\u0171k\u00f6d\u00e9s\u00e9t.    <\/p><p style=\"font-weight: 400;\"><strong>A zs\u00edrm\u00e1j kezel\u00e9se<\/strong> az \u00e9trend megv\u00e1ltoztat\u00e1s\u00e1n \u00e9s a tests\u00faly cs\u00f6kkent\u00e9s\u00e9n alapul. M\u00e9g jelent\u0151s fogy\u00e1s hi\u00e1ny\u00e1ban is az \u00e9trend cs\u00f6kkentheti a trigliceridek felhalmoz\u00f3d\u00e1s\u00e1t a m\u00e1jban, ha kevesebb finom\u00edtott cukrot \u00e9s t\u00f6bb teljes ki\u0151rl\u00e9s\u0171 gabon\u00e1t tartalmaz. A t\u00f6nk\u00f6ly hozz\u00e1j\u00e1rul a v\u00e9r <strong>triglicerid szintj\u00e9nek cs\u00f6kkent\u00e9s\u00e9hez<\/strong> \u2013 a rostok \u00e9s az alacsony glik\u00e9mi\u00e1s index cs\u00f6kkentik a m\u00e1jban a lipogenezist (zs\u00edrszint\u00e9zist). K\u00fcl\u00f6n\u00f6sen hasznos, ha omega-3-mal d\u00fas\u00edtott t\u00f6nk\u00f6lyt haszn\u00e1lnak. Az omega-3 zs\u00edrsavak seg\u00edtenek cs\u00f6kkenteni a triglicerid szint\u00e9zist a m\u00e1jban \u00e9s jav\u00edtj\u00e1k a m\u00e1j m\u0171k\u00f6d\u00e9s\u00e9t.  <\/p><p style=\"font-weight: 400;\"> <\/p><p style=\"font-weight: 400;\">A t\u00f6nk\u00f6ly <strong>kolint<\/strong> tartalmaz nyomokban (a betain el\u0151anyaga), \u00e9s a kolin nagyon fontos a m\u00e1j zs\u00edrosod\u00e1s\u00e1nak megel\u0151z\u00e9s\u00e9ben: a t\u00f6nk\u00f6ly <strong>gyullad\u00e1scs\u00f6kkent\u0151 tulajdons\u00e1gai<\/strong> a m\u00e1jra is j\u00f3t\u00e9kony hat\u00e1ssal vannak. A m\u00e1j fokozatosan regener\u00e1l\u00f3dik a t\u00fals\u00faly \u00e9s a jobb t\u00e1panyagok miatt. A t\u00f6nk\u00f6ly \u00e9trendben tal\u00e1lhat\u00f3 k\u00f6nnyen em\u00e9szthet\u0151 egyszer\u0171 cukrok hi\u00e1nya kevesebb stimul\u00e1ci\u00f3t jelent a gyullad\u00e1sos folyamatok sz\u00e1m\u00e1ra (mivel a hiperglik\u00e9mia cs\u00f6kken). <\/p><p style=\"font-weight: 400;\"> <\/p><p style=\"font-weight: 400;\">A t\u00f6nk\u00f6ly \u00e9s az omega-3 zs\u00edrsavak kombin\u00e1ci\u00f3ja a m\u00e1j <strong>zs\u00edrtalan\u00edt\u00e1s\u00e1t \u00e9s regener\u00e1l\u00f3d\u00e1s\u00e1t<\/strong> seg\u00edti el\u0151: lehet\u0151v\u00e9 teszi a felesleges zs\u00edr elveszt\u00e9s\u00e9t, v\u00e9di a m\u00e1jat \u00e9s el\u0151seg\u00edti annak regener\u00e1l\u00f3d\u00e1s\u00e1t. Ez\u00e9rt a t\u00f6nk\u00f6ly term\u00e9szetes m\u00f3don \u00e9s hat\u00e9konyan t\u00e1mogatja a m\u00e1j eg\u00e9szs\u00e9g\u00e9t, k\u00fcl\u00f6n\u00f6sen a zs\u00edrm\u00e1j eset\u00e9n.  <\/p>\n\t\t\t\t\t<\/div>\n\t\t\t\t\t\t<\/div>\n\t\t\t\t<\/div>\n\t\t\t\t\t<\/div>\n\t\t\t\t<\/div>\n\t\t\t\t<\/div>\n\t\t","protected":false},"excerpt":{"rendered":"<p>Zs\u00edrm\u00e1j vagy nem alkoholos zs\u00edrm\u00e1jbetegs\u00e9g (NAFLD) a zs\u00edr (trigliceridek) felhalmoz\u00f3d\u00e1sa a m\u00e1jsejtekben olyan szem\u00e9lyekn\u00e9l, akik nem fogyasztanak t\u00falzott mennyis\u00e9g\u0171 alkoholt.<\/p>\n","protected":false},"author":809,"featured_media":0,"parent":0,"menu_order":0,"comment_status":"closed","ping_status":"closed","template":"","meta":{"_acf_changed":false,"footnotes":""},"class_list":["post-20546","page","type-page","status-publish","hentry"],"acf":[],"_links":{"self":[{"href":"https:\/\/eliksirvitalnosti.com\/hu\/wp-json\/wp\/v2\/pages\/20546","targetHints":{"allow":["GET"]}}],"collection":[{"href":"https:\/\/eliksirvitalnosti.com\/hu\/wp-json\/wp\/v2\/pages"}],"about":[{"href":"https:\/\/eliksirvitalnosti.com\/hu\/wp-json\/wp\/v2\/types\/page"}],"author":[{"embeddable":true,"href":"https:\/\/eliksirvitalnosti.com\/hu\/wp-json\/wp\/v2\/users\/809"}],"replies":[{"embeddable":true,"href":"https:\/\/eliksirvitalnosti.com\/hu\/wp-json\/wp\/v2\/comments?post=20546"}],"version-history":[{"count":0,"href":"https:\/\/eliksirvitalnosti.com\/hu\/wp-json\/wp\/v2\/pages\/20546\/revisions"}],"wp:attachment":[{"href":"https:\/\/eliksirvitalnosti.com\/hu\/wp-json\/wp\/v2\/media?parent=20546"}],"curies":[{"name":"wp","href":"https:\/\/api.w.org\/{rel}","templated":true}]}}