{"id":21333,"date":"2025-04-27T19:14:27","date_gmt":"2025-04-27T19:14:27","guid":{"rendered":"https:\/\/eliksirvitalnosti.com\/kronikus-faradtsag\/"},"modified":"2025-09-29T11:57:39","modified_gmt":"2025-09-29T11:57:39","slug":"kronikus-faradtsag","status":"publish","type":"page","link":"https:\/\/eliksirvitalnosti.com\/hu\/kronikus-faradtsag\/","title":{"rendered":"Kr\u00f3nikus f\u00e1radts\u00e1g"},"content":{"rendered":"\t\t<div data-elementor-type=\"wp-page\" data-elementor-id=\"21333\" class=\"elementor elementor-21333 elementor-12853\" data-elementor-post-type=\"page\">\n\t\t\t\t\t\t<section class=\"wd-negative-gap elementor-section elementor-top-section elementor-element elementor-element-644a7705 elementor-section-content-middle elementor-section-boxed elementor-section-height-default elementor-section-height-default\" data-id=\"644a7705\" data-element_type=\"section\" data-e-type=\"section\">\n\t\t\t\t\t\t<div class=\"elementor-container elementor-column-gap-wide\">\n\t\t\t\t\t<div class=\"elementor-column elementor-col-50 elementor-top-column elementor-element elementor-element-37a2bea0\" data-id=\"37a2bea0\" data-element_type=\"column\" data-e-type=\"column\">\n\t\t\t<div class=\"elementor-widget-wrap elementor-element-populated\">\n\t\t\t\t\t\t<div class=\"elementor-element elementor-element-4439f67e elementor-widget elementor-widget-image\" data-id=\"4439f67e\" data-element_type=\"widget\" data-e-type=\"widget\" data-widget_type=\"image.default\">\n\t\t\t\t<div class=\"elementor-widget-container\">\n\t\t\t\t\t\t\t\t\t\t\t\t\t\t\t<img loading=\"lazy\" decoding=\"async\" width=\"1080\" height=\"1080\" src=\"https:\/\/eliksirvitalnosti.com\/wp-content\/themes\/woodmart\/images\/lazy.svg\" class=\"attachment-full size-full wp-image-12857 wd-lazy-fade\" alt=\"Kr\u00f3nikus f\u00e1radts\u00e1g - blog a f\u00e1radts\u00e1g szindr\u00f3m\u00e1r\u00f3l \u00e9s t\u00e1pl\u00e1lkoz\u00e1sr\u00f3l\" srcset=\"\" sizes=\"auto, (max-width: 1080px) 100vw, 1080px\" data-src=\"https:\/\/eliksirvitalnosti.com\/wp-content\/uploads\/2025\/04\/hronicni-umor.jpg\" data-srcset=\"https:\/\/eliksirvitalnosti.com\/wp-content\/uploads\/2025\/04\/hronicni-umor.jpg 1080w, https:\/\/eliksirvitalnosti.com\/wp-content\/uploads\/2025\/04\/hronicni-umor-300x300.jpg 300w, https:\/\/eliksirvitalnosti.com\/wp-content\/uploads\/2025\/04\/hronicni-umor-1024x1024.jpg 1024w, https:\/\/eliksirvitalnosti.com\/wp-content\/uploads\/2025\/04\/hronicni-umor-150x150.jpg 150w, https:\/\/eliksirvitalnosti.com\/wp-content\/uploads\/2025\/04\/hronicni-umor-768x768.jpg 768w, https:\/\/eliksirvitalnosti.com\/wp-content\/uploads\/2025\/04\/hronicni-umor-600x600.jpg 600w\" \/>\t\t\t\t\t\t\t\t\t\t\t\t\t\t\t<\/div>\n\t\t\t\t<\/div>\n\t\t\t\t\t<\/div>\n\t\t<\/div>\n\t\t\t\t<div class=\"elementor-column elementor-col-50 elementor-top-column elementor-element elementor-element-21f7aaed\" data-id=\"21f7aaed\" data-element_type=\"column\" data-e-type=\"column\">\n\t\t\t<div class=\"elementor-widget-wrap elementor-element-populated\">\n\t\t\t\t\t\t<div class=\"elementor-element elementor-element-77eb9936 wd-width-100 elementor-widget elementor-widget-wd_title\" data-id=\"77eb9936\" data-element_type=\"widget\" data-e-type=\"widget\" data-widget_type=\"wd_title.default\">\n\t\t\t\t<div class=\"elementor-widget-container\">\n\t\t\t\t\t\t\t<div class=\"title-wrapper wd-set-mb reset-last-child wd-title-color-default wd-title-style-default wd-title-size-default text-\">\n\n\t\t\t\n\t\t\t<div class=\"liner-continer\">\n\t\t\t\t<h2 class=\"woodmart-title-container title wd-fontsize-l\"><\/h2> \n\t\t\t\t\t\t\t<\/div>\n\n\t\t\t\t\t\t\t<div class=\"title-after_title reset-last-child wd-fontsize-xs\">\n\t\t\t\t\t<p>A <strong>kr\u00f3nikus f\u00e1radts\u00e1got<\/strong> kimer\u00edt\u0151, pihen\u00e9ssel sem m\u00fal\u00f3 f\u00e1radts\u00e1g\u00e9rzet jellemzi. Lehet a kr\u00f3nikus f\u00e1radts\u00e1g szindr\u00f3ma (Chronic Fatigue Syndrome \u2013 CFS) r\u00e9sze, vagy egyszer\u0171en t\u00fcnet, amely sok s\u00falyos \u00e1llapotot k\u00eds\u00e9r. A kr\u00f3nikus f\u00e1radts\u00e1gban szenved\u0151k \u00e1lland\u00f3 energiahi\u00e1nyr\u00f3l sz\u00e1molnak be, nehez\u00fckre esik a mindennapi tev\u00e9kenys\u00e9gek elv\u00e9gz\u00e9se, gyakran gyeng\u00e9bb a koncentr\u00e1ci\u00f3juk \u00e9s a motiv\u00e1ci\u00f3juk. A kr\u00f3nikus f\u00e1radts\u00e1g lehet \u00f6n\u00e1ll\u00f3 diagn\u00f3zis is (amikor legal\u00e1bb 6 h\u00f3napja fenn\u00e1ll megmagyar\u00e1zhatatlan f\u00e1radts\u00e1g, m\u00e1s okok kiz\u00e1r\u00e1sa mellett), vagy lehet olyan betegs\u00e9gek k\u00f6vetkezm\u00e9nye, mint a fert\u0151z\u00e9sek (pl. mononukle\u00f3zis, COVID-19 \u201elong COVID\u201d), autoimmun betegs\u00e9gek, hormon\u00e1lis zavarok vagy fibromialgia.   <\/p>\t\t\t\t<\/div>\n\t\t\t\t\t<\/div>\n\t\t\t\t\t\t<\/div>\n\t\t\t\t<\/div>\n\t\t\t\t<section class=\"wd-negative-gap elementor-section elementor-inner-section elementor-element elementor-element-284ea810 elementor-section-content-middle elementor-section-boxed elementor-section-height-default elementor-section-height-default\" data-id=\"284ea810\" data-element_type=\"section\" data-e-type=\"section\">\n\t\t\t\t\t\t<div class=\"elementor-container elementor-column-gap-default\">\n\t\t\t\t\t<div class=\"elementor-column elementor-col-50 elementor-inner-column elementor-element elementor-element-541631b0\" data-id=\"541631b0\" data-element_type=\"column\" data-e-type=\"column\">\n\t\t\t<div class=\"elementor-widget-wrap elementor-element-populated\">\n\t\t\t\t\t\t<div class=\"elementor-element elementor-element-26e7a6eb color-scheme-inherit text-left elementor-widget elementor-widget-text-editor\" data-id=\"26e7a6eb\" data-element_type=\"widget\" data-e-type=\"widget\" data-widget_type=\"text-editor.default\">\n\t\t\t\t<div class=\"elementor-widget-container\">\n\t\t\t\t\t\t\t\t\t<ul style=\"font-weight: 400;\"><li>Hosszan tart\u00f3, a r\u00e1ford\u00edtott er\u0151fesz\u00edt\u00e9ssel nem ar\u00e1nyos kimer\u00fclts\u00e9g\u00e9rzet<\/li><\/ul>\t\t\t\t\t\t\t\t<\/div>\n\t\t\t\t<\/div>\n\t\t\t\t\t<\/div>\n\t\t<\/div>\n\t\t\t\t<div class=\"elementor-column elementor-col-50 elementor-inner-column elementor-element elementor-element-23c30ee5\" data-id=\"23c30ee5\" data-element_type=\"column\" data-e-type=\"column\">\n\t\t\t<div class=\"elementor-widget-wrap elementor-element-populated\">\n\t\t\t\t\t\t<div class=\"elementor-element elementor-element-9f3977f color-scheme-inherit text-left elementor-widget elementor-widget-text-editor\" data-id=\"9f3977f\" data-element_type=\"widget\" data-e-type=\"widget\" data-widget_type=\"text-editor.default\">\n\t\t\t\t<div class=\"elementor-widget-container\">\n\t\t\t\t\t\t\t\t\t<ul style=\"font-weight: 400;\"><li>Alv\u00e1sprobl\u00e9m\u00e1k \u2013 nem pihentet\u0151 alv\u00e1s, neh\u00e9z elalv\u00e1s vagy gyakori fel\u00e9bred\u00e9s<\/li><\/ul>\t\t\t\t\t\t\t\t<\/div>\n\t\t\t\t<\/div>\n\t\t\t\t\t<\/div>\n\t\t<\/div>\n\t\t\t\t\t<\/div>\n\t\t<\/section>\n\t\t\t\t<section class=\"wd-negative-gap elementor-section elementor-inner-section elementor-element elementor-element-6557b5a3 elementor-section-content-middle elementor-section-boxed elementor-section-height-default elementor-section-height-default\" data-id=\"6557b5a3\" data-element_type=\"section\" data-e-type=\"section\">\n\t\t\t\t\t\t<div class=\"elementor-container elementor-column-gap-default\">\n\t\t\t\t\t<div class=\"elementor-column elementor-col-50 elementor-inner-column elementor-element elementor-element-738b8df9\" data-id=\"738b8df9\" data-element_type=\"column\" data-e-type=\"column\">\n\t\t\t<div class=\"elementor-widget-wrap elementor-element-populated\">\n\t\t\t\t\t\t<div class=\"elementor-element elementor-element-6201eff1 color-scheme-inherit text-left elementor-widget elementor-widget-text-editor\" data-id=\"6201eff1\" data-element_type=\"widget\" data-e-type=\"widget\" data-widget_type=\"text-editor.default\">\n\t\t\t\t<div class=\"elementor-widget-container\">\n\t\t\t\t\t\t\t\t\t<ul style=\"font-weight: 400;\"><li>Kognit\u00edv neh\u00e9zs\u00e9gek (\u201ebrain fog\u201d) \u2013 gyenge koncentr\u00e1ci\u00f3, rossz mem\u00f3ria, zavarts\u00e1g<\/li><\/ul>\t\t\t\t\t\t\t\t<\/div>\n\t\t\t\t<\/div>\n\t\t\t\t\t<\/div>\n\t\t<\/div>\n\t\t\t\t<div class=\"elementor-column elementor-col-50 elementor-inner-column elementor-element elementor-element-5a569aa0\" data-id=\"5a569aa0\" data-element_type=\"column\" data-e-type=\"column\">\n\t\t\t<div class=\"elementor-widget-wrap elementor-element-populated\">\n\t\t\t\t\t\t<div class=\"elementor-element elementor-element-671141b color-scheme-inherit text-left elementor-widget elementor-widget-text-editor\" data-id=\"671141b\" data-element_type=\"widget\" data-e-type=\"widget\" data-widget_type=\"text-editor.default\">\n\t\t\t\t<div class=\"elementor-widget-container\">\n\t\t\t\t\t\t\t\t\t<ul style=\"font-weight: 400;\"><li>Gyakori izom- vagy \u00edz\u00fcleti f\u00e1jdalmak, fejf\u00e1j\u00e1s<\/li><\/ul>\t\t\t\t\t\t\t\t<\/div>\n\t\t\t\t<\/div>\n\t\t\t\t\t<\/div>\n\t\t<\/div>\n\t\t\t\t\t<\/div>\n\t\t<\/section>\n\t\t\t\t<section class=\"wd-negative-gap elementor-section elementor-inner-section elementor-element elementor-element-13ae9422 elementor-section-content-middle elementor-section-boxed elementor-section-height-default elementor-section-height-default\" data-id=\"13ae9422\" data-element_type=\"section\" data-e-type=\"section\">\n\t\t\t\t\t\t<div class=\"elementor-container elementor-column-gap-default\">\n\t\t\t\t\t<div class=\"elementor-column elementor-col-50 elementor-inner-column elementor-element elementor-element-2e71e5e2\" data-id=\"2e71e5e2\" data-element_type=\"column\" data-e-type=\"column\">\n\t\t\t<div class=\"elementor-widget-wrap elementor-element-populated\">\n\t\t\t\t\t\t<div class=\"elementor-element elementor-element-48e6c24d color-scheme-inherit text-left elementor-widget elementor-widget-text-editor\" data-id=\"48e6c24d\" data-element_type=\"widget\" data-e-type=\"widget\" data-widget_type=\"text-editor.default\">\n\t\t\t\t<div class=\"elementor-widget-container\">\n\t\t\t\t\t\t\t\t\t<ul style=\"font-weight: 400;\"><li>Id\u0151nk\u00e9nt megnagyobbodott nyirokcsom\u00f3k, torokf\u00e1j\u00e1s (CFS eset\u00e9n \u00fagy t\u0171nhet, mintha \u00e1lland\u00f3 enyhe fert\u0151z\u00e9s lenne)<\/li><\/ul>\t\t\t\t\t\t\t\t<\/div>\n\t\t\t\t<\/div>\n\t\t\t\t\t<\/div>\n\t\t<\/div>\n\t\t\t\t<div class=\"elementor-column elementor-col-50 elementor-inner-column elementor-element elementor-element-e0a79bd\" data-id=\"e0a79bd\" data-element_type=\"column\" data-e-type=\"column\">\n\t\t\t<div class=\"elementor-widget-wrap elementor-element-populated\">\n\t\t\t\t\t\t<div class=\"elementor-element elementor-element-5430726b color-scheme-inherit text-left elementor-widget elementor-widget-text-editor\" data-id=\"5430726b\" data-element_type=\"widget\" data-e-type=\"widget\" data-widget_type=\"text-editor.default\">\n\t\t\t\t<div class=\"elementor-widget-container\">\n\t\t\t\t\t\t\t\t\t<ul style=\"font-weight: 400;\"><li>\u00c1llapotroml\u00e1s fizikai vagy szellemi megterhel\u00e9s ut\u00e1n (\u00fan. post-exertional malaise)<\/li><\/ul>\t\t\t\t\t\t\t\t<\/div>\n\t\t\t\t<\/div>\n\t\t\t\t\t<\/div>\n\t\t<\/div>\n\t\t\t\t\t<\/div>\n\t\t<\/section>\n\t\t\t\t\t<\/div>\n\t\t<\/div>\n\t\t\t\t\t<\/div>\n\t\t<\/section>\n\t\t<div class=\"wd-negative-gap elementor-element elementor-element-76c6de80 e-flex e-con-boxed e-con e-parent\" data-id=\"76c6de80\" data-element_type=\"container\" data-e-type=\"container\">\n\t\t\t\t\t<div class=\"e-con-inner\">\n\t\t\t\t<div class=\"elementor-element elementor-element-651418e3 elementor-widget elementor-widget-wd_text_block\" data-id=\"651418e3\" data-element_type=\"widget\" data-e-type=\"widget\" data-widget_type=\"wd_text_block.default\">\n\t\t\t\t<div class=\"elementor-widget-container\">\n\t\t\t\t\t\t\t<div class=\"wd-text-block reset-last-child text-left\">\n\t\t\t\n\t\t\t<p style=\"font-weight: 400;\">A kr\u00f3nikus f\u00e1radts\u00e1g okai t\u00f6bbt\u00e9nyez\u0151sek. CFS eset\u00e9n az ok nem egy\u00e9rtelm\u0171, l\u00e9teznek elm\u00e9letek a fert\u0151z\u00e9s ut\u00e1ni elh\u00faz\u00f3d\u00f3 immunv\u00e1laszokr\u00f3l, hormon\u00e1lis egyens\u00falyzavarr\u00f3l, stresszr\u0151l stb. Megfigyelhet\u0151 azonban, hogy sok \u00e9rintettn\u00e9l <strong>emelkedett, alacsony fok\u00fa gyullad\u00e1sos markerek<\/strong> \u00e9s <strong>oxidat\u00edv stressz<\/strong> \u00e1ll fenn, ami arra utal, hogy a gyullad\u00e1sos folyamatok \u00e9s a szabad gy\u00f6k\u00f6k szerepet j\u00e1tszhatnak a f\u00e1radts\u00e1g fenntart\u00e1s\u00e1ban. Ha a szervezet kr\u00f3nikus gyullad\u00e1sos \u00e1llapotban van (rejtett fert\u0151z\u00e9s, autoimmun aktivit\u00e1s vagy elh\u00edz\u00e1s miatt), citokinek termel\u0151dnek, amelyek f\u00e1radts\u00e1g\u00e9rzetet \u00e9s \u201ebetegviselked\u00e9st\u201d v\u00e1lthatnak ki. <strong>Immunol\u00f3giai egyens\u00falyzavar<\/strong> szint\u00e9n hozz\u00e1j\u00e1rulhat \u2013 egyes kr\u00f3nikus f\u00e1radts\u00e1g szindr\u00f3m\u00e1s betegekn\u00e9l zavart NK-sejt (term\u00e9szetes \u00f6l\u0151sejt) \u00e9s m\u00e1s immunfunkci\u00f3kat figyeltek meg.   <\/p>\n\t\t\t\t\t<\/div>\n\t\t\t\t\t\t<\/div>\n\t\t\t\t<\/div>\n\t\t\t\t<div class=\"elementor-element elementor-element-39cd606f wd-width-100 elementor-widget elementor-widget-wd_title\" data-id=\"39cd606f\" data-element_type=\"widget\" data-e-type=\"widget\" data-widget_type=\"wd_title.default\">\n\t\t\t\t<div class=\"elementor-widget-container\">\n\t\t\t\t\t\t\t<div class=\"title-wrapper wd-set-mb reset-last-child wd-title-color-default wd-title-style-default wd-title-size-default text-center\">\n\n\t\t\t\n\t\t\t<div class=\"liner-continer\">\n\t\t\t\t<h3 class=\"woodmart-title-container title wd-fontsize-l\">Term\u00e9szetes t\u00e1mogat\u00e1s a szervezetnek<\/h3> \n\t\t\t\t\t\t\t<\/div>\n\n\t\t\t\t\t<\/div>\n\t\t\t\t\t\t<\/div>\n\t\t\t\t<\/div>\n\t\t\t\t<div class=\"elementor-element elementor-element-54a4ecc4 elementor-widget elementor-widget-wd_text_block\" data-id=\"54a4ecc4\" data-element_type=\"widget\" data-e-type=\"widget\" data-widget_type=\"wd_text_block.default\">\n\t\t\t\t<div class=\"elementor-widget-container\">\n\t\t\t\t\t\t\t<div class=\"wd-text-block reset-last-child text-left\">\n\t\t\t\n\t\t\t<p style=\"font-weight: 400;\">Kr\u00f3nikus f\u00e1radts\u00e1g eset\u00e9n fontos, hogy a szervezet megkapjon minden sz\u00fcks\u00e9ges t\u00e1panyagot a regener\u00e1ci\u00f3hoz sz\u00fcks\u00e9ges energi\u00e1hoz. A <strong>t\u00f6nk\u00f6ly<\/strong> ebb\u0151l a szempontb\u00f3l val\u00f3di, term\u00e9szetes energiz\u00e1l\u00f3. \u00d6sszetett, rostokban gazdag sz\u00e9nhidr\u00e1tk\u00e9nt a t\u00f6nk\u00f6ly <strong>\u00e1lland\u00f3 energiabevitelt<\/strong> biztos\u00edt \u2013 szemben a cukorral, amely hirtelen, r\u00f6vid ideig tart\u00f3 megugr\u00e1st okoz, a t\u00f6nk\u00f6ly lassan em\u00e9szt\u0151dik, stabilan tartja a gl\u00fck\u00f3zszintet, \u00e9s megel\u0151zi a nap folyam\u00e1n jelentkez\u0151 \u201eenergiazuhan\u00e1sokat\u201d. Ez seg\u00edt felvenni a harcot a dr\u00e1mai kimer\u00fclts\u00e9gi rohamokkal.  <\/p><p style=\"font-weight: 400;\">A t\u00f6nk\u00f6ly emellett gazdag <strong>feh\u00e9rj\u00e9ben<\/strong> \u00e9s esszenci\u00e1lis aminosavakban, ami ell\u00e1tja az izmokat \u00e9s a sz\u00f6veteket \u00e9p\u00edt\u0151anyaggal, \u00e9s megel\u0151zi az izomt\u00f6meg-veszt\u00e9st, amely kr\u00f3nikus betegs\u00e9gekben el\u0151fordulhat. A t\u00f6nk\u00f6ly <strong>B-vitaminjai<\/strong> (k\u00fcl\u00f6n\u00f6sen a niacin, a B6 \u00e9s a tiamin) a sejtek energiatermel\u00e9si folyamataiban f\u0151 kofaktorok \u2013 seg\u00edtik a mitokondriumokat abban, hogy hat\u00e9konyabban alak\u00edts\u00e1k \u00e1t az \u00e9telt ATP-v\u00e9. E vitaminok hi\u00e1nya f\u00e1radts\u00e1got okozhat, \u00edgy a t\u00f6nk\u00f6ly seg\u00edt \u00e1thidalni ezeket a hi\u00e1nyokat. <\/p><p style=\"font-weight: 400;\">A t\u00f6nk\u00f6lyben tal\u00e1lhat\u00f3 <strong>magn\u00e9zium<\/strong> \u00e9s <strong>vas<\/strong> szint\u00e9n l\u00e9tfontoss\u00e1g\u00fa a f\u00e1radts\u00e1g ellen: a magn\u00e9zium t\u00f6bb mint 300 enzimreakci\u00f3hoz sz\u00fcks\u00e9ges, bele\u00e9rtve az energiatermel\u00e9st \u00e9s az izomm\u0171k\u00f6d\u00e9st (hi\u00e1nya f\u00e1rad\u00e9konys\u00e1got \u00e9s gyenges\u00e9get okoz), m\u00edg a vas megel\u0151zi a v\u00e9rszeg\u00e9nys\u00e9ggel \u00f6sszef\u00fcgg\u0151 f\u00e1radts\u00e1got. Fontos a t\u00f6nk\u00f6ly <strong>antioxid\u00e1ns hat\u00e1sa<\/strong> is \u2013 a szervezet oxidat\u00edv stressz\u00e9nek cs\u00f6kkent\u00e9s\u00e9vel a sejtek \u201eer\u0151m\u0171vei\u201d (a mitokondriumok) hat\u00e9konyabban m\u0171k\u00f6dhetnek. A t\u00f6nk\u00f6ly z\u00f6ld lev\u00e9ben tal\u00e1lhat\u00f3 klorofill \u00e9s enzimek tov\u00e1bb \u201efelfriss\u00edthetik\u201d a szervezetet: a klorofill jav\u00edtja a sz\u00f6vetek oxigeniz\u00e1ci\u00f3j\u00e1t (k\u00f6znyelvben \u00fagy mondj\u00e1k, hogy seg\u00edti az oxig\u00e9n sz\u00e1ll\u00edt\u00e1s\u00e1t, b\u00e1r k\u00f6zvetetten), az enzimek pedig megk\u00f6nny\u00edtik az em\u00e9szt\u00e9st, \u00edgy energi\u00e1t takar\u00edtanak meg a szervezetnek m\u00e1s folyamatokra.  <\/p><p style=\"font-weight: 400;\">A t\u00f6nk\u00f6ly tov\u00e1bb\u00e1 seg\u00edti a <strong>detoxik\u00e1ci\u00f3t<\/strong> \u2013 a neh\u00e9zf\u00e9mek \u00e9s vegyi anyagok megk\u00f6t\u00e9s\u00e9vel el\u0151seg\u00edti azok ki\u00fcr\u00fcl\u00e9s\u00e9t a szervezetb\u0151l, amit egyes alternat\u00edv megk\u00f6zel\u00edt\u00e9sek kulcsfontoss\u00e1g\u00fanak tartanak, mivel a felhalmoz\u00f3dott toxinok hozz\u00e1j\u00e1rulhatnak a kr\u00f3nikus f\u00e1radts\u00e1g\u00e9rzethez. A liofiliz\u00e1lt vagy fagyasztott t\u00f6nk\u00f6lyl\u00e9 praktikus tabletta form\u00e1j\u00e1ban t\u00f6rt\u00e9n\u0151 napi fogyaszt\u00e1s\u00e1val a kr\u00f3nikus f\u00e1radts\u00e1gban szenved\u0151k fokozatosan javul\u00f3 energiaszintet, ment\u00e1lis tisztas\u00e1got \u00e9s \u00e1ltal\u00e1nos j\u00f3ll\u00e9tet tapasztalhatnak. Term\u00e9szetesen, a toleranci\u00e1n bel\u00fcli fizikai aktivit\u00e1ssal \u00e9s megfelel\u0151 alv\u00e1ssal egy\u00fctt a t\u00f6nk\u00f6ly az energiavisszanyer\u00e9s holisztikus megk\u00f6zel\u00edt\u00e9s\u00e9nek r\u00e9sze.  <\/p>\n\t\t\t\t\t<\/div>\n\t\t\t\t\t\t<\/div>\n\t\t\t\t<\/div>\n\t\t\t\t\t<\/div>\n\t\t\t\t<\/div>\n\t\t<div class=\"wd-negative-gap elementor-element elementor-element-f4962f7 e-flex e-con-boxed e-con e-parent\" data-id=\"f4962f7\" data-element_type=\"container\" data-e-type=\"container\">\n\t\t\t\t\t<div class=\"e-con-inner\">\n\t\t\t\t<div class=\"elementor-element elementor-element-13b6d1b elementor-widget elementor-widget-wd_countdown_timer\" data-id=\"13b6d1b\" data-element_type=\"widget\" data-e-type=\"widget\" data-widget_type=\"wd_countdown_timer.default\">\n\t\t\t\t<div class=\"elementor-widget-container\">\n\t\t\t\t\t\t\t<div class=\"wd-countdown-timer color-scheme- text-center\">\n\t\t\t<div class=\"wd-timer wd-size-medium   \" data-end-date=\"2026-06-17\" data-timezone=\"GMT\" data-hide-on-finish=\"no\">\n\t\t\t\t<span class=\"wd-item wd-timer-days\">\n\t\t\t\t\t<span class=\"wd-timer-value\">\n\t\t\t\t\t\t0\n\t\t\t\t\t<\/span>\n\t\t\t\t\t<span class=\"wd-timer-text\">\n\t\t\t\t\t\tdays\t\t\t\t\t<\/span>\n\t\t\t\t<\/span>\n\t\t\t\t\t\t\t\t<span class=\"wd-item wd-timer-hours\">\n\t\t\t\t\t<span class=\"wd-timer-value\">\n\t\t\t\t\t\t00\n\t\t\t\t\t<\/span>\n\t\t\t\t\t<span class=\"wd-timer-text\">\n\t\t\t\t\t\thr\t\t\t\t\t<\/span>\n\t\t\t\t<\/span>\n\t\t\t\t\t\t\t\t<span class=\"wd-item wd-timer-min\">\n\t\t\t\t\t<span class=\"wd-timer-value\">\n\t\t\t\t\t\t00\n\t\t\t\t\t<\/span>\n\t\t\t\t\t<span class=\"wd-timer-text\">\n\t\t\t\t\t\tmin\t\t\t\t\t<\/span>\n\t\t\t\t<\/span>\n\t\t\t\t\t\t\t\t<span class=\"wd-item wd-timer-sec\">\n\t\t\t\t\t<span class=\"wd-timer-value\">\n\t\t\t\t\t\t00\n\t\t\t\t\t<\/span>\n\t\t\t\t\t<span class=\"wd-timer-text\">\n\t\t\t\t\t\tsc\t\t\t\t\t<\/span>\n\t\t\t\t<\/span>\n\t\t\t<\/div>\n\t\t<\/div>\n\t\t\t\t\t\t<\/div>\n\t\t\t\t<\/div>\n\t\t\t\t\t<\/div>\n\t\t\t\t<\/div>\n\t\t\t\t<\/div>\n\t\t","protected":false},"excerpt":{"rendered":"<p>A kr\u00f3nikus f\u00e1radts\u00e1got kimer\u00edt\u0151, pihen\u00e9ssel sem m\u00fal\u00f3 f\u00e1radts\u00e1g\u00e9rzet jellemzi. Lehet a kr\u00f3nikus f\u00e1radts\u00e1g szindr\u00f3ma (Chronic Fatigue Syndrome \u2013 CFS) r\u00e9sze,<\/p>\n","protected":false},"author":809,"featured_media":0,"parent":0,"menu_order":0,"comment_status":"closed","ping_status":"closed","template":"","meta":{"_acf_changed":false,"footnotes":""},"class_list":["post-21333","page","type-page","status-publish","hentry"],"acf":[],"_links":{"self":[{"href":"https:\/\/eliksirvitalnosti.com\/hu\/wp-json\/wp\/v2\/pages\/21333","targetHints":{"allow":["GET"]}}],"collection":[{"href":"https:\/\/eliksirvitalnosti.com\/hu\/wp-json\/wp\/v2\/pages"}],"about":[{"href":"https:\/\/eliksirvitalnosti.com\/hu\/wp-json\/wp\/v2\/types\/page"}],"author":[{"embeddable":true,"href":"https:\/\/eliksirvitalnosti.com\/hu\/wp-json\/wp\/v2\/users\/809"}],"replies":[{"embeddable":true,"href":"https:\/\/eliksirvitalnosti.com\/hu\/wp-json\/wp\/v2\/comments?post=21333"}],"version-history":[{"count":0,"href":"https:\/\/eliksirvitalnosti.com\/hu\/wp-json\/wp\/v2\/pages\/21333\/revisions"}],"wp:attachment":[{"href":"https:\/\/eliksirvitalnosti.com\/hu\/wp-json\/wp\/v2\/media?parent=21333"}],"curies":[{"name":"wp","href":"https:\/\/api.w.org\/{rel}","templated":true}]}}