{"id":10487,"date":"2024-02-17T15:08:32","date_gmt":"2024-02-17T15:08:32","guid":{"rendered":"https:\/\/eliksirvitalnosti.com\/proizvod\/zold-loves\/"},"modified":"2026-04-02T13:21:06","modified_gmt":"2026-04-02T13:21:06","slug":"zold-loves","status":"publish","type":"product","link":"https:\/\/eliksirvitalnosti.com\/hu\/proizvod\/zold-loves\/","title":{"rendered":"Green Shot"},"content":{"rendered":"<p><strong>Pr\u00e9mium kateg\u00f3ri\u00e1s term\u00e9k \u2013 mindenkinek aj\u00e1nljuk!<\/strong><\/p>\n<hr>\n<h4><strong>Mi\u00e9rt a pr\u00e9mium kateg\u00f3ria?<\/strong><\/h4>\n<ul>\n<li><strong> \u00cdz <\/strong> \u2013 a t\u00f6nk\u00f6lyb\u00faza, az \u00e1rpa \u00e9s a r\u00e9ti m\u00e9z t\u00f6k\u00e9letes kombin\u00e1ci\u00f3ja.<\/li>\n<li><strong> Csomagol\u00e1s <\/strong> \u2013 praktikus \u00e9s k\u00f6nnyen haszn\u00e1lhat\u00f3.<\/li>\n<li><strong> Mennyis\u00e9g <\/strong> \u2013 ide\u00e1lis mindennapi haszn\u00e1latra.<\/li>\n<li><strong> Tartalom <\/strong> \u2013 term\u00e9szetes t\u00e1panyagokban \u00e9s omega-3 zs\u00edrsavakban gazdag.<\/li>\n<\/ul>\n<p><strong>A Green Shot<\/strong> egy term\u00e9szetes \u00e9trend-kieg\u00e9sz\u00edt\u0151, amely z\u00f6ld t\u00f6nk\u00f6lyb\u00fazaf\u0171l\u00e9 \u00e9s z\u00f6ld \u00e1rpaf\u0171l\u00e9 felhaszn\u00e1l\u00e1s\u00e1val k\u00e9sz\u00fcl, r\u00e9ti m\u00e9z \u00e9s omega-3 tel\u00edtetlen zs\u00edrsavak hozz\u00e1ad\u00e1s\u00e1val. Ide\u00e1lis nemcsak sportol\u00f3k sz\u00e1m\u00e1ra, hanem mindazoknak is, akik napi szinten fizikai \u00e9s ment\u00e1lis terhel\u00e9snek vannak kit\u00e9ve. <\/p>\n<hr>\n<h4><strong>A Green Shot el\u0151nyei<\/strong><\/h4>\n<ul>\n<li>V\u00e9di az izmokat, \u00edz\u00fcleteket \u00e9s porcokat.<\/li>\n<li>Felgyors\u00edtja az anyagcser\u00e9t.<\/li>\n<li>Er\u0151s\u00edti az immunrendszert, mivel <strong> az immunrendszer sejtjeinek 70% -a <\/strong> a belekb\u0151l sz\u00e1rmazik.<\/li>\n<li>T\u00e1mogatja a b\u00e9lfl\u00f3ra egyens\u00faly\u00e1t, seg\u00edti az em\u00e9szt\u00e9st, \u00e9s hozz\u00e1j\u00e1rul a b\u00e9lrendszer eg\u00e9szs\u00e9ges m\u0171k\u00f6d\u00e9s\u00e9hez.<\/li>\n<\/ul>\n<hr>\n<h4><strong>Csomagol\u00e1s:<\/strong><\/h4>\n<ul>\n<li><strong>16 db 30 ml-es \u00fcveg<\/strong><\/li>\n<\/ul>\n<p>A <strong>Green Shot <\/strong>egy igazi vitaminbomba, amelyet sportol\u00f3knak \u00e9s mindazoknak aj\u00e1nlunk, akik akt\u00edv \u00e9letet \u00e9lnek. T\u00e1mogatja a szervezeted energiaszintj\u00e9t, \u00e9s hozz\u00e1j\u00e1rul a mindennapi teljes\u00edtm\u00e9nyedhez. <\/p>\n<p><strong>Green Shot \u2013 t\u00f6k\u00e9letes kieg\u00e9sz\u00edt\u0151je az eg\u00e9szs\u00e9ges \u00e9letnek!<\/strong><\/p>\n","protected":false},"excerpt":{"rendered":"<p>A term\u00e9ket -18\u00b0C-on t\u00e1roljuk, \u00e9s speci\u00e1lis h\u0171t\u0151dobozban sz\u00e1ll\u00edtjuk.<\/p>\n<p>Aj\u00e1nljuk: Spelta Life Balance t\u00f6nk\u00f6lyb\u00fazaf\u0171l\u00e9 tabletta form\u00e1ban \u2013 30 darab<\/p>\n<p><span style=\"color: #000000;\"><strong>Van egy h\u00edr\u00fcnk egy \u201ebomb\u00e1r\u00f3l\u201d \u2013 de nem ak\u00e1rmilyenr\u0151l. <\/strong><\/span><br \/>\nEz egy val\u00f3di vitaminbomba, amely term\u00e9szetes m\u00f3don t\u00e1mogatja az energiaszinted \u00e9s a teljes\u00edtm\u00e9nyed. <\/p>\n<p>A neve Green Shot, \u00e9s azoknak k\u00e9sz\u00fclt, akik akt\u00edv \u00e9letet \u00e9lnek \u2013 k\u00fcl\u00f6n\u00f6sen sportol\u00f3knak. <\/p>\n<p>A viccet f\u00e9lret\u00e9ve: a Green Shot egy er\u0151teljes, term\u00e9szetes \u00e9trend-kieg\u00e9sz\u00edt\u0151, amely seg\u00edthet a szervezeted t\u00e1mogat\u00e1s\u00e1ban a mindennapi terhel\u00e9s mellett. <\/p>\n<p>Ismerd meg, milyen el\u0151ny\u00f6ket ny\u00fajt, mi\u00e9rt ilyen hat\u00e9kony, \u00e9s mit mondanak r\u00f3la el\u00e9gedett v\u00e1s\u00e1rl\u00f3ink.<\/p>\n","protected":false},"featured_media":11092,"comment_status":"open","ping_status":"closed","template":"","meta":{"_acf_changed":false},"product_brand":[],"product_cat":[372],"product_tag":[373,376,375,378,377,374],"class_list":{"0":"post-10487","1":"product","2":"type-product","3":"status-publish","4":"has-post-thumbnail","6":"product_cat-zold-levek","7":"product_tag-erositi-a-szivet","8":"product_tag-erositi-az-immunitast","9":"product_tag-fizikai-es-szellemi-erot-biztosit","10":"product_tag-idealis-megoldas-a-komolyabb-fizikai-aktivitasnak-kitett-emberek-szamara","11":"product_tag-mikrotapanyagokban-es-enzimekben-gazdag","12":"product_tag-tisztitja-az-ereket","14":"first","15":"instock","16":"shipping-taxable","17":"purchasable","18":"product-type-simple"},"acf":[],"_links":{"self":[{"href":"https:\/\/eliksirvitalnosti.com\/hu\/wp-json\/wp\/v2\/product\/10487","targetHints":{"allow":["GET"]}}],"collection":[{"href":"https:\/\/eliksirvitalnosti.com\/hu\/wp-json\/wp\/v2\/product"}],"about":[{"href":"https:\/\/eliksirvitalnosti.com\/hu\/wp-json\/wp\/v2\/types\/product"}],"replies":[{"embeddable":true,"href":"https:\/\/eliksirvitalnosti.com\/hu\/wp-json\/wp\/v2\/comments?post=10487"}],"version-history":[{"count":1,"href":"https:\/\/eliksirvitalnosti.com\/hu\/wp-json\/wp\/v2\/product\/10487\/revisions"}],"predecessor-version":[{"id":34133,"href":"https:\/\/eliksirvitalnosti.com\/hu\/wp-json\/wp\/v2\/product\/10487\/revisions\/34133"}],"wp:featuredmedia":[{"embeddable":true,"href":"https:\/\/eliksirvitalnosti.com\/hu\/wp-json\/wp\/v2\/media\/11092"}],"wp:attachment":[{"href":"https:\/\/eliksirvitalnosti.com\/hu\/wp-json\/wp\/v2\/media?parent=10487"}],"wp:term":[{"taxonomy":"product_brand","embeddable":true,"href":"https:\/\/eliksirvitalnosti.com\/hu\/wp-json\/wp\/v2\/product_brand?post=10487"},{"taxonomy":"product_cat","embeddable":true,"href":"https:\/\/eliksirvitalnosti.com\/hu\/wp-json\/wp\/v2\/product_cat?post=10487"},{"taxonomy":"product_tag","embeddable":true,"href":"https:\/\/eliksirvitalnosti.com\/hu\/wp-json\/wp\/v2\/product_tag?post=10487"}],"curies":[{"name":"wp","href":"https:\/\/api.w.org\/{rel}","templated":true}]}}