{"id":10488,"date":"2024-02-17T15:05:11","date_gmt":"2024-02-17T15:05:11","guid":{"rendered":"https:\/\/eliksirvitalnosti.com\/proizvod\/zold-kaporle\/"},"modified":"2026-04-20T09:08:18","modified_gmt":"2026-04-20T09:08:18","slug":"zold-kaporle","status":"publish","type":"product","link":"https:\/\/eliksirvitalnosti.com\/hu\/proizvod\/zold-kaporle\/","title":{"rendered":"Z\u00f6ld Kaporl\u00e9"},"content":{"rendered":"<p><strong>A z\u00f6ld kaporl\u00e9<\/strong> hidegen sajtolt l\u00e9, mely egy \u0151si kaporfajt\u00e1b\u00f3l (<em>Anethum graveolens<\/em>) k\u00e9sz\u00fcl, egy olyan n\u00f6v\u00e9nyb\u0151l, amelyet \u00e9vsz\u00e1zadok \u00f3ta haszn\u00e1lnak a hagyom\u00e1nyos orvosl\u00e1sban szerte a vil\u00e1gon. A kapor leveleit, vir\u00e1g\u00e1t \u00e9s magj\u00e1t tart\u00f3s\u00edt\u00f3szer, cukor vagy mesters\u00e9ges sz\u00ednez\u00e9kek hozz\u00e1ad\u00e1sa n\u00e9lk\u00fcl pr\u00e9selik, meg\u0151rizve ezzel e kiv\u00e9teles n\u00f6v\u00e9ny teljes t\u00e1pl\u00e1lkoz\u00e1si potenci\u00e1lj\u00e1t. A <a href=\"\/proizvod\/sok-od-spelte-30-kom\/\">Nemet Z\u00f6ld Levek<\/a> term\u00e9kpalett\u00e1j\u00e1n a z\u00f6ld kaporl\u00e9 k\u00fcl\u00f6nleges helyet foglal el az em\u00e9szt\u0151rendszerre \u00e9s az anyagcser\u00e9re gyakorolt specifikus hat\u00e1s\u00e1nak k\u00f6sz\u00f6nhet\u0151en.  <\/p>\n<h2>Kapor \u00e9s em\u00e9szt\u00e9s \u2013 term\u00e9szetes t\u00e1mogat\u00e1s az em\u00e9szt\u0151rendszernek<\/h2>\n<p>A z\u00f6ld kaporl\u00e9 ismert arr\u00f3l, hogy k\u00e9pes t\u00e1mogatni a megfelel\u0151 em\u00e9szt\u00e9st \u00e9s szab\u00e1lyozni az eg\u00e9sz em\u00e9szt\u0151rendszer m\u0171k\u00f6d\u00e9s\u00e9t. A kapor akt\u00edv anyagai hozz\u00e1j\u00e1rulnak: <\/p>\n<ul>\n<li>az \u00e9tv\u00e1gy jav\u00edt\u00e1s\u00e1hoz \u00e9s az em\u00e9szt\u0151enzimek kiv\u00e1laszt\u00e1s\u00e1nak serkent\u00e9s\u00e9hez,<\/li>\n<li>a puffad\u00e1s, g\u00e1zk\u00e9pz\u0151d\u00e9s \u00e9s az \u00e9tkez\u00e9s ut\u00e1ni telts\u00e9g\u00e9rzet cs\u00f6kkent\u00e9s\u00e9hez,<\/li>\n<li>a h\u00e1nyinger \u00e9s h\u00e1ny\u00e1s enyh\u00edt\u00e9s\u00e9hez,<\/li>\n<li>a b\u00e9lperisztaltika szab\u00e1lyoz\u00e1s\u00e1hoz \u00e9s a t\u00e1panyagok felsz\u00edv\u00f3d\u00e1s\u00e1nak jav\u00edt\u00e1s\u00e1hoz.<\/li>\n<\/ul>\n<p>Ha tov\u00e1bbi t\u00e1mogat\u00e1st keres az em\u00e9szt\u0151rendszer\u00e9nek, a z\u00f6ld kaporl\u00e9 kiv\u00e1l\u00f3an kombin\u00e1lhat\u00f3 a ferment\u00e1lt t\u00f6nk\u00f6lyb\u0151l sz\u00e1rmaz\u00f3 probiotikumokat tartalmaz\u00f3 <a href=\"https:\/\/eliksirvitalnosti.com\/proizvod\/green-shot\/\">Green Shot<\/a> k\u00e9sz\u00edtm\u00e9nnyel.<\/p>\n<h2>Z\u00f6ld kaporl\u00e9 \u00e9s cukorbetegs\u00e9g<\/h2>\n<p>A z\u00f6ld kaporl\u00e9 egyik legfontosabb tulajdons\u00e1ga, hogy hozz\u00e1j\u00e1rul a v\u00e9rcukorszint szab\u00e1lyoz\u00e1s\u00e1hoz. A kapor bioakt\u00edv \u00f6sszetev\u0151i seg\u00edtik az inzulint abban, hogy hat\u00e9konyabban v\u00e9gezze a funkci\u00f3j\u00e1t, ami hasznos lehet: <\/p>\n<ul>\n<li>1-es \u00e9s 2-es t\u00edpus\u00fa cukorbetegs\u00e9gben szenved\u0151knek,<\/li>\n<li>a vizelet\u00fckben emelkedett cukorszinttel rendelkez\u0151knek,<\/li>\n<li>mindenkinek, aki stabil v\u00e9rcukorszintet szeretne fenntartani.<\/li>\n<\/ul>\n<p>A felhaszn\u00e1l\u00f3i tapasztalatok szerint a z\u00f6ld kaporl\u00e9 rendszeres fogyaszt\u00e1sa jelent\u0151sen hozz\u00e1j\u00e1rul a glik\u00e9mi\u00e1s kontroll \u00e9s az \u00e1ltal\u00e1nos anyagcsere javul\u00e1s\u00e1hoz.<\/p>\n<h2>T\u00e1mogat\u00e1s Helicobacter \u00e9s gyomorprobl\u00e9m\u00e1k eset\u00e9n<\/h2>\n<p>A z\u00f6ld kaporl\u00e9 k\u00fcl\u00f6n\u00f6sen hat\u00e9konynak bizonyul a <em>Helicobacter pylori<\/em> bakt\u00e9rium okozta probl\u00e9m\u00e1k eset\u00e9n, amely a gastritis \u00e9s a gyomorpanaszok egyik leggyakoribb oka. A kapor akt\u00edv anyagai hozz\u00e1j\u00e1rulnak: <\/p>\n<ul>\n<li>a gastritis \u00e9s a gyomorsav t\u00fcneteinek cs\u00f6kkent\u00e9s\u00e9hez,<\/li>\n<li>a Candida (Candida albicans) okozta panaszok enyh\u00edt\u00e9s\u00e9hez,<\/li>\n<li>kedvez\u0151tlen k\u00f6rnyezet kialak\u00edt\u00e1s\u00e1hoz a k\u00e1ros bakt\u00e9riumok fejl\u0151d\u00e9s\u00e9hez a gyomorban,<\/li>\n<li>a gyomor-b\u00e9l traktus ny\u00e1lkah\u00e1rty\u00e1j\u00e1nak regener\u00e1l\u00f3d\u00e1s\u00e1hoz.<\/li>\n<\/ul>\n<h2>M\u00e9regtelen\u00edt\u00e9s \u00e9s hormon\u00e1lis egyens\u00faly<\/h2>\n<p>Az em\u00e9szt\u0151rendszerre gyakorolt hat\u00e1sa mellett a z\u00f6ld kaporl\u00e9 hozz\u00e1j\u00e1rul a szervezet \u00e1tfog\u00f3 m\u00e9regtelen\u00edt\u00e9s\u00e9hez is. A kaporban tal\u00e1lhat\u00f3 antioxid\u00e1nsok seg\u00edtenek semleges\u00edteni a szabadgy\u00f6k\u00f6ket \u00e9s ki\u00fcr\u00edteni a m\u00e9reganyagokat. Ezenk\u00edv\u00fcl a z\u00f6ld kaporl\u00e9 fontos szerepet j\u00e1tszik:  <\/p>\n<ul>\n<li>a n\u0151i hormonok egyens\u00faly\u00e1nak megteremt\u00e9s\u00e9ben \u00e9s a PMS t\u00fcneteinek enyh\u00edt\u00e9s\u00e9ben,<\/li>\n<li>a koleszterinszint cs\u00f6kkent\u00e9s\u00e9ben \u00e9s a v\u00e9r h\u00edg\u00edt\u00e1s\u00e1ban,<\/li>\n<li>a sz\u00edv- \u00e9s agyi probl\u00e9m\u00e1k kock\u00e1zat\u00e1nak megel\u0151z\u00e9s\u00e9ben,<\/li>\n<li>az alv\u00e1s min\u0151s\u00e9g\u00e9nek jav\u00edt\u00e1s\u00e1ban \u00e9s az ingerl\u00e9kenys\u00e9g cs\u00f6kkent\u00e9s\u00e9ben.<\/li>\n<\/ul>\n<p>A szervezet teljes k\u00f6r\u0171 t\u00e1mogat\u00e1s\u00e1hoz javasoljuk a <a href=\"https:\/\/eliksirvitalnosti.com\/proizvod\/zeleni-sok-od-jecma\/\">z\u00f6ld \u00e1rpal\u00e9vel<\/a> \u00e9s az <a href=\"https:\/\/eliksirvitalnosti.com\/proizvod\/omega-life-ulje\/\">Omega Life olajjal<\/a> val\u00f3 kombin\u00e1ci\u00f3t, amely tov\u00e1bb hozz\u00e1j\u00e1rul a sz\u00edv- \u00e9s \u00e9rrendszer eg\u00e9szs\u00e9g\u00e9hez.<\/p>\n<h2>Csomagol\u00e1s \u00e9s haszn\u00e1lati \u00fatmutat\u00f3<\/h2>\n<p>A csomag <strong>24 darab 15 ml-es ampull\u00e1t<\/strong> tartalmaz hidegen sajtolt kaporl\u00e9vel. Az optim\u00e1lis eredm\u00e9nyek el\u00e9r\u00e9s\u00e9hez napi egy ampulla javasolt, \u00e9tkez\u00e9s k\u00f6zben vagy ut\u00e1n. A term\u00e9k teljesen term\u00e9szetes, mesters\u00e9ges adal\u00e9kanyagokt\u00f3l mentes, \u00e9s hossz\u00fa t\u00e1v\u00fa mindennapi haszn\u00e1latra alkalmas. Az id\u0151sebbeknek, akik sz\u00e9lesebb k\u00f6r\u0171 t\u00e1pl\u00e1lkoz\u00e1si t\u00e1mogat\u00e1st szeretn\u00e9nek, javasoljuk a <a href=\"https:\/\/eliksirvitalnosti.com\/proizvod\/vita-senior\/\">Vita Senior<\/a> k\u00e9sz\u00edtm\u00e9ny\u00fcnket is.   <\/p>\n","protected":false},"excerpt":{"rendered":"<p data-start=\"663\" data-end=\"736\"><strong data-start=\"663\" data-end=\"736\">Ha azt hitted, hogy a kapor csak az \u00e9telek \u00edzes\u00edt\u00e9s\u00e9re val\u00f3, t\u00e9vedsz.<\/strong><\/p>\n<p data-start=\"738\" data-end=\"959\">A kaporl\u00e9 egy term\u00e9szetes \u00e9trend-kieg\u00e9sz\u00edt\u0151, amely j\u00f3l beilleszthet\u0151 a kiegyens\u00falyozott \u00e9trendedbe \u00e9s az eg\u00e9szs\u00e9ges \u00e9letm\u00f3dodba. Gazdag n\u00f6v\u00e9nyi t\u00e1panyagokban, ez\u00e9rt sokan a mindennapi \u00f6ngondoskod\u00e1si rutinjuk r\u00e9szek\u00e9nt fogyasztj\u00e1k. <\/p>\n<p data-start=\"961\" data-end=\"1066\">A term\u00e9k az <strong data-start=\"982\" data-end=\"1010\">\u00e1ltal\u00e1nos szervezett\u00e1mogat\u00e1st<\/strong>, a vitalit\u00e1s\u00e9rzetet \u00e9s az eg\u00e9szs\u00e9ges \u00e9letm\u00f3d fenntart\u00e1s\u00e1t szolg\u00e1lja.<\/p>\n<p>Ismerd meg, milyen el\u0151ny\u00f6ket ny\u00fajt, mi\u00e9rt ilyen hat\u00e9kony, \u00e9s mit mondanak r\u00f3la   <strong>el\u00e9gedett v\u00e1s\u00e1rl\u00f3ink.<\/strong><\/p>\n","protected":false},"featured_media":11096,"comment_status":"open","ping_status":"closed","template":"","meta":{"_acf_changed":false},"product_brand":[],"product_cat":[372],"product_tag":[379,380,381,382,384,383],"class_list":{"0":"post-10488","1":"product","2":"type-product","3":"status-publish","4":"has-post-thumbnail","6":"product_cat-zold-levek","7":"product_tag-bakteriumok-ellen-hu","8":"product_tag-cukorbetegseg-1","9":"product_tag-cukorbetegseg-2","10":"product_tag-helicobacterium","11":"product_tag-javitja-az-emesztest","12":"product_tag-jeloleset","14":"first","15":"outofstock","16":"shipping-taxable","17":"purchasable","18":"product-type-simple"},"acf":[],"_links":{"self":[{"href":"https:\/\/eliksirvitalnosti.com\/hu\/wp-json\/wp\/v2\/product\/10488","targetHints":{"allow":["GET"]}}],"collection":[{"href":"https:\/\/eliksirvitalnosti.com\/hu\/wp-json\/wp\/v2\/product"}],"about":[{"href":"https:\/\/eliksirvitalnosti.com\/hu\/wp-json\/wp\/v2\/types\/product"}],"replies":[{"embeddable":true,"href":"https:\/\/eliksirvitalnosti.com\/hu\/wp-json\/wp\/v2\/comments?post=10488"}],"version-history":[{"count":3,"href":"https:\/\/eliksirvitalnosti.com\/hu\/wp-json\/wp\/v2\/product\/10488\/revisions"}],"predecessor-version":[{"id":37060,"href":"https:\/\/eliksirvitalnosti.com\/hu\/wp-json\/wp\/v2\/product\/10488\/revisions\/37060"}],"wp:featuredmedia":[{"embeddable":true,"href":"https:\/\/eliksirvitalnosti.com\/hu\/wp-json\/wp\/v2\/media\/11096"}],"wp:attachment":[{"href":"https:\/\/eliksirvitalnosti.com\/hu\/wp-json\/wp\/v2\/media?parent=10488"}],"wp:term":[{"taxonomy":"product_brand","embeddable":true,"href":"https:\/\/eliksirvitalnosti.com\/hu\/wp-json\/wp\/v2\/product_brand?post=10488"},{"taxonomy":"product_cat","embeddable":true,"href":"https:\/\/eliksirvitalnosti.com\/hu\/wp-json\/wp\/v2\/product_cat?post=10488"},{"taxonomy":"product_tag","embeddable":true,"href":"https:\/\/eliksirvitalnosti.com\/hu\/wp-json\/wp\/v2\/product_tag?post=10488"}],"curies":[{"name":"wp","href":"https:\/\/api.w.org\/{rel}","templated":true}]}}