{"id":10490,"date":"2024-02-17T14:56:36","date_gmt":"2024-02-17T14:56:36","guid":{"rendered":"https:\/\/eliksirvitalnosti.com\/proizvod\/zold-tonkolyle-30db\/"},"modified":"2026-04-02T13:34:03","modified_gmt":"2026-04-02T13:34:03","slug":"zold-tonkolyle-30db","status":"publish","type":"product","link":"https:\/\/eliksirvitalnosti.com\/hu\/proizvod\/zold-tonkolyle-30db\/","title":{"rendered":"Z\u00f6ld t\u00f6nk\u00f6lyb\u00fazaf\u0171l\u00e9\u2013 30 db"},"content":{"rendered":"<p><strong>A z\u00f6ld t\u00f6nk\u00f6lyb\u00fazaf\u0171l\u00e9<\/strong> a f\u0151 term\u00e9k\u00fcnk, amelyet szinte mindenkinek aj\u00e1nlunk. Elk\u00e9sz\u00edtve enyh\u00e9n \u00e9desk\u00e9s, friss \u201ez\u00f6ld\u201d \u00edzvil\u00e1g jellemzi, amely a nyers z\u00f6ldbors\u00f3ra eml\u00e9keztet.<\/p>\n<h4><strong>\u00c9rdekess\u00e9gek<\/strong><\/h4>\n<ul>\n<li>Egy poh\u00e1r z\u00f6ld t\u00f6nk\u00f6lyb\u00fazaf\u0171l\u00e9 ak\u00e1r 1,5 kg friss z\u00f6lds\u00e9g hasznos hat\u00f3anyagainak megfelel\u0151<br \/>\nkoncentr\u00e1ci\u00f3t tartalmaz.<\/li>\n<li><strong> 4-szer t\u00f6bb kalciumot <\/strong> tartalmaz, mint a teh\u00e9ntej.<\/li>\n<li><strong> 20x t\u00f6bb vasat <\/strong> tartalmaz, mint a spen\u00f3t.<\/li>\n<li><strong> C-vitamin <\/strong>: T\u00f6bb, mint a narancsban, k\u00e9tszer annyi, mint a s\u00e1rgar\u00e9p\u00e1ban.<\/li>\n<li>Nagyon er\u0151s <strong> antioxid\u00e1ns. <\/strong><\/li>\n<li>Csak <strong>14 kcal \/ 100 g t\u00f6nk\u00f6lyb\u00fazaf\u0171l\u00e9<\/strong>.<\/li>\n<\/ul>\n<hr \/>\n<h4><strong>A term\u00e9k jellemz\u0151i<\/strong><\/h4>\n<ul>\n<li><strong> Glut\u00e9nmentes <\/strong> \u2013 glut\u00e9n\u00e9rz\u00e9keny emberek sz\u00e1m\u00e1ra alkalmas.<\/li>\n<li><strong> Veg\u00e1n term\u00e9k <\/strong> \u2013 \u00e1llati eredet\u0171 \u00f6sszetev\u0151k n\u00e9lk\u00fcl.<\/li>\n<li><strong> Omega-3 zs\u00edrsavakat tartalmaz (hozz\u00e1adott hidegen sajtolt <\/strong> lenmagolaj).<\/li>\n<\/ul>\n<hr \/>\n<h4><strong>A z\u00f6ld t\u00f6nk\u00f6lyb\u00fazaf\u0171l\u00e9 el\u0151nyei<\/strong><\/h4>\n<ul>\n<li>Az immunit\u00e1s er\u0151s\u00edt\u00e9se.<\/li>\n<li>M\u00e9regtelen\u00edt\u00e9s.<\/li>\n<li>A v\u00e9rk\u00e9p jav\u00edt\u00e1sa.<\/li>\n<li>A koleszterinszint cs\u00f6kkent\u00e9se.<\/li>\n<li>M\u00e1j t\u00e1mogat\u00e1s.<\/li>\n<li>Az \u00e9tv\u00e1gy jav\u00edt\u00e1sa (a B-vitaminoknak k\u00f6sz\u00f6nhet\u0151en).<\/li>\n<li>-Nyugtatja az idegrendszert \u2013 streszes embereknek aj\u00e1nlott.<\/li>\n<li>A 2-3 \u00e9ves gyermekek naponta f\u00e9l-egy kock\u00e1t fogyaszthatnak.<\/li>\n<\/ul>\n<hr \/>\n<h4><strong>Smoothie aj\u00e1nl\u00e1s<\/strong><\/h4>\n<ul>\n<li>1 \u20132 kocka t\u00f6nk\u00f6lyl\u00e9.<\/li>\n<li>Narancs, alma, k\u00f6rte.<\/li>\n<li>Keverj \u00f6ssze mindent \u2013 finom \u00e9s eg\u00e9szs\u00e9ges!<\/li>\n<\/ul>\n<hr \/>\n<h4><strong>A z\u00f6ld t\u00f6nk\u00f6lyb\u00fazaf\u0171l\u00e9 \u00f6sszet\u00e9tele omega-3 zs\u00edrsavakkal gazdag\u00edtott<\/strong><\/h4>\n<ul>\n<li><strong> 90 \u00e1sv\u00e1nyi anyag \u00e9s nyomelem<\/strong>, k\u00f6zt\u00fck K, Ca, Na, Mg, Cu, Se, Fe.<\/li>\n<li>Az <strong> esszenci\u00e1lis aminosavak <\/strong> \u00e9s vitaminok gazdag forr\u00e1sa (A, C, E, K, B).<\/li>\n<li><strong> Klorofillt tartalmaz, <\/strong> amely tiszt\u00edtja a v\u00e9rt, regener\u00e1lja a sejteket \u00e9s antioxid\u00e1ns hat\u00e1s\u00fa.<\/li>\n<\/ul>\n<hr \/>\n<h4><strong>Omega-3 zs\u00edrsavak<\/strong><\/h4>\n<ul>\n<li>Cs\u00f6kkenti a triglicerideket \u00e9s a koleszterint.<\/li>\n<li>Stabiliz\u00e1lja az impulzust \u00e9s a v\u00e9rnyom\u00e1st.<\/li>\n<li>Jav\u00edtj\u00e1k a sejtmembr\u00e1nok m\u0171k\u00f6d\u00e9s\u00e9t.<\/li>\n<li>Terhes n\u0151kn\u00e9l t\u00e1mogatj\u00e1k a magzat fejl\u0151d\u00e9s\u00e9t.<\/li>\n<\/ul>\n<hr \/>\n<h4><strong>Csomag<\/strong><\/h4>\n<ul>\n<li><strong> 30 db 11 ml-es kocka<\/strong>.<br \/>\nA z\u00f6ld t\u00f6nk\u00f6lyb\u00fazaf\u0171l\u00e9 k\u00e9nyelmesen haszn\u00e1lhat\u00f3, \u00e9s a csomag mindent tartalmaz, amire sz\u00fcks\u00e9ged van az elk\u00e9sz\u00edt\u00e9s\u00e9hez.<\/li>\n<\/ul>\n","protected":false},"excerpt":{"rendered":"<p>A term\u00e9ket -18\u00b0C-on t\u00e1roljuk, \u00e9s speci\u00e1lis h\u0171t\u0151dobozban sz\u00e1ll\u00edtjuk.<\/p>\n<p><strong>Aj\u00e1nljuk:<\/strong> Spelta Life Balance t\u00f6nk\u00f6lyb\u00fazaf\u0171l\u00e9 tabletta form\u00e1ban \u2013 30 darab<\/p>\n<p><strong>A z\u00f6ld t\u00f6nk\u00f6lyb\u00fazaf\u0171l\u00e9 <\/strong>\u2013 m\u00e1s n\u00e9ven a vitalit\u00e1s elix\u00edrje \u2013 egy term\u00e9szetes \u00e9trend-kieg\u00e9sz\u00edt\u0151, amely az eg\u00e9szs\u00e9ges \u00e9letm\u00f3d \u00e9s a kiegyens\u00falyozott t\u00e1pl\u00e1lkoz\u00e1s r\u00e9szek\u00e9nt t\u00e1mogatja a szervezeted m\u0171k\u00f6d\u00e9s\u00e9t \u00e9s a mindennapi vitalit\u00e1sodat.<\/p>\n<p>Ismerd meg, milyen el\u0151ny\u00f6ket ny\u00fajt, mi teszi igaz\u00e1n hat\u00e9konny\u00e1, \u00e9s mit mondanak r\u00f3la el\u00e9gedett<br \/>\nv\u00e1s\u00e1rl\u00f3ink.<\/p>\n","protected":false},"featured_media":11098,"comment_status":"open","ping_status":"closed","template":"","meta":{"_acf_changed":false},"product_brand":[],"product_cat":[372],"product_tag":[388,385,393,379,391,387,389,386,390,392],"class_list":{"0":"post-10490","1":"product","2":"type-product","3":"status-publish","4":"has-post-thumbnail","6":"product_cat-zold-levek","7":"product_tag-a-verkep-korrekcioja","8":"product_tag-az-erek-tisztitasa","9":"product_tag-az-immunitas-novelese","10":"product_tag-bakteriumok-ellen-hu","11":"product_tag-gyulladas-ellen-hu","12":"product_tag-javitja-az-agy-mukodeset-hu","13":"product_tag-leukemia-ellen-hu","14":"product_tag-meregtelenites-hu","15":"product_tag-sulyos-betegsegek-ellen-hu","16":"product_tag-virusok-ellen-hu","18":"first","19":"instock","20":"shipping-taxable","21":"purchasable","22":"product-type-simple"},"acf":[],"_links":{"self":[{"href":"https:\/\/eliksirvitalnosti.com\/hu\/wp-json\/wp\/v2\/product\/10490","targetHints":{"allow":["GET"]}}],"collection":[{"href":"https:\/\/eliksirvitalnosti.com\/hu\/wp-json\/wp\/v2\/product"}],"about":[{"href":"https:\/\/eliksirvitalnosti.com\/hu\/wp-json\/wp\/v2\/types\/product"}],"replies":[{"embeddable":true,"href":"https:\/\/eliksirvitalnosti.com\/hu\/wp-json\/wp\/v2\/comments?post=10490"}],"version-history":[{"count":3,"href":"https:\/\/eliksirvitalnosti.com\/hu\/wp-json\/wp\/v2\/product\/10490\/revisions"}],"predecessor-version":[{"id":34263,"href":"https:\/\/eliksirvitalnosti.com\/hu\/wp-json\/wp\/v2\/product\/10490\/revisions\/34263"}],"wp:featuredmedia":[{"embeddable":true,"href":"https:\/\/eliksirvitalnosti.com\/hu\/wp-json\/wp\/v2\/media\/11098"}],"wp:attachment":[{"href":"https:\/\/eliksirvitalnosti.com\/hu\/wp-json\/wp\/v2\/media?parent=10490"}],"wp:term":[{"taxonomy":"product_brand","embeddable":true,"href":"https:\/\/eliksirvitalnosti.com\/hu\/wp-json\/wp\/v2\/product_brand?post=10490"},{"taxonomy":"product_cat","embeddable":true,"href":"https:\/\/eliksirvitalnosti.com\/hu\/wp-json\/wp\/v2\/product_cat?post=10490"},{"taxonomy":"product_tag","embeddable":true,"href":"https:\/\/eliksirvitalnosti.com\/hu\/wp-json\/wp\/v2\/product_tag?post=10490"}],"curies":[{"name":"wp","href":"https:\/\/api.w.org\/{rel}","templated":true}]}}