{"id":10492,"date":"2024-02-17T14:51:38","date_gmt":"2024-02-17T14:51:38","guid":{"rendered":"https:\/\/eliksirvitalnosti.com\/proizvod\/idosebb-vita\/"},"modified":"2026-04-02T13:09:01","modified_gmt":"2026-04-02T13:09:01","slug":"idosebb-vita","status":"publish","type":"product","link":"https:\/\/eliksirvitalnosti.com\/hu\/proizvod\/idosebb-vita\/","title":{"rendered":"Vita Senior"},"content":{"rendered":"<p><strong>A Vita Senior<\/strong> a <strong>Zeleni Sokovi Nemet <\/strong>v\u00e1laszt\u00e9kunkb\u00f3l sz\u00e1rmaz\u00f3 t\u00f6nk\u00f6ly- \u00e9s \u00e1rpaf\u0171levek k\u00fcl\u00f6nleges kombin\u00e1ci\u00f3ja, amelyet id\u0151seknek \u00e9s mindazoknak sz\u00e1nunk, akik jav\u00edtani szeretn\u00e9k eg\u00e9szs\u00e9g\u00fcket \u00e9s vitalit\u00e1sukat. A term\u00e9ket \u00fagy alak\u00edtott\u00e1k ki, hogy seg\u00edtse a sejtek regener\u00e1l\u00f3d\u00e1s\u00e1t \u00e9s t\u00e1mogassa az \u00edz\u00fcleteket, csontokat, inakat, sz\u00f6veteket \u00e9s izmokat.<\/p>\n<hr \/>\n<h4><strong>A term\u00e9k jellemz\u0151i<\/strong><\/h4>\n<ul>\n<li><strong> Szerves<\/strong>, \u00e9des\u00edt\u0151szer, cukor \u00e9s glut\u00e9n n\u00e9lk\u00fcl.<\/li>\n<li>Biztons\u00e1gos hossz\u00fa t\u00e1v\u00fa haszn\u00e1latra.<\/li>\n<li>A csomag <strong>30 db fagyasztott, egyenk\u00e9nt 11 ml-es <\/strong>kock\u00e1t tartalmaz, k\u00f6nnyen haszn\u00e1lhat\u00f3.<\/li>\n<\/ul>\n<hr \/>\n<h4><strong>A Vita Senior el\u0151nyei<\/strong><\/h4>\n<ul>\n<li>T\u00e1mogatja a sejtek regener\u00e1l\u00f3d\u00e1s\u00e1t.<\/li>\n<li>V\u00e9di az \u00edz\u00fcleteket, csontokat, inakat, sz\u00f6veteket \u00e9s izmokat.<\/li>\n<li>Bioterm\u00e9k, ide\u00e1lis mindennapi \u00e9s hossz\u00fa t\u00e1v\u00fa haszn\u00e1latra.<\/li>\n<\/ul>\n<p>A <strong> Vita Senior <\/strong> t\u00f6k\u00e9letes v\u00e1laszt\u00e1s azok sz\u00e1m\u00e1ra, akik eg\u00e9szs\u00e9gesebb \u00e9s vit\u00e1lisabb \u00e9letre t\u00f6rekszenek, a term\u00e9szetes \u00f6sszetev\u0151k maxim\u00e1lis t\u00e1mogat\u00e1s\u00e1val.<\/p>\n","protected":false},"excerpt":{"rendered":"<p id=\"E54\" class=\"x-scope qowt-word-para-0\"><span id=\"E55\">A term\u00e9ket -18\u00b0C-on t\u00e1roljuk, \u00e9s speci\u00e1lis h\u0171t\u0151dobozban sz\u00e1ll\u00edtjuk.<\/p>\n<p><strong>Aj\u00e1nljuk:<\/strong> Spelta Life Balance t\u00f6nk\u00f6lyb\u00fazaf\u0171l\u00e9 tabletta form\u00e1ban \u2013 30 darab<\/p>\n<p>Szeretn\u00e9 \u00fajra \u00e1t\u00e9lni a 30-as \u00e9veit? Szeretne <strong> akt\u00edvan r\u00e9szt venni <\/strong> gyermekei \u00e9let\u00e9ben? <\/span><\/p>\n<p id=\"E56\" class=\"x-scope qowt-word-para-0\"><span id=\"E57\">Emelje fel \u0151ket a leveg\u0151be an\u00e9lk\u00fcl, hogy <strong> f\u00e9lne <\/strong> a <strong> t\u00e9rd<\/strong>\u2013 \u00e9s <strong> h\u00e1tf\u00e1j\u00e1st\u00f3l<\/strong>. Szeretne <strong> hossz\u00fa romantikus s\u00e9t\u00e1kra <\/strong> menni partner\u00e9vel a sz\u00edvmelenget\u0151 holdf\u00e9nyben? <\/span><\/p>\n<p id=\"E60\" class=\"x-scope qowt-word-para-0\"><span id=\"E61\">Ne keressen tov\u00e1bb, mert bemutatjuk a megold\u00e1st. Itt van a VITA SENIOR, amelyet csak \u00d6nnek k\u00e9sz\u00edtett\u00fcnk. Nagyapa \u00e9s nagymama aj\u00e1nl\u00e1s\u00e1ra. <\/span><\/p>\n","protected":false},"featured_media":23315,"comment_status":"open","ping_status":"closed","template":"","meta":{"_acf_changed":false},"product_brand":[],"product_cat":[372],"product_tag":[398,396,400,397,399,395,394],"class_list":{"0":"post-10492","1":"product","2":"type-product","3":"status-publish","4":"has-post-thumbnail","6":"product_cat-zold-levek","7":"product_tag-a-csontok-erositese","8":"product_tag-a-memoria-erositese","9":"product_tag-az-emesztes-javitasa","10":"product_tag-az-izuletek-erositese","11":"product_tag-enyhe-betegsegek","12":"product_tag-extra-energia","13":"product_tag-szivmukodes-hu","15":"first","16":"instock","17":"shipping-taxable","18":"purchasable","19":"product-type-simple"},"acf":[],"_links":{"self":[{"href":"https:\/\/eliksirvitalnosti.com\/hu\/wp-json\/wp\/v2\/product\/10492","targetHints":{"allow":["GET"]}}],"collection":[{"href":"https:\/\/eliksirvitalnosti.com\/hu\/wp-json\/wp\/v2\/product"}],"about":[{"href":"https:\/\/eliksirvitalnosti.com\/hu\/wp-json\/wp\/v2\/types\/product"}],"replies":[{"embeddable":true,"href":"https:\/\/eliksirvitalnosti.com\/hu\/wp-json\/wp\/v2\/comments?post=10492"}],"version-history":[{"count":2,"href":"https:\/\/eliksirvitalnosti.com\/hu\/wp-json\/wp\/v2\/product\/10492\/revisions"}],"predecessor-version":[{"id":34253,"href":"https:\/\/eliksirvitalnosti.com\/hu\/wp-json\/wp\/v2\/product\/10492\/revisions\/34253"}],"wp:featuredmedia":[{"embeddable":true,"href":"https:\/\/eliksirvitalnosti.com\/hu\/wp-json\/wp\/v2\/media\/23315"}],"wp:attachment":[{"href":"https:\/\/eliksirvitalnosti.com\/hu\/wp-json\/wp\/v2\/media?parent=10492"}],"wp:term":[{"taxonomy":"product_brand","embeddable":true,"href":"https:\/\/eliksirvitalnosti.com\/hu\/wp-json\/wp\/v2\/product_brand?post=10492"},{"taxonomy":"product_cat","embeddable":true,"href":"https:\/\/eliksirvitalnosti.com\/hu\/wp-json\/wp\/v2\/product_cat?post=10492"},{"taxonomy":"product_tag","embeddable":true,"href":"https:\/\/eliksirvitalnosti.com\/hu\/wp-json\/wp\/v2\/product_tag?post=10492"}],"curies":[{"name":"wp","href":"https:\/\/api.w.org\/{rel}","templated":true}]}}