{"id":10512,"date":"2024-08-22T13:56:40","date_gmt":"2024-08-22T13:56:40","guid":{"rendered":"https:\/\/eliksirvitalnosti.com\/proizvod\/vitalitas-a-termeszetben-csomag-a-test-es-a-lelek-felfrissulesere\/"},"modified":"2026-04-02T14:03:26","modified_gmt":"2026-04-02T14:03:26","slug":"eletero-a-termeszetbol","status":"publish","type":"product","link":"https:\/\/eliksirvitalnosti.com\/hu\/proizvod\/eletero-a-termeszetbol\/","title":{"rendered":"Vitalit\u00e1s a term\u00e9szetben: csomag a test \u00e9s a l\u00e9lek felfriss\u00fcl\u00e9s\u00e9re"},"content":{"rendered":"<h4><strong>Eg\u00e9szs\u00e9g \u00e9s \u00e9lvezet a Zlatiboron<\/strong><\/h4>\n<p>Ide\u00e1lis m\u00f3dot keres energi\u00e1ja meg\u00faj\u00edt\u00e1s\u00e1ra \u00e9s a term\u00e9szet \u00e9lvezet\u00e9re? <strong> Ne keressen tov\u00e1bb! <\/strong> Bemutatjuk \u00d6nnek a <strong>&#8222;Vitalit\u00e1s a term\u00e9szetben&#8221; <\/strong>csomagot, amely egyes\u00edti legeg\u00e9szs\u00e9gesebb term\u00e9keinket \u00e9s a felejthetetlen tart\u00f3zkod\u00e1st Zlatiborban. <\/p>\n<hr>\n<h4><strong>Mit tartalmaz a csomag?<\/strong><\/h4>\n<ul>\n<li><strong> V\u00e1logatott 7 term\u00e9k term\u00e9szetes <\/strong> gy\u00fcm\u00f6lcslevek \u00e9s eg\u00e9szs\u00e9ges italok sz\u00e9les v\u00e1laszt\u00e9k\u00e1b\u00f3l (kiv\u00e9ve a Green Shot-ot).<br \/>\nTerm\u00e9keinket gondosan v\u00e1lasztottuk ki, hogy megfeleljenek az \u00d6n eg\u00e9szs\u00e9g\u00fcgyi \u00e9s vitalit\u00e1s ig\u00e9nyeinek.<\/li>\n<li><strong> 2 \u00e9jszaka egy luxus Skyline apartmanban Zlatiboron: <\/strong><br \/>\n\u00c9lvezze az \u00e9rintetlen term\u00e9szettel k\u00f6r\u00fclvett modern sz\u00e1ll\u00e1s k\u00e9nyelm\u00e9t, ahol ellaz\u00edthatja elm\u00e9j\u00e9t \u00e9s test\u00e9t. A Zlatibor a k\u00f6vetkez\u0151ket k\u00edn\u00e1lja: <\/p>\n<ul>\n<li>T\u00far\u00e1z\u00e1s \u00e9s gyalogl\u00e1s.<\/li>\n<li>Friss hegyi leveg\u0151.<\/li>\n<li>Gy\u00f6ny\u00f6r\u0171 t\u00e1jak a teljes kikapcsol\u00f3d\u00e1shoz.<\/li>\n<\/ul>\n<\/li>\n<\/ul>\n<hr>\n<h4><strong>Mi\u00e9rt v\u00e1lassza a &#8222;Vitalit\u00e1s a term\u00e9szetben&#8221; lehet\u0151s\u00e9get?<\/strong><\/h4>\n<p>A csomag nemcsak a test felfriss\u00edt\u00e9s\u00e9re \u00e9s \u00fajj\u00e1\u00e9leszt\u00e9s\u00e9re ny\u00fajt lehet\u0151s\u00e9get, hanem arra is, hogy min\u0151s\u00e9gi id\u0151t t\u00f6lts\u00fcnk szeretteinkkel Zlatibor b\u00e9k\u00e9s k\u00f6rnyezet\u00e9ben. Az eg\u00e9szs\u00e9ges italok \u00e9s a luxus \u00fcd\u00fcl\u00e9s kombin\u00e1ci\u00f3ja t\u00f6k\u00e9letes egyens\u00falyt teremt az eg\u00e9szs\u00e9g \u00e9s a pihen\u00e9s k\u00f6z\u00f6tt. <\/p>\n<hr>\n<h4><strong>Friss\u00edtsd fel testedet \u00e9s szellemedet!<\/strong><\/h4>\n<p>A &#8222;Vitalit\u00e1s a term\u00e9szetben&#8221; csomaggal a k\u00f6vetkez\u0151ket \u00e9lvezheti:<\/p>\n<ul>\n<li>Eg\u00e9szs\u00e9ges italok, amelyeket magadnak v\u00e1lasztasz.<\/li>\n<li>Az arany gy\u00f6ny\u00f6r\u0171 term\u00e9szete.<\/li>\n<li>Az eg\u00e9szs\u00e9g \u00e9s az \u00e9lvezet kombin\u00e1ci\u00f3ja, amely minden koroszt\u00e1ly sz\u00e1m\u00e1ra t\u00f6k\u00e9letes.<\/li>\n<\/ul>\n<hr>\n<p><strong> Rendelje meg most<\/strong> , \u00e9s kezdje el utaz\u00e1s\u00e1t a vitalit\u00e1s fel\u00e9! Az eg\u00e9szs\u00e9g \u00e9s az \u00e9lvezet t\u00f6k\u00e9letes kever\u00e9ke v\u00e1r r\u00e1d! <\/p>\n","protected":false},"excerpt":{"rendered":"<p>Ide\u00e1lis m\u00f3dot keres energi\u00e1ja meg\u00faj\u00edt\u00e1s\u00e1ra \u00e9s a term\u00e9szet \u00e9lvezet\u00e9re? Ne keressen tov\u00e1bb! Bemutatjuk \u00d6nnek a <strong>&#8222;Vitalit\u00e1s a term\u00e9szetben&#8221; csomagot<\/strong>, amely a legeg\u00e9szs\u00e9gesebb term\u00e9keinkb\u0151l \u00e9s egy felejthetetlen tart\u00f3zkod\u00e1sb\u00f3l \u00e1ll Zlatiborban.  <\/p>\n","protected":false},"featured_media":14707,"comment_status":"open","ping_status":"closed","template":"","meta":{"_acf_changed":false},"product_brand":[],"product_cat":[403],"product_tag":[],"class_list":{"0":"post-10512","1":"product","2":"type-product","3":"status-publish","4":"has-post-thumbnail","6":"product_cat-csomagok","8":"first","9":"outofstock","10":"shipping-taxable","11":"purchasable","12":"product-type-variable"},"acf":[],"_links":{"self":[{"href":"https:\/\/eliksirvitalnosti.com\/hu\/wp-json\/wp\/v2\/product\/10512","targetHints":{"allow":["GET"]}}],"collection":[{"href":"https:\/\/eliksirvitalnosti.com\/hu\/wp-json\/wp\/v2\/product"}],"about":[{"href":"https:\/\/eliksirvitalnosti.com\/hu\/wp-json\/wp\/v2\/types\/product"}],"replies":[{"embeddable":true,"href":"https:\/\/eliksirvitalnosti.com\/hu\/wp-json\/wp\/v2\/comments?post=10512"}],"version-history":[{"count":0,"href":"https:\/\/eliksirvitalnosti.com\/hu\/wp-json\/wp\/v2\/product\/10512\/revisions"}],"wp:featuredmedia":[{"embeddable":true,"href":"https:\/\/eliksirvitalnosti.com\/hu\/wp-json\/wp\/v2\/media\/14707"}],"wp:attachment":[{"href":"https:\/\/eliksirvitalnosti.com\/hu\/wp-json\/wp\/v2\/media?parent=10512"}],"wp:term":[{"taxonomy":"product_brand","embeddable":true,"href":"https:\/\/eliksirvitalnosti.com\/hu\/wp-json\/wp\/v2\/product_brand?post=10512"},{"taxonomy":"product_cat","embeddable":true,"href":"https:\/\/eliksirvitalnosti.com\/hu\/wp-json\/wp\/v2\/product_cat?post=10512"},{"taxonomy":"product_tag","embeddable":true,"href":"https:\/\/eliksirvitalnosti.com\/hu\/wp-json\/wp\/v2\/product_tag?post=10512"}],"curies":[{"name":"wp","href":"https:\/\/api.w.org\/{rel}","templated":true}]}}