{"id":10515,"date":"2024-08-08T14:49:12","date_gmt":"2024-08-08T14:49:12","guid":{"rendered":"https:\/\/eliksirvitalnosti.com\/proizvod\/mega-csomag\/"},"modified":"2026-04-02T13:16:29","modified_gmt":"2026-04-02T13:16:29","slug":"mega-csomag","status":"publish","type":"product","link":"https:\/\/eliksirvitalnosti.com\/hu\/proizvod\/mega-csomag\/","title":{"rendered":"Mega csomag"},"content":{"rendered":"<h4><strong>Az \u00d6n lehet\u0151s\u00e9ge a magasabb j\u00f6vedelemre \u00e9s eg\u00e9szs\u00e9gre<\/strong><\/h4>\n<p>Mind\u00f6ssze <strong> 32 900 RSD-\u00e9rt<\/strong> hozz\u00e1f\u00e9r\u00e9st kap <strong> Mega csomagunkhoz<\/strong>, amely <strong> 8 v\u00e1lasztott term\u00e9ket<\/strong> tartalmaz.<\/p>\n<hr>\n<h4><strong>Mit kapsz a Mega csomaggal?<\/strong><\/h4>\n<ul>\n<li><strong> 8 term\u00e9k <\/strong> k\u00f6z\u00fcl v\u00e1laszthat k\u00edn\u00e1latunkb\u00f3l. <span style=\"color: #ff0000;\"> <em> (Megjegyz\u00e9s: A kiv\u00e1laszt\u00e1s nem tartalmazza a GREEN SHOT term\u00e9ket.) <\/em><\/span><\/li>\n<li><strong>800 Rs eladott term\u00e9kenk\u00e9nt.<\/strong><\/li>\n<li><strong> 10% kedvezm\u00e9ny <\/strong> a v\u00e9gfelhaszn\u00e1l\u00f3k sz\u00e1m\u00e1ra minden term\u00e9k\u00fcnkre.<\/li>\n<li><strong> Egyedi k\u00f3d: <\/strong> Ez biztos\u00edtja \u00fcgyfelei sz\u00e1m\u00e1ra az egyszer\u0171 utat online \u00e1ruh\u00e1zunkhoz.<\/li>\n<\/ul>\n<hr>\n<h4><strong>Tov\u00e1bbi el\u0151ny\u00f6k<\/strong><\/h4>\n<ul>\n<li>Ha valaki rajtad kereszt\u00fcl csatlakozik a programhoz, \u00e9s van egy Mega csomagod, <strong> akkor tov\u00e1bbi 200 Rs-t kapsz minden eladott term\u00e9k\u00fck\u00e9rt. <\/strong><\/li>\n<\/ul>\n<hr>\n<h4><strong>Mi\u00e9rt v\u00e1lassza a Mega csomagot?<\/strong><\/h4>\n<p><strong> A Mega csomag <\/strong> nem csak egy p\u00e9nzkereseti lehet\u0151s\u00e9g, hanem egy l\u00e9p\u00e9s az eg\u00e9szs\u00e9g \u00e9s a vitalit\u00e1s m\u00e1sokkal val\u00f3 megoszt\u00e1sa fel\u00e9. Ak\u00e1r b\u0151v\u00edteni szeretn\u00e9 v\u00e1llalkoz\u00e1s\u00e1t, ak\u00e1r egyszer\u0171en csak \u00e9lvezni szeretn\u00e9 term\u00e9keinket, ez a csomag t\u00f6k\u00e9letes v\u00e1laszt\u00e1s az \u00d6n sz\u00e1m\u00e1ra. <\/p>\n<hr>\n<p><strong> Mega csomag \u2013 es\u00e9ly a sikerre \u00e9s az eg\u00e9szs\u00e9gre a Nemet Green Juices-szal! <\/strong> \ud83c\udf3f<\/p>\n","protected":false},"excerpt":{"rendered":"<p>Azok sz\u00e1m\u00e1ra, akik t\u00f6bbre v\u00e1gynak \u00e9s szeretn\u00e9k \u00e9lvezni a maxim\u00e1lis el\u0151ny\u00f6ket, itt van a <strong>Mega Csomagunk<\/strong>, amely csak <strong>32.900 RSD<\/strong>-\u00e9rt el\u00e9rhet\u0151. Ebben <strong>8 term\u00e9ket<\/strong> kap, ugyanazokkal a nagyszer\u0171 felt\u00e9telekkel \u2013 <strong>800 RSD nyeres\u00e9g eladott term\u00e9kenk\u00e9nt<\/strong> \u00e9s <strong>10% kedvezm\u00e9ny a v\u00e1s\u00e1rl\u00f3inak<\/strong>. Ha elad egy ilyen csomagot, tov\u00e1bbi <strong>6.400 RSD<\/strong> bev\u00e9telben r\u00e9szes\u00fclhet.  <\/p>\n<p><strong>J\u00f6vedelem \u00e9s eg\u00e9szs\u00e9g<\/strong> \u2013 ezt k\u00edn\u00e1lja a <strong>Referenciaprogramunk<\/strong>. Fontos megjegyezni, hogy ezeket a csomagokat csak az els\u0151 alkalommal v\u00e1s\u00e1rolj\u00e1k meg, mint a programba val\u00f3 \u201ebel\u00e9p\u0151jegy\u201d. <strong>Csatlakozzon k\u00f6z\u00f6ss\u00e9g\u00fcnkh\u00f6z<\/strong>, \u00e9s kezdje meg az utat a siker fel\u00e9! <\/p>\n","protected":false},"featured_media":14705,"comment_status":"open","ping_status":"closed","template":"","meta":{"_acf_changed":false},"product_brand":[],"product_cat":[403],"product_tag":[],"class_list":{"0":"post-10515","1":"product","2":"type-product","3":"status-publish","4":"has-post-thumbnail","6":"product_cat-csomagok","8":"first","9":"outofstock","10":"shipping-taxable","11":"purchasable","12":"product-type-variable"},"acf":[],"_links":{"self":[{"href":"https:\/\/eliksirvitalnosti.com\/hu\/wp-json\/wp\/v2\/product\/10515","targetHints":{"allow":["GET"]}}],"collection":[{"href":"https:\/\/eliksirvitalnosti.com\/hu\/wp-json\/wp\/v2\/product"}],"about":[{"href":"https:\/\/eliksirvitalnosti.com\/hu\/wp-json\/wp\/v2\/types\/product"}],"replies":[{"embeddable":true,"href":"https:\/\/eliksirvitalnosti.com\/hu\/wp-json\/wp\/v2\/comments?post=10515"}],"version-history":[{"count":0,"href":"https:\/\/eliksirvitalnosti.com\/hu\/wp-json\/wp\/v2\/product\/10515\/revisions"}],"wp:featuredmedia":[{"embeddable":true,"href":"https:\/\/eliksirvitalnosti.com\/hu\/wp-json\/wp\/v2\/media\/14705"}],"wp:attachment":[{"href":"https:\/\/eliksirvitalnosti.com\/hu\/wp-json\/wp\/v2\/media?parent=10515"}],"wp:term":[{"taxonomy":"product_brand","embeddable":true,"href":"https:\/\/eliksirvitalnosti.com\/hu\/wp-json\/wp\/v2\/product_brand?post=10515"},{"taxonomy":"product_cat","embeddable":true,"href":"https:\/\/eliksirvitalnosti.com\/hu\/wp-json\/wp\/v2\/product_cat?post=10515"},{"taxonomy":"product_tag","embeddable":true,"href":"https:\/\/eliksirvitalnosti.com\/hu\/wp-json\/wp\/v2\/product_tag?post=10515"}],"curies":[{"name":"wp","href":"https:\/\/api.w.org\/{rel}","templated":true}]}}