{"id":10523,"date":"2024-10-15T16:41:05","date_gmt":"2024-10-15T16:41:05","guid":{"rendered":"https:\/\/eliksirvitalnosti.com\/proizvod\/zold-tonkolyle-tovabbfejlesztett-formula\/"},"modified":"2026-04-02T14:03:25","modified_gmt":"2026-04-02T14:03:25","slug":"zold-tonkolyle-tovabbfejlesztett-formula","status":"publish","type":"product","link":"https:\/\/eliksirvitalnosti.com\/hu\/proizvod\/zold-tonkolyle-tovabbfejlesztett-formula\/","title":{"rendered":"Z\u00f6ld t\u00f6nk\u00f6lyb\u00fazaf\u0171l\u00e9 \u2013 tov\u00e1bbfejlesztett formula"},"content":{"rendered":"<h4><strong>Z\u00f6ld t\u00f6nk\u00f6lyb\u00fazaf\u0171l\u00e9 \u2013 tov\u00e1bbfejlesztett formula<\/strong><\/h4>\n<p>Egy poh\u00e1r z\u00f6ld t\u00f6nk\u00f6lyb\u00fazaf\u0171l\u00e9 ak\u00e1r 1,5 kg friss z\u00f6lds\u00e9g hasznos hat\u00f3anyagainak megfelel\u0151 koncentr\u00e1ci\u00f3t tartalmaz. Egyed\u00fcl\u00e1ll\u00f3 t\u00e1panyag-\u00f6sszet\u00e9tele r\u00e9v\u00e9n term\u00e9szetes sz\u00f6vets\u00e9gesed az eg\u00e9szs\u00e9ged meg\u0151rz\u00e9s\u00e9ben.<\/p>\n<ul>\n<li><strong> 4-szer t\u00f6bb kalcium<\/strong> , mint a teh\u00e9ntejben.<\/li>\n<li><strong> 20-szor t\u00f6bb vas<\/strong> , mint a spen\u00f3tban.<\/li>\n<li><strong> T\u00f6bb C-vitamin<\/strong> , mint a narancsban, \u00e9s k\u00e9tszer annyi, mint a s\u00e1rgar\u00e9p\u00e1ban.<\/li>\n<\/ul>\n<p>A C-vitamin, amely k\u00fcl\u00f6n\u00f6sen kiemelkedik ebben az italban, az eg\u00e9szs\u00e9g \u00e9s az er\u0151s immunrendszer egyik legfontosabb sz\u00f6vets\u00e9gese.<\/p>\n<p>Ez a tov\u00e1bbfejlesztett formula tov\u00e1bbi \u00f6sszetev\u0151kkel van gazdag\u00edtva:<\/p>\n<ul>\n<li><strong> Omega 3, 6, 7 \u00e9s 9 zs\u00edrsavakkal<\/strong>,<\/li>\n<li><strong> D-vitamin <\/strong> teljesen term\u00e9szetes forr\u00e1sokb\u00f3l.<\/li>\n<\/ul>\n<p>Ezeknek az \u00f6sszetev\u0151knek k\u00f6sz\u00f6nhet\u0151en a z\u00f6ld t\u00f6nk\u00f6lyb\u00fazaf\u0171l\u00e9 m\u00e9g hat\u00e9konyabban t\u00e1mogatja az \u00e1ltal\u00e1nos eg\u00e9szs\u00e9ged.<\/p>\n<hr \/>\n<h4><strong>A term\u00e9k jellemz\u0151i<\/strong><\/h4>\n<ul>\n<li><strong> Glut\u00e9nmentes: <\/strong> Biztons\u00e1gos azok sz\u00e1m\u00e1ra, akik \u00e9rz\u00e9kenyek a glut\u00e9nre.<\/li>\n<li><strong> Veg\u00e1n term\u00e9k: <\/strong> Nem tartalmaz \u00e1llati eredet\u0171 \u00f6sszetev\u0151ket.<\/li>\n<\/ul>\n<hr \/>\n<h4><strong>A z\u00f6ld t\u00f6nk\u00f6lyb\u00fazaf\u0171l\u00e9 el\u0151nyei<\/strong><\/h4>\n<p>A fagyasztott \u00e1llapotban l\u00e9v\u0151 z\u00f6ld t\u00f6nk\u00f6lyl\u00e9 B-vitaminokban \u00e9s omega-zs\u00edrsavakban gazdag, ami<br \/>\nhasznos:<\/p>\n<ul>\n<li>az immunit\u00e1s er\u0151s\u00edt\u00e9s\u00e9re,<\/li>\n<li>a test m\u00e9regtelen\u00edt\u00e9s\u00e9re,<\/li>\n<li>v\u00e9rk\u00e9p javit\u00e1s\u00e1ra,<\/li>\n<li>cs\u00f6kkenti a koleszterinszintet,<\/li>\n<li>t\u00e1mogatja a m\u00e1j munk\u00e1j\u00e1t,<\/li>\n<li>hozz\u00e1j\u00e1rul az \u00e9tv\u00e1gy jav\u00edt\u00e1s\u00e1hoz legyeng\u00fclt vagy kimer\u00fclt \u00e1llapot eset\u00e9n.<\/li>\n<\/ul>\n<p>Ez a term\u00e9szetes ital ide\u00e1lis kieg\u00e9sz\u00edt\u0151je a napi \u00e9trendnek \u00e9s a vitalit\u00e1s forr\u00e1sa mindazok sz\u00e1m\u00e1ra, akik jobb eg\u00e9szs\u00e9gre t\u00f6rekszenek.<\/p>\n","protected":false},"excerpt":{"rendered":"<p>A term\u00e9ket -18\u00b0C-on t\u00e1roljuk, \u00e9s speci\u00e1lis h\u0171t\u0151dobozban sz\u00e1ll\u00edtjuk.<\/p>\n<p><strong>Aj\u00e1nljuk:<\/strong> Spelta Life Balance t\u00f6nk\u00f6lyb\u00fazaf\u0171l\u00e9 tabletta form\u00e1ban \u2013 30 darab<\/p>\n<p>Bemutatjuk az \u00faj z\u00f6ld t\u00f6nk\u00f6lyb\u00fazaf\u0171l\u00e9 formul\u00e1nkat.<\/p>\n<p>Ez nem csup\u00e1n egy \u00faj ital, hanem a tudom\u00e1ny \u00e9s a term\u00e9szet t\u00f6k\u00e9letes \u00f6tv\u00f6zete, amely \u00e1tfog\u00f3<br \/>\nt\u00e1mogat\u00e1st ny\u00fajt a szervezetednek.<br \/>\nOmega-3, -6, -7 \u00e9s -9 zs\u00edrsavakkal, valamint D-vitaminnal gazdag\u00edtva nemcsak t\u00e1pl\u00e1lja a tested, hanem friss\u00edt\u0151, citrusos \u00edz\u00e9vel az \u00e9rz\u00e9keidet is felpezsd\u00edti.<\/p>\n<p>Olvasd el, mi\u00e9rt olyan hat\u00e9kony ez az ital, \u00e9s milyen el\u0151ny\u00f6ket k\u00edn\u00e1l.<\/p>\n","protected":false},"featured_media":11100,"comment_status":"open","ping_status":"closed","template":"","meta":{"_acf_changed":false},"product_brand":[],"product_cat":[372],"product_tag":[385,393,410,391,409,387,386,411,392],"class_list":{"0":"post-10523","1":"product","2":"type-product","3":"status-publish","4":"has-post-thumbnail","6":"product_cat-zold-levek","7":"product_tag-az-erek-tisztitasa","8":"product_tag-az-immunitas-novelese","9":"product_tag-bakteriumok-ellen-hu-2","10":"product_tag-gyulladas-ellen-hu","11":"product_tag-javitja-a-verkepet","12":"product_tag-javitja-az-agy-mukodeset-hu","13":"product_tag-meregtelenites-hu","14":"product_tag-sulyos-betegsegek-ellen-hu-2","15":"product_tag-virusok-ellen-hu","17":"first","18":"instock","19":"shipping-taxable","20":"purchasable","21":"product-type-simple"},"acf":[],"_links":{"self":[{"href":"https:\/\/eliksirvitalnosti.com\/hu\/wp-json\/wp\/v2\/product\/10523","targetHints":{"allow":["GET"]}}],"collection":[{"href":"https:\/\/eliksirvitalnosti.com\/hu\/wp-json\/wp\/v2\/product"}],"about":[{"href":"https:\/\/eliksirvitalnosti.com\/hu\/wp-json\/wp\/v2\/types\/product"}],"replies":[{"embeddable":true,"href":"https:\/\/eliksirvitalnosti.com\/hu\/wp-json\/wp\/v2\/comments?post=10523"}],"version-history":[{"count":3,"href":"https:\/\/eliksirvitalnosti.com\/hu\/wp-json\/wp\/v2\/product\/10523\/revisions"}],"predecessor-version":[{"id":34273,"href":"https:\/\/eliksirvitalnosti.com\/hu\/wp-json\/wp\/v2\/product\/10523\/revisions\/34273"}],"wp:featuredmedia":[{"embeddable":true,"href":"https:\/\/eliksirvitalnosti.com\/hu\/wp-json\/wp\/v2\/media\/11100"}],"wp:attachment":[{"href":"https:\/\/eliksirvitalnosti.com\/hu\/wp-json\/wp\/v2\/media?parent=10523"}],"wp:term":[{"taxonomy":"product_brand","embeddable":true,"href":"https:\/\/eliksirvitalnosti.com\/hu\/wp-json\/wp\/v2\/product_brand?post=10523"},{"taxonomy":"product_cat","embeddable":true,"href":"https:\/\/eliksirvitalnosti.com\/hu\/wp-json\/wp\/v2\/product_cat?post=10523"},{"taxonomy":"product_tag","embeddable":true,"href":"https:\/\/eliksirvitalnosti.com\/hu\/wp-json\/wp\/v2\/product_tag?post=10523"}],"curies":[{"name":"wp","href":"https:\/\/api.w.org\/{rel}","templated":true}]}}