{"id":10525,"date":"2024-08-08T14:43:07","date_gmt":"2024-08-08T14:43:07","guid":{"rendered":"https:\/\/eliksirvitalnosti.com\/proizvod\/konyvjelzo-a-konyvhoz\/"},"modified":"2026-04-02T13:15:53","modified_gmt":"2026-04-02T13:15:53","slug":"konyvjelzo-a-konyvhoz","status":"publish","type":"product","link":"https:\/\/eliksirvitalnosti.com\/hu\/proizvod\/konyvjelzo-a-konyvhoz\/","title":{"rendered":"K\u00f6nyvjelz\u0151 a k\u00f6nyvh\u00f6z"},"content":{"rendered":"<p>K\u00f6nyvjelz\u0151 a k\u00f6nyvh\u00f6z<\/p>\n","protected":false},"excerpt":{"rendered":"<p>K\u00f6nyvjelz\u0151 a k\u00f6nyvh\u00f6z<\/p>\n","protected":false},"featured_media":14717,"comment_status":"open","ping_status":"closed","template":"","meta":{"_acf_changed":false},"product_brand":[],"product_cat":[412],"product_tag":[],"class_list":{"0":"post-10525","1":"product","2":"type-product","3":"status-publish","4":"has-post-thumbnail","6":"product_cat-egyeb-termekek","8":"first","9":"instock","10":"shipping-taxable","11":"purchasable","12":"product-type-simple"},"acf":[],"_links":{"self":[{"href":"https:\/\/eliksirvitalnosti.com\/hu\/wp-json\/wp\/v2\/product\/10525","targetHints":{"allow":["GET"]}}],"collection":[{"href":"https:\/\/eliksirvitalnosti.com\/hu\/wp-json\/wp\/v2\/product"}],"about":[{"href":"https:\/\/eliksirvitalnosti.com\/hu\/wp-json\/wp\/v2\/types\/product"}],"replies":[{"embeddable":true,"href":"https:\/\/eliksirvitalnosti.com\/hu\/wp-json\/wp\/v2\/comments?post=10525"}],"version-history":[{"count":0,"href":"https:\/\/eliksirvitalnosti.com\/hu\/wp-json\/wp\/v2\/product\/10525\/revisions"}],"wp:featuredmedia":[{"embeddable":true,"href":"https:\/\/eliksirvitalnosti.com\/hu\/wp-json\/wp\/v2\/media\/14717"}],"wp:attachment":[{"href":"https:\/\/eliksirvitalnosti.com\/hu\/wp-json\/wp\/v2\/media?parent=10525"}],"wp:term":[{"taxonomy":"product_brand","embeddable":true,"href":"https:\/\/eliksirvitalnosti.com\/hu\/wp-json\/wp\/v2\/product_brand?post=10525"},{"taxonomy":"product_cat","embeddable":true,"href":"https:\/\/eliksirvitalnosti.com\/hu\/wp-json\/wp\/v2\/product_cat?post=10525"},{"taxonomy":"product_tag","embeddable":true,"href":"https:\/\/eliksirvitalnosti.com\/hu\/wp-json\/wp\/v2\/product_tag?post=10525"}],"curies":[{"name":"wp","href":"https:\/\/api.w.org\/{rel}","templated":true}]}}