{"id":10529,"date":"2024-08-08T14:38:50","date_gmt":"2024-08-08T14:38:50","guid":{"rendered":"https:\/\/eliksirvitalnosti.com\/proizvod\/ananasz-meregtelenites\/"},"modified":"2026-04-02T13:17:11","modified_gmt":"2026-04-02T13:17:11","slug":"ananasz-meregtelenites","status":"publish","type":"product","link":"https:\/\/eliksirvitalnosti.com\/hu\/proizvod\/ananasz-meregtelenites\/","title":{"rendered":"Anan\u00e1sz m\u00e9regtelen\u00edt\u00e9s"},"content":{"rendered":"<h4><strong>Hidegen sajtolt tiszta anan\u00e1sz, alma, citrom \u00e9s mental\u00e9<\/strong><\/h4>\n<p>Fedezze fel hidegen sajtolt tiszta anan\u00e1sz, alma, citrom \u00e9s menta juice friss\u00edt\u0151 vil\u00e1g\u00e1t!<\/p>\n<hr>\n<h4><strong>A term\u00e9k jellemz\u0151i<\/strong><\/h4>\n<ul>\n<li><strong> Kiv\u00e1l\u00f3 min\u0151s\u00e9g\u0171 \u00f6sszetev\u0151k: <\/strong> A l\u00e9d\u00fas anan\u00e1sz, ropog\u00f3s alma, friss\u00edt\u0151 citrom \u00e9s arom\u00e1s menta kombin\u00e1ci\u00f3ja a felejthetetlen \u00edz\u00e9rt.<\/li>\n<li><strong> Hidegen sajtolt: <\/strong> Ezt a gy\u00fcm\u00f6lcsl\u00e9 hideg pr\u00e9sel\u00e9ssel k\u00e9sz\u00fcl, amely meg\u0151rzi az \u00f6sszes term\u00e9szetes vitamint \u00e9s \u00e1sv\u00e1nyi anyagot.<\/li>\n<li><strong>Paszt\u0151r\u00f6z\u00f6tt:<\/strong> A paszt\u0151r\u00f6z\u00e9s biztos\u00edtja a term\u00e9k hossz\u00fa t\u00e1v\u00fa frissess\u00e9g\u00e9t \u00e9s biztons\u00e1g\u00e1t.<\/li>\n<li><strong> 250 ml-es csomagol\u00e1s: <\/strong> Ide\u00e1lis m\u00e9ret egy gyors snackhez, t\u00f6k\u00e9letes otthon, munkahelyen vagy utaz\u00e1s k\u00f6zben.<\/li>\n<li><strong> Term\u00e9szetesen vil\u00e1gos: <\/strong> Nincsenek adal\u00e9kanyagok, mesters\u00e9ges \u00e9des\u00edt\u0151szerek, cukrok vagy tart\u00f3s\u00edt\u00f3szerek \u2013 csak tiszta term\u00e9szetes frissess\u00e9g.<\/li>\n<\/ul>\n<hr>\n<h4><strong>Mi\u00e9rt fogod szeretni \u0151t?<\/strong><\/h4>\n<ul>\n<li>Az \u00edzek t\u00f6k\u00e9letes kombin\u00e1ci\u00f3ja a friss\u00edt\u00e9shez \u00e9s a revitaliz\u00e1ci\u00f3hoz.<\/li>\n<li>Praktikus csomagol\u00e1s, amely k\u00f6nnyen hordozhat\u00f3 \u00e9s minden pillanatot \u00e9lvez.<\/li>\n<li>A megfelel\u0151 v\u00e1laszt\u00e1s mindazok sz\u00e1m\u00e1ra, akik term\u00e9szetes \u00e9s eg\u00e9szs\u00e9ges hidrat\u00e1l\u00e1si lehet\u0151s\u00e9get keresnek.<\/li>\n<\/ul>\n<hr>\n<p>\u00c9lvezze hidegen sajtolt tiszta gy\u00fcm\u00f6lcsl\u00e9nk ellen\u00e1llhatatlan frissess\u00e9g\u00e9t. Adja hozz\u00e1 gy\u0171jtem\u00e9ny\u00e9hez m\u00e9g ma! <\/p>\n","protected":false},"excerpt":{"rendered":"<p>Fedezze fel hidegen sajtolt tiszta anan\u00e1sz, alma, citrom \u00e9s menta juice friss\u00edt\u0151 vil\u00e1g\u00e1t! <\/p>\n<p>Kiv\u00e1l\u00f3 min\u0151s\u00e9g\u0171 \u00f6sszetev\u0151k: L\u00e9d\u00fas anan\u00e1sz, ropog\u00f3s alma, friss\u00edt\u0151 citrom \u00e9s arom\u00e1s menta kombin\u00e1ci\u00f3ja <strong> a felejthetetlen \u00edz\u00e9rt<\/strong>.<\/p>\n","protected":false},"featured_media":14733,"comment_status":"open","ping_status":"closed","template":"","meta":{"_acf_changed":false},"product_brand":[],"product_cat":[372],"product_tag":[],"class_list":{"0":"post-10529","1":"product","2":"type-product","3":"status-publish","4":"has-post-thumbnail","6":"product_cat-zold-levek","8":"first","9":"outofstock","10":"shipping-taxable","11":"purchasable","12":"product-type-simple"},"acf":[],"_links":{"self":[{"href":"https:\/\/eliksirvitalnosti.com\/hu\/wp-json\/wp\/v2\/product\/10529","targetHints":{"allow":["GET"]}}],"collection":[{"href":"https:\/\/eliksirvitalnosti.com\/hu\/wp-json\/wp\/v2\/product"}],"about":[{"href":"https:\/\/eliksirvitalnosti.com\/hu\/wp-json\/wp\/v2\/types\/product"}],"replies":[{"embeddable":true,"href":"https:\/\/eliksirvitalnosti.com\/hu\/wp-json\/wp\/v2\/comments?post=10529"}],"version-history":[{"count":0,"href":"https:\/\/eliksirvitalnosti.com\/hu\/wp-json\/wp\/v2\/product\/10529\/revisions"}],"wp:featuredmedia":[{"embeddable":true,"href":"https:\/\/eliksirvitalnosti.com\/hu\/wp-json\/wp\/v2\/media\/14733"}],"wp:attachment":[{"href":"https:\/\/eliksirvitalnosti.com\/hu\/wp-json\/wp\/v2\/media?parent=10529"}],"wp:term":[{"taxonomy":"product_brand","embeddable":true,"href":"https:\/\/eliksirvitalnosti.com\/hu\/wp-json\/wp\/v2\/product_brand?post=10529"},{"taxonomy":"product_cat","embeddable":true,"href":"https:\/\/eliksirvitalnosti.com\/hu\/wp-json\/wp\/v2\/product_cat?post=10529"},{"taxonomy":"product_tag","embeddable":true,"href":"https:\/\/eliksirvitalnosti.com\/hu\/wp-json\/wp\/v2\/product_tag?post=10529"}],"curies":[{"name":"wp","href":"https:\/\/api.w.org\/{rel}","templated":true}]}}