{"id":10531,"date":"2024-07-04T17:53:59","date_gmt":"2024-07-04T17:53:59","guid":{"rendered":"https:\/\/eliksirvitalnosti.com\/proizvod\/termeszetes-csomag\/"},"modified":"2026-04-02T13:15:54","modified_gmt":"2026-04-02T13:15:54","slug":"natural-csomag","status":"publish","type":"product","link":"https:\/\/eliksirvitalnosti.com\/hu\/proizvod\/natural-csomag\/","title":{"rendered":"Term\u00e9szetes csomag"},"content":{"rendered":"<p><strong> A z\u00f6ld t\u00f6nk\u00f6lyl\u00e9 <\/strong> a f\u0151 term\u00e9k\u00fcnk, amelyet szinte mindenkinek aj\u00e1nlani tudunk. Felold\u00f3d\u00e1skor ez a gy\u00fcm\u00f6lcsl\u00e9 \u00e9des \u00e9s &#8222;z\u00f6ld&#8221; \u00edz\u0171, nyers bors\u00f3ra eml\u00e9keztet. <\/p>\n<hr>\n<h4><strong>\u00c9rdekes t\u00e9nyek a z\u00f6ld t\u00f6nk\u00f6lyl\u00e9r\u0151l<\/strong><\/h4>\n<ul>\n<li><strong> Hasznos anyagok: <\/strong> Egy poh\u00e1r annyi hasznos anyagot tartalmaz, mint <strong> 1,5 kg friss z\u00f6lds\u00e9g <\/strong>.<\/li>\n<li><strong> kalcium: <\/strong> 4-szer t\u00f6bb kalcium, mint a teh\u00e9ntejben.<\/li>\n<li><strong> Alacsony kal\u00f3riatartalom: <\/strong> Csak <strong> 14 kcal \/ 100 g <\/strong> gy\u00fcm\u00f6lcsl\u00e9.<\/li>\n<li><strong> Vas : <\/strong> 20x t\u00f6bb vas, mint a spen\u00f3t.<\/li>\n<li><strong> C-vitamin: <\/strong> T\u00f6bb, mint a narancsban \u00e9s k\u00e9tszer annyi, mint a s\u00e1rgar\u00e9p\u00e1ban, ami fontos a j\u00f3 eg\u00e9szs\u00e9g \u00e9s az er\u0151s immunit\u00e1s szempontj\u00e1b\u00f3l.<\/li>\n<li><strong>Antioxid\u00e1ns:<\/strong> Er\u0151s antioxid\u00e1ns, amely v\u00e9di a testet.<\/li>\n<\/ul>\n<hr>\n<h4><strong>Tov\u00e1bbi funkci\u00f3k<\/strong><\/h4>\n<ul>\n<li><strong> Glut\u00e9nmentes: <\/strong> Alkalmas glut\u00e9n\u00e9rz\u00e9keny emberek sz\u00e1m\u00e1ra.<\/li>\n<li><strong> Veg\u00e1n term\u00e9k: <\/strong> Nem tartalmaz \u00e1llati eredet\u0171 \u00f6sszetev\u0151ket.<\/li>\n<li><strong> Omega-3 zs\u00edrsavak: <\/strong> Hidegen sajtolt lenmagolajat adunk hozz\u00e1, amely omega-3 savakban gazdag.<\/li>\n<\/ul>\n<hr>\n<h4><strong>A z\u00f6ld t\u00f6nk\u00f6lyl\u00e9 el\u0151nyei<\/strong><\/h4>\n<ul>\n<li>Er\u0151s\u00edti az immunit\u00e1st.<\/li>\n<li>M\u00e9regtelen\u00edti a testet.<\/li>\n<li>Jav\u00edtja a v\u00e9rsz\u00e1mot.<\/li>\n<li>Cs\u00f6kkenti a koleszterinszintet.<\/li>\n<li>T\u00e1mogatja a m\u00e1j eg\u00e9szs\u00e9g\u00e9t.<\/li>\n<li>A B-vitaminoknak k\u00f6sz\u00f6nhet\u0151en n\u00f6veli az \u00e9tv\u00e1gyat \u00e9s megnyugtatja az idegrendszert.<\/li>\n<li>Alkaliz\u00e1lja a szervezetet, ez\u00e1ltal kedvez\u0151tlen k\u00f6rnyezetet teremt a r\u00e1kos sejtek fejl\u0151d\u00e9s\u00e9hez.<\/li>\n<li>A 2-3 \u00e9ves gyermekek naponta f\u00e9l-egy labd\u00e1t fogyaszthatnak.<\/li>\n<\/ul>\n<p><strong>Tan\u00e1csok gyermekeknek:<\/strong> Ha a gyermekek nem szeretik a l\u00e9 \u00edz\u00e9t, keverje smoothie-ba.<\/p>\n<p><strong>Smoothie recept:<\/strong><br \/>\n1\u20132 gomb\u00f3c t\u00f6nk\u00f6lyb\u00faza l\u00e9, narancs, alma, k\u00f6rte \u2013 mindent tegyen a turmixg\u00e9pbe egy \u00edzletes \u00e9s eg\u00e9szs\u00e9ges ital\u00e9rt.<\/p>\n<hr>\n<h4><strong>A z\u00f6ld gabonal\u00e9 \u00f6sszet\u00e9tele omega-3-mal<\/strong><\/h4>\n<ul>\n<li><strong> 90 \u00e1sv\u00e1nyi anyag \u00e9s nyomelem<\/strong>, bele\u00e9rtve a kalciumot, n\u00e1triumot, magn\u00e9ziumot, rezet, szel\u00e9nt \u00e9s vasat.<\/li>\n<li>L\u00fagos\u00edtja a v\u00e9rt \u00e9s seg\u00edt a savasod\u00e1s elleni k\u00fczdelemben, ami elh\u00edz\u00e1shoz, cukorbetegs\u00e9ghez, magas v\u00e9rnyom\u00e1shoz \u00e9s egy\u00e9b probl\u00e9m\u00e1khoz vezethet.<\/li>\n<li>Az esszenci\u00e1lis aminosavak \u00e9s vitaminok gazdag forr\u00e1sa (A, C, E, K \u00e9s B vitamin komplex).<\/li>\n<\/ul>\n<hr>\n<h4><strong>Klorofill<\/strong><\/h4>\n<p>A z\u00f6ld gabonal\u00e9b\u0151l sz\u00e1rmaz\u00f3 klorofill molekul\u00e1ris szerkezete hasonl\u00f3 a hemoglobinhoz, seg\u00edtve a v\u00e9r oxig\u00e9nszintj\u00e9nek n\u00f6vel\u00e9s\u00e9t \u00e9s a t\u00e1panyagok sejtekbe t\u00f6rt\u00e9n\u0151 sz\u00e1ll\u00edt\u00e1s\u00e1t. A klorofill tiszt\u00edtja a v\u00e9rt, antioxid\u00e1ns hat\u00e1s\u00fa \u00e9s hozz\u00e1j\u00e1rul az \u00f6reged\u00e9s lass\u00edt\u00e1s\u00e1hoz. <\/p>\n<hr>\n<h4><strong>Omega-3 zs\u00edrsavak<\/strong><\/h4>\n<ul>\n<li>Cs\u00f6kkenti a trigliceridszintet \u00e9s a sz\u00edvbetegs\u00e9gek kock\u00e1zat\u00e1t.<\/li>\n<li>Stabiliz\u00e1lja az impulzust \u00e9s a v\u00e9rnyom\u00e1st.<\/li>\n<li>Fontos az anyagcser\u00e9hez \u00e9s a sejtmembr\u00e1nok megfelel\u0151 m\u0171k\u00f6d\u00e9s\u00e9hez.<\/li>\n<li>T\u00e1mogatj\u00e1k a magzat fejl\u0151d\u00e9s\u00e9t terhes n\u0151kn\u00e9l.<\/li>\n<\/ul>\n<hr>\n<h4><strong>Csomag<\/strong><\/h4>\n<ul>\n<li><strong> 30 db 11 ml-es kocka<\/strong>.<\/li>\n<\/ul>\n<hr>\n<p>Z\u00f6ld gabonalev\u00fcnk term\u00e9szetes \u00e9s hat\u00e9kony m\u00f3dot k\u00edn\u00e1l a jobb eg\u00e9szs\u00e9g \u00e9s vitalit\u00e1s el\u00e9r\u00e9s\u00e9hez.  <strong>Csatlakozzon a sokakhoz, akik m\u00e1r felfedezt\u00e9k el\u0151nyeit!<\/strong> \ud83c\udf3f\ud83d\udcaa<\/p>\n","protected":false},"excerpt":{"rendered":"<p>A csomag tartalmazza:<br \/>\n2 x Z\u00f6ld t\u00f6nk\u00f6lyb\u00faza l\u00e9<\/p>\n<p>A magas klorofill-, enzim- \u00e9s t\u00e1panyagtartalm\u00e1nak k\u00f6sz\u00f6nhet\u0151en a z\u00f6ld t\u00f6nk\u00f6lyb\u00faza l\u00e9 er\u0151s t\u00e1mogat\u00e1st ny\u00fajt a szervezetnek, k\u00fcl\u00f6n\u00f6sen onkol\u00f3giai ter\u00e1pi\u00e1k alatt \u00e9s ut\u00e1n.<\/p>\n","protected":false},"featured_media":18864,"comment_status":"open","ping_status":"closed","template":"","meta":{"_acf_changed":false},"product_brand":[],"product_cat":[403],"product_tag":[],"class_list":{"0":"post-10531","1":"product","2":"type-product","3":"status-publish","4":"has-post-thumbnail","6":"product_cat-csomagok","8":"first","9":"instock","10":"sale","11":"shipping-taxable","12":"purchasable","13":"product-type-simple"},"acf":[],"_links":{"self":[{"href":"https:\/\/eliksirvitalnosti.com\/hu\/wp-json\/wp\/v2\/product\/10531","targetHints":{"allow":["GET"]}}],"collection":[{"href":"https:\/\/eliksirvitalnosti.com\/hu\/wp-json\/wp\/v2\/product"}],"about":[{"href":"https:\/\/eliksirvitalnosti.com\/hu\/wp-json\/wp\/v2\/types\/product"}],"replies":[{"embeddable":true,"href":"https:\/\/eliksirvitalnosti.com\/hu\/wp-json\/wp\/v2\/comments?post=10531"}],"version-history":[{"count":0,"href":"https:\/\/eliksirvitalnosti.com\/hu\/wp-json\/wp\/v2\/product\/10531\/revisions"}],"wp:featuredmedia":[{"embeddable":true,"href":"https:\/\/eliksirvitalnosti.com\/hu\/wp-json\/wp\/v2\/media\/18864"}],"wp:attachment":[{"href":"https:\/\/eliksirvitalnosti.com\/hu\/wp-json\/wp\/v2\/media?parent=10531"}],"wp:term":[{"taxonomy":"product_brand","embeddable":true,"href":"https:\/\/eliksirvitalnosti.com\/hu\/wp-json\/wp\/v2\/product_brand?post=10531"},{"taxonomy":"product_cat","embeddable":true,"href":"https:\/\/eliksirvitalnosti.com\/hu\/wp-json\/wp\/v2\/product_cat?post=10531"},{"taxonomy":"product_tag","embeddable":true,"href":"https:\/\/eliksirvitalnosti.com\/hu\/wp-json\/wp\/v2\/product_tag?post=10531"}],"curies":[{"name":"wp","href":"https:\/\/api.w.org\/{rel}","templated":true}]}}