{"id":10533,"date":"2024-05-28T14:51:48","date_gmt":"2024-05-28T14:51:48","guid":{"rendered":"https:\/\/eliksirvitalnosti.com\/proizvod\/egeszsegfejlesztesi-csomag\/"},"modified":"2026-04-14T09:41:04","modified_gmt":"2026-04-14T09:41:04","slug":"egeszsegfejlesztesi-csomag","status":"publish","type":"product","link":"https:\/\/eliksirvitalnosti.com\/hu\/proizvod\/egeszsegfejlesztesi-csomag\/","title":{"rendered":"Eg\u00e9szs\u00e9gfejleszt\u00e9si csomag"},"content":{"rendered":"<h4><strong>\u201eEg\u00e9szs\u00e9g\u201d prom\u00f3 csomag \u2013 Kedvenc v\u00e1laszt\u00e1sa \u00fajra el\u00e9rhet\u0151!<\/strong><\/h4>\n<hr>\n<h4><strong>A fagyasztva sz\u00e1r\u00edt\u00e1s el\u0151nyei<\/strong><\/h4>\n<p><strong>A -70 fokos <\/strong> fagyasztva sz\u00e1r\u00edt\u00e1s meg\u0151rzi a z\u00f6ld t\u00f6nk\u00f6lyl\u00e9 minden el\u0151ny\u00e9t, de most olyan form\u00e1ban, amely k\u00e9nyelmesen haszn\u00e1lhat\u00f3.<\/p>\n<ul>\n<li>Nem kell -18 fokon tartani.<\/li>\n<li>An\u00e9lk\u00fcl, hogy agg\u00f3dnia kellene az intenz\u00edv \u00edz miatt.<\/li>\n<li>Csak <strong> egy tabletta <\/strong> tartalmaz mindent, amire sz\u00fcks\u00e9ge van a napi <strong> energia- \u00e9s eg\u00e9szs\u00e9gn\u00f6vel\u00e9shez<\/strong>.<\/li>\n<\/ul>\n<hr>\n<h4><strong>Az &#8222;Eg\u00e9szs\u00e9g&#8221; csomag el\u0151nyei<\/strong><\/h4>\n<p>Ez a csomag sz\u00e1mos eg\u00e9szs\u00e9g\u00fcgyi el\u0151nnyel j\u00e1r:<\/p>\n<ul>\n<li>A szervezet \u00e1ltal\u00e1nos egyens\u00faly\u00e1nak \u00e9s vitalit\u00e1s\u00e1nak t\u00e1mogat\u00e1sa.<\/li>\n<li>Az immunit\u00e1s er\u0151s\u00edt\u00e9se.<\/li>\n<li>Jav\u00edtja a v\u00e9rsz\u00e1mot.<\/li>\n<li>A hormonok egyens\u00falya a szervezetben.<\/li>\n<li>Cs\u00f6kkenti a koleszterinszintet.<\/li>\n<li>A test m\u00e9regtelen\u00edt\u00e9se.<\/li>\n<li>Gyullad\u00e1s, v\u00edrusok \u00e9s bakt\u00e9riumok ellen.<\/li>\n<li>Megoldja a b\u0151rbetegs\u00e9geket.<\/li>\n<li>Seg\u00edt a fibroidokban, polipokban \u00e9s ciszt\u00e1kban.<\/li>\n<li>Ez szab\u00e1lyozza a pH-\u00e9rt\u00e9ket.<\/li>\n<li>Felt\u00f6lti az enzimek szintj\u00e9t.<\/li>\n<li>Az omega-3 zs\u00edrsavaknak k\u00f6sz\u00f6nhet\u0151en jav\u00edtja a kognit\u00edv funkci\u00f3kat.<\/li>\n<li>J\u00f3t\u00e9kony hat\u00e1ssal van a sz\u00edvizomra.<\/li>\n<li>N\u00f6veli a v\u00e9r oxig\u00e9nszintj\u00e9t.<\/li>\n<li>Regener\u00e1lja a testet sejtszinten.<\/li>\n<li>Cs\u00f6kkenti az idegess\u00e9get \u00e9s a stresszt.<\/li>\n<\/ul>\n<hr>\n<h4><strong>K\u00fcl\u00f6nleges aj\u00e1nlat<\/strong><\/h4>\n<p>Csomagunk <strong> k\u00e9t, egyenk\u00e9nt 30 tablett\u00e1t tartalmaz\u00f3 csomagot<\/strong> tartalmaz, hihetetlen \u00e1ron, mind\u00f6ssze <strong> 5,970 din\u00e1r\u00e9rt<\/strong>! Ez azt jelenti, hogy k\u00e9tszer annyi eg\u00e9szs\u00e9ghez \u00e9s energi\u00e1hoz juthat rendk\u00edv\u00fcl megfizethet\u0151 \u00e1ron.<\/p>\n<hr>\n<p>Ne hagyja ki a lehet\u0151s\u00e9get, hogy visszat\u00e9rjen az eg\u00e9szs\u00e9ges \u00e9letm\u00f3dhoz fagyasztva sz\u00e1r\u00edtott t\u00f6nk\u00f6lyl\u00e9 tablett\u00e1kban.<\/p>\n<p><strong>Ragadja meg &#8222;Eg\u00e9szs\u00e9g&#8221; csomagj\u00e1t, am\u00edg a k\u00e9szletek m\u00e9g rendelkez\u00e9sre \u00e1llnak!<\/strong><\/p>\n<p><strong>A z\u00f6ld levek Nemet<\/strong><\/p>\n","protected":false},"excerpt":{"rendered":"<p>A csomag tartalma:<br \/>\n 2 x Green Juice Liof.tabletta <\/p>\n<p> Tisztelt Fogyaszt\u00f3ink! \u00d6r\u00f6mmel \u00e9rtes\u00edtj\u00fck \u00d6n\u00f6ket, <\/p>\n<p> hogy kedvenc csomagunk <strong>ism\u00e9t el\u00e9rhet\u0151 &#8222;Eg\u00e9szs\u00e9g&#8221; n\u00e9ven<\/strong>! <\/p>\n<p>\u00d6r\u00f6mmel mutatjuk be \u00d6nnek <strong> fagyasztva sz\u00e1r\u00edtott t\u00f6nk\u00f6lyl\u00e9 tabletta form\u00e1j\u00e1ban<\/strong>, pont \u00fagy, ahogy eddig is szerette.<\/p>\n","protected":false},"featured_media":36426,"comment_status":"open","ping_status":"closed","template":"","meta":{"_acf_changed":false},"product_brand":[],"product_cat":[403],"product_tag":[],"class_list":{"0":"post-10533","1":"product","2":"type-product","3":"status-publish","4":"has-post-thumbnail","6":"product_cat-csomagok","8":"first","9":"instock","10":"sale","11":"shipping-taxable","12":"purchasable","13":"product-type-simple"},"acf":[],"_links":{"self":[{"href":"https:\/\/eliksirvitalnosti.com\/hu\/wp-json\/wp\/v2\/product\/10533","targetHints":{"allow":["GET"]}}],"collection":[{"href":"https:\/\/eliksirvitalnosti.com\/hu\/wp-json\/wp\/v2\/product"}],"about":[{"href":"https:\/\/eliksirvitalnosti.com\/hu\/wp-json\/wp\/v2\/types\/product"}],"replies":[{"embeddable":true,"href":"https:\/\/eliksirvitalnosti.com\/hu\/wp-json\/wp\/v2\/comments?post=10533"}],"version-history":[{"count":1,"href":"https:\/\/eliksirvitalnosti.com\/hu\/wp-json\/wp\/v2\/product\/10533\/revisions"}],"predecessor-version":[{"id":36431,"href":"https:\/\/eliksirvitalnosti.com\/hu\/wp-json\/wp\/v2\/product\/10533\/revisions\/36431"}],"wp:featuredmedia":[{"embeddable":true,"href":"https:\/\/eliksirvitalnosti.com\/hu\/wp-json\/wp\/v2\/media\/36426"}],"wp:attachment":[{"href":"https:\/\/eliksirvitalnosti.com\/hu\/wp-json\/wp\/v2\/media?parent=10533"}],"wp:term":[{"taxonomy":"product_brand","embeddable":true,"href":"https:\/\/eliksirvitalnosti.com\/hu\/wp-json\/wp\/v2\/product_brand?post=10533"},{"taxonomy":"product_cat","embeddable":true,"href":"https:\/\/eliksirvitalnosti.com\/hu\/wp-json\/wp\/v2\/product_cat?post=10533"},{"taxonomy":"product_tag","embeddable":true,"href":"https:\/\/eliksirvitalnosti.com\/hu\/wp-json\/wp\/v2\/product_tag?post=10533"}],"curies":[{"name":"wp","href":"https:\/\/api.w.org\/{rel}","templated":true}]}}