{"id":10535,"date":"2024-02-17T15:11:28","date_gmt":"2024-02-17T15:11:28","guid":{"rendered":"https:\/\/eliksirvitalnosti.com\/proizvod\/ezust-csomag\/"},"modified":"2026-04-14T09:48:32","modified_gmt":"2026-04-14T09:48:32","slug":"ezust-csomag","status":"publish","type":"product","link":"https:\/\/eliksirvitalnosti.com\/hu\/proizvod\/ezust-csomag\/","title":{"rendered":"Ez\u00fcst csomag"},"content":{"rendered":"<h4><strong>Ez\u00fcst csomag intenz\u00edv t\u00e1pl\u00e1lkoz\u00e1si t\u00e1mogat\u00e1shoz<\/strong><\/h4>\n<p>A <strong>Nemet Z\u00f6ld Levek<\/strong> gondosan \u00f6ssze\u00e1ll\u00edtotta az <strong>Ez\u00fcst t\u00e1pl\u00e1l\u00e9kkieg\u00e9sz\u00edt\u0151 csomagot<\/strong> azok sz\u00e1m\u00e1ra, akiknek intenz\u00edv<br \/>\nt\u00e1pl\u00e1lkoz\u00e1si t\u00e1mogat\u00e1sra van sz\u00fcks\u00e9g\u00fck.<\/p>\n<hr>\n<h4><strong>Az ez\u00fcst csomag tartalma<\/strong><\/h4>\n<ul>\n<li><strong>K\u00e9t csomag z\u00f6ld t\u00f6nk\u00f6lyl\u00e9<\/strong><\/li>\n<li><strong> K\u00e9t csomag tabletta <\/strong> (z\u00f6ld t\u00f6nk\u00f6lyl\u00e9 fagyasztva sz\u00e1r\u00edtott form\u00e1ban)<\/li>\n<\/ul>\n<hr>\n<h4><strong>Mi\u00e9rt az ez\u00fcst csomag?<\/strong><\/h4>\n<ul>\n<li><strong>Magas pH-\u00e9rt\u00e9k:<\/strong> A t\u00f6nk\u00f6ly z\u00f6ld leve hozz\u00e1j\u00e1rul a kedvez\u0151 pH-egyens\u00faly<br \/>\nfenntart\u00e1s\u00e1hoz, olyan k\u00f6r\u00fclm\u00e9nyeket teremtve, amelyek t\u00e1mogatj\u00e1k a szervezet term\u00e9szetes egyens\u00faly\u00e1t.<\/li>\n<li><strong>L\u00fagos bels\u0151 k\u00f6rnyezet:<\/strong> A t\u00f6nk\u00f6ly z\u00f6ld leve hozz\u00e1j\u00e1rul a szervezet<br \/>\nsavasod\u00e1s\u00e1nak cs\u00f6kkent\u00e9s\u00e9hez \u00e9s a kedvez\u0151 bels\u0151 egyens\u00faly meg\u0151rz\u00e9s\u00e9hez.<\/li>\n<li><strong> Az immunit\u00e1s fokoz\u00e1sa: <\/strong> A term\u00e9kek nagy mennyis\u00e9g\u0171 esszenci\u00e1lis mikrot\u00e1panyagot tartalmaznak, amelyek er\u0151s\u00edtik az immunrendszert \u00e9s jav\u00edtj\u00e1k a v\u00e9rk\u00e9pet.<\/li>\n<\/ul>\n<hr>\n<h4><strong>Kapcsolat felv\u00e9tel<\/strong><\/h4>\n<p>Tov\u00e1bbi inform\u00e1ci\u00f3k\u00e9rt k\u00e9rj\u00fck, vegye fel vel\u00fcnk a kapcsolatot:<br \/>\n\ud83d\udcde <strong>+381 61 210 3555<\/strong><br \/>\n\ud83d\udcde   <strong>+381 64 133 1898<\/strong><\/p>\n<hr>\n<p>T\u00e1mogassa szervezet\u00e9t megn\u00f6vekedett terhel\u00e9s idej\u00e9n a t\u00f6nk\u00f6ly z\u00f6ld lev\u00e9nek <strong>Ez\u00fcst csomagj\u00e1val<\/strong>.<\/p>\n","protected":false},"excerpt":{"rendered":"<p>A csomag tartalma:<br \/>\n\u2013 2x z\u00f6ld t\u00f6nk\u00f6lyl\u00e9<br \/>\n\u2013 2x csomag tabletta (z\u00f6ld t\u00f6nk\u00f6lyl\u00e9 liofiliz\u00e1lt form\u00e1ban)<br \/>\n + Thermo tok<br \/>\n + tablettatart\u00f3 <\/p>\n<p> T\u00e1mogassa test\u00e9t a r\u00e1k elleni k\u00fczdelemben a z\u00f6ld t\u00f6nk\u00f6lyl\u00e9 ez\u00fcst csomagj\u00e1val \u2013 term\u00e9szetes megold\u00e1s az optim\u00e1lis eg\u00e9szs\u00e9g\u00e9rt<\/p>\n","protected":false},"featured_media":36458,"comment_status":"open","ping_status":"closed","template":"","meta":{"_acf_changed":false},"product_brand":[],"product_cat":[403],"product_tag":[],"class_list":{"0":"post-10535","1":"product","2":"type-product","3":"status-publish","4":"has-post-thumbnail","6":"product_cat-csomagok","8":"first","9":"instock","10":"sale","11":"shipping-taxable","12":"purchasable","13":"product-type-simple"},"acf":[],"_links":{"self":[{"href":"https:\/\/eliksirvitalnosti.com\/hu\/wp-json\/wp\/v2\/product\/10535","targetHints":{"allow":["GET"]}}],"collection":[{"href":"https:\/\/eliksirvitalnosti.com\/hu\/wp-json\/wp\/v2\/product"}],"about":[{"href":"https:\/\/eliksirvitalnosti.com\/hu\/wp-json\/wp\/v2\/types\/product"}],"replies":[{"embeddable":true,"href":"https:\/\/eliksirvitalnosti.com\/hu\/wp-json\/wp\/v2\/comments?post=10535"}],"version-history":[{"count":1,"href":"https:\/\/eliksirvitalnosti.com\/hu\/wp-json\/wp\/v2\/product\/10535\/revisions"}],"predecessor-version":[{"id":36459,"href":"https:\/\/eliksirvitalnosti.com\/hu\/wp-json\/wp\/v2\/product\/10535\/revisions\/36459"}],"wp:featuredmedia":[{"embeddable":true,"href":"https:\/\/eliksirvitalnosti.com\/hu\/wp-json\/wp\/v2\/media\/36458"}],"wp:attachment":[{"href":"https:\/\/eliksirvitalnosti.com\/hu\/wp-json\/wp\/v2\/media?parent=10535"}],"wp:term":[{"taxonomy":"product_brand","embeddable":true,"href":"https:\/\/eliksirvitalnosti.com\/hu\/wp-json\/wp\/v2\/product_brand?post=10535"},{"taxonomy":"product_cat","embeddable":true,"href":"https:\/\/eliksirvitalnosti.com\/hu\/wp-json\/wp\/v2\/product_cat?post=10535"},{"taxonomy":"product_tag","embeddable":true,"href":"https:\/\/eliksirvitalnosti.com\/hu\/wp-json\/wp\/v2\/product_tag?post=10535"}],"curies":[{"name":"wp","href":"https:\/\/api.w.org\/{rel}","templated":true}]}}