{"id":10538,"date":"2024-02-17T14:56:01","date_gmt":"2024-02-17T14:56:01","guid":{"rendered":"https:\/\/eliksirvitalnosti.com\/proizvod\/zold-arpale\/"},"modified":"2026-04-02T13:31:33","modified_gmt":"2026-04-02T13:31:33","slug":"zold-arpale","status":"publish","type":"product","link":"https:\/\/eliksirvitalnosti.com\/hu\/proizvod\/zold-arpale\/","title":{"rendered":"Z\u00f6ld \u00e1rpaf\u0171l\u00e9"},"content":{"rendered":"<p>A s\u00f6t\u00e9tz\u00f6ld sz\u00edn\u0171, az \u00e1rp\u00e1ra jellemz\u0151 enyh\u00e9n keser\u0171 \u00edz\u0171 z\u00f6ld \u00e1rpal\u00e9 vitaminokban \u00e9s \u00e1sv\u00e1nyi anyagokban gazdag. Dr. Yoshihide Hagiwara, jap\u00e1n gy\u00f3gyszer\u00e9sz, tud\u00f3s \u00e9s feltal\u00e1l\u00f3, h\u00fasz \u00e9vet szentelt az \u00e9let\u00e9b\u0151l a t\u00e1panyagok k\u00f6z\u00f6tt leggazdagabb n\u00f6v\u00e9ny kutat\u00e1s\u00e1nak, \u00e9s arra a k\u00f6vetkeztet\u00e9sre jutott, hogy az \u00e1rpa az egyik legjobb v\u00e1laszt\u00e1s.<\/p>\n<hr \/>\n<h4><strong>Az \u00e1rpa haszn\u00e1lat\u00e1nak t\u00f6rt\u00e9nete<\/strong><\/h4>\n<p>T\u00f6bb mint 6000 \u00e9vvel ezel\u0151tt az \u00e1rpa olyan \u00e9lelmiszerk\u00e9nt volt ismert, amely vitalit\u00e1st biztos\u00edt. M\u00e9g a gladi\u00e1torok is rendszeresen fogyasztott\u00e1k, hogy er\u0151s\u00edts\u00e9k a testet \u00e9s n\u00f6velj\u00e9k er\u0151nl\u00e9t\u00fcket.<\/p>\n<hr \/>\n<h4><strong>Klorofill \u2013 az \u00e1rpa kulcsfontoss\u00e1g\u00fa anyaga<\/strong><\/h4>\n<p>A klorofillnak, az \u00e1rpa alapvet\u0151 hat\u00f3anyag\u00e1nak sz\u00e1mos j\u00f3t\u00e9kony hat\u00e1sa van:<\/p>\n<ul>\n<li>tiszt\u00edtja \u00e9s m\u00e9regtelen\u00edti a testet,<\/li>\n<li>regener\u00e1lja \u00e9s regener\u00e1lja a sejteket,<\/li>\n<li>v\u00e9d a r\u00e1kkelt\u0151 anyagok \u00e9s a k\u00f6rnyezetb\u0151l sz\u00e1rmaz\u00f3 k\u00e1ros anyagok ellen.<\/li>\n<\/ul>\n<p>A klorofillt gyakran &#8222;foly\u00e9kony oxig\u00e9nnek&#8221; nevezik, mert hozz\u00e1j\u00e1rul a v\u00e9r tiszt\u00edt\u00e1s\u00e1hoz \u00e9s meg\u00fajul\u00e1s\u00e1hoz. (Bioter\u00e1pia, 2003)<\/p>\n<hr \/>\n<h4><strong>Mi\u00e9rt j\u00f3 a z\u00f6ld \u00e1rpaf\u0171l\u00e9?<\/strong><\/h4>\n<ul>\n<li>T\u00e1mogatja az em\u00e9szt\u00e9st, \u00e9s hozz\u00e1j\u00e1rul a b\u00e9lm\u0171k\u00f6d\u00e9s kiegyens\u00falyoz\u00e1s\u00e1hoz.<\/li>\n<li>N\u00f6veli az immunit\u00e1st \u00e9s t\u00e1mogat\u00e1st ny\u00fajt bizonyos rosszindulat\u00fa betegs\u00e9gek kezel\u00e9s\u00e9ben.<\/li>\n<li>Seg\u00edt a v\u00e9rszeg\u00e9nys\u00e9gben, megnyugtatja a gyullad\u00e1st \u00e9s cs\u00f6kkenti a v\u00e9r koleszterinszintj\u00e9t.<\/li>\n<li>Elt\u00e1vol\u00edtja a felesleges vizet a testb\u0151l.<\/li>\n<li>N\u00f6veli a f\u00e9rfi potenci\u00e1t \u00e9s normaliz\u00e1lja a v\u00e9rnyom\u00e1st.<\/li>\n<li>Vissza\u00e1ll\u00edtja az erek rugalmass\u00e1g\u00e1t \u00e9s stabiliz\u00e1lja a test pH-\u00e9rt\u00e9k\u00e9t.<\/li>\n<li>Nagy vitalit\u00e1st \u00e9s energi\u00e1t biztos\u00edt.<\/li>\n<\/ul>\n<hr \/>\n<h4><strong>El\u0151ny\u00f6k veg\u00e1nok sz\u00e1m\u00e1ra<\/strong><\/h4>\n<ul>\n<li><strong> Sportol\u00f3k sz\u00e1m\u00e1ra: <\/strong> Nagyobb er\u0151t \u00e9s izomv\u00e9delmet biztos\u00edt, \u00edgy nagyszer\u0171 v\u00e1laszt\u00e1s a test\u00e9p\u00edt\u0151k sz\u00e1m\u00e1ra.<\/li>\n<li><strong> Veg\u00e1noknak: <\/strong> A feh\u00e9rj\u00e9k, sz\u00e9nhidr\u00e1tok \u00e9s zs\u00edrok ide\u00e1lis ar\u00e1nya. Az \u00e1rpal\u00e9 t\u00f6bb feh\u00e9rj\u00e9t tartalmaz, mint a h\u00fas, hal, toj\u00e1s, bab \u00e9s tejterm\u00e9kek.<\/li>\n<\/ul>\n<hr \/>\n<h4><strong>A z\u00f6ld \u00e1rpal\u00e9 \u00f6sszet\u00e9tele<\/strong><\/h4>\n<ul>\n<li>Minim\u00e1lis glut\u00e9ntartalom.<\/li>\n<li>Omega-3 zs\u00edrsavakban gazdag.<\/li>\n<li>Term\u00e9szetes vitaminok, \u00e1sv\u00e1nyi anyagok, enzimek \u00e9s nyomelemek.<\/li>\n<li>18 f\u00e9le aminosavat tartalmaz<\/li>\n<\/ul>\n<hr \/>\n<h4><strong>Csomagol\u00e1s<\/strong><\/h4>\n<p>A csomag <strong> 30 db 11 ml-es kock\u00e1t<\/strong> tartalmaz, haszn\u00e1latra k\u00e9szen. Ez a term\u00e9k term\u00e9szetes, veg\u00e1n \u00e9s mindennapi haszn\u00e1latra alkalmas.<\/p>\n","protected":false},"excerpt":{"rendered":"<p>A term\u00e9ket -18\u00b0C-on t\u00e1roljuk, \u00e9s speci\u00e1lis h\u0171t\u0151dobozban sz\u00e1ll\u00edtjuk.<\/p>\n<p>Ha az <strong>\u00e1rp\u00e1t<\/strong> eml\u00edtik, a legt\u00f6bben a s\u00f6rre gondolnak. Logikus, nem igaz?<\/p>\n<p>Azonban itt nem s\u00f6rr\u0151l van sz\u00f3, hanem valami <strong>sokkal er\u0151teljesebbr\u0151l<\/strong>.<\/p>\n<p>A mi <strong>\u00e1rpa z\u00f6lditalunk<\/strong> t\u00f6bb <strong>energi\u00e1t<\/strong> ad \u00d6nnek, mint a Vaskapu-er\u0151m\u0171 teljes kapacit\u00e1ssal.<\/p>\n<p>Ismerd meg, milyen el\u0151nyei vannak, mikor a leghat\u00e9konyabb, \u00e9s mi\u00e9rt olyan hasznos a z\u00f6ld \u00e1rpaf\u0171l\u00e9 a szervezeted sz\u00e1m\u00e1ra.<\/p>\n","protected":false},"featured_media":23305,"comment_status":"open","ping_status":"closed","template":"","meta":{"_acf_changed":false},"product_brand":[],"product_cat":[372],"product_tag":[415,388,418,417,413,414,384,386,416,394],"class_list":{"0":"post-10538","1":"product","2":"type-product","3":"status-publish","4":"has-post-thumbnail","6":"product_cat-zold-levek","7":"product_tag-a-csontok-erositese-hu","8":"product_tag-a-verkep-korrekcioja","9":"product_tag-emeli-a-hemoglobint","10":"product_tag-emeli-a-vasat-a-verben","11":"product_tag-energiat-ad","12":"product_tag-erositi-az-izuleteket","13":"product_tag-javitja-az-emesztest","14":"product_tag-meregtelenites-hu","15":"product_tag-normalizalja-az-eritrocitakat-hu","16":"product_tag-szivmukodes-hu","18":"first","19":"instock","20":"shipping-taxable","21":"purchasable","22":"product-type-simple"},"acf":[],"_links":{"self":[{"href":"https:\/\/eliksirvitalnosti.com\/hu\/wp-json\/wp\/v2\/product\/10538","targetHints":{"allow":["GET"]}}],"collection":[{"href":"https:\/\/eliksirvitalnosti.com\/hu\/wp-json\/wp\/v2\/product"}],"about":[{"href":"https:\/\/eliksirvitalnosti.com\/hu\/wp-json\/wp\/v2\/types\/product"}],"replies":[{"embeddable":true,"href":"https:\/\/eliksirvitalnosti.com\/hu\/wp-json\/wp\/v2\/comments?post=10538"}],"version-history":[{"count":2,"href":"https:\/\/eliksirvitalnosti.com\/hu\/wp-json\/wp\/v2\/product\/10538\/revisions"}],"predecessor-version":[{"id":34278,"href":"https:\/\/eliksirvitalnosti.com\/hu\/wp-json\/wp\/v2\/product\/10538\/revisions\/34278"}],"wp:featuredmedia":[{"embeddable":true,"href":"https:\/\/eliksirvitalnosti.com\/hu\/wp-json\/wp\/v2\/media\/23305"}],"wp:attachment":[{"href":"https:\/\/eliksirvitalnosti.com\/hu\/wp-json\/wp\/v2\/media?parent=10538"}],"wp:term":[{"taxonomy":"product_brand","embeddable":true,"href":"https:\/\/eliksirvitalnosti.com\/hu\/wp-json\/wp\/v2\/product_brand?post=10538"},{"taxonomy":"product_cat","embeddable":true,"href":"https:\/\/eliksirvitalnosti.com\/hu\/wp-json\/wp\/v2\/product_cat?post=10538"},{"taxonomy":"product_tag","embeddable":true,"href":"https:\/\/eliksirvitalnosti.com\/hu\/wp-json\/wp\/v2\/product_tag?post=10538"}],"curies":[{"name":"wp","href":"https:\/\/api.w.org\/{rel}","templated":true}]}}